{"id":24321,"date":"2023-07-09T21:12:02","date_gmt":"2023-07-09T21:12:02","guid":{"rendered":"https:\/\/tapadum.com\/?page_id=24321"},"modified":"2025-05-17T17:44:06","modified_gmt":"2025-05-17T17:44:06","slug":"duduk-armenio","status":"publish","type":"page","link":"https:\/\/tapadum.com\/es\/duduk-armenio\/","title":{"rendered":"Duduk Armenio"},"content":{"rendered":"\t\t<div data-elementor-type=\"wp-page\" data-elementor-id=\"24321\" class=\"elementor elementor-24321 elementor-9166\" data-elementor-post-type=\"page\">\n\t\t\t\t\t\t<section class=\"elementor-section elementor-top-section elementor-element elementor-element-4118906a elementor-section-boxed elementor-section-height-default elementor-section-height-default\" data-id=\"4118906a\" data-element_type=\"section\" data-e-type=\"section\">\n\t\t\t\t\t\t<div class=\"elementor-container elementor-column-gap-default\">\n\t\t\t\t\t<div class=\"elementor-column elementor-col-100 elementor-top-column elementor-element elementor-element-1026a00a\" data-id=\"1026a00a\" data-element_type=\"column\" data-e-type=\"column\" data-settings=\"{&quot;background_background&quot;:&quot;classic&quot;}\">\n\t\t\t<div class=\"elementor-widget-wrap elementor-element-populated\">\n\t\t\t\t\t\t<section class=\"elementor-section elementor-inner-section elementor-element elementor-element-5666eabb elementor-section-boxed elementor-section-height-default elementor-section-height-default\" data-id=\"5666eabb\" data-element_type=\"section\" data-e-type=\"section\">\n\t\t\t\t\t\t<div class=\"elementor-container elementor-column-gap-default\">\n\t\t\t\t\t<div class=\"elementor-column elementor-col-100 elementor-inner-column elementor-element elementor-element-7b2e8cd5 elementor-invisible\" data-id=\"7b2e8cd5\" data-element_type=\"column\" data-e-type=\"column\" data-settings=\"{&quot;animation&quot;:&quot;fadeIn&quot;,&quot;animation_delay&quot;:360}\">\n\t\t\t<div class=\"elementor-widget-wrap elementor-element-populated\">\n\t\t\t\t\t\t<div class=\"elementor-element elementor-element-24d48682 elementor-widget elementor-widget-heading\" data-id=\"24d48682\" data-element_type=\"widget\" data-e-type=\"widget\" data-settings=\"{&quot;ekit_we_effect_on&quot;:&quot;none&quot;}\" data-widget_type=\"heading.default\">\n\t\t\t\t\t<h2 class=\"elementor-heading-title elementor-size-default\">Duduk<\/h2>\t\t\t\t<\/div>\n\t\t\t\t\t<\/div>\n\t\t<\/div>\n\t\t\t\t\t<\/div>\n\t\t<\/section>\n\t\t\t\t\t<\/div>\n\t\t<\/div>\n\t\t\t\t\t<\/div>\n\t\t<\/section>\n\t\t<div class=\"elementor-element elementor-element-1a4a0d13 e-flex e-con-boxed e-con e-parent\" data-id=\"1a4a0d13\" data-element_type=\"container\" data-e-type=\"container\" data-settings=\"{&quot;background_background&quot;:&quot;classic&quot;}\">\n\t\t\t\t\t<div class=\"e-con-inner\">\n\t\t<div class=\"elementor-element elementor-element-a412d2f e-flex e-con-boxed e-con e-child\" data-id=\"a412d2f\" data-element_type=\"container\" data-e-type=\"container\" data-settings=\"{&quot;background_background&quot;:&quot;classic&quot;}\">\n\t\t\t\t\t<div class=\"e-con-inner\">\n\t\t\t\t<div class=\"elementor-element elementor-element-65231e92 elementor-widget elementor-widget-text-editor\" data-id=\"65231e92\" data-element_type=\"widget\" data-e-type=\"widget\" data-settings=\"{&quot;ekit_we_effect_on&quot;:&quot;none&quot;}\" data-widget_type=\"text-editor.default\">\n\t\t\t\t\t\t\t\t\t<p>Abraza las melod\u00edas conmovedoras<\/p>\t\t\t\t\t\t\t\t<\/div>\n\t\t\t\t\t<\/div>\n\t\t\t\t<\/div>\n\t\t\t\t\t<\/div>\n\t\t\t\t<\/div>\n\t\t<div class=\"elementor-element elementor-element-6b09ad7c e-flex e-con-boxed e-con e-parent\" data-id=\"6b09ad7c\" data-element_type=\"container\" data-e-type=\"container\" data-settings=\"{&quot;background_background&quot;:&quot;classic&quot;}\">\n\t\t\t\t\t<div class=\"e-con-inner\">\n\t\t<div class=\"elementor-element elementor-element-2e1c382b e-flex e-con-boxed e-con e-child\" data-id=\"2e1c382b\" data-element_type=\"container\" data-e-type=\"container\" data-settings=\"{&quot;background_background&quot;:&quot;classic&quot;}\">\n\t\t\t\t\t<div class=\"e-con-inner\">\n\t\t\t\t<div class=\"elementor-element elementor-element-49a577cc elementor-grid-4 elementor-grid-tablet-3 elementor-grid-mobile-2 elementor-products-grid elementor-wc-products elementor-show-pagination-border-yes elementor-widget elementor-widget-woocommerce-products\" data-id=\"49a577cc\" data-element_type=\"widget\" data-e-type=\"widget\" data-settings=\"{&quot;ekit_we_effect_on&quot;:&quot;none&quot;}\" data-widget_type=\"woocommerce-products.default\">\n\t\t\t\t<div class=\"elementor-widget-container\">\n\t\t\t\t\t<div class=\"woocommerce columns-4 \"><div class=\"woocommerce-notices-wrapper\"><\/div><p class=\"woocommerce-result-count\" role=\"alert\" aria-relevant=\"all\" >\n\tMostrando el \u00fanico resultado<\/p>\n<form class=\"woocommerce-ordering\" method=\"get\">\n\t\t<select\n\t\tname=\"orderby\"\n\t\tclass=\"orderby\"\n\t\t\t\t\taria-label=\"Pedido de la tienda\"\n\t\t\t>\n\t\t\t\t\t<option value=\"popularity\" >Ordenar por popularidad<\/option>\n\t\t\t\t\t<option value=\"rating\" >Ordenar por puntuaci\u00f3n media<\/option>\n\t\t\t\t\t<option value=\"date\" >Ordenar por los \u00faltimos<\/option>\n\t\t\t\t\t<option value=\"price\"  selected='selected'>Ordenar por precio: bajo a alto<\/option>\n\t\t\t\t\t<option value=\"price-desc\" >Ordenar por precio: alto a bajo<\/option>\n\t\t\t<\/select>\n\t<input type=\"hidden\" name=\"paged\" value=\"1\" \/>\n\t<\/form>\n<ul class=\"products elementor-grid columns-4\">\n<li class=\"product type-product post-6249 status-publish first instock product_cat-duduk-es product_cat-instrumentos-de-viento has-post-thumbnail shipping-taxable purchasable product-type-simple\">\n\t<a href=\"https:\/\/tapadum.com\/es\/producto\/professional-duduk\/\" class=\"woocommerce-LoopProduct-link woocommerce-loop-product__link\"><img fetchpriority=\"high\" decoding=\"async\" width=\"300\" height=\"300\" src=\"https:\/\/i0.wp.com\/tapadum.com\/wp-content\/uploads\/2022\/12\/ud-stand.jpg?resize=300%2C300&amp;ssl=1\" class=\"attachment-woocommerce_thumbnail size-woocommerce_thumbnail\" alt=\"Professional Duduk\" srcset=\"https:\/\/i0.wp.com\/tapadum.com\/wp-content\/uploads\/2022\/12\/ud-stand.jpg?w=1080&amp;ssl=1 1080w, https:\/\/i0.wp.com\/tapadum.com\/wp-content\/uploads\/2022\/12\/ud-stand.jpg?resize=300%2C300&amp;ssl=1 300w, https:\/\/i0.wp.com\/tapadum.com\/wp-content\/uploads\/2022\/12\/ud-stand.jpg?resize=1024%2C1024&amp;ssl=1 1024w, https:\/\/i0.wp.com\/tapadum.com\/wp-content\/uploads\/2022\/12\/ud-stand.jpg?resize=150%2C150&amp;ssl=1 150w, https:\/\/i0.wp.com\/tapadum.com\/wp-content\/uploads\/2022\/12\/ud-stand.jpg?resize=768%2C768&amp;ssl=1 768w, https:\/\/i0.wp.com\/tapadum.com\/wp-content\/uploads\/2022\/12\/ud-stand.jpg?resize=600%2C600&amp;ssl=1 600w, https:\/\/i0.wp.com\/tapadum.com\/wp-content\/uploads\/2022\/12\/ud-stand.jpg?resize=100%2C100&amp;ssl=1 100w\" sizes=\"(max-width: 300px) 100vw, 300px\" \/><h2 class=\"woocommerce-loop-product__title\">Professional Duduk<\/h2>\n\t<span class=\"price\"><span class=\"woocommerce-Price-amount amount\"><bdi><span class=\"woocommerce-Price-currencySymbol\">&euro;<\/span>135,00<\/bdi><\/span><\/span>\n<\/a><a href=\"\/es\/wp-json\/wp\/v2\/pages\/24321?add-to-cart=6249\" aria-describedby=\"woocommerce_loop_add_to_cart_link_describedby_6249\" data-quantity=\"1\" class=\"button product_type_simple add_to_cart_button ajax_add_to_cart\" data-product_id=\"6249\" data-product_sku=\"\" aria-label=\"A\u00f1adir al carrito: &ldquo;Professional Duduk&rdquo;\" rel=\"nofollow\" data-success_message=\"\u00abProfessional Duduk\u00bb se ha a\u00f1adido a tu carrito\" role=\"button\">A\u00f1adir al carrito<\/a>\t<span id=\"woocommerce_loop_add_to_cart_link_describedby_6249\" class=\"screen-reader-text\">\n\t\t\t<\/span>\n<\/li>\n<\/ul>\n<\/div>\t\t\t\t<\/div>\n\t\t\t\t<\/div>\n\t\t\t\t\t<\/div>\n\t\t\t\t<\/div>\n\t\t\t\t\t<\/div>\n\t\t\t\t<\/div>\n\t\t<div class=\"elementor-element elementor-element-6ecdc88f e-flex e-con-boxed e-con e-parent\" data-id=\"6ecdc88f\" data-element_type=\"container\" data-e-type=\"container\" data-settings=\"{&quot;background_background&quot;:&quot;gradient&quot;}\">\n\t\t\t\t\t<div class=\"e-con-inner\">\n\t\t<div class=\"elementor-element elementor-element-539df884 e-flex e-con-boxed e-con e-child\" data-id=\"539df884\" data-element_type=\"container\" data-e-type=\"container\" data-settings=\"{&quot;background_background&quot;:&quot;classic&quot;}\">\n\t\t\t\t\t<div class=\"e-con-inner\">\n\t\t\t\t<div class=\"elementor-element elementor-element-2e3db514 elementor-widget elementor-widget-text-editor\" data-id=\"2e3db514\" data-element_type=\"widget\" data-e-type=\"widget\" data-settings=\"{&quot;ekit_we_effect_on&quot;:&quot;none&quot;}\" data-widget_type=\"text-editor.default\">\n\t\t\t\t\t\t\t\t\t<h3 class=\"\" data-start=\"363\" data-end=\"420\"><strong data-start=\"367\" data-end=\"420\">Colecci\u00f3n de Duduk Armenio en Tapadum Music Store<\/strong><\/h3><p class=\"\" data-start=\"422\" data-end=\"572\"><strong data-start=\"422\" data-end=\"572\">Sum\u00e9rgete en los sonidos profundos y emotivos del duduk, el instrumento de viento tradicional de Armenia, ahora disponible en Tapadum Music Store.<\/strong><\/p><p class=\"\" data-start=\"574\" data-end=\"975\">En esta categor\u00eda especializada, encontrar\u00e1s una selecci\u00f3n \u00fanica de <strong data-start=\"642\" data-end=\"672\">duduks armenios aut\u00e9nticos<\/strong>, elaborados a mano con madera de <strong data-start=\"706\" data-end=\"723\">albaricoquero<\/strong>, c\u00e9lebre por su capacidad para producir tonos c\u00e1lidos, melanc\u00f3licos y profundamente conmovedores. Este instrumento milenario es un pilar de la <strong data-start=\"867\" data-end=\"896\">m\u00fasica folcl\u00f3rica armenia<\/strong> y ha conquistado tambi\u00e9n a m\u00fasicos de todo el mundo por su expresividad \u00fanica.<\/p><hr class=\"\" data-start=\"977\" data-end=\"980\" \/><h3 class=\"\" data-start=\"982\" data-end=\"1024\"><strong data-start=\"986\" data-end=\"1024\">Descubre el Alma del Duduk Armenio<\/strong><\/h3><p class=\"\" data-start=\"1026\" data-end=\"1419\">El <strong data-start=\"1029\" data-end=\"1038\">duduk<\/strong> no es solo un instrumento, sino un s\u00edmbolo de la identidad musical de Armenia, con m\u00e1s de mil a\u00f1os de historia. Su <strong data-start=\"1154\" data-end=\"1183\">sonido c\u00e1lido y resonante<\/strong>, generado por una <strong data-start=\"1202\" data-end=\"1220\">leng\u00fceta doble<\/strong> y su fabricaci\u00f3n artesanal, permite transmitir emociones profundas con una sensibilidad incomparable. Este instrumento ha sido declarado Patrimonio Cultural Inmaterial de la Humanidad por la UNESCO.<\/p><hr class=\"\" data-start=\"1421\" data-end=\"1424\" \/><h3 class=\"\" data-start=\"1426\" data-end=\"1485\"><strong data-start=\"1430\" data-end=\"1485\">Instrumentos de Alta Calidad para Todos los Niveles<\/strong><\/h3><p class=\"\" data-start=\"1487\" data-end=\"1684\">En <strong data-start=\"1490\" data-end=\"1513\">Tapadum Music Store<\/strong>, ofrecemos duduks cuidadosamente seleccionados, fabricados por maestros artesanos que respetan las t\u00e9cnicas tradicionales. Disponemos de modelos para todos los niveles:<\/p><ul data-start=\"1685\" data-end=\"1895\"><li class=\"\" data-start=\"1685\" data-end=\"1773\"><p class=\"\" data-start=\"1687\" data-end=\"1773\"><strong data-start=\"1687\" data-end=\"1716\">Duduks para principiantes<\/strong>, ideales para quienes se inician en la m\u00fasica armenia.<\/p><\/li><li class=\"\" data-start=\"1774\" data-end=\"1895\"><p class=\"\" data-start=\"1776\" data-end=\"1895\"><strong data-start=\"1776\" data-end=\"1801\">Modelos profesionales<\/strong>, con una respuesta tonal precisa y un sonido rico que satisface los est\u00e1ndares m\u00e1s exigentes.<\/p><\/li><\/ul><p class=\"\" data-start=\"1897\" data-end=\"2021\">Cada instrumento incluye su <strong data-start=\"1925\" data-end=\"1967\">boquilla (leng\u00fceta) artesanal ajustada<\/strong>, clave para obtener el tono caracter\u00edstico del duduk.<\/p><p class=\"\" data-start=\"2023\" data-end=\"2163\">Adem\u00e1s, puedes elegir entre varios <strong data-start=\"2058\" data-end=\"2081\">tonos (afinaciones)<\/strong>, como LA, SI, DO y RE, para encontrar el que mejor se adapte a tu estilo musical.<\/p><hr class=\"\" data-start=\"2165\" data-end=\"2168\" \/><h3 class=\"\" data-start=\"2170\" data-end=\"2203\"><strong data-start=\"2174\" data-end=\"2203\">\u00bfPor Qu\u00e9 Elegir el Duduk?<\/strong><\/h3><p class=\"\" data-start=\"2205\" data-end=\"2331\">El <strong data-start=\"2208\" data-end=\"2225\">duduk armenio<\/strong> destaca por su capacidad para evocar emociones profundas, convirti\u00e9ndose en un instrumento favorito en:<\/p><ul data-start=\"2332\" data-end=\"2460\"><li class=\"\" data-start=\"2332\" data-end=\"2358\"><p class=\"\" data-start=\"2334\" data-end=\"2358\"><strong data-start=\"2334\" data-end=\"2356\">M\u00fasica tradicional<\/strong><\/p><\/li><li class=\"\" data-start=\"2359\" data-end=\"2389\"><p class=\"\" data-start=\"2361\" data-end=\"2389\"><strong data-start=\"2361\" data-end=\"2387\">Bandas sonoras de cine<\/strong><\/p><\/li><li class=\"\" data-start=\"2390\" data-end=\"2423\"><p class=\"\" data-start=\"2392\" data-end=\"2423\"><strong data-start=\"2392\" data-end=\"2421\">M\u00fasica del mundo y fusi\u00f3n<\/strong><\/p><\/li><li class=\"\" data-start=\"2424\" data-end=\"2460\"><p class=\"\" data-start=\"2426\" data-end=\"2460\"><strong data-start=\"2426\" data-end=\"2460\">M\u00fasica meditativa y espiritual<\/strong><\/p><\/li><\/ul><p class=\"\" data-start=\"2462\" data-end=\"2623\">Su <strong data-start=\"2465\" data-end=\"2481\">versatilidad<\/strong> lo hace perfecto tanto para interpretaciones en solitario como en ensambles, aportando un color sonoro inconfundible a cualquier composici\u00f3n.<\/p><hr class=\"\" data-start=\"2625\" data-end=\"2628\" \/><h3 class=\"\" data-start=\"2630\" data-end=\"2666\"><strong data-start=\"2634\" data-end=\"2666\">Elige el Duduk Ideal para Ti<\/strong><\/h3><p class=\"\" data-start=\"2668\" data-end=\"3014\">Seleccionar un duduk que se adapte a tu nivel y a tus objetivos musicales es fundamental. En Tapadum colaboramos con luthiers que trabajan exclusivamente con <strong data-start=\"2826\" data-end=\"2853\">madera de albaricoquero<\/strong> de alta calidad, garantizando una sonoridad profunda y duradera. Nos aseguramos de que cada pieza cumpla con los est\u00e1ndares de autenticidad y excelencia sonora.<\/p><hr class=\"\" data-start=\"3016\" data-end=\"3019\" \/><h3 class=\"\" data-start=\"3021\" data-end=\"3077\"><strong data-start=\"3025\" data-end=\"3077\">Inicia tu Viaje Musical con el Viento de Armenia<\/strong><\/h3><p class=\"\" data-start=\"3079\" data-end=\"3316\">Aprender a tocar el duduk no es solo dominar un instrumento: es una <strong data-start=\"3147\" data-end=\"3190\">conexi\u00f3n directa con el alma de Armenia<\/strong>. Su sonido \u00edntimo y melanc\u00f3lico permite al m\u00fasico expresar sentimientos universales con una belleza sencilla pero impactante.<\/p><p class=\"\" data-start=\"3318\" data-end=\"3568\">Explora hoy la colecci\u00f3n de <strong data-start=\"3346\" data-end=\"3381\">instrumentos de viento armenios<\/strong> en Tapadum Music Store y encuentra el duduk que resuene contigo. Deja que sus tonos atemporales acompa\u00f1en tu camino musical y te inspiren a crear m\u00fasica que emocione, conecte y perdure.<\/p>\t\t\t\t\t\t\t\t<\/div>\n\t\t\t\t\t<\/div>\n\t\t\t\t<\/div>\n\t\t\t\t\t<\/div>\n\t\t\t\t<\/div>\n\t\t\t\t<section class=\"elementor-section elementor-top-section elementor-element elementor-element-3bfa0a3d elementor-section-boxed elementor-section-height-default elementor-section-height-default\" data-id=\"3bfa0a3d\" data-element_type=\"section\" data-e-type=\"section\" data-settings=\"{&quot;background_background&quot;:&quot;classic&quot;}\">\n\t\t\t\t\t\t<div class=\"elementor-container elementor-column-gap-default\">\n\t\t\t\t\t<div class=\"elementor-column elementor-col-100 elementor-top-column elementor-element elementor-element-e4aec18\" data-id=\"e4aec18\" data-element_type=\"column\" data-e-type=\"column\">\n\t\t\t<div class=\"elementor-widget-wrap elementor-element-populated\">\n\t\t\t\t\t\t<section class=\"elementor-section elementor-inner-section elementor-element elementor-element-6ade39e4 elementor-section-boxed elementor-section-height-default elementor-section-height-default\" data-id=\"6ade39e4\" data-element_type=\"section\" data-e-type=\"section\">\n\t\t\t\t\t\t<div class=\"elementor-container elementor-column-gap-default\">\n\t\t\t\t\t<div class=\"elementor-column elementor-col-25 elementor-inner-column elementor-element elementor-element-2bec517f elementor-invisible\" data-id=\"2bec517f\" data-element_type=\"column\" data-e-type=\"column\" data-settings=\"{&quot;animation&quot;:&quot;fadeInLeft&quot;}\">\n\t\t\t<div class=\"elementor-widget-wrap elementor-element-populated\">\n\t\t\t\t\t\t<div class=\"elementor-element elementor-element-264ba49 elementor-position-inline-start elementor-view-default elementor-mobile-position-block-start elementor-widget elementor-widget-icon-box\" data-id=\"264ba49\" data-element_type=\"widget\" data-e-type=\"widget\" data-settings=\"{&quot;ekit_we_effect_on&quot;:&quot;none&quot;}\" data-widget_type=\"icon-box.default\">\n\t\t\t\t\t\t\t<div class=\"elementor-icon-box-wrapper\">\n\n\t\t\t\t\t\t<div class=\"elementor-icon-box-icon\">\n\t\t\t\t<span  class=\"elementor-icon\">\n\t\t\t\t<svg aria-hidden=\"true\" class=\"e-font-icon-svg e-fas-shipping-fast\" viewBox=\"0 0 640 512\" xmlns=\"http:\/\/www.w3.org\/2000\/svg\"><path d=\"M624 352h-16V243.9c0-12.7-5.1-24.9-14.1-33.9L494 110.1c-9-9-21.2-14.1-33.9-14.1H416V48c0-26.5-21.5-48-48-48H112C85.5 0 64 21.5 64 48v48H8c-4.4 0-8 3.6-8 8v16c0 4.4 3.6 8 8 8h272c4.4 0 8 3.6 8 8v16c0 4.4-3.6 8-8 8H40c-4.4 0-8 3.6-8 8v16c0 4.4 3.6 8 8 8h208c4.4 0 8 3.6 8 8v16c0 4.4-3.6 8-8 8H8c-4.4 0-8 3.6-8 8v16c0 4.4 3.6 8 8 8h208c4.4 0 8 3.6 8 8v16c0 4.4-3.6 8-8 8H64v128c0 53 43 96 96 96s96-43 96-96h128c0 53 43 96 96 96s96-43 96-96h48c8.8 0 16-7.2 16-16v-32c0-8.8-7.2-16-16-16zM160 464c-26.5 0-48-21.5-48-48s21.5-48 48-48 48 21.5 48 48-21.5 48-48 48zm320 0c-26.5 0-48-21.5-48-48s21.5-48 48-48 48 21.5 48 48-21.5 48-48 48zm80-208H416V144h44.1l99.9 99.9V256z\"><\/path><\/svg>\t\t\t\t<\/span>\n\t\t\t<\/div>\n\t\t\t\n\t\t\t\t\t\t<div class=\"elementor-icon-box-content\">\n\n\t\t\t\t\t\t\t\t\t<h4 class=\"elementor-icon-box-title\">\n\t\t\t\t\t\t<span  >\n\t\t\t\t\t\t\tFree Shipping\t\t\t\t\t\t<\/span>\n\t\t\t\t\t<\/h4>\n\t\t\t\t\n\t\t\t\t\t\t\t\t\t<p class=\"elementor-icon-box-description\">\n\t\t\t\t\t\tTo Europe &amp; %0 Custom Tax\n\t\t\t\t\t<\/p>\n\t\t\t\t\n\t\t\t<\/div>\n\t\t\t\n\t\t<\/div>\n\t\t\t\t\t\t<\/div>\n\t\t\t\t\t<\/div>\n\t\t<\/div>\n\t\t\t\t<div class=\"elementor-column elementor-col-25 elementor-inner-column elementor-element elementor-element-6a5fa38e elementor-invisible\" data-id=\"6a5fa38e\" data-element_type=\"column\" data-e-type=\"column\" data-settings=\"{&quot;animation&quot;:&quot;fadeInLeft&quot;,&quot;animation_delay&quot;:240}\">\n\t\t\t<div class=\"elementor-widget-wrap elementor-element-populated\">\n\t\t\t\t\t\t<div class=\"elementor-element elementor-element-42872571 elementor-position-inline-start elementor-view-default elementor-mobile-position-block-start elementor-widget elementor-widget-icon-box\" data-id=\"42872571\" data-element_type=\"widget\" data-e-type=\"widget\" data-settings=\"{&quot;ekit_we_effect_on&quot;:&quot;none&quot;}\" data-widget_type=\"icon-box.default\">\n\t\t\t\t\t\t\t<div class=\"elementor-icon-box-wrapper\">\n\n\t\t\t\t\t\t<div class=\"elementor-icon-box-icon\">\n\t\t\t\t<span  class=\"elementor-icon\">\n\t\t\t\t<i aria-hidden=\"true\" class=\"icon icon-shield\"><\/i>\t\t\t\t<\/span>\n\t\t\t<\/div>\n\t\t\t\n\t\t\t\t\t\t<div class=\"elementor-icon-box-content\">\n\n\t\t\t\t\t\t\t\t\t<h4 class=\"elementor-icon-box-title\">\n\t\t\t\t\t\t<span  >\n\t\t\t\t\t\t\t15 Days Warranty\t\t\t\t\t\t<\/span>\n\t\t\t\t\t<\/h4>\n\t\t\t\t\n\t\t\t\t\t\t\t\t\t<p class=\"elementor-icon-box-description\">\n\t\t\t\t\t\t15 days money back\n\n\n\t\t\t\t\t<\/p>\n\t\t\t\t\n\t\t\t<\/div>\n\t\t\t\n\t\t<\/div>\n\t\t\t\t\t\t<\/div>\n\t\t\t\t\t<\/div>\n\t\t<\/div>\n\t\t\t\t<div class=\"elementor-column elementor-col-25 elementor-inner-column elementor-element elementor-element-2e43364 elementor-invisible\" data-id=\"2e43364\" data-element_type=\"column\" data-e-type=\"column\" data-settings=\"{&quot;animation&quot;:&quot;fadeInLeft&quot;,&quot;animation_delay&quot;:480}\">\n\t\t\t<div class=\"elementor-widget-wrap elementor-element-populated\">\n\t\t\t\t\t\t<div class=\"elementor-element elementor-element-370a1096 elementor-position-inline-start elementor-view-default elementor-mobile-position-block-start elementor-widget elementor-widget-icon-box\" data-id=\"370a1096\" data-element_type=\"widget\" data-e-type=\"widget\" data-settings=\"{&quot;ekit_we_effect_on&quot;:&quot;none&quot;}\" data-widget_type=\"icon-box.default\">\n\t\t\t\t\t\t\t<div class=\"elementor-icon-box-wrapper\">\n\n\t\t\t\t\t\t<div class=\"elementor-icon-box-icon\">\n\t\t\t\t<span  class=\"elementor-icon\">\n\t\t\t\t<i aria-hidden=\"true\" class=\"icon icon-planet-earth\"><\/i>\t\t\t\t<\/span>\n\t\t\t<\/div>\n\t\t\t\n\t\t\t\t\t\t<div class=\"elementor-icon-box-content\">\n\n\t\t\t\t\t\t\t\t\t<h4 class=\"elementor-icon-box-title\">\n\t\t\t\t\t\t<span  >\n\t\t\t\t\t\t\tGlobal Shipping\t\t\t\t\t\t<\/span>\n\t\t\t\t\t<\/h4>\n\t\t\t\t\n\t\t\t\t\t\t\t\t\t<p class=\"elementor-icon-box-description\">\n\t\t\t\t\t\tWorldwide Shipping\t\t\t\t\t<\/p>\n\t\t\t\t\n\t\t\t<\/div>\n\t\t\t\n\t\t<\/div>\n\t\t\t\t\t\t<\/div>\n\t\t\t\t\t<\/div>\n\t\t<\/div>\n\t\t\t\t<div class=\"elementor-column elementor-col-25 elementor-inner-column elementor-element elementor-element-1cd6b659 elementor-invisible\" data-id=\"1cd6b659\" data-element_type=\"column\" data-e-type=\"column\" data-settings=\"{&quot;animation&quot;:&quot;fadeInLeft&quot;,&quot;animation_delay&quot;:600}\">\n\t\t\t<div class=\"elementor-widget-wrap elementor-element-populated\">\n\t\t\t\t\t\t<div class=\"elementor-element elementor-element-7ad2ba2c elementor-position-inline-start elementor-view-default elementor-mobile-position-block-start elementor-widget elementor-widget-icon-box\" data-id=\"7ad2ba2c\" data-element_type=\"widget\" data-e-type=\"widget\" data-settings=\"{&quot;ekit_we_effect_on&quot;:&quot;none&quot;}\" data-widget_type=\"icon-box.default\">\n\t\t\t\t\t\t\t<div class=\"elementor-icon-box-wrapper\">\n\n\t\t\t\t\t\t<div class=\"elementor-icon-box-icon\">\n\t\t\t\t<span  class=\"elementor-icon\">\n\t\t\t\t<i aria-hidden=\"true\" class=\"icon icon-safebox\"><\/i>\t\t\t\t<\/span>\n\t\t\t<\/div>\n\t\t\t\n\t\t\t\t\t\t<div class=\"elementor-icon-box-content\">\n\n\t\t\t\t\t\t\t\t\t<h4 class=\"elementor-icon-box-title\">\n\t\t\t\t\t\t<span  >\n\t\t\t\t\t\t\t100% Secure\t\t\t\t\t\t<\/span>\n\t\t\t\t\t<\/h4>\n\t\t\t\t\n\t\t\t\t\t\t\t\t\t<p class=\"elementor-icon-box-description\">\n\t\t\t\t\t\t100% Secure Checkout\n\n\n\t\t\t\t\t<\/p>\n\t\t\t\t\n\t\t\t<\/div>\n\t\t\t\n\t\t<\/div>\n\t\t\t\t\t\t<\/div>\n\t\t\t\t\t<\/div>\n\t\t<\/div>\n\t\t\t\t\t<\/div>\n\t\t<\/section>\n\t\t\t\t\t<\/div>\n\t\t<\/div>\n\t\t\t\t\t<\/div>\n\t\t<\/section>\n\t\t\t\t<\/div>\n\t\t","protected":false},"excerpt":{"rendered":"<p>Duduk Abraza las melod\u00edas conmovedoras Colecci\u00f3n de Duduk Armenio en Tapadum Music Store Sum\u00e9rgete en los sonidos profundos y emotivos del duduk, el instrumento de viento tradicional de Armenia, ahora disponible en Tapadum Music Store. En esta categor\u00eda especializada, encontrar\u00e1s una selecci\u00f3n \u00fanica de duduks armenios aut\u00e9nticos, elaborados a mano con madera de albaricoquero, c\u00e9lebre [&hellip;]<\/p>\n","protected":false},"author":1,"featured_media":0,"parent":0,"menu_order":0,"comment_status":"closed","ping_status":"closed","template":"","meta":{"_eb_attr":"","footnotes":""},"class_list":["post-24321","page","type-page","status-publish","hentry"],"jetpack_sharing_enabled":true,"_links":{"self":[{"href":"https:\/\/tapadum.com\/es\/wp-json\/wp\/v2\/pages\/24321","targetHints":{"allow":["GET"]}}],"collection":[{"href":"https:\/\/tapadum.com\/es\/wp-json\/wp\/v2\/pages"}],"about":[{"href":"https:\/\/tapadum.com\/es\/wp-json\/wp\/v2\/types\/page"}],"author":[{"embeddable":true,"href":"https:\/\/tapadum.com\/es\/wp-json\/wp\/v2\/users\/1"}],"replies":[{"embeddable":true,"href":"https:\/\/tapadum.com\/es\/wp-json\/wp\/v2\/comments?post=24321"}],"version-history":[{"count":7,"href":"https:\/\/tapadum.com\/es\/wp-json\/wp\/v2\/pages\/24321\/revisions"}],"predecessor-version":[{"id":24332,"href":"https:\/\/tapadum.com\/es\/wp-json\/wp\/v2\/pages\/24321\/revisions\/24332"}],"wp:attachment":[{"href":"https:\/\/tapadum.com\/es\/wp-json\/wp\/v2\/media?parent=24321"}],"curies":[{"name":"wp","href":"https:\/\/api.w.org\/{rel}","templated":true}]}}