{"id":24720,"date":"2023-06-14T10:38:50","date_gmt":"2023-06-14T10:38:50","guid":{"rendered":"https:\/\/tapadum.com\/?page_id=24720"},"modified":"2025-05-22T09:02:03","modified_gmt":"2025-05-22T09:02:03","slug":"politica-de-privacidad","status":"publish","type":"page","link":"https:\/\/tapadum.com\/es\/politica-de-privacidad\/","title":{"rendered":"Pol\u00edtica de Privacidad"},"content":{"rendered":"\t\t<div data-elementor-type=\"wp-page\" data-elementor-id=\"24720\" class=\"elementor elementor-24720 elementor-6900\" data-elementor-post-type=\"page\">\n\t\t\t\t<div class=\"elementor-element elementor-element-39649337 e-flex e-con-boxed e-con e-parent\" data-id=\"39649337\" data-element_type=\"container\" data-e-type=\"container\">\n\t\t\t\t\t<div class=\"e-con-inner\">\n\t\t\t\t<div class=\"elementor-element elementor-element-2819fdb8 elementor-widget elementor-widget-heading\" data-id=\"2819fdb8\" data-element_type=\"widget\" data-e-type=\"widget\" data-settings=\"{&quot;ekit_we_effect_on&quot;:&quot;none&quot;}\" data-widget_type=\"heading.default\">\n\t\t\t\t\t<h2 class=\"elementor-heading-title elementor-size-default\">Pol\u00edtica de Privacidad<\/h2>\t\t\t\t<\/div>\n\t\t\t\t<div class=\"elementor-element elementor-element-30146f64 elementor-widget elementor-widget-text-editor\" data-id=\"30146f64\" data-element_type=\"widget\" data-e-type=\"widget\" data-settings=\"{&quot;ekit_we_effect_on&quot;:&quot;none&quot;}\" data-widget_type=\"text-editor.default\">\n\t\t\t\t\t\t\t\t\t<p>Puede devolver la mayor\u00eda de los art\u00edculos nuevos y sin abrir dentro de los 15 d\u00edas posteriores a la entrega para obtener un reembolso completo. Tambi\u00e9n cubriremos los gastos de env\u00edo si la devoluci\u00f3n se debe a un error nuestro (recibi\u00f3 un art\u00edculo incorrecto o defectuoso, etc.). En otros casos, los gastos de env\u00edo corren a cargo del cliente.<\/p><p>Deber\u00eda recibir su reembolso en un plazo de cuatro semanas desde la entrega del paquete al transportista; sin embargo, en muchos casos, recibir\u00e1 un reembolso m\u00e1s r\u00e1pido. Este plazo incluye el tiempo de tr\u00e1nsito para que recibamos su devoluci\u00f3n del transportista (de 5 a 10 d\u00edas h\u00e1biles), el tiempo que tardamos en procesar su devoluci\u00f3n una vez recibida (de 3 a 5 d\u00edas h\u00e1biles) y el tiempo que tarda su banco en procesar nuestra solicitud de reembolso (de 5 a 10 d\u00edas h\u00e1biles).<\/p><p>Los reembolsos se realizan una vez finalizado el control de los productos devueltos. El paquete de devoluci\u00f3n debe estar preparado tal como se le envi\u00f3. Una vez que el producto nos llegue sin problemas, se realizar\u00e1 el proceso de reembolso\u2026<\/p><p>***No se aplican impuestos aduaneros en Italia ni en Europa (UE) para los instrumentos que se env\u00edan desde nuestra tienda.<\/p><p>POL\u00cdTICA DE DEVOLUCIONES Y REEMBOLSOS<\/p><p>Contacta con nuestro equipo<\/p>\t\t\t\t\t\t\t\t<\/div>\n\t\t\t\t\t<\/div>\n\t\t\t\t<\/div>\n\t\t\t\t<\/div>\n\t\t","protected":false},"excerpt":{"rendered":"<p>Pol\u00edtica de Privacidad Puede devolver la mayor\u00eda de los art\u00edculos nuevos y sin abrir dentro de los 15 d\u00edas posteriores a la entrega para obtener un reembolso completo. Tambi\u00e9n cubriremos los gastos de env\u00edo si la devoluci\u00f3n se debe a un error nuestro (recibi\u00f3 un art\u00edculo incorrecto o defectuoso, etc.). En otros casos, los gastos [&hellip;]<\/p>\n","protected":false},"author":1,"featured_media":0,"parent":0,"menu_order":0,"comment_status":"closed","ping_status":"closed","template":"essential-blocks-fullwidth-template.php","meta":{"_eb_attr":"","footnotes":""},"class_list":["post-24720","page","type-page","status-publish","hentry"],"jetpack_sharing_enabled":true,"_links":{"self":[{"href":"https:\/\/tapadum.com\/es\/wp-json\/wp\/v2\/pages\/24720","targetHints":{"allow":["GET"]}}],"collection":[{"href":"https:\/\/tapadum.com\/es\/wp-json\/wp\/v2\/pages"}],"about":[{"href":"https:\/\/tapadum.com\/es\/wp-json\/wp\/v2\/types\/page"}],"author":[{"embeddable":true,"href":"https:\/\/tapadum.com\/es\/wp-json\/wp\/v2\/users\/1"}],"replies":[{"embeddable":true,"href":"https:\/\/tapadum.com\/es\/wp-json\/wp\/v2\/comments?post=24720"}],"version-history":[{"count":6,"href":"https:\/\/tapadum.com\/es\/wp-json\/wp\/v2\/pages\/24720\/revisions"}],"predecessor-version":[{"id":24747,"href":"https:\/\/tapadum.com\/es\/wp-json\/wp\/v2\/pages\/24720\/revisions\/24747"}],"wp:attachment":[{"href":"https:\/\/tapadum.com\/es\/wp-json\/wp\/v2\/media?parent=24720"}],"curies":[{"name":"wp","href":"https:\/\/api.w.org\/{rel}","templated":true}]}}