{"id":24758,"date":"2023-07-08T22:24:52","date_gmt":"2023-07-08T22:24:52","guid":{"rendered":"https:\/\/tapadum.com\/?page_id=24758"},"modified":"2025-05-22T09:10:37","modified_gmt":"2025-05-22T09:10:37","slug":"setar","status":"publish","type":"page","link":"https:\/\/tapadum.com\/es\/setar\/","title":{"rendered":"Setar"},"content":{"rendered":"\t\t<div data-elementor-type=\"wp-page\" data-elementor-id=\"24758\" class=\"elementor elementor-24758 elementor-8961\" data-elementor-post-type=\"page\">\n\t\t\t\t\t\t<section class=\"elementor-section elementor-top-section elementor-element elementor-element-7da8fbba elementor-section-boxed elementor-section-height-default elementor-section-height-default\" data-id=\"7da8fbba\" data-element_type=\"section\" data-e-type=\"section\" data-settings=\"{&quot;background_background&quot;:&quot;classic&quot;}\">\n\t\t\t\t\t\t\t<div class=\"elementor-background-overlay\"><\/div>\n\t\t\t\t\t\t\t<div class=\"elementor-container elementor-column-gap-default\">\n\t\t\t\t\t<div class=\"elementor-column elementor-col-100 elementor-top-column elementor-element elementor-element-167b24dc\" data-id=\"167b24dc\" data-element_type=\"column\" data-e-type=\"column\">\n\t\t\t<div class=\"elementor-widget-wrap elementor-element-populated\">\n\t\t\t\t\t\t<div class=\"elementor-element elementor-element-44ccc99b elementor-widget elementor-widget-woocommerce-breadcrumb\" data-id=\"44ccc99b\" data-element_type=\"widget\" data-e-type=\"widget\" data-settings=\"{&quot;ekit_we_effect_on&quot;:&quot;none&quot;}\" data-widget_type=\"woocommerce-breadcrumb.default\">\n\t\t\t\t\t<nav class=\"woocommerce-breadcrumb\" aria-label=\"Breadcrumb\">Inicio<\/nav>\t\t\t\t<\/div>\n\t\t\t\t\t<\/div>\n\t\t<\/div>\n\t\t\t\t\t<\/div>\n\t\t<\/section>\n\t\t\t\t<section class=\"elementor-section elementor-top-section elementor-element elementor-element-7e121f6 elementor-section-boxed elementor-section-height-default elementor-section-height-default\" data-id=\"7e121f6\" data-element_type=\"section\" data-e-type=\"section\">\n\t\t\t\t\t\t<div class=\"elementor-container elementor-column-gap-default\">\n\t\t\t\t\t<div class=\"elementor-column elementor-col-100 elementor-top-column elementor-element elementor-element-60e2fd26\" data-id=\"60e2fd26\" data-element_type=\"column\" data-e-type=\"column\" data-settings=\"{&quot;background_background&quot;:&quot;classic&quot;}\">\n\t\t\t<div class=\"elementor-widget-wrap elementor-element-populated\">\n\t\t\t\t\t\t<section class=\"elementor-section elementor-inner-section elementor-element elementor-element-20854496 elementor-section-boxed elementor-section-height-default elementor-section-height-default\" data-id=\"20854496\" data-element_type=\"section\" data-e-type=\"section\">\n\t\t\t\t\t\t<div class=\"elementor-container elementor-column-gap-default\">\n\t\t\t\t\t<div class=\"elementor-column elementor-col-100 elementor-inner-column elementor-element elementor-element-6b970192 elementor-invisible\" data-id=\"6b970192\" data-element_type=\"column\" data-e-type=\"column\" data-settings=\"{&quot;animation&quot;:&quot;fadeIn&quot;,&quot;animation_delay&quot;:360}\">\n\t\t\t<div class=\"elementor-widget-wrap elementor-element-populated\">\n\t\t\t\t\t\t<div class=\"elementor-element elementor-element-5154cc5d elementor-widget elementor-widget-heading\" data-id=\"5154cc5d\" data-element_type=\"widget\" data-e-type=\"widget\" data-settings=\"{&quot;ekit_we_effect_on&quot;:&quot;none&quot;}\" data-widget_type=\"heading.default\">\n\t\t\t\t\t<h2 class=\"elementor-heading-title elementor-size-default\">Setar<\/h2>\t\t\t\t<\/div>\n\t\t\t\t\t<\/div>\n\t\t<\/div>\n\t\t\t\t\t<\/div>\n\t\t<\/section>\n\t\t\t\t\t<\/div>\n\t\t<\/div>\n\t\t\t\t\t<\/div>\n\t\t<\/section>\n\t\t<div class=\"elementor-element elementor-element-72553ed1 e-flex e-con-boxed e-con e-parent\" data-id=\"72553ed1\" data-element_type=\"container\" data-e-type=\"container\" data-settings=\"{&quot;background_background&quot;:&quot;classic&quot;}\">\n\t\t\t\t\t<div class=\"e-con-inner\">\n\t\t<div class=\"elementor-element elementor-element-371a4747 e-flex e-con-boxed e-con e-child\" data-id=\"371a4747\" data-element_type=\"container\" data-e-type=\"container\" data-settings=\"{&quot;background_background&quot;:&quot;classic&quot;}\">\n\t\t\t\t\t<div class=\"e-con-inner\">\n\t\t\t\t<div class=\"elementor-element elementor-element-39c4f80d elementor-widget elementor-widget-text-editor\" data-id=\"39c4f80d\" data-element_type=\"widget\" data-e-type=\"widget\" data-settings=\"{&quot;ekit_we_effect_on&quot;:&quot;none&quot;}\" data-widget_type=\"text-editor.default\">\n\t\t\t\t\t\t\t\t\t<p>El setar iran\u00ed, tambi\u00e9n conocido como setar persa, es un instrumento de cuerda de gran importancia en la m\u00fasica tradicional persa. Perteneciente a la familia de los tanbur, la\u00fades de m\u00e1stil largo, el setar es un tipo de la\u00fad con un registro que abarca m\u00e1s de dos octavas y media.<\/p>\t\t\t\t\t\t\t\t<\/div>\n\t\t\t\t\t<\/div>\n\t\t\t\t<\/div>\n\t\t\t\t\t<\/div>\n\t\t\t\t<\/div>\n\t\t<div class=\"elementor-element elementor-element-43e08bd1 e-flex e-con-boxed e-con e-parent\" data-id=\"43e08bd1\" data-element_type=\"container\" data-e-type=\"container\" data-settings=\"{&quot;background_background&quot;:&quot;classic&quot;}\">\n\t\t\t\t\t<div class=\"e-con-inner\">\n\t\t<div class=\"elementor-element elementor-element-39f1f1ce e-flex e-con-boxed e-con e-child\" data-id=\"39f1f1ce\" data-element_type=\"container\" data-e-type=\"container\" data-settings=\"{&quot;background_background&quot;:&quot;classic&quot;}\">\n\t\t\t\t\t<div class=\"e-con-inner\">\n\t\t\t\t<div class=\"elementor-element elementor-element-20df843c elementor-grid-4 elementor-grid-tablet-3 elementor-grid-mobile-2 elementor-products-grid elementor-wc-products elementor-show-pagination-border-yes elementor-widget elementor-widget-woocommerce-products\" data-id=\"20df843c\" data-element_type=\"widget\" data-e-type=\"widget\" data-settings=\"{&quot;ekit_we_effect_on&quot;:&quot;none&quot;}\" data-widget_type=\"woocommerce-products.default\">\n\t\t\t\t<div class=\"elementor-widget-container\">\n\t\t\t\t\t<div class=\"woocommerce columns-4 \"><div class=\"woocommerce-notices-wrapper\"><\/div><p class=\"woocommerce-result-count\" role=\"alert\" aria-relevant=\"all\" data-is-sorted-by=\"true\">\n\tMostrando los 2 resultados<span class=\"screen-reader-text\">Ordenado por precio: bajo a alto<\/span><\/p>\n<form class=\"woocommerce-ordering\" method=\"get\">\n\t\t<select\n\t\tname=\"orderby\"\n\t\tclass=\"orderby\"\n\t\t\t\t\taria-label=\"Pedido de la tienda\"\n\t\t\t>\n\t\t\t\t\t<option value=\"popularity\" >Ordenar por popularidad<\/option>\n\t\t\t\t\t<option value=\"rating\" >Ordenar por puntuaci\u00f3n media<\/option>\n\t\t\t\t\t<option value=\"date\" >Ordenar por los \u00faltimos<\/option>\n\t\t\t\t\t<option value=\"price\"  selected='selected'>Ordenar por precio: bajo a alto<\/option>\n\t\t\t\t\t<option value=\"price-desc\" >Ordenar por precio: alto a bajo<\/option>\n\t\t\t<\/select>\n\t<input type=\"hidden\" name=\"paged\" value=\"1\" \/>\n\t<\/form>\n<ul class=\"products elementor-grid columns-4\">\n<li class=\"product type-product post-30974 status-publish first instock product_cat-instrumentos-de-cuerda product_cat-setar-es has-post-thumbnail sale shipping-taxable purchasable product-type-simple\">\n\t<a href=\"https:\/\/tapadum.com\/es\/producto\/setar-de-alta-calidad-de-darvish-estuche-rigido\/\" class=\"woocommerce-LoopProduct-link woocommerce-loop-product__link\">\n\t<span class=\"onsale\">\u00a1Oferta!<\/span>\n\t<img fetchpriority=\"high\" decoding=\"async\" width=\"300\" height=\"300\" src=\"https:\/\/i0.wp.com\/tapadum.com\/wp-content\/uploads\/2025\/12\/1-3.jpg?resize=300%2C300&amp;ssl=1\" class=\"attachment-woocommerce_thumbnail size-woocommerce_thumbnail\" alt=\"Setar Persa\" srcset=\"https:\/\/i0.wp.com\/tapadum.com\/wp-content\/uploads\/2025\/12\/1-3.jpg?w=1080&amp;ssl=1 1080w, https:\/\/i0.wp.com\/tapadum.com\/wp-content\/uploads\/2025\/12\/1-3.jpg?resize=300%2C300&amp;ssl=1 300w, https:\/\/i0.wp.com\/tapadum.com\/wp-content\/uploads\/2025\/12\/1-3.jpg?resize=1024%2C1024&amp;ssl=1 1024w, https:\/\/i0.wp.com\/tapadum.com\/wp-content\/uploads\/2025\/12\/1-3.jpg?resize=150%2C150&amp;ssl=1 150w, https:\/\/i0.wp.com\/tapadum.com\/wp-content\/uploads\/2025\/12\/1-3.jpg?resize=768%2C768&amp;ssl=1 768w, https:\/\/i0.wp.com\/tapadum.com\/wp-content\/uploads\/2025\/12\/1-3.jpg?resize=600%2C600&amp;ssl=1 600w, https:\/\/i0.wp.com\/tapadum.com\/wp-content\/uploads\/2025\/12\/1-3.jpg?resize=100%2C100&amp;ssl=1 100w\" sizes=\"(max-width: 300px) 100vw, 300px\" \/><h2 class=\"woocommerce-loop-product__title\">Setar de Alta Calidad de Darvish + Estuche R\u00edgido<\/h2>\n\t<span class=\"price\"><del aria-hidden=\"true\"><span class=\"woocommerce-Price-amount amount\"><bdi><span class=\"woocommerce-Price-currencySymbol\">&euro;<\/span>650,43<\/bdi><\/span><\/del> <span class=\"screen-reader-text\">El precio original era: &euro;650,43.<\/span><ins aria-hidden=\"true\"><span class=\"woocommerce-Price-amount amount\"><bdi><span class=\"woocommerce-Price-currencySymbol\">&euro;<\/span>599,02<\/bdi><\/span><\/ins><span class=\"screen-reader-text\">El precio actual es: &euro;599,02.<\/span><\/span>\n<\/a><a href=\"\/es\/wp-json\/wp\/v2\/pages\/24758?add-to-cart=30974\" aria-describedby=\"woocommerce_loop_add_to_cart_link_describedby_30974\" data-quantity=\"1\" class=\"button product_type_simple add_to_cart_button ajax_add_to_cart\" data-product_id=\"30974\" data-product_sku=\"TapSet1\" aria-label=\"A\u00f1adir al carrito: &ldquo;Setar de Alta Calidad de Darvish + Estuche R\u00edgido&rdquo;\" rel=\"nofollow\" data-success_message=\"\u00abSetar de Alta Calidad de Darvish + Estuche R\u00edgido\u00bb se ha a\u00f1adido a tu carrito\" role=\"button\">A\u00f1adir al carrito<\/a>\t<span id=\"woocommerce_loop_add_to_cart_link_describedby_30974\" class=\"screen-reader-text\">\n\t\t\t<\/span>\n<\/li>\n<li class=\"product type-product post-25550 status-publish instock product_cat-instrumentos-de-cuerda product_cat-setar-es has-post-thumbnail shipping-taxable purchasable product-type-simple\">\n\t<a href=\"https:\/\/tapadum.com\/es\/producto\/shourangiz\/\" class=\"woocommerce-LoopProduct-link woocommerce-loop-product__link\"><img decoding=\"async\" width=\"300\" height=\"300\" src=\"https:\/\/i0.wp.com\/tapadum.com\/wp-content\/uploads\/2025\/04\/1-1.jpg?resize=300%2C300&amp;ssl=1\" class=\"attachment-woocommerce_thumbnail size-woocommerce_thumbnail\" alt=\"instrumento tradicional iran\u00ed\" srcset=\"https:\/\/i0.wp.com\/tapadum.com\/wp-content\/uploads\/2025\/04\/1-1.jpg?w=1080&amp;ssl=1 1080w, https:\/\/i0.wp.com\/tapadum.com\/wp-content\/uploads\/2025\/04\/1-1.jpg?resize=300%2C300&amp;ssl=1 300w, https:\/\/i0.wp.com\/tapadum.com\/wp-content\/uploads\/2025\/04\/1-1.jpg?resize=1024%2C1024&amp;ssl=1 1024w, https:\/\/i0.wp.com\/tapadum.com\/wp-content\/uploads\/2025\/04\/1-1.jpg?resize=150%2C150&amp;ssl=1 150w, https:\/\/i0.wp.com\/tapadum.com\/wp-content\/uploads\/2025\/04\/1-1.jpg?resize=768%2C768&amp;ssl=1 768w, https:\/\/i0.wp.com\/tapadum.com\/wp-content\/uploads\/2025\/04\/1-1.jpg?resize=600%2C600&amp;ssl=1 600w, https:\/\/i0.wp.com\/tapadum.com\/wp-content\/uploads\/2025\/04\/1-1.jpg?resize=100%2C100&amp;ssl=1 100w\" sizes=\"(max-width: 300px) 100vw, 300px\" \/><h2 class=\"woocommerce-loop-product__title\">Shourangiz<\/h2>\n\t<span class=\"price\"><span class=\"woocommerce-Price-amount amount\"><bdi><span class=\"woocommerce-Price-currencySymbol\">&euro;<\/span>849,15<\/bdi><\/span><\/span>\n<\/a><a href=\"\/es\/wp-json\/wp\/v2\/pages\/24758?add-to-cart=25550\" aria-describedby=\"woocommerce_loop_add_to_cart_link_describedby_25550\" data-quantity=\"1\" class=\"button product_type_simple add_to_cart_button ajax_add_to_cart\" data-product_id=\"25550\" data-product_sku=\"Tap021\" aria-label=\"A\u00f1adir al carrito: &ldquo;Shourangiz&rdquo;\" rel=\"nofollow\" data-success_message=\"\u00abShourangiz\u00bb se ha a\u00f1adido a tu carrito\" role=\"button\">A\u00f1adir al carrito<\/a>\t<span id=\"woocommerce_loop_add_to_cart_link_describedby_25550\" class=\"screen-reader-text\">\n\t\t\t<\/span>\n<\/li>\n<\/ul>\n<\/div>\t\t\t\t<\/div>\n\t\t\t\t<\/div>\n\t\t\t\t\t<\/div>\n\t\t\t\t<\/div>\n\t\t\t\t\t<\/div>\n\t\t\t\t<\/div>\n\t\t<div class=\"elementor-element elementor-element-10dab68 e-flex e-con-boxed e-con e-parent\" data-id=\"10dab68\" data-element_type=\"container\" data-e-type=\"container\" data-settings=\"{&quot;background_background&quot;:&quot;gradient&quot;}\">\n\t\t\t\t\t<div class=\"e-con-inner\">\n\t\t<div class=\"elementor-element elementor-element-1d873d0a e-flex e-con-boxed e-con e-child\" data-id=\"1d873d0a\" data-element_type=\"container\" data-e-type=\"container\" data-settings=\"{&quot;background_background&quot;:&quot;classic&quot;}\">\n\t\t\t\t\t<div class=\"e-con-inner\">\n\t\t\t\t<div class=\"elementor-element elementor-element-5372e9ff elementor-widget elementor-widget-text-editor\" data-id=\"5372e9ff\" data-element_type=\"widget\" data-e-type=\"widget\" data-settings=\"{&quot;ekit_we_effect_on&quot;:&quot;none&quot;}\" data-widget_type=\"text-editor.default\">\n\t\t\t\t\t\t\t\t\t<p data-start=\"364\" data-end=\"841\">Descubre el <strong data-start=\"376\" data-end=\"391\">setar iran\u00ed<\/strong>, un instrumento delicado y profundamente expresivo que forma parte esencial de la <strong data-start=\"474\" data-end=\"504\">m\u00fasica tradicional de Ir\u00e1n<\/strong>. Con m\u00e1s de mil a\u00f1os de historia, este <strong data-start=\"544\" data-end=\"565\">instrumento persa<\/strong> encarna la riqueza espiritual y la profundidad cultural del patrimonio musical iran\u00ed. Su forma compacta y su construcci\u00f3n ligera esconden una asombrosa versatilidad sonora: desde susurros \u00edntimos hasta melod\u00edas vivas y luminosas, el <strong data-start=\"799\" data-end=\"818\">setar artesanal<\/strong> cautiva con cada nota.<\/p><p data-start=\"843\" data-end=\"1314\">Aunque su nombre significa \u00abtres cuerdas\u00bb, el <strong data-start=\"889\" data-end=\"898\">setar<\/strong> actual cuenta con cuatro, una evoluci\u00f3n que refleja el desarrollo de la <strong data-start=\"971\" data-end=\"995\">m\u00fasica cl\u00e1sica persa<\/strong>. Fabricado cuidadosamente con madera de <strong data-start=\"1036\" data-end=\"1045\">moral<\/strong> o <strong data-start=\"1048\" data-end=\"1057\">nogal<\/strong>, su cuerpo resuena con calidez y nitidez. Los trastes, elaborados con seda o nailon, permiten interpretar microtonos sutiles caracter\u00edsticos de la m\u00fasica iran\u00ed, ofreciendo al m\u00fasico la posibilidad de explorar emociones profundas a trav\u00e9s de matices \u00fanicos.<\/p><p data-start=\"1316\" data-end=\"1813\">A diferencia de otros instrumentos que requieren p\u00faa, el <strong data-start=\"1373\" data-end=\"1388\">setar iran\u00ed<\/strong> se toca con la u\u00f1a del dedo \u00edndice, lo que permite un control total sobre la din\u00e1mica y el timbre. Esta t\u00e9cnica crea un sonido envolvente y casi m\u00edstico, ideal tanto para piezas meditativas como para composiciones populares animadas. El <strong data-start=\"1626\" data-end=\"1635\">setar<\/strong> se adapta perfectamente a formaciones solistas y conjuntos musicales, y es fundamental en la interpretaci\u00f3n del <strong data-start=\"1748\" data-end=\"1757\">Radif<\/strong>, el repertorio estructurado de la m\u00fasica cl\u00e1sica iran\u00ed.<\/p><p data-start=\"1815\" data-end=\"2195\">Adem\u00e1s, es com\u00fanmente utilizado en la <strong data-start=\"1853\" data-end=\"1868\">m\u00fasica suf\u00ed<\/strong> y pr\u00e1cticas de meditaci\u00f3n, gracias a su capacidad de crear una atm\u00f3sfera serena y contemplativa. Por eso, el <strong data-start=\"1978\" data-end=\"1987\">setar<\/strong> se ha convertido en una opci\u00f3n preferida tanto para principiantes como para m\u00fasicos profesionales que desean profundizar en la tradici\u00f3n persa o enriquecer su repertorio de <strong data-start=\"2161\" data-end=\"2194\">instrumentos de cuerda persas<\/strong>.<\/p><p data-start=\"2197\" data-end=\"2661\">En <strong data-start=\"2200\" data-end=\"2223\">Tapadum Music Store<\/strong>, te ofrecemos una cuidada selecci\u00f3n de <strong data-start=\"2263\" data-end=\"2286\">setares artesanales<\/strong> construidos por luthiers expertos en Ir\u00e1n. Cada instrumento es \u00fanico y se elabora siguiendo t\u00e9cnicas tradicionales, con atenci\u00f3n especial a la calidad de la madera, la alineaci\u00f3n de los trastes y la pureza del sonido. Ya seas principiante o m\u00fasico avanzado, aqu\u00ed podr\u00e1s <strong data-start=\"2557\" data-end=\"2577\">comprar un setar<\/strong> aut\u00e9ntico que te conectar\u00e1 directamente con la esencia de la cultura musical iran\u00ed.<\/p><p data-start=\"2663\" data-end=\"3005\">Tambi\u00e9n brindamos <strong data-start=\"2681\" data-end=\"2700\">clases de setar<\/strong> presenciales y en l\u00ednea, impartidas por m\u00fasicos persas con experiencia, para que puedas aprender desde la base hasta los niveles m\u00e1s complejos de teor\u00eda musical iran\u00ed. Estas clases te permitir\u00e1n dominar las t\u00e9cnicas y comprender a fondo el papel del <strong data-start=\"2951\" data-end=\"2980\">instrumento musical iran\u00ed<\/strong> en su contexto cultural.<\/p><p data-start=\"3007\" data-end=\"3260\">Adquirir un <strong data-start=\"3019\" data-end=\"3028\">setar<\/strong> no es solo una compra: es abrir la puerta a una tradici\u00f3n viva, rica en historia, espiritualidad y expresi\u00f3n musical. Nuestro equipo est\u00e1 disponible para asesorarte y ayudarte a elegir el instrumento ideal seg\u00fan tu nivel y estilo.<\/p>\t\t\t\t\t\t\t\t<\/div>\n\t\t\t\t\t<\/div>\n\t\t\t\t<\/div>\n\t\t\t\t\t<\/div>\n\t\t\t\t<\/div>\n\t\t\t\t<section class=\"elementor-section elementor-top-section elementor-element elementor-element-6b95586c elementor-section-boxed elementor-section-height-default elementor-section-height-default\" data-id=\"6b95586c\" data-element_type=\"section\" data-e-type=\"section\" data-settings=\"{&quot;background_background&quot;:&quot;classic&quot;}\">\n\t\t\t\t\t\t<div class=\"elementor-container elementor-column-gap-default\">\n\t\t\t\t\t<div class=\"elementor-column elementor-col-100 elementor-top-column elementor-element elementor-element-5b80f71e\" data-id=\"5b80f71e\" data-element_type=\"column\" data-e-type=\"column\">\n\t\t\t<div class=\"elementor-widget-wrap elementor-element-populated\">\n\t\t\t\t\t\t<section class=\"elementor-section elementor-inner-section elementor-element elementor-element-5de080e2 elementor-section-boxed elementor-section-height-default elementor-section-height-default\" data-id=\"5de080e2\" data-element_type=\"section\" data-e-type=\"section\">\n\t\t\t\t\t\t<div class=\"elementor-container elementor-column-gap-default\">\n\t\t\t\t\t<div class=\"elementor-column elementor-col-25 elementor-inner-column elementor-element elementor-element-66cc0bd2 elementor-invisible\" data-id=\"66cc0bd2\" data-element_type=\"column\" data-e-type=\"column\" data-settings=\"{&quot;animation&quot;:&quot;fadeInLeft&quot;}\">\n\t\t\t<div class=\"elementor-widget-wrap elementor-element-populated\">\n\t\t\t\t\t\t<div class=\"elementor-element elementor-element-560dc103 elementor-position-inline-start elementor-view-default elementor-mobile-position-block-start elementor-widget elementor-widget-icon-box\" data-id=\"560dc103\" data-element_type=\"widget\" data-e-type=\"widget\" data-settings=\"{&quot;ekit_we_effect_on&quot;:&quot;none&quot;}\" data-widget_type=\"icon-box.default\">\n\t\t\t\t\t\t\t<div class=\"elementor-icon-box-wrapper\">\n\n\t\t\t\t\t\t<div class=\"elementor-icon-box-icon\">\n\t\t\t\t<span  class=\"elementor-icon\">\n\t\t\t\t<svg aria-hidden=\"true\" class=\"e-font-icon-svg e-fas-shipping-fast\" viewBox=\"0 0 640 512\" xmlns=\"http:\/\/www.w3.org\/2000\/svg\"><path d=\"M624 352h-16V243.9c0-12.7-5.1-24.9-14.1-33.9L494 110.1c-9-9-21.2-14.1-33.9-14.1H416V48c0-26.5-21.5-48-48-48H112C85.5 0 64 21.5 64 48v48H8c-4.4 0-8 3.6-8 8v16c0 4.4 3.6 8 8 8h272c4.4 0 8 3.6 8 8v16c0 4.4-3.6 8-8 8H40c-4.4 0-8 3.6-8 8v16c0 4.4 3.6 8 8 8h208c4.4 0 8 3.6 8 8v16c0 4.4-3.6 8-8 8H8c-4.4 0-8 3.6-8 8v16c0 4.4 3.6 8 8 8h208c4.4 0 8 3.6 8 8v16c0 4.4-3.6 8-8 8H64v128c0 53 43 96 96 96s96-43 96-96h128c0 53 43 96 96 96s96-43 96-96h48c8.8 0 16-7.2 16-16v-32c0-8.8-7.2-16-16-16zM160 464c-26.5 0-48-21.5-48-48s21.5-48 48-48 48 21.5 48 48-21.5 48-48 48zm320 0c-26.5 0-48-21.5-48-48s21.5-48 48-48 48 21.5 48 48-21.5 48-48 48zm80-208H416V144h44.1l99.9 99.9V256z\"><\/path><\/svg>\t\t\t\t<\/span>\n\t\t\t<\/div>\n\t\t\t\n\t\t\t\t\t\t<div class=\"elementor-icon-box-content\">\n\n\t\t\t\t\t\t\t\t\t<h4 class=\"elementor-icon-box-title\">\n\t\t\t\t\t\t<span  >\n\t\t\t\t\t\t\tFree Shipping\t\t\t\t\t\t<\/span>\n\t\t\t\t\t<\/h4>\n\t\t\t\t\n\t\t\t\t\t\t\t\t\t<p class=\"elementor-icon-box-description\">\n\t\t\t\t\t\tTo Europe &amp; %0 Custom Tax\n\t\t\t\t\t<\/p>\n\t\t\t\t\n\t\t\t<\/div>\n\t\t\t\n\t\t<\/div>\n\t\t\t\t\t\t<\/div>\n\t\t\t\t\t<\/div>\n\t\t<\/div>\n\t\t\t\t<div class=\"elementor-column elementor-col-25 elementor-inner-column elementor-element elementor-element-69664486 elementor-invisible\" data-id=\"69664486\" data-element_type=\"column\" data-e-type=\"column\" data-settings=\"{&quot;animation&quot;:&quot;fadeInLeft&quot;,&quot;animation_delay&quot;:240}\">\n\t\t\t<div class=\"elementor-widget-wrap elementor-element-populated\">\n\t\t\t\t\t\t<div class=\"elementor-element elementor-element-2cf8c8f4 elementor-position-inline-start elementor-view-default elementor-mobile-position-block-start elementor-widget elementor-widget-icon-box\" data-id=\"2cf8c8f4\" data-element_type=\"widget\" data-e-type=\"widget\" data-settings=\"{&quot;ekit_we_effect_on&quot;:&quot;none&quot;}\" data-widget_type=\"icon-box.default\">\n\t\t\t\t\t\t\t<div class=\"elementor-icon-box-wrapper\">\n\n\t\t\t\t\t\t<div class=\"elementor-icon-box-icon\">\n\t\t\t\t<span  class=\"elementor-icon\">\n\t\t\t\t<i aria-hidden=\"true\" class=\"icon icon-shield\"><\/i>\t\t\t\t<\/span>\n\t\t\t<\/div>\n\t\t\t\n\t\t\t\t\t\t<div class=\"elementor-icon-box-content\">\n\n\t\t\t\t\t\t\t\t\t<h4 class=\"elementor-icon-box-title\">\n\t\t\t\t\t\t<span  >\n\t\t\t\t\t\t\t15 Days Warranty\t\t\t\t\t\t<\/span>\n\t\t\t\t\t<\/h4>\n\t\t\t\t\n\t\t\t\t\t\t\t\t\t<p class=\"elementor-icon-box-description\">\n\t\t\t\t\t\t15 days money back\n\n\n\t\t\t\t\t<\/p>\n\t\t\t\t\n\t\t\t<\/div>\n\t\t\t\n\t\t<\/div>\n\t\t\t\t\t\t<\/div>\n\t\t\t\t\t<\/div>\n\t\t<\/div>\n\t\t\t\t<div class=\"elementor-column elementor-col-25 elementor-inner-column elementor-element elementor-element-12a2829d elementor-invisible\" data-id=\"12a2829d\" data-element_type=\"column\" data-e-type=\"column\" data-settings=\"{&quot;animation&quot;:&quot;fadeInLeft&quot;,&quot;animation_delay&quot;:480}\">\n\t\t\t<div class=\"elementor-widget-wrap elementor-element-populated\">\n\t\t\t\t\t\t<div class=\"elementor-element elementor-element-2fb744d6 elementor-position-inline-start elementor-view-default elementor-mobile-position-block-start elementor-widget elementor-widget-icon-box\" data-id=\"2fb744d6\" data-element_type=\"widget\" data-e-type=\"widget\" data-settings=\"{&quot;ekit_we_effect_on&quot;:&quot;none&quot;}\" data-widget_type=\"icon-box.default\">\n\t\t\t\t\t\t\t<div class=\"elementor-icon-box-wrapper\">\n\n\t\t\t\t\t\t<div class=\"elementor-icon-box-icon\">\n\t\t\t\t<span  class=\"elementor-icon\">\n\t\t\t\t<i aria-hidden=\"true\" class=\"icon icon-planet-earth\"><\/i>\t\t\t\t<\/span>\n\t\t\t<\/div>\n\t\t\t\n\t\t\t\t\t\t<div class=\"elementor-icon-box-content\">\n\n\t\t\t\t\t\t\t\t\t<h4 class=\"elementor-icon-box-title\">\n\t\t\t\t\t\t<span  >\n\t\t\t\t\t\t\tGlobal Shipping\t\t\t\t\t\t<\/span>\n\t\t\t\t\t<\/h4>\n\t\t\t\t\n\t\t\t\t\t\t\t\t\t<p class=\"elementor-icon-box-description\">\n\t\t\t\t\t\tWorldwide Shipping\t\t\t\t\t<\/p>\n\t\t\t\t\n\t\t\t<\/div>\n\t\t\t\n\t\t<\/div>\n\t\t\t\t\t\t<\/div>\n\t\t\t\t\t<\/div>\n\t\t<\/div>\n\t\t\t\t<div class=\"elementor-column elementor-col-25 elementor-inner-column elementor-element elementor-element-42c82192 elementor-invisible\" data-id=\"42c82192\" data-element_type=\"column\" data-e-type=\"column\" data-settings=\"{&quot;animation&quot;:&quot;fadeInLeft&quot;,&quot;animation_delay&quot;:600}\">\n\t\t\t<div class=\"elementor-widget-wrap elementor-element-populated\">\n\t\t\t\t\t\t<div class=\"elementor-element elementor-element-31e17944 elementor-position-inline-start elementor-view-default elementor-mobile-position-block-start elementor-widget elementor-widget-icon-box\" data-id=\"31e17944\" data-element_type=\"widget\" data-e-type=\"widget\" data-settings=\"{&quot;ekit_we_effect_on&quot;:&quot;none&quot;}\" data-widget_type=\"icon-box.default\">\n\t\t\t\t\t\t\t<div class=\"elementor-icon-box-wrapper\">\n\n\t\t\t\t\t\t<div class=\"elementor-icon-box-icon\">\n\t\t\t\t<span  class=\"elementor-icon\">\n\t\t\t\t<i aria-hidden=\"true\" class=\"icon icon-safebox\"><\/i>\t\t\t\t<\/span>\n\t\t\t<\/div>\n\t\t\t\n\t\t\t\t\t\t<div class=\"elementor-icon-box-content\">\n\n\t\t\t\t\t\t\t\t\t<h4 class=\"elementor-icon-box-title\">\n\t\t\t\t\t\t<span  >\n\t\t\t\t\t\t\t100% Secure\t\t\t\t\t\t<\/span>\n\t\t\t\t\t<\/h4>\n\t\t\t\t\n\t\t\t\t\t\t\t\t\t<p class=\"elementor-icon-box-description\">\n\t\t\t\t\t\t100% Secure Checkout\n\n\n\t\t\t\t\t<\/p>\n\t\t\t\t\n\t\t\t<\/div>\n\t\t\t\n\t\t<\/div>\n\t\t\t\t\t\t<\/div>\n\t\t\t\t\t<\/div>\n\t\t<\/div>\n\t\t\t\t\t<\/div>\n\t\t<\/section>\n\t\t\t\t\t<\/div>\n\t\t<\/div>\n\t\t\t\t\t<\/div>\n\t\t<\/section>\n\t\t\t\t<\/div>\n\t\t","protected":false},"excerpt":{"rendered":"<p>Setar El setar iran\u00ed, tambi\u00e9n conocido como setar persa, es un instrumento de cuerda de gran importancia en la m\u00fasica tradicional persa. Perteneciente a la familia de los tanbur, la\u00fades de m\u00e1stil largo, el setar es un tipo de la\u00fad con un registro que abarca m\u00e1s de dos octavas y media. Descubre el setar iran\u00ed, [&hellip;]<\/p>\n","protected":false},"author":1,"featured_media":0,"parent":0,"menu_order":0,"comment_status":"closed","ping_status":"closed","template":"","meta":{"_eb_attr":"","footnotes":""},"class_list":["post-24758","page","type-page","status-publish","hentry"],"jetpack_sharing_enabled":true,"_links":{"self":[{"href":"https:\/\/tapadum.com\/es\/wp-json\/wp\/v2\/pages\/24758","targetHints":{"allow":["GET"]}}],"collection":[{"href":"https:\/\/tapadum.com\/es\/wp-json\/wp\/v2\/pages"}],"about":[{"href":"https:\/\/tapadum.com\/es\/wp-json\/wp\/v2\/types\/page"}],"author":[{"embeddable":true,"href":"https:\/\/tapadum.com\/es\/wp-json\/wp\/v2\/users\/1"}],"replies":[{"embeddable":true,"href":"https:\/\/tapadum.com\/es\/wp-json\/wp\/v2\/comments?post=24758"}],"version-history":[{"count":4,"href":"https:\/\/tapadum.com\/es\/wp-json\/wp\/v2\/pages\/24758\/revisions"}],"predecessor-version":[{"id":24766,"href":"https:\/\/tapadum.com\/es\/wp-json\/wp\/v2\/pages\/24758\/revisions\/24766"}],"wp:attachment":[{"href":"https:\/\/tapadum.com\/es\/wp-json\/wp\/v2\/media?parent=24758"}],"curies":[{"name":"wp","href":"https:\/\/api.w.org\/{rel}","templated":true}]}}