{"id":24767,"date":"2023-07-10T13:34:49","date_gmt":"2023-07-10T13:34:49","guid":{"rendered":"https:\/\/tapadum.com\/?page_id=24767"},"modified":"2025-05-22T09:27:17","modified_gmt":"2025-05-22T09:27:17","slug":"tambores-chamanicos","status":"publish","type":"page","link":"https:\/\/tapadum.com\/es\/tambores-chamanicos\/","title":{"rendered":"Tambores Cham\u00e1nicos"},"content":{"rendered":"\t\t<div data-elementor-type=\"wp-page\" data-elementor-id=\"24767\" class=\"elementor elementor-24767 elementor-9318\" data-elementor-post-type=\"page\">\n\t\t\t\t\t\t<section class=\"elementor-section elementor-top-section elementor-element elementor-element-72dba65e elementor-section-boxed elementor-section-height-default elementor-section-height-default\" data-id=\"72dba65e\" data-element_type=\"section\" data-e-type=\"section\" data-settings=\"{&quot;background_background&quot;:&quot;classic&quot;}\">\n\t\t\t\t\t\t\t<div class=\"elementor-background-overlay\"><\/div>\n\t\t\t\t\t\t\t<div class=\"elementor-container elementor-column-gap-default\">\n\t\t\t\t\t<div class=\"elementor-column elementor-col-100 elementor-top-column elementor-element elementor-element-2708b4ae\" data-id=\"2708b4ae\" data-element_type=\"column\" data-e-type=\"column\">\n\t\t\t<div class=\"elementor-widget-wrap elementor-element-populated\">\n\t\t\t\t\t\t<div class=\"elementor-element elementor-element-5c1bbf69 elementor-widget elementor-widget-woocommerce-breadcrumb\" data-id=\"5c1bbf69\" data-element_type=\"widget\" data-e-type=\"widget\" data-settings=\"{&quot;ekit_we_effect_on&quot;:&quot;none&quot;}\" data-widget_type=\"woocommerce-breadcrumb.default\">\n\t\t\t\t\t<nav class=\"woocommerce-breadcrumb\" aria-label=\"Breadcrumb\">Inicio<\/nav>\t\t\t\t<\/div>\n\t\t\t\t\t<\/div>\n\t\t<\/div>\n\t\t\t\t\t<\/div>\n\t\t<\/section>\n\t\t\t\t<section class=\"elementor-section elementor-top-section elementor-element elementor-element-1391ca93 elementor-section-boxed elementor-section-height-default elementor-section-height-default\" data-id=\"1391ca93\" data-element_type=\"section\" data-e-type=\"section\">\n\t\t\t\t\t\t<div class=\"elementor-container elementor-column-gap-default\">\n\t\t\t\t\t<div class=\"elementor-column elementor-col-100 elementor-top-column elementor-element elementor-element-264da6f3\" data-id=\"264da6f3\" data-element_type=\"column\" data-e-type=\"column\" data-settings=\"{&quot;background_background&quot;:&quot;classic&quot;}\">\n\t\t\t<div class=\"elementor-widget-wrap elementor-element-populated\">\n\t\t\t\t\t\t<section class=\"elementor-section elementor-inner-section elementor-element elementor-element-45ea766d elementor-section-boxed elementor-section-height-default elementor-section-height-default\" data-id=\"45ea766d\" data-element_type=\"section\" data-e-type=\"section\">\n\t\t\t\t\t\t<div class=\"elementor-container elementor-column-gap-default\">\n\t\t\t\t\t<div class=\"elementor-column elementor-col-100 elementor-inner-column elementor-element elementor-element-11b46f73 elementor-invisible\" data-id=\"11b46f73\" data-element_type=\"column\" data-e-type=\"column\" data-settings=\"{&quot;animation&quot;:&quot;fadeIn&quot;,&quot;animation_delay&quot;:360}\">\n\t\t\t<div class=\"elementor-widget-wrap elementor-element-populated\">\n\t\t\t\t\t\t<div class=\"elementor-element elementor-element-1674fc31 elementor-widget elementor-widget-heading\" data-id=\"1674fc31\" data-element_type=\"widget\" data-e-type=\"widget\" data-settings=\"{&quot;ekit_we_effect_on&quot;:&quot;none&quot;}\" data-widget_type=\"heading.default\">\n\t\t\t\t\t<h2 class=\"elementor-heading-title elementor-size-default\">Tambores\n Cham\u00e1nicos<\/h2>\t\t\t\t<\/div>\n\t\t\t\t\t<\/div>\n\t\t<\/div>\n\t\t\t\t\t<\/div>\n\t\t<\/section>\n\t\t\t\t\t<\/div>\n\t\t<\/div>\n\t\t\t\t\t<\/div>\n\t\t<\/section>\n\t\t<div class=\"elementor-element elementor-element-32e70b5b e-flex e-con-boxed e-con e-parent\" data-id=\"32e70b5b\" data-element_type=\"container\" data-e-type=\"container\" data-settings=\"{&quot;background_background&quot;:&quot;classic&quot;}\">\n\t\t\t\t\t<div class=\"e-con-inner\">\n\t\t<div class=\"elementor-element elementor-element-7b8803fa e-flex e-con-boxed e-con e-child\" data-id=\"7b8803fa\" data-element_type=\"container\" data-e-type=\"container\" data-settings=\"{&quot;background_background&quot;:&quot;classic&quot;}\">\n\t\t\t\t\t<div class=\"e-con-inner\">\n\t\t\t\t<div class=\"elementor-element elementor-element-6cf4bb54 elementor-widget elementor-widget-text-editor\" data-id=\"6cf4bb54\" data-element_type=\"widget\" data-e-type=\"widget\" data-settings=\"{&quot;ekit_we_effect_on&quot;:&quot;none&quot;}\" data-widget_type=\"text-editor.default\">\n\t\t\t\t\t\t\t\t\t<p>tambores cham\u00e1nicos<\/p>\t\t\t\t\t\t\t\t<\/div>\n\t\t\t\t\t<\/div>\n\t\t\t\t<\/div>\n\t\t\t\t\t<\/div>\n\t\t\t\t<\/div>\n\t\t<div class=\"elementor-element elementor-element-64d52200 e-flex e-con-boxed e-con e-parent\" data-id=\"64d52200\" data-element_type=\"container\" data-e-type=\"container\" data-settings=\"{&quot;background_background&quot;:&quot;classic&quot;}\">\n\t\t\t\t\t<div class=\"e-con-inner\">\n\t\t<div class=\"elementor-element elementor-element-5c5ed237 e-flex e-con-boxed e-con e-child\" data-id=\"5c5ed237\" data-element_type=\"container\" data-e-type=\"container\" data-settings=\"{&quot;background_background&quot;:&quot;classic&quot;}\">\n\t\t\t\t\t<div class=\"e-con-inner\">\n\t\t\t\t\t<\/div>\n\t\t\t\t<\/div>\n\t\t<div class=\"elementor-element elementor-element-534cee8e e-con-full e-flex e-con e-child\" data-id=\"534cee8e\" data-element_type=\"container\" data-e-type=\"container\" data-settings=\"{&quot;background_background&quot;:&quot;gradient&quot;}\">\n\t\t<div class=\"elementor-element elementor-element-3be7ffba e-flex e-con-boxed e-con e-child\" data-id=\"3be7ffba\" data-element_type=\"container\" data-e-type=\"container\" data-settings=\"{&quot;background_background&quot;:&quot;classic&quot;}\">\n\t\t\t\t\t<div class=\"e-con-inner\">\n\t\t\t\t<div class=\"elementor-element elementor-element-670fbd60 elementor-widget elementor-widget-text-editor\" data-id=\"670fbd60\" data-element_type=\"widget\" data-e-type=\"widget\" data-settings=\"{&quot;ekit_we_effect_on&quot;:&quot;none&quot;}\" data-widget_type=\"text-editor.default\">\n\t\t\t\t\t\t\t\t\t<p data-start=\"366\" data-end=\"426\"><strong data-start=\"366\" data-end=\"426\">Tambores Cham\u00e1nicos: El Latido de la Conexi\u00f3n Espiritual<\/strong><\/p><p data-start=\"428\" data-end=\"944\">Los <strong data-start=\"432\" data-end=\"455\">tambores cham\u00e1nicos<\/strong> son mucho m\u00e1s que instrumentos musicales: son portales hacia mundos espirituales, herramientas sagradas empleadas en rituales ancestrales de sanaci\u00f3n, meditaci\u00f3n y conexi\u00f3n con la naturaleza. Presentes en numerosas culturas ind\u00edgenas del mundo, estos <strong data-start=\"707\" data-end=\"735\">instrumentos de sanaci\u00f3n<\/strong> encarnan siglos de tradici\u00f3n y sabidur\u00eda. En el centro de este legado est\u00e1 el arte de su elaboraci\u00f3n: cada tambor se crea con intenci\u00f3n, respeto y un profundo conocimiento del sonido y su poder transformador.<\/p><p data-start=\"946\" data-end=\"983\"><strong data-start=\"946\" data-end=\"983\">La Artesan\u00eda del Tambor Cham\u00e1nico<\/strong><\/p><p data-start=\"985\" data-end=\"1436\">El proceso de crear un <strong data-start=\"1008\" data-end=\"1038\">tambor cham\u00e1nico artesanal<\/strong> es una ceremonia en s\u00ed misma. Se utilizan materiales naturales como pieles animales y maderas nobles \u2014cedro, abedul u roble\u2014, seleccionadas cuidadosamente por su resonancia sonora y significado simb\u00f3lico. La estructura del tambor, formada por aros de madera curvados a mano, se recubre con una membrana de piel curtida mediante t\u00e9cnicas tradicionales que mejoran su durabilidad y calidad ac\u00fastica.<\/p><p data-start=\"1438\" data-end=\"1769\">Cada detalle es importante: la tensi\u00f3n de la piel, la uni\u00f3n con el marco, e incluso la intenci\u00f3n del artesano influyen en el tono y la vibraci\u00f3n final. El resultado es un <strong data-start=\"1609\" data-end=\"1630\">tambor espiritual<\/strong> \u00fanico, cuya sonoridad c\u00e1lida y profunda puede despertar emociones, abrir caminos internos y convertirse en un canal de expresi\u00f3n del alma.<\/p><p data-start=\"1771\" data-end=\"1818\"><strong data-start=\"1771\" data-end=\"1818\">Significado Espiritual del Tambor Cham\u00e1nico<\/strong><\/p><p data-start=\"1820\" data-end=\"2278\">El uso del <strong data-start=\"1831\" data-end=\"1851\">tambor cham\u00e1nico<\/strong> en ceremonias y rituales permite alcanzar estados modificados de conciencia. Su ritmo constante act\u00faa como un latido ancestral que gu\u00eda al practicante hacia la introspecci\u00f3n, la comunicaci\u00f3n con esp\u00edritus, y la conexi\u00f3n con los ritmos naturales del universo. Este <strong data-start=\"2116\" data-end=\"2138\">sonido terap\u00e9utico<\/strong> es esencial para sesiones de meditaci\u00f3n y pr\u00e1cticas de atenci\u00f3n plena, donde las vibraciones ayudan a calmar la mente y centrar la energ\u00eda.<\/p><p data-start=\"2280\" data-end=\"2571\">Al vibrar en sinton\u00eda con la tierra, el tambor se convierte en una herramienta poderosa para el enraizamiento y la reconexi\u00f3n espiritual. Por ello, su uso se extiende m\u00e1s all\u00e1 del contexto cham\u00e1nico, llegando a terapias hol\u00edsticas y pr\u00e1cticas de <strong data-start=\"2526\" data-end=\"2553\">meditaci\u00f3n con tambores<\/strong> en todo el mundo.<\/p><p data-start=\"2573\" data-end=\"2615\"><strong data-start=\"2573\" data-end=\"2615\">El Poder Curativo del Sonido Cham\u00e1nico<\/strong><\/p><p data-start=\"2617\" data-end=\"2977\">Los <strong data-start=\"2621\" data-end=\"2644\">tambores cham\u00e1nicos<\/strong> tambi\u00e9n son reconocidos por su impacto positivo en el bienestar emocional y f\u00edsico. El ritmo del tambor ayuda a liberar bloqueos energ\u00e9ticos, reducir el estr\u00e9s y fomentar la relajaci\u00f3n profunda. En sesiones de sanaci\u00f3n, el tambor establece un espacio seguro donde se puede liberar dolor emocional y transformar experiencias pasadas.<\/p><p data-start=\"2979\" data-end=\"3212\">Este <strong data-start=\"2984\" data-end=\"3011\">instrumento de sanaci\u00f3n<\/strong> se convierte as\u00ed en un acompa\u00f1ante esencial en el camino hacia el equilibrio interior y el crecimiento personal. Su uso facilita la introspecci\u00f3n y refuerza la conexi\u00f3n entre cuerpo, mente y esp\u00edritu.<\/p><p data-start=\"3214\" data-end=\"3252\"><strong data-start=\"3214\" data-end=\"3252\">Conecta con el Esp\u00edritu del Tambor<\/strong><\/p><p data-start=\"3254\" data-end=\"3622\">Adquirir un <strong data-start=\"3266\" data-end=\"3286\">tambor cham\u00e1nico<\/strong> es abrazar una tradici\u00f3n sagrada que une espiritualidad, arte y naturaleza. Cada tambor contiene su propia historia, energ\u00eda y prop\u00f3sito. Ya seas un practicante cham\u00e1nico, un m\u00fasico explorador de sonidos ancestrales o alguien en b\u00fasqueda de armon\u00eda interna, el <strong data-start=\"3548\" data-end=\"3565\">tambor ritual<\/strong> puede transformar tu pr\u00e1ctica y tu percepci\u00f3n del mundo.<\/p><p data-start=\"3624\" data-end=\"3882\">En <strong data-start=\"3627\" data-end=\"3650\">Tapadum Music Store<\/strong>, ofrecemos una selecci\u00f3n de <strong data-start=\"3679\" data-end=\"3703\">tambores artesanales<\/strong> elaborados con dedicaci\u00f3n y respeto por la tradici\u00f3n. Adem\u00e1s, te acompa\u00f1amos con informaci\u00f3n y asesoramiento personalizado para que encuentres el instrumento que resuene contigo.<\/p><p data-start=\"3884\" data-end=\"4180\" data-is-last-node=\"\" data-is-only-node=\"\">Explora el universo sonoro de los <strong data-start=\"3918\" data-end=\"3941\">tambores cham\u00e1nicos<\/strong>, siente su latido y permite que su vibraci\u00f3n te gu\u00ede hacia una mayor conexi\u00f3n contigo mismo y con la energ\u00eda que te rodea. <strong data-start=\"4065\" data-end=\"4096\">Comprar un tambor cham\u00e1nico<\/strong> es iniciar un viaje hacia la sanaci\u00f3n, el autoconocimiento y la armon\u00eda espiritual.<\/p>\t\t\t\t\t\t\t\t<\/div>\n\t\t\t\t\t<\/div>\n\t\t\t\t<\/div>\n\t\t\t\t<\/div>\n\t\t\t\t\t<\/div>\n\t\t\t\t<\/div>\n\t\t\t\t<section class=\"elementor-section elementor-top-section elementor-element elementor-element-27023da7 elementor-section-boxed elementor-section-height-default elementor-section-height-default\" data-id=\"27023da7\" data-element_type=\"section\" data-e-type=\"section\" data-settings=\"{&quot;background_background&quot;:&quot;classic&quot;}\">\n\t\t\t\t\t\t<div class=\"elementor-container elementor-column-gap-default\">\n\t\t\t\t\t<div class=\"elementor-column elementor-col-100 elementor-top-column elementor-element elementor-element-ccbf506\" data-id=\"ccbf506\" data-element_type=\"column\" data-e-type=\"column\">\n\t\t\t<div class=\"elementor-widget-wrap elementor-element-populated\">\n\t\t\t\t\t\t<section class=\"elementor-section elementor-inner-section elementor-element elementor-element-5b01496d elementor-section-boxed elementor-section-height-default elementor-section-height-default\" data-id=\"5b01496d\" data-element_type=\"section\" data-e-type=\"section\">\n\t\t\t\t\t\t<div class=\"elementor-container elementor-column-gap-default\">\n\t\t\t\t\t<div class=\"elementor-column elementor-col-25 elementor-inner-column elementor-element elementor-element-75d452b0 elementor-invisible\" data-id=\"75d452b0\" data-element_type=\"column\" data-e-type=\"column\" data-settings=\"{&quot;animation&quot;:&quot;fadeInLeft&quot;}\">\n\t\t\t<div class=\"elementor-widget-wrap elementor-element-populated\">\n\t\t\t\t\t\t<div class=\"elementor-element elementor-element-44b7c006 elementor-position-inline-start elementor-view-default elementor-mobile-position-block-start elementor-widget elementor-widget-icon-box\" data-id=\"44b7c006\" data-element_type=\"widget\" data-e-type=\"widget\" data-settings=\"{&quot;ekit_we_effect_on&quot;:&quot;none&quot;}\" data-widget_type=\"icon-box.default\">\n\t\t\t\t\t\t\t<div class=\"elementor-icon-box-wrapper\">\n\n\t\t\t\t\t\t<div class=\"elementor-icon-box-icon\">\n\t\t\t\t<span  class=\"elementor-icon\">\n\t\t\t\t<svg aria-hidden=\"true\" class=\"e-font-icon-svg e-fas-shipping-fast\" viewBox=\"0 0 640 512\" xmlns=\"http:\/\/www.w3.org\/2000\/svg\"><path d=\"M624 352h-16V243.9c0-12.7-5.1-24.9-14.1-33.9L494 110.1c-9-9-21.2-14.1-33.9-14.1H416V48c0-26.5-21.5-48-48-48H112C85.5 0 64 21.5 64 48v48H8c-4.4 0-8 3.6-8 8v16c0 4.4 3.6 8 8 8h272c4.4 0 8 3.6 8 8v16c0 4.4-3.6 8-8 8H40c-4.4 0-8 3.6-8 8v16c0 4.4 3.6 8 8 8h208c4.4 0 8 3.6 8 8v16c0 4.4-3.6 8-8 8H8c-4.4 0-8 3.6-8 8v16c0 4.4 3.6 8 8 8h208c4.4 0 8 3.6 8 8v16c0 4.4-3.6 8-8 8H64v128c0 53 43 96 96 96s96-43 96-96h128c0 53 43 96 96 96s96-43 96-96h48c8.8 0 16-7.2 16-16v-32c0-8.8-7.2-16-16-16zM160 464c-26.5 0-48-21.5-48-48s21.5-48 48-48 48 21.5 48 48-21.5 48-48 48zm320 0c-26.5 0-48-21.5-48-48s21.5-48 48-48 48 21.5 48 48-21.5 48-48 48zm80-208H416V144h44.1l99.9 99.9V256z\"><\/path><\/svg>\t\t\t\t<\/span>\n\t\t\t<\/div>\n\t\t\t\n\t\t\t\t\t\t<div class=\"elementor-icon-box-content\">\n\n\t\t\t\t\t\t\t\t\t<h4 class=\"elementor-icon-box-title\">\n\t\t\t\t\t\t<span  >\n\t\t\t\t\t\t\tFree Shipping\t\t\t\t\t\t<\/span>\n\t\t\t\t\t<\/h4>\n\t\t\t\t\n\t\t\t\t\t\t\t\t\t<p class=\"elementor-icon-box-description\">\n\t\t\t\t\t\tTo Europe &amp; %0 Custom Tax\n\t\t\t\t\t<\/p>\n\t\t\t\t\n\t\t\t<\/div>\n\t\t\t\n\t\t<\/div>\n\t\t\t\t\t\t<\/div>\n\t\t\t\t\t<\/div>\n\t\t<\/div>\n\t\t\t\t<div class=\"elementor-column elementor-col-25 elementor-inner-column elementor-element elementor-element-61af931c elementor-invisible\" data-id=\"61af931c\" data-element_type=\"column\" data-e-type=\"column\" data-settings=\"{&quot;animation&quot;:&quot;fadeInLeft&quot;,&quot;animation_delay&quot;:240}\">\n\t\t\t<div class=\"elementor-widget-wrap elementor-element-populated\">\n\t\t\t\t\t\t<div class=\"elementor-element elementor-element-d9b0c99 elementor-position-inline-start elementor-view-default elementor-mobile-position-block-start elementor-widget elementor-widget-icon-box\" data-id=\"d9b0c99\" data-element_type=\"widget\" data-e-type=\"widget\" data-settings=\"{&quot;ekit_we_effect_on&quot;:&quot;none&quot;}\" data-widget_type=\"icon-box.default\">\n\t\t\t\t\t\t\t<div class=\"elementor-icon-box-wrapper\">\n\n\t\t\t\t\t\t<div class=\"elementor-icon-box-icon\">\n\t\t\t\t<span  class=\"elementor-icon\">\n\t\t\t\t<i aria-hidden=\"true\" class=\"icon icon-shield\"><\/i>\t\t\t\t<\/span>\n\t\t\t<\/div>\n\t\t\t\n\t\t\t\t\t\t<div class=\"elementor-icon-box-content\">\n\n\t\t\t\t\t\t\t\t\t<h4 class=\"elementor-icon-box-title\">\n\t\t\t\t\t\t<span  >\n\t\t\t\t\t\t\t15 Days Warranty\t\t\t\t\t\t<\/span>\n\t\t\t\t\t<\/h4>\n\t\t\t\t\n\t\t\t\t\t\t\t\t\t<p class=\"elementor-icon-box-description\">\n\t\t\t\t\t\t15 days money back\n\n\n\t\t\t\t\t<\/p>\n\t\t\t\t\n\t\t\t<\/div>\n\t\t\t\n\t\t<\/div>\n\t\t\t\t\t\t<\/div>\n\t\t\t\t\t<\/div>\n\t\t<\/div>\n\t\t\t\t<div class=\"elementor-column elementor-col-25 elementor-inner-column elementor-element elementor-element-38d1b55d elementor-invisible\" data-id=\"38d1b55d\" data-element_type=\"column\" data-e-type=\"column\" data-settings=\"{&quot;animation&quot;:&quot;fadeInLeft&quot;,&quot;animation_delay&quot;:480}\">\n\t\t\t<div class=\"elementor-widget-wrap elementor-element-populated\">\n\t\t\t\t\t\t<div class=\"elementor-element elementor-element-24e78eb8 elementor-position-inline-start elementor-view-default elementor-mobile-position-block-start elementor-widget elementor-widget-icon-box\" data-id=\"24e78eb8\" data-element_type=\"widget\" data-e-type=\"widget\" data-settings=\"{&quot;ekit_we_effect_on&quot;:&quot;none&quot;}\" data-widget_type=\"icon-box.default\">\n\t\t\t\t\t\t\t<div class=\"elementor-icon-box-wrapper\">\n\n\t\t\t\t\t\t<div class=\"elementor-icon-box-icon\">\n\t\t\t\t<span  class=\"elementor-icon\">\n\t\t\t\t<i aria-hidden=\"true\" class=\"icon icon-planet-earth\"><\/i>\t\t\t\t<\/span>\n\t\t\t<\/div>\n\t\t\t\n\t\t\t\t\t\t<div class=\"elementor-icon-box-content\">\n\n\t\t\t\t\t\t\t\t\t<h4 class=\"elementor-icon-box-title\">\n\t\t\t\t\t\t<span  >\n\t\t\t\t\t\t\tGlobal Shipping\t\t\t\t\t\t<\/span>\n\t\t\t\t\t<\/h4>\n\t\t\t\t\n\t\t\t\t\t\t\t\t\t<p class=\"elementor-icon-box-description\">\n\t\t\t\t\t\tWorldwide Shipping\t\t\t\t\t<\/p>\n\t\t\t\t\n\t\t\t<\/div>\n\t\t\t\n\t\t<\/div>\n\t\t\t\t\t\t<\/div>\n\t\t\t\t\t<\/div>\n\t\t<\/div>\n\t\t\t\t<div class=\"elementor-column elementor-col-25 elementor-inner-column elementor-element elementor-element-79bf4c02 elementor-invisible\" data-id=\"79bf4c02\" data-element_type=\"column\" data-e-type=\"column\" data-settings=\"{&quot;animation&quot;:&quot;fadeInLeft&quot;,&quot;animation_delay&quot;:600}\">\n\t\t\t<div class=\"elementor-widget-wrap elementor-element-populated\">\n\t\t\t\t\t\t<div class=\"elementor-element elementor-element-7d5e2f1c elementor-position-inline-start elementor-view-default elementor-mobile-position-block-start elementor-widget elementor-widget-icon-box\" data-id=\"7d5e2f1c\" data-element_type=\"widget\" data-e-type=\"widget\" data-settings=\"{&quot;ekit_we_effect_on&quot;:&quot;none&quot;}\" data-widget_type=\"icon-box.default\">\n\t\t\t\t\t\t\t<div class=\"elementor-icon-box-wrapper\">\n\n\t\t\t\t\t\t<div class=\"elementor-icon-box-icon\">\n\t\t\t\t<span  class=\"elementor-icon\">\n\t\t\t\t<i aria-hidden=\"true\" class=\"icon icon-safebox\"><\/i>\t\t\t\t<\/span>\n\t\t\t<\/div>\n\t\t\t\n\t\t\t\t\t\t<div class=\"elementor-icon-box-content\">\n\n\t\t\t\t\t\t\t\t\t<h4 class=\"elementor-icon-box-title\">\n\t\t\t\t\t\t<span  >\n\t\t\t\t\t\t\t100% Secure\t\t\t\t\t\t<\/span>\n\t\t\t\t\t<\/h4>\n\t\t\t\t\n\t\t\t\t\t\t\t\t\t<p class=\"elementor-icon-box-description\">\n\t\t\t\t\t\t100% Secure Checkout\n\n\n\t\t\t\t\t<\/p>\n\t\t\t\t\n\t\t\t<\/div>\n\t\t\t\n\t\t<\/div>\n\t\t\t\t\t\t<\/div>\n\t\t\t\t\t<\/div>\n\t\t<\/div>\n\t\t\t\t\t<\/div>\n\t\t<\/section>\n\t\t\t\t\t<\/div>\n\t\t<\/div>\n\t\t\t\t\t<\/div>\n\t\t<\/section>\n\t\t\t\t<\/div>\n\t\t","protected":false},"excerpt":{"rendered":"<p>Tambores Cham\u00e1nicos tambores cham\u00e1nicos Tambores Cham\u00e1nicos: El Latido de la Conexi\u00f3n Espiritual Los tambores cham\u00e1nicos son mucho m\u00e1s que instrumentos musicales: son portales hacia mundos espirituales, herramientas sagradas empleadas en rituales ancestrales de sanaci\u00f3n, meditaci\u00f3n y conexi\u00f3n con la naturaleza. Presentes en numerosas culturas ind\u00edgenas del mundo, estos instrumentos de sanaci\u00f3n encarnan siglos de tradici\u00f3n [&hellip;]<\/p>\n","protected":false},"author":1,"featured_media":0,"parent":0,"menu_order":0,"comment_status":"closed","ping_status":"closed","template":"","meta":{"_eb_attr":"","footnotes":""},"class_list":["post-24767","page","type-page","status-publish","hentry"],"jetpack_sharing_enabled":true,"_links":{"self":[{"href":"https:\/\/tapadum.com\/es\/wp-json\/wp\/v2\/pages\/24767","targetHints":{"allow":["GET"]}}],"collection":[{"href":"https:\/\/tapadum.com\/es\/wp-json\/wp\/v2\/pages"}],"about":[{"href":"https:\/\/tapadum.com\/es\/wp-json\/wp\/v2\/types\/page"}],"author":[{"embeddable":true,"href":"https:\/\/tapadum.com\/es\/wp-json\/wp\/v2\/users\/1"}],"replies":[{"embeddable":true,"href":"https:\/\/tapadum.com\/es\/wp-json\/wp\/v2\/comments?post=24767"}],"version-history":[{"count":4,"href":"https:\/\/tapadum.com\/es\/wp-json\/wp\/v2\/pages\/24767\/revisions"}],"predecessor-version":[{"id":24775,"href":"https:\/\/tapadum.com\/es\/wp-json\/wp\/v2\/pages\/24767\/revisions\/24775"}],"wp:attachment":[{"href":"https:\/\/tapadum.com\/es\/wp-json\/wp\/v2\/media?parent=24767"}],"curies":[{"name":"wp","href":"https:\/\/api.w.org\/{rel}","templated":true}]}}