{"id":24823,"date":"2023-07-09T15:42:50","date_gmt":"2023-07-09T15:42:50","guid":{"rendered":"https:\/\/tapadum.com\/?page_id=24823"},"modified":"2025-05-22T10:13:19","modified_gmt":"2025-05-22T10:13:19","slug":"kemence-clasico","status":"publish","type":"page","link":"https:\/\/tapadum.com\/es\/kemence-clasico\/","title":{"rendered":"Kemence Cl\u00e1sico"},"content":{"rendered":"\t\t<div data-elementor-type=\"wp-page\" data-elementor-id=\"24823\" class=\"elementor elementor-24823 elementor-9088\" data-elementor-post-type=\"page\">\n\t\t\t\t\t\t<section class=\"elementor-section elementor-top-section elementor-element elementor-element-1ec013af elementor-section-boxed elementor-section-height-default elementor-section-height-default\" data-id=\"1ec013af\" data-element_type=\"section\" data-e-type=\"section\">\n\t\t\t\t\t\t<div class=\"elementor-container elementor-column-gap-default\">\n\t\t\t\t\t<div class=\"elementor-column elementor-col-100 elementor-top-column elementor-element elementor-element-2113868b\" data-id=\"2113868b\" data-element_type=\"column\" data-e-type=\"column\" data-settings=\"{&quot;background_background&quot;:&quot;classic&quot;}\">\n\t\t\t<div class=\"elementor-widget-wrap elementor-element-populated\">\n\t\t\t\t\t\t<section class=\"elementor-section elementor-inner-section elementor-element elementor-element-608d1b9b elementor-section-boxed elementor-section-height-default elementor-section-height-default\" data-id=\"608d1b9b\" data-element_type=\"section\" data-e-type=\"section\">\n\t\t\t\t\t\t<div class=\"elementor-container elementor-column-gap-default\">\n\t\t\t\t\t<div class=\"elementor-column elementor-col-100 elementor-inner-column elementor-element elementor-element-1ff00d0a elementor-invisible\" data-id=\"1ff00d0a\" data-element_type=\"column\" data-e-type=\"column\" data-settings=\"{&quot;animation&quot;:&quot;fadeIn&quot;,&quot;animation_delay&quot;:360}\">\n\t\t\t<div class=\"elementor-widget-wrap elementor-element-populated\">\n\t\t\t\t\t\t<div class=\"elementor-element elementor-element-51158aec elementor-widget elementor-widget-heading\" data-id=\"51158aec\" data-element_type=\"widget\" data-e-type=\"widget\" data-settings=\"{&quot;ekit_we_effect_on&quot;:&quot;none&quot;}\" data-widget_type=\"heading.default\">\n\t\t\t\t\t<h2 class=\"elementor-heading-title elementor-size-default\">Kemence Cl\u00e1sico - Lyra<\/h2>\t\t\t\t<\/div>\n\t\t\t\t\t<\/div>\n\t\t<\/div>\n\t\t\t\t\t<\/div>\n\t\t<\/section>\n\t\t\t\t\t<\/div>\n\t\t<\/div>\n\t\t\t\t\t<\/div>\n\t\t<\/section>\n\t\t<div class=\"elementor-element elementor-element-71e2b5df e-flex e-con-boxed e-con e-parent\" data-id=\"71e2b5df\" data-element_type=\"container\" data-e-type=\"container\" data-settings=\"{&quot;background_background&quot;:&quot;classic&quot;}\">\n\t\t\t\t\t<div class=\"e-con-inner\">\n\t\t<div class=\"elementor-element elementor-element-18ff136d e-flex e-con-boxed e-con e-child\" data-id=\"18ff136d\" data-element_type=\"container\" data-e-type=\"container\" data-settings=\"{&quot;background_background&quot;:&quot;classic&quot;}\">\n\t\t\t\t\t<div class=\"e-con-inner\">\n\t\t\t\t<div class=\"elementor-element elementor-element-22448fd elementor-widget elementor-widget-text-editor\" data-id=\"22448fd\" data-element_type=\"widget\" data-e-type=\"widget\" data-settings=\"{&quot;ekit_we_effect_on&quot;:&quot;none&quot;}\" data-widget_type=\"text-editor.default\">\n\t\t\t\t\t\t\t\t\t<p>El kemence cl\u00e1sico, tambi\u00e9n conocido como viol\u00edn turco, tiene una rica historia que se remonta a siglos atr\u00e1s. Sus or\u00edgenes se remontan a la m\u00fasica tradicional del Imperio Otomano y al amplio patrimonio cultural de Anatolia.<\/p>\t\t\t\t\t\t\t\t<\/div>\n\t\t\t\t\t<\/div>\n\t\t\t\t<\/div>\n\t\t\t\t\t<\/div>\n\t\t\t\t<\/div>\n\t\t<div class=\"elementor-element elementor-element-3e0ccf56 e-flex e-con-boxed e-con e-parent\" data-id=\"3e0ccf56\" data-element_type=\"container\" data-e-type=\"container\" data-settings=\"{&quot;background_background&quot;:&quot;classic&quot;}\">\n\t\t\t\t\t<div class=\"e-con-inner\">\n\t\t<div class=\"elementor-element elementor-element-538663a2 e-flex e-con-boxed e-con e-child\" data-id=\"538663a2\" data-element_type=\"container\" data-e-type=\"container\" data-settings=\"{&quot;background_background&quot;:&quot;classic&quot;}\">\n\t\t\t\t\t<div class=\"e-con-inner\">\n\t\t\t\t<div class=\"elementor-element elementor-element-3da0012d elementor-grid-3 elementor-grid-tablet-3 elementor-grid-mobile-2 elementor-products-grid elementor-wc-products elementor-show-pagination-border-yes elementor-widget elementor-widget-woocommerce-products\" data-id=\"3da0012d\" data-element_type=\"widget\" data-e-type=\"widget\" data-settings=\"{&quot;ekit_we_effect_on&quot;:&quot;none&quot;}\" data-widget_type=\"woocommerce-products.default\">\n\t\t\t\t<div class=\"elementor-widget-container\">\n\t\t\t\t\t<div class=\"woocommerce columns-3 \"><div class=\"woocommerce-notices-wrapper\"><\/div><p class=\"woocommerce-result-count\" role=\"alert\" aria-relevant=\"all\" >\n\tMostrando el \u00fanico resultado<\/p>\n<form class=\"woocommerce-ordering\" method=\"get\">\n\t\t<select\n\t\tname=\"orderby\"\n\t\tclass=\"orderby\"\n\t\t\t\t\taria-label=\"Pedido de la tienda\"\n\t\t\t>\n\t\t\t\t\t<option value=\"popularity\" >Ordenar por popularidad<\/option>\n\t\t\t\t\t<option value=\"rating\" >Ordenar por puntuaci\u00f3n media<\/option>\n\t\t\t\t\t<option value=\"date\" >Ordenar por los \u00faltimos<\/option>\n\t\t\t\t\t<option value=\"price\"  selected='selected'>Ordenar por precio: bajo a alto<\/option>\n\t\t\t\t\t<option value=\"price-desc\" >Ordenar por precio: alto a bajo<\/option>\n\t\t\t<\/select>\n\t<input type=\"hidden\" name=\"paged\" value=\"1\" \/>\n\t<\/form>\n<ul class=\"products elementor-grid columns-3\">\n<li class=\"product type-product post-22090 status-publish first outofstock product_cat-instrumentos-de-arco product_cat-kemence-clasica has-post-thumbnail sale sold-individually shipping-taxable purchasable product-type-simple\">\n\t<a href=\"https:\/\/tapadum.com\/es\/producto\/kemence-clasico-por-el-maestro-necati-gurbuz\/\" class=\"woocommerce-LoopProduct-link woocommerce-loop-product__link\">\n\t<span class=\"onsale\">\u00a1Oferta!<\/span>\n\t<img fetchpriority=\"high\" decoding=\"async\" width=\"300\" height=\"300\" src=\"https:\/\/i0.wp.com\/tapadum.com\/wp-content\/uploads\/2023\/05\/06-1.png?resize=300%2C300&amp;ssl=1\" class=\"attachment-woocommerce_thumbnail size-woocommerce_thumbnail\" alt=\"Kemence Cl\u00e1sico Por el Maestro Necati G\u00fcrb\u00fcz\" srcset=\"https:\/\/i0.wp.com\/tapadum.com\/wp-content\/uploads\/2023\/05\/06-1.png?resize=300%2C300&amp;ssl=1 300w, https:\/\/i0.wp.com\/tapadum.com\/wp-content\/uploads\/2023\/05\/06-1.png?resize=100%2C100&amp;ssl=1 100w, https:\/\/i0.wp.com\/tapadum.com\/wp-content\/uploads\/2023\/05\/06-1.png?zoom=2&amp;resize=300%2C300&amp;ssl=1 600w, https:\/\/i0.wp.com\/tapadum.com\/wp-content\/uploads\/2023\/05\/06-1.png?zoom=3&amp;resize=300%2C300&amp;ssl=1 900w\" sizes=\"(max-width: 300px) 100vw, 300px\" \/><h2 class=\"woocommerce-loop-product__title\">Kemence Cl\u00e1sico Por el Maestro Necati G\u00fcrb\u00fcz<\/h2>\n\t<span class=\"price\"><del aria-hidden=\"true\"><span class=\"woocommerce-Price-amount amount\"><bdi><span class=\"woocommerce-Price-currencySymbol\">&euro;<\/span>1.150,00<\/bdi><\/span><\/del> <span class=\"screen-reader-text\">El precio original era: &euro;1.150,00.<\/span><ins aria-hidden=\"true\"><span class=\"woocommerce-Price-amount amount\"><bdi><span class=\"woocommerce-Price-currencySymbol\">&euro;<\/span>1.050,00<\/bdi><\/span><\/ins><span class=\"screen-reader-text\">El precio actual es: &euro;1.050,00.<\/span><\/span>\n<\/a><a href=\"https:\/\/tapadum.com\/es\/producto\/kemence-clasico-por-el-maestro-necati-gurbuz\/\" aria-describedby=\"woocommerce_loop_add_to_cart_link_describedby_22090\" data-quantity=\"1\" class=\"button product_type_simple\" data-product_id=\"22090\" data-product_sku=\"Tap238\" aria-label=\"Lee m\u00e1s sobre &ldquo;Kemence Cl\u00e1sico Por el Maestro Necati G\u00fcrb\u00fcz&rdquo;\" rel=\"nofollow\" data-success_message=\"\">Leer m\u00e1s<\/a>\t<span id=\"woocommerce_loop_add_to_cart_link_describedby_22090\" class=\"screen-reader-text\">\n\t\t\t<\/span>\n<\/li>\n<\/ul>\n<\/div>\t\t\t\t<\/div>\n\t\t\t\t<\/div>\n\t\t\t\t\t<\/div>\n\t\t\t\t<\/div>\n\t\t\t\t\t<\/div>\n\t\t\t\t<\/div>\n\t\t<div class=\"elementor-element elementor-element-25830e67 e-flex e-con-boxed e-con e-parent\" data-id=\"25830e67\" data-element_type=\"container\" data-e-type=\"container\" data-settings=\"{&quot;background_background&quot;:&quot;gradient&quot;}\">\n\t\t\t\t\t<div class=\"e-con-inner\">\n\t\t<div class=\"elementor-element elementor-element-6ad83b4b e-flex e-con-boxed e-con e-child\" data-id=\"6ad83b4b\" data-element_type=\"container\" data-e-type=\"container\" data-settings=\"{&quot;background_background&quot;:&quot;classic&quot;}\">\n\t\t\t\t\t<div class=\"e-con-inner\">\n\t\t\t\t<div class=\"elementor-element elementor-element-3a342f1c elementor-widget elementor-widget-heading\" data-id=\"3a342f1c\" data-element_type=\"widget\" data-e-type=\"widget\" data-settings=\"{&quot;ekit_we_effect_on&quot;:&quot;none&quot;}\" data-widget_type=\"heading.default\">\n\t\t\t\t\t<h2 class=\"elementor-heading-title elementor-size-default\">Kemence Cl\u00e1sico - Lyra<\/h2>\t\t\t\t<\/div>\n\t\t\t\t<div class=\"elementor-element elementor-element-2c4c297a elementor-widget elementor-widget-text-editor\" data-id=\"2c4c297a\" data-element_type=\"widget\" data-e-type=\"widget\" data-settings=\"{&quot;ekit_we_effect_on&quot;:&quot;none&quot;}\" data-widget_type=\"text-editor.default\">\n\t\t\t\t\t\t\t\t\t<p data-start=\"0\" data-end=\"58\"><strong data-start=\"0\" data-end=\"58\">Instrumento: Klasik Kemen\u00e7e \u2013 El alma del arco otomano<\/strong><\/p><p data-start=\"60\" data-end=\"426\">En <strong data-start=\"63\" data-end=\"86\">Tapadum Music Store<\/strong>, rendimos homenaje a la herencia musical turca ofreciendo una cuidada selecci\u00f3n de <strong data-start=\"170\" data-end=\"213\">instrumentos cl\u00e1sicos de cuerda frotada<\/strong>, entre ellos el excepcional <strong data-start=\"242\" data-end=\"260\">Klasik Kemen\u00e7e<\/strong>. Este <strong data-start=\"267\" data-end=\"299\">instrumento oriental moderno<\/strong>, tambi\u00e9n conocido como <strong data-start=\"323\" data-end=\"341\">armud\u00ee kemen\u00e7e<\/strong> o <strong data-start=\"344\" data-end=\"361\">lyra poliliki<\/strong>, destaca por su elegancia artesanal y su resonancia conmovedora.<\/p><p data-start=\"428\" data-end=\"834\">Con una <strong data-start=\"436\" data-end=\"456\">estructura \u00fanica<\/strong>, cuerpo en forma de pera tallado en una sola pieza de <strong data-start=\"511\" data-end=\"531\">madera de morera<\/strong> o <strong data-start=\"534\" data-end=\"544\">enebro<\/strong>, y una <strong data-start=\"552\" data-end=\"578\">tapa arm\u00f3nica de abeto<\/strong>, el <strong data-start=\"583\" data-end=\"602\">Kemen\u00e7e cl\u00e1sico<\/strong> emite un sonido c\u00e1lido, envolvente y lleno de matices. Su <strong data-start=\"661\" data-end=\"694\">dise\u00f1o anatolio contempor\u00e1neo<\/strong>, compacto (40\u201341 cm), permite una ejecuci\u00f3n altamente expresiva que fascina tanto a solistas como a integrantes de ensambles tradicionales.<\/p><p data-start=\"836\" data-end=\"1279\">Su sistema de ejecuci\u00f3n tambi\u00e9n es especial: se sostiene en posici\u00f3n vertical sobre la rodilla, mientras se frota con un arco. A diferencia de los instrumentos occidentales, no tiene trastes; las notas se producen presionando las cuerdas lateralmente con las u\u00f1as, lo que permite una rica ornamentaci\u00f3n mel\u00f3dica. Aunque tradicionalmente ten\u00eda tres cuerdas, las versiones modernas pueden incluir una cuarta, ampliando sus posibilidades tonales.<\/p><p data-start=\"1281\" data-end=\"1552\">Este <strong data-start=\"1286\" data-end=\"1314\">instrumento experimental<\/strong> tuvo su auge en la m\u00fasica cl\u00e1sica otomana a partir del siglo XIX y sigue siendo fundamental en las representaciones tradicionales, danzas folcl\u00f3ricas y ceremonias, evocando emociones que van desde la alegr\u00eda hasta la melancol\u00eda profunda.<\/p><p data-start=\"1554\" data-end=\"1940\">Cada <strong data-start=\"1559\" data-end=\"1580\">\u00c7aglama el\u00e9ctrico<\/strong> o <strong data-start=\"1583\" data-end=\"1601\">Klasik Kemen\u00e7e<\/strong> de nuestra colecci\u00f3n encarna una parte viva del legado musical de Turqu\u00eda, fusionando <strong data-start=\"1688\" data-end=\"1716\">innovaci\u00f3n musical turca<\/strong> con t\u00e9cnicas artesanales ancestrales. Con su timbre inconfundible y su capacidad expresiva, el Kemen\u00e7e se posiciona como un <strong data-start=\"1841\" data-end=\"1875\">instrumento \u00fanico para m\u00fasicos<\/strong> que buscan autenticidad, profundidad sonora y conexi\u00f3n cultural.<\/p><p data-start=\"1942\" data-end=\"2135\">Explora nuestra gama en <strong data-start=\"1966\" data-end=\"1989\">Tapadum Music Store<\/strong> y sum\u00e9rgete en el universo de la <strong data-start=\"2023\" data-end=\"2041\">fusi\u00f3n musical<\/strong> con el noble sonido del <strong data-start=\"2066\" data-end=\"2097\">instrumento h\u00edbrido ba\u011flama<\/strong> y el incomparable <strong data-start=\"2116\" data-end=\"2134\">Klasik Kemen\u00e7e<\/strong>.<\/p>\t\t\t\t\t\t\t\t<\/div>\n\t\t\t\t\t<\/div>\n\t\t\t\t<\/div>\n\t\t\t\t\t<\/div>\n\t\t\t\t<\/div>\n\t\t\t\t<section class=\"elementor-section elementor-top-section elementor-element elementor-element-1e452acf elementor-section-boxed elementor-section-height-default elementor-section-height-default\" data-id=\"1e452acf\" data-element_type=\"section\" data-e-type=\"section\" data-settings=\"{&quot;background_background&quot;:&quot;classic&quot;}\">\n\t\t\t\t\t\t<div class=\"elementor-container elementor-column-gap-default\">\n\t\t\t\t\t<div class=\"elementor-column elementor-col-100 elementor-top-column elementor-element elementor-element-56e135df\" data-id=\"56e135df\" data-element_type=\"column\" data-e-type=\"column\">\n\t\t\t<div class=\"elementor-widget-wrap elementor-element-populated\">\n\t\t\t\t\t\t<section class=\"elementor-section elementor-inner-section elementor-element elementor-element-3643b3c4 elementor-section-boxed elementor-section-height-default elementor-section-height-default\" data-id=\"3643b3c4\" data-element_type=\"section\" data-e-type=\"section\">\n\t\t\t\t\t\t<div class=\"elementor-container elementor-column-gap-default\">\n\t\t\t\t\t<div class=\"elementor-column elementor-col-25 elementor-inner-column elementor-element elementor-element-1195bce elementor-invisible\" data-id=\"1195bce\" data-element_type=\"column\" data-e-type=\"column\" data-settings=\"{&quot;animation&quot;:&quot;fadeInLeft&quot;}\">\n\t\t\t<div class=\"elementor-widget-wrap elementor-element-populated\">\n\t\t\t\t\t\t<div class=\"elementor-element elementor-element-66235b7f elementor-position-inline-start elementor-view-default elementor-mobile-position-block-start elementor-widget elementor-widget-icon-box\" data-id=\"66235b7f\" data-element_type=\"widget\" data-e-type=\"widget\" data-settings=\"{&quot;ekit_we_effect_on&quot;:&quot;none&quot;}\" data-widget_type=\"icon-box.default\">\n\t\t\t\t\t\t\t<div class=\"elementor-icon-box-wrapper\">\n\n\t\t\t\t\t\t<div class=\"elementor-icon-box-icon\">\n\t\t\t\t<span  class=\"elementor-icon\">\n\t\t\t\t<svg aria-hidden=\"true\" class=\"e-font-icon-svg e-fas-shipping-fast\" viewBox=\"0 0 640 512\" xmlns=\"http:\/\/www.w3.org\/2000\/svg\"><path d=\"M624 352h-16V243.9c0-12.7-5.1-24.9-14.1-33.9L494 110.1c-9-9-21.2-14.1-33.9-14.1H416V48c0-26.5-21.5-48-48-48H112C85.5 0 64 21.5 64 48v48H8c-4.4 0-8 3.6-8 8v16c0 4.4 3.6 8 8 8h272c4.4 0 8 3.6 8 8v16c0 4.4-3.6 8-8 8H40c-4.4 0-8 3.6-8 8v16c0 4.4 3.6 8 8 8h208c4.4 0 8 3.6 8 8v16c0 4.4-3.6 8-8 8H8c-4.4 0-8 3.6-8 8v16c0 4.4 3.6 8 8 8h208c4.4 0 8 3.6 8 8v16c0 4.4-3.6 8-8 8H64v128c0 53 43 96 96 96s96-43 96-96h128c0 53 43 96 96 96s96-43 96-96h48c8.8 0 16-7.2 16-16v-32c0-8.8-7.2-16-16-16zM160 464c-26.5 0-48-21.5-48-48s21.5-48 48-48 48 21.5 48 48-21.5 48-48 48zm320 0c-26.5 0-48-21.5-48-48s21.5-48 48-48 48 21.5 48 48-21.5 48-48 48zm80-208H416V144h44.1l99.9 99.9V256z\"><\/path><\/svg>\t\t\t\t<\/span>\n\t\t\t<\/div>\n\t\t\t\n\t\t\t\t\t\t<div class=\"elementor-icon-box-content\">\n\n\t\t\t\t\t\t\t\t\t<h4 class=\"elementor-icon-box-title\">\n\t\t\t\t\t\t<span  >\n\t\t\t\t\t\t\tFree Shipping\t\t\t\t\t\t<\/span>\n\t\t\t\t\t<\/h4>\n\t\t\t\t\n\t\t\t\t\t\t\t\t\t<p class=\"elementor-icon-box-description\">\n\t\t\t\t\t\tTo Europe &amp; %0 Custom Tax\n\t\t\t\t\t<\/p>\n\t\t\t\t\n\t\t\t<\/div>\n\t\t\t\n\t\t<\/div>\n\t\t\t\t\t\t<\/div>\n\t\t\t\t\t<\/div>\n\t\t<\/div>\n\t\t\t\t<div class=\"elementor-column elementor-col-25 elementor-inner-column elementor-element elementor-element-56ccd37c elementor-invisible\" data-id=\"56ccd37c\" data-element_type=\"column\" data-e-type=\"column\" data-settings=\"{&quot;animation&quot;:&quot;fadeInLeft&quot;,&quot;animation_delay&quot;:240}\">\n\t\t\t<div class=\"elementor-widget-wrap elementor-element-populated\">\n\t\t\t\t\t\t<div class=\"elementor-element elementor-element-3f809df2 elementor-position-inline-start elementor-view-default elementor-mobile-position-block-start elementor-widget elementor-widget-icon-box\" data-id=\"3f809df2\" data-element_type=\"widget\" data-e-type=\"widget\" data-settings=\"{&quot;ekit_we_effect_on&quot;:&quot;none&quot;}\" data-widget_type=\"icon-box.default\">\n\t\t\t\t\t\t\t<div class=\"elementor-icon-box-wrapper\">\n\n\t\t\t\t\t\t<div class=\"elementor-icon-box-icon\">\n\t\t\t\t<span  class=\"elementor-icon\">\n\t\t\t\t<i aria-hidden=\"true\" class=\"icon icon-shield\"><\/i>\t\t\t\t<\/span>\n\t\t\t<\/div>\n\t\t\t\n\t\t\t\t\t\t<div class=\"elementor-icon-box-content\">\n\n\t\t\t\t\t\t\t\t\t<h4 class=\"elementor-icon-box-title\">\n\t\t\t\t\t\t<span  >\n\t\t\t\t\t\t\t15 Days Warranty\t\t\t\t\t\t<\/span>\n\t\t\t\t\t<\/h4>\n\t\t\t\t\n\t\t\t\t\t\t\t\t\t<p class=\"elementor-icon-box-description\">\n\t\t\t\t\t\t15 days money back\n\n\n\t\t\t\t\t<\/p>\n\t\t\t\t\n\t\t\t<\/div>\n\t\t\t\n\t\t<\/div>\n\t\t\t\t\t\t<\/div>\n\t\t\t\t\t<\/div>\n\t\t<\/div>\n\t\t\t\t<div class=\"elementor-column elementor-col-25 elementor-inner-column elementor-element elementor-element-2b05c202 elementor-invisible\" data-id=\"2b05c202\" data-element_type=\"column\" data-e-type=\"column\" data-settings=\"{&quot;animation&quot;:&quot;fadeInLeft&quot;,&quot;animation_delay&quot;:480}\">\n\t\t\t<div class=\"elementor-widget-wrap elementor-element-populated\">\n\t\t\t\t\t\t<div class=\"elementor-element elementor-element-5ba24d66 elementor-position-inline-start elementor-view-default elementor-mobile-position-block-start elementor-widget elementor-widget-icon-box\" data-id=\"5ba24d66\" data-element_type=\"widget\" data-e-type=\"widget\" data-settings=\"{&quot;ekit_we_effect_on&quot;:&quot;none&quot;}\" data-widget_type=\"icon-box.default\">\n\t\t\t\t\t\t\t<div class=\"elementor-icon-box-wrapper\">\n\n\t\t\t\t\t\t<div class=\"elementor-icon-box-icon\">\n\t\t\t\t<span  class=\"elementor-icon\">\n\t\t\t\t<i aria-hidden=\"true\" class=\"icon icon-planet-earth\"><\/i>\t\t\t\t<\/span>\n\t\t\t<\/div>\n\t\t\t\n\t\t\t\t\t\t<div class=\"elementor-icon-box-content\">\n\n\t\t\t\t\t\t\t\t\t<h4 class=\"elementor-icon-box-title\">\n\t\t\t\t\t\t<span  >\n\t\t\t\t\t\t\tGlobal Shipping\t\t\t\t\t\t<\/span>\n\t\t\t\t\t<\/h4>\n\t\t\t\t\n\t\t\t\t\t\t\t\t\t<p class=\"elementor-icon-box-description\">\n\t\t\t\t\t\tWorldwide Shipping\t\t\t\t\t<\/p>\n\t\t\t\t\n\t\t\t<\/div>\n\t\t\t\n\t\t<\/div>\n\t\t\t\t\t\t<\/div>\n\t\t\t\t\t<\/div>\n\t\t<\/div>\n\t\t\t\t<div class=\"elementor-column elementor-col-25 elementor-inner-column elementor-element elementor-element-28862fae elementor-invisible\" data-id=\"28862fae\" data-element_type=\"column\" data-e-type=\"column\" data-settings=\"{&quot;animation&quot;:&quot;fadeInLeft&quot;,&quot;animation_delay&quot;:600}\">\n\t\t\t<div class=\"elementor-widget-wrap elementor-element-populated\">\n\t\t\t\t\t\t<div class=\"elementor-element elementor-element-4e7492d9 elementor-position-inline-start elementor-view-default elementor-mobile-position-block-start elementor-widget elementor-widget-icon-box\" data-id=\"4e7492d9\" data-element_type=\"widget\" data-e-type=\"widget\" data-settings=\"{&quot;ekit_we_effect_on&quot;:&quot;none&quot;}\" data-widget_type=\"icon-box.default\">\n\t\t\t\t\t\t\t<div class=\"elementor-icon-box-wrapper\">\n\n\t\t\t\t\t\t<div class=\"elementor-icon-box-icon\">\n\t\t\t\t<span  class=\"elementor-icon\">\n\t\t\t\t<i aria-hidden=\"true\" class=\"icon icon-safebox\"><\/i>\t\t\t\t<\/span>\n\t\t\t<\/div>\n\t\t\t\n\t\t\t\t\t\t<div class=\"elementor-icon-box-content\">\n\n\t\t\t\t\t\t\t\t\t<h4 class=\"elementor-icon-box-title\">\n\t\t\t\t\t\t<span  >\n\t\t\t\t\t\t\t100% Secure\t\t\t\t\t\t<\/span>\n\t\t\t\t\t<\/h4>\n\t\t\t\t\n\t\t\t\t\t\t\t\t\t<p class=\"elementor-icon-box-description\">\n\t\t\t\t\t\t100% Secure Checkout\n\n\n\t\t\t\t\t<\/p>\n\t\t\t\t\n\t\t\t<\/div>\n\t\t\t\n\t\t<\/div>\n\t\t\t\t\t\t<\/div>\n\t\t\t\t\t<\/div>\n\t\t<\/div>\n\t\t\t\t\t<\/div>\n\t\t<\/section>\n\t\t\t\t\t<\/div>\n\t\t<\/div>\n\t\t\t\t\t<\/div>\n\t\t<\/section>\n\t\t\t\t<\/div>\n\t\t","protected":false},"excerpt":{"rendered":"<p>Kemence Cl\u00e1sico &#8211; Lyra El kemence cl\u00e1sico, tambi\u00e9n conocido como viol\u00edn turco, tiene una rica historia que se remonta a siglos atr\u00e1s. Sus or\u00edgenes se remontan a la m\u00fasica tradicional del Imperio Otomano y al amplio patrimonio cultural de Anatolia. Kemence Cl\u00e1sico &#8211; Lyra Instrumento: Klasik Kemen\u00e7e \u2013 El alma del arco otomano En Tapadum [&hellip;]<\/p>\n","protected":false},"author":1,"featured_media":0,"parent":0,"menu_order":0,"comment_status":"closed","ping_status":"closed","template":"","meta":{"_eb_attr":"","footnotes":""},"class_list":["post-24823","page","type-page","status-publish","hentry"],"jetpack_sharing_enabled":true,"_links":{"self":[{"href":"https:\/\/tapadum.com\/es\/wp-json\/wp\/v2\/pages\/24823","targetHints":{"allow":["GET"]}}],"collection":[{"href":"https:\/\/tapadum.com\/es\/wp-json\/wp\/v2\/pages"}],"about":[{"href":"https:\/\/tapadum.com\/es\/wp-json\/wp\/v2\/types\/page"}],"author":[{"embeddable":true,"href":"https:\/\/tapadum.com\/es\/wp-json\/wp\/v2\/users\/1"}],"replies":[{"embeddable":true,"href":"https:\/\/tapadum.com\/es\/wp-json\/wp\/v2\/comments?post=24823"}],"version-history":[{"count":10,"href":"https:\/\/tapadum.com\/es\/wp-json\/wp\/v2\/pages\/24823\/revisions"}],"predecessor-version":[{"id":24838,"href":"https:\/\/tapadum.com\/es\/wp-json\/wp\/v2\/pages\/24823\/revisions\/24838"}],"wp:attachment":[{"href":"https:\/\/tapadum.com\/es\/wp-json\/wp\/v2\/media?parent=24823"}],"curies":[{"name":"wp","href":"https:\/\/api.w.org\/{rel}","templated":true}]}}