{"id":24935,"date":"2023-07-10T22:00:17","date_gmt":"2023-07-10T22:00:17","guid":{"rendered":"https:\/\/tapadum.com\/?page_id=24935"},"modified":"2025-05-24T20:10:59","modified_gmt":"2025-05-24T20:10:59","slug":"terminos-y-condiciones","status":"publish","type":"page","link":"https:\/\/tapadum.com\/es\/terminos-y-condiciones\/","title":{"rendered":"T\u00e9rminos y condiciones"},"content":{"rendered":"\t\t<div data-elementor-type=\"wp-page\" data-elementor-id=\"24935\" class=\"elementor elementor-24935 elementor-9436\" data-elementor-post-type=\"page\">\n\t\t\t\t<div class=\"elementor-element elementor-element-50a80f9d e-flex e-con-boxed e-con e-parent\" data-id=\"50a80f9d\" data-element_type=\"container\" data-e-type=\"container\">\n\t\t\t\t\t<div class=\"e-con-inner\">\n\t\t\t\t<div class=\"elementor-element elementor-element-6cd2a422 elementor-widget elementor-widget-heading\" data-id=\"6cd2a422\" data-element_type=\"widget\" data-e-type=\"widget\" data-settings=\"{&quot;ekit_we_effect_on&quot;:&quot;none&quot;}\" data-widget_type=\"heading.default\">\n\t\t\t\t\t<h2 class=\"elementor-heading-title elementor-size-default\">Terms And Conditions<\/h2>\t\t\t\t<\/div>\n\t\t\t\t<div class=\"elementor-element elementor-element-31cec2a8 elementor-widget elementor-widget-text-editor\" data-id=\"31cec2a8\" data-element_type=\"widget\" data-e-type=\"widget\" data-settings=\"{&quot;ekit_we_effect_on&quot;:&quot;none&quot;}\" data-widget_type=\"text-editor.default\">\n\t\t\t\t\t\t\t\t\t<p>POL\u00cdTICA DE DEVOLUCIONES Y REEMBOLSOS &#8211;<br \/>Puede devolver la mayor\u00eda de los art\u00edculos nuevos y sin abrir dentro de los 15 d\u00edas posteriores a la entrega para obtener un reembolso completo. Tambi\u00e9n cubriremos los gastos de env\u00edo si la devoluci\u00f3n se debe a un error nuestro (recibi\u00f3 un art\u00edculo incorrecto o defectuoso, etc.). En otros casos, los gastos de env\u00edo corren a cargo del cliente.<\/p><p>Deber\u00eda recibir su reembolso dentro de las cuatro semanas posteriores a la entrega del paquete al transportista; sin embargo, en muchos casos, recibir\u00e1 un reembolso m\u00e1s r\u00e1pido. Este plazo incluye el tiempo de tr\u00e1nsito para que recibamos su devoluci\u00f3n del transportista (de 5 a 10 d\u00edas h\u00e1biles), el tiempo que tardamos en procesar su devoluci\u00f3n una vez recibida (de 3 a 5 d\u00edas h\u00e1biles) y el tiempo que tarda su banco en procesar nuestra solicitud de reembolso (de 5 a 10 d\u00edas h\u00e1biles).<\/p><p>Los reembolsos se realizan una vez finalizado el control de los productos devueltos. El paquete de devoluci\u00f3n debe estar preparado tal como se le envi\u00f3. Una vez que el producto nos llegue sin problemas, se realizar\u00e1 el proceso de reembolso\u2026<\/p><p>**Con un embalaje perfecto, sus instrumentos estar\u00e1n seguros.<\/p><p>En Tapadum, nos preocupamos por los m\u00fasicos. Puede consultar cualquier problema con sus instrumentos con nuestro equipo. Tapadum le proporcionar\u00e1 soporte t\u00e9cnico para cualquier problema que pueda surgir.<\/p><p>***Para compras fuera de Europa, los impuestos aduaneros de los env\u00edos internacionales corren a cargo del cliente. Los compradores son responsables de los impuestos aduaneros y de importaci\u00f3n que puedan aplicarse. No nos hacemos responsables de los retrasos debidos a las aduanas.<\/p><p>Si necesita ayuda, cont\u00e1ctenos:<\/p><p>T\u00e9rminos y condiciones de la tienda de m\u00fasica Tapadum<br \/>Via Vicolo Galletti 2 48013 Brisighella (RA) Italia<br \/>info@tapadum.com<br \/>+39 3479746257<\/p>\t\t\t\t\t\t\t\t<\/div>\n\t\t\t\t\t<\/div>\n\t\t\t\t<\/div>\n\t\t\t\t<\/div>\n\t\t","protected":false},"excerpt":{"rendered":"<p>Terms And Conditions POL\u00cdTICA DE DEVOLUCIONES Y REEMBOLSOS &#8211;Puede devolver la mayor\u00eda de los art\u00edculos nuevos y sin abrir dentro de los 15 d\u00edas posteriores a la entrega para obtener un reembolso completo. Tambi\u00e9n cubriremos los gastos de env\u00edo si la devoluci\u00f3n se debe a un error nuestro (recibi\u00f3 un art\u00edculo incorrecto o defectuoso, etc.). [&hellip;]<\/p>\n","protected":false},"author":1,"featured_media":0,"parent":0,"menu_order":0,"comment_status":"closed","ping_status":"closed","template":"","meta":{"_eb_attr":"","footnotes":""},"class_list":["post-24935","page","type-page","status-publish","hentry"],"jetpack_sharing_enabled":true,"_links":{"self":[{"href":"https:\/\/tapadum.com\/es\/wp-json\/wp\/v2\/pages\/24935","targetHints":{"allow":["GET"]}}],"collection":[{"href":"https:\/\/tapadum.com\/es\/wp-json\/wp\/v2\/pages"}],"about":[{"href":"https:\/\/tapadum.com\/es\/wp-json\/wp\/v2\/types\/page"}],"author":[{"embeddable":true,"href":"https:\/\/tapadum.com\/es\/wp-json\/wp\/v2\/users\/1"}],"replies":[{"embeddable":true,"href":"https:\/\/tapadum.com\/es\/wp-json\/wp\/v2\/comments?post=24935"}],"version-history":[{"count":3,"href":"https:\/\/tapadum.com\/es\/wp-json\/wp\/v2\/pages\/24935\/revisions"}],"predecessor-version":[{"id":24940,"href":"https:\/\/tapadum.com\/es\/wp-json\/wp\/v2\/pages\/24935\/revisions\/24940"}],"wp:attachment":[{"href":"https:\/\/tapadum.com\/es\/wp-json\/wp\/v2\/media?parent=24935"}],"curies":[{"name":"wp","href":"https:\/\/api.w.org\/{rel}","templated":true}]}}