{"id":22122,"date":"2022-05-05T11:27:52","date_gmt":"2022-05-05T11:27:52","guid":{"rendered":"https:\/\/tapadum.com\/product\/daf-persa-n-2\/"},"modified":"2025-11-03T22:40:01","modified_gmt":"2025-11-03T22:40:01","slug":"daf-persa-n-2","status":"publish","type":"product","link":"https:\/\/tapadum.com\/es\/producto\/daf-persa-n-2\/","title":{"rendered":"Daf Persa n.2"},"content":{"rendered":"<p class=\"\" data-start=\"1354\" data-end=\"1390\"><strong data-start=\"1354\" data-end=\"1390\">Daf Persa Profesional de Tapadum<\/strong><\/p>\n<p class=\"\" data-start=\"1392\" data-end=\"1677\">Desata los hipnotizantes ritmos de la <strong data-start=\"1430\" data-end=\"1446\">m\u00fasica persa<\/strong> con el <strong data-start=\"1454\" data-end=\"1473\">Daf Profesional<\/strong> de <strong data-start=\"1477\" data-end=\"1507\">Tapadum Ethnic Music Store<\/strong>. Hecho a mano con esmero para m\u00fasicos exigentes, este Daf de alta gama ofrece una experiencia de toque excepcional, combinando una fina artesan\u00eda con un sonido superior.<\/p>\n<p class=\"\" data-start=\"1679\" data-end=\"2046\">Construido con <strong data-start=\"1694\" data-end=\"1727\">materiales de primera calidad<\/strong>, este Daf cuenta con un resistente marco de <strong data-start=\"1772\" data-end=\"1793\">54 cm de di\u00e1metro<\/strong>, con una cabeza sint\u00e9tica de alta calidad que asegura un tono rico y resonante. La cabeza sint\u00e9tica est\u00e1 perfectamente estirada sobre el marco, ofreciendo claridad y consistencia en el sonido, ya sea tocando patrones intrincados o ritmos tradicionales.<\/p>\n<p class=\"\" data-start=\"2048\" data-end=\"2367\">Con un ancho de <strong data-start=\"2064\" data-end=\"2074\">5.5 cm<\/strong> y un peso de <strong data-start=\"2088\" data-end=\"2099\">0.75 kg<\/strong> (con ligeras variaciones), este Daf es ligero y c\u00f3modo, lo que permite tocar durante sesiones prolongadas sin esfuerzo. Ya seas un m\u00fasico profesional o un apasionado principiante, el <strong data-start=\"2283\" data-end=\"2313\">Daf Profesional de Tapadum<\/strong> es el compa\u00f1ero perfecto para tu exploraci\u00f3n musical.<\/p>\n<p class=\"\" data-start=\"2369\" data-end=\"2564\">Explora la herencia de la <strong data-start=\"2395\" data-end=\"2411\">m\u00fasica persa<\/strong> y eleva tu expresi\u00f3n musical con este exquisito instrumento. <strong data-start=\"2473\" data-end=\"2497\">\u00a1Haz tu pedido ahora<\/strong> en <strong data-start=\"2501\" data-end=\"2531\">Tapadum Ethnic Music Store<\/strong> y experimenta la magia del daf!<\/p>\n<p class=\"\" data-start=\"2566\" data-end=\"2593\"><strong data-start=\"2566\" data-end=\"2592\">Especificaciones Clave<\/strong>:<\/p>\n<ul data-start=\"2594\" data-end=\"2698\" data-is-last-node=\"\" data-is-only-node=\"\">\n<li class=\"\" data-start=\"2594\" data-end=\"2615\">\n<p class=\"\" data-start=\"2596\" data-end=\"2615\"><strong data-start=\"2596\" data-end=\"2608\">Di\u00e1metro<\/strong>: 54 cm<\/p>\n<\/li>\n<li class=\"\" data-start=\"2616\" data-end=\"2652\">\n<p class=\"\" data-start=\"2618\" data-end=\"2652\"><strong data-start=\"2618\" data-end=\"2626\">Peso<\/strong>: 0.75 kg (0.72 ~ 0.76 kg)<\/p>\n<\/li>\n<li class=\"\" data-start=\"2653\" data-end=\"2672\">\n<p class=\"\" data-start=\"2655\" data-end=\"2672\"><strong data-start=\"2655\" data-end=\"2664\">Ancho<\/strong>: 5.5 cm<\/p>\n<\/li>\n<li class=\"\" data-start=\"2673\" data-end=\"2698\">\n<p class=\"\" data-start=\"2675\" data-end=\"2698\"><strong data-start=\"2675\" data-end=\"2685\">Cabeza<\/strong>: Sint\u00e9tica<\/p>\n<\/li>\n<\/ul>\n","protected":false},"excerpt":{"rendered":"<p class=\"\" data-start=\"0\" data-end=\"25\"><strong data-start=\"0\" data-end=\"25\">Daf Persa Profesional<\/strong><\/p>\n<ul data-start=\"27\" data-end=\"129\" data-is-last-node=\"\" data-is-only-node=\"\">\n<li class=\"\" data-start=\"27\" data-end=\"48\">\n<p class=\"\" data-start=\"29\" data-end=\"48\"><strong data-start=\"29\" data-end=\"41\">Di\u00e1metro<\/strong>: 54 cm<\/p>\n<\/li>\n<li class=\"\" data-start=\"49\" data-end=\"85\">\n<p class=\"\" data-start=\"51\" data-end=\"85\"><strong data-start=\"51\" data-end=\"59\">Peso<\/strong>: 0.75 kg (0.72 ~ 0.76 kg)<\/p>\n<\/li>\n<li class=\"\" data-start=\"86\" data-end=\"105\">\n<p class=\"\" data-start=\"88\" data-end=\"105\"><strong data-start=\"88\" data-end=\"97\">Ancho<\/strong>: 5.5 cm<\/p>\n<\/li>\n<li class=\"\" data-start=\"106\" data-end=\"129\">\n<p class=\"\" data-start=\"108\" data-end=\"129\"><strong data-start=\"108\" data-end=\"118\">Cabeza<\/strong>: Sint\u00e9tica<\/p>\n<\/li>\n<\/ul>\n","protected":false},"featured_media":22133,"comment_status":"open","ping_status":"closed","template":"","meta":{"_eb_attr":""},"product_brand":[],"product_cat":[367,359],"product_tag":[],"class_list":{"0":"post-22122","1":"product","2":"type-product","3":"status-publish","4":"has-post-thumbnail","6":"product_cat-daf-persa","7":"product_cat-percusion","9":"first","10":"instock","11":"sale","12":"shipping-taxable","13":"purchasable","14":"product-type-simple"},"jetpack_sharing_enabled":true,"_links":{"self":[{"href":"https:\/\/tapadum.com\/es\/wp-json\/wp\/v2\/product\/22122","targetHints":{"allow":["GET"]}}],"collection":[{"href":"https:\/\/tapadum.com\/es\/wp-json\/wp\/v2\/product"}],"about":[{"href":"https:\/\/tapadum.com\/es\/wp-json\/wp\/v2\/types\/product"}],"replies":[{"embeddable":true,"href":"https:\/\/tapadum.com\/es\/wp-json\/wp\/v2\/comments?post=22122"}],"version-history":[{"count":1,"href":"https:\/\/tapadum.com\/es\/wp-json\/wp\/v2\/product\/22122\/revisions"}],"predecessor-version":[{"id":30088,"href":"https:\/\/tapadum.com\/es\/wp-json\/wp\/v2\/product\/22122\/revisions\/30088"}],"wp:featuredmedia":[{"embeddable":true,"href":"https:\/\/tapadum.com\/es\/wp-json\/wp\/v2\/media\/22133"}],"wp:attachment":[{"href":"https:\/\/tapadum.com\/es\/wp-json\/wp\/v2\/media?parent=22122"}],"wp:term":[{"taxonomy":"product_brand","embeddable":true,"href":"https:\/\/tapadum.com\/es\/wp-json\/wp\/v2\/product_brand?post=22122"},{"taxonomy":"product_cat","embeddable":true,"href":"https:\/\/tapadum.com\/es\/wp-json\/wp\/v2\/product_cat?post=22122"},{"taxonomy":"product_tag","embeddable":true,"href":"https:\/\/tapadum.com\/es\/wp-json\/wp\/v2\/product_tag?post=22122"}],"curies":[{"name":"wp","href":"https:\/\/api.w.org\/{rel}","templated":true}]}}