{"id":22136,"date":"2022-05-07T00:54:38","date_gmt":"2022-05-07T00:54:38","guid":{"rendered":"https:\/\/tapadum.com\/product\/profesional-turco-ney-d-tune-supurde\/"},"modified":"2022-05-07T00:54:38","modified_gmt":"2022-05-07T00:54:38","slug":"profesional-turco-ney-d-tune-supurde","status":"publish","type":"product","link":"https:\/\/tapadum.com\/es\/producto\/profesional-turco-ney-d-tune-supurde\/","title":{"rendered":"Profesional Turco Ney D &#8211; Tune ( Supurde )"},"content":{"rendered":"<p class=\"\" data-start=\"2612\" data-end=\"2636\"><strong data-start=\"2612\" data-end=\"2636\">Spanish Translation:<\/strong><\/p>\n<p class=\"\" data-start=\"2638\" data-end=\"2687\"><strong data-start=\"2638\" data-end=\"2687\">Ney Turco Profesional \u2013 Re Tune (Supurde Ney)<\/strong><\/p>\n<p class=\"\" data-start=\"2689\" data-end=\"3051\">Descubre el <strong data-start=\"2701\" data-end=\"2750\">Ney Turco Profesional \u2013 Re Tune (Supurde Ney)<\/strong>, una obra maestra hecha a mano que da vida al alma de la m\u00fasica turca. Hecho con gran cuidado por artesanos expertos, este extraordinario instrumento es la esencia de la <strong data-start=\"2921\" data-end=\"2947\">herencia musical turca<\/strong>, lo que lo convierte en una adici\u00f3n esencial tanto para principiantes como para m\u00fasicos experimentados.<\/p>\n<p class=\"\" data-start=\"3053\" data-end=\"3428\">Fabricado con el mejor <strong data-start=\"3076\" data-end=\"3085\">bambu<\/strong>, cada <strong data-start=\"3092\" data-end=\"3105\">Ney Turco<\/strong> est\u00e1 hecho de bamb\u00fa que ha sido cuidadosamente secado durante al menos <strong data-start=\"3177\" data-end=\"3188\">15 a\u00f1os<\/strong>. Este meticuloso proceso de secado asegura un equilibrio perfecto de <strong data-start=\"3258\" data-end=\"3279\">profundidad tonal<\/strong>, <strong data-start=\"3281\" data-end=\"3296\">durabilidad<\/strong> y <strong data-start=\"3299\" data-end=\"3313\">resonancia<\/strong>, permitiendo que el instrumento produzca los sonidos aut\u00e9nticos que han cautivado a las audiencias durante siglos.<\/p>\n<p class=\"\" data-start=\"3430\" data-end=\"3705\">El bamb\u00fa proviene de las prestigiosas regiones de <strong data-start=\"3480\" data-end=\"3487\">Ege<\/strong>, <strong data-start=\"3489\" data-end=\"3500\">Marmara<\/strong> y <strong data-start=\"3503\" data-end=\"3519\">Mediterr\u00e1neo<\/strong> de Turqu\u00eda, conocidas por sus materiales de alta calidad. Con gran atenci\u00f3n al detalle, el ney se esculpe y da forma con precisi\u00f3n para reflejar la verdadera esencia de la m\u00fasica turca.<\/p>\n<p class=\"\" data-start=\"3707\" data-end=\"4144\">El <strong data-start=\"3710\" data-end=\"3735\">Re Tune (Supurde Ney)<\/strong> es una variaci\u00f3n espec\u00edfica del <strong data-start=\"3768\" data-end=\"3781\">Ney Turco<\/strong>, cuidadosamente creado para producir el tono <strong data-start=\"3827\" data-end=\"3837\">Re (D)<\/strong>. Sus ricos y cautivadores tonos lo convierten en una herramienta indispensable en la <strong data-start=\"3923\" data-end=\"3951\">m\u00fasica tradicional turca<\/strong>. Ya sea tocando en solitario, acompa\u00f1ando a otros o utiliz\u00e1ndolo en terapia musical meditativa, el <strong data-start=\"4051\" data-end=\"4066\">Supurde Ney<\/strong> encantar\u00e1 a los oyentes y los sumergir\u00e1 en la belleza de las melod\u00edas turcas.<\/p>\n<p class=\"\" data-start=\"4146\" data-end=\"4415\">Tocar el <strong data-start=\"4155\" data-end=\"4168\">Ney Turco<\/strong> no se trata solo de producir sonido, es una experiencia espiritual que requiere dedicaci\u00f3n, pr\u00e1ctica y pasi\u00f3n. A medida que insuflas vida a este notable instrumento, sentir\u00e1s una profunda conexi\u00f3n con la m\u00fasica, expresando emociones en cada nota.<\/p>\n<p class=\"\" data-start=\"4417\" data-end=\"4660\">Ya seas un <strong data-start=\"4428\" data-end=\"4452\">m\u00fasico experimentado<\/strong>, un <strong data-start=\"4457\" data-end=\"4484\">entusiasta de la m\u00fasica<\/strong> o alguien interesado en explorar la riqueza cultural de la <strong data-start=\"4544\" data-end=\"4560\">m\u00fasica turca<\/strong>, el <strong data-start=\"4565\" data-end=\"4614\">Ney Turco Profesional \u2013 Re Tune (Supurde Ney)<\/strong> ser\u00e1 tu fiel compa\u00f1ero en este viaje musical.<\/p>\n<p class=\"\" data-start=\"4662\" data-end=\"4855\">Invierte en este instrumento atemporal y desbloquea infinitas posibilidades de expresi\u00f3n musical. Deja que los resonantes tonos del <strong data-start=\"4794\" data-end=\"4807\">Ney Turco<\/strong> eleven tu experiencia musical a nuevas alturas.<\/p>\n<ul data-start=\"4857\" data-end=\"5047\">\n<li class=\"\" data-start=\"4857\" data-end=\"4908\">\n<p class=\"\" data-start=\"4859\" data-end=\"4908\">Viene con una <strong data-start=\"4873\" data-end=\"4907\">funda de transporte resistente<\/strong>.<\/p>\n<\/li>\n<li class=\"\" data-start=\"4909\" data-end=\"5008\">\n<p class=\"\" data-start=\"4911\" data-end=\"5008\">Puede ser personalizado con la posici\u00f3n de la <strong data-start=\"4957\" data-end=\"4985\">mano izquierda o derecha<\/strong>, seg\u00fan tu preferencia.<\/p>\n<\/li>\n<li class=\"\" data-start=\"5009\" data-end=\"5047\">\n<p class=\"\" data-start=\"5011\" data-end=\"5047\"><strong data-start=\"5011\" data-end=\"5046\">Env\u00edos disponibles desde Italia<\/strong>.<\/p>\n<\/li>\n<\/ul>\n<p class=\"\" data-start=\"5049\" data-end=\"5155\"><strong data-start=\"5049\" data-end=\"5080\">Video Re Tune (Supurde Ney)<\/strong>: Escucha la cautivadora voz de este ney en el primer video a continuaci\u00f3n.<\/p>\n<p class=\"\" data-start=\"5157\" data-end=\"5329\">En el segundo video, <strong data-start=\"5178\" data-end=\"5196\">Volkan Incuvez<\/strong>, m\u00fasico profesional y conferencista, explica los <strong data-start=\"5246\" data-end=\"5276\">diferentes tonos y maqamat<\/strong> que se pueden tocar en el <strong data-start=\"5303\" data-end=\"5328\">Re Tune (Supurde Ney)<\/strong>.<\/p>\n","protected":false},"excerpt":{"rendered":"<p>Descubre el <strong data-start=\"12\" data-end=\"61\">Ney Turco Profesional \u2013 Re Tune (Supurde Ney)<\/strong>, un instrumento de bamb\u00fa hecho a mano que ofrece melod\u00edas turcas aut\u00e9nticas. Perfecto para m\u00fasicos de todos los niveles, este ney cuenta con una excelente artesan\u00eda, una rica resonancia tonal y viene con una funda duradera. Ideal para actuaciones en solitario, acompa\u00f1amientos grupales y terapia musical. <strong data-start=\"367\" data-end=\"390\" data-is-last-node=\"\">Env\u00edo desde Italia.<\/strong><\/p>\n","protected":false},"featured_media":22137,"comment_status":"closed","ping_status":"closed","template":"","meta":{"_eb_attr":""},"product_brand":[],"product_cat":[390,394],"product_tag":[],"class_list":{"0":"post-22136","1":"product","2":"type-product","3":"status-publish","4":"has-post-thumbnail","6":"product_cat-instrumentos-de-viento","7":"product_cat-ney-turco","9":"first","10":"instock","11":"shipping-taxable","12":"purchasable","13":"product-type-simple"},"jetpack_sharing_enabled":true,"_links":{"self":[{"href":"https:\/\/tapadum.com\/es\/wp-json\/wp\/v2\/product\/22136","targetHints":{"allow":["GET"]}}],"collection":[{"href":"https:\/\/tapadum.com\/es\/wp-json\/wp\/v2\/product"}],"about":[{"href":"https:\/\/tapadum.com\/es\/wp-json\/wp\/v2\/types\/product"}],"replies":[{"embeddable":true,"href":"https:\/\/tapadum.com\/es\/wp-json\/wp\/v2\/comments?post=22136"}],"version-history":[{"count":0,"href":"https:\/\/tapadum.com\/es\/wp-json\/wp\/v2\/product\/22136\/revisions"}],"wp:featuredmedia":[{"embeddable":true,"href":"https:\/\/tapadum.com\/es\/wp-json\/wp\/v2\/media\/22137"}],"wp:attachment":[{"href":"https:\/\/tapadum.com\/es\/wp-json\/wp\/v2\/media?parent=22136"}],"wp:term":[{"taxonomy":"product_brand","embeddable":true,"href":"https:\/\/tapadum.com\/es\/wp-json\/wp\/v2\/product_brand?post=22136"},{"taxonomy":"product_cat","embeddable":true,"href":"https:\/\/tapadum.com\/es\/wp-json\/wp\/v2\/product_cat?post=22136"},{"taxonomy":"product_tag","embeddable":true,"href":"https:\/\/tapadum.com\/es\/wp-json\/wp\/v2\/product_tag?post=22136"}],"curies":[{"name":"wp","href":"https:\/\/api.w.org\/{rel}","templated":true}]}}