{"id":22148,"date":"2022-06-01T12:21:54","date_gmt":"2022-06-01T12:21:54","guid":{"rendered":"https:\/\/tapadum.com\/product\/kurschner-juego-profesional-de-cuerdas-de-oud-oud-turco-x-3-piezas\/"},"modified":"2022-06-01T12:21:54","modified_gmt":"2022-06-01T12:21:54","slug":"kurschner-juego-profesional-de-cuerdas-de-oud-oud-turco-x-3-piezas","status":"publish","type":"product","link":"https:\/\/tapadum.com\/es\/producto\/kurschner-juego-profesional-de-cuerdas-de-oud-oud-turco-x-3-piezas\/","title":{"rendered":"Kurschner Juego Profesional de Cuerdas de Oud (Oud Turco) x 3 Piezas"},"content":{"rendered":"<p class=\"\" data-start=\"776\" data-end=\"870\"><strong data-start=\"776\" data-end=\"870\">Juego de Cuerdas para Oud Profesional Kurschner (Oud Turco) \u2013 Paquete de 3 Cuerdas<\/strong><\/p>\n<p class=\"\" data-start=\"872\" data-end=\"1160\">Mejora tu experiencia tocando el <strong data-start=\"905\" data-end=\"912\">oud<\/strong> con el <strong data-start=\"920\" data-end=\"964\">Juego de Cuerdas Profesionales Kurschner<\/strong>. Hechas con materiales de primera calidad, estas cuerdas ofrecen una claridad, calidez y proyecci\u00f3n excepcionales, perfectas tanto para estilos tradicionales como contempor\u00e1neos de <strong data-start=\"1146\" data-end=\"1159\">oud turco<\/strong>.<\/p>\n<p class=\"\" data-start=\"1162\" data-end=\"1182\"><strong data-start=\"1162\" data-end=\"1181\">Caracter\u00edsticas<\/strong>:<\/p>\n<ul data-start=\"1184\" data-end=\"1443\">\n<li class=\"\" data-start=\"1184\" data-end=\"1260\">\n<p class=\"\" data-start=\"1186\" data-end=\"1260\">Fabricadas con <strong data-start=\"1201\" data-end=\"1231\">materiales de alta calidad<\/strong> para un sonido sobresaliente<\/p>\n<\/li>\n<li class=\"\" data-start=\"1261\" data-end=\"1309\">\n<p class=\"\" data-start=\"1263\" data-end=\"1309\">Dise\u00f1adas espec\u00edficamente para <strong data-start=\"1294\" data-end=\"1309\">ouds turcos<\/strong><\/p>\n<\/li>\n<li class=\"\" data-start=\"1310\" data-end=\"1371\">\n<p class=\"\" data-start=\"1312\" data-end=\"1371\">Ofrecen un tono c\u00e1lido y claro con una excelente proyecci\u00f3n<\/p>\n<\/li>\n<li class=\"\" data-start=\"1372\" data-end=\"1443\">\n<p class=\"\" data-start=\"1374\" data-end=\"1443\">Ideales para todas las t\u00e9cnicas de interpretaci\u00f3n y g\u00e9neros musicales<\/p>\n<\/li>\n<\/ul>\n<p class=\"\" data-start=\"1445\" data-end=\"1591\">Ya seas un m\u00fasico experimentado o un principiante, el <strong data-start=\"1499\" data-end=\"1543\">Juego de Cuerdas Profesionales Kurschner<\/strong> elevar\u00e1 tu sonido e inspirar\u00e1 tu viaje musical.<\/p>\n","protected":false},"excerpt":{"rendered":"<p class=\"\" data-start=\"0\" data-end=\"76\"><strong data-start=\"0\" data-end=\"76\">Juego de Cuerdas Profesionales Kurschner para Oud (Oud Turco) \u2013 3 Piezas<\/strong><\/p>\n<p class=\"\" data-start=\"78\" data-end=\"116\">Viene con 3 juegos en un solo paquete.<\/p>\n<p class=\"\" data-start=\"118\" data-end=\"138\"><strong data-start=\"118\" data-end=\"137\">Caracter\u00edsticas<\/strong>:<\/p>\n<ul data-start=\"140\" data-end=\"357\" data-is-last-node=\"\" data-is-only-node=\"\">\n<li class=\"\" data-start=\"140\" data-end=\"214\">\n<p class=\"\" data-start=\"142\" data-end=\"214\">Fabricadas con materiales de <strong data-start=\"171\" data-end=\"187\">alta calidad<\/strong> para un sonido excepcional<\/p>\n<\/li>\n<li class=\"\" data-start=\"215\" data-end=\"247\">\n<p class=\"\" data-start=\"217\" data-end=\"247\">Dise\u00f1adas para <strong data-start=\"232\" data-end=\"247\">ouds turcos<\/strong><\/p>\n<\/li>\n<li class=\"\" data-start=\"248\" data-end=\"306\">\n<p class=\"\" data-start=\"250\" data-end=\"306\">Ofrecen un tono claro, c\u00e1lido y con excelente proyecci\u00f3n<\/p>\n<\/li>\n<li class=\"\" data-start=\"307\" data-end=\"357\">\n<p class=\"\" data-start=\"309\" data-end=\"357\">Ideales para todos los estilos de interpretaci\u00f3n<\/p>\n<\/li>\n<\/ul>\n","protected":false},"featured_media":22149,"comment_status":"closed","ping_status":"closed","template":"","meta":{"_eb_attr":""},"product_brand":[],"product_cat":[348,349],"product_tag":[],"class_list":{"0":"post-22148","1":"product","2":"type-product","3":"status-publish","4":"has-post-thumbnail","6":"product_cat-accesorios","7":"product_cat-accesorios-oud","9":"first","10":"instock","11":"sale","12":"shipping-taxable","13":"purchasable","14":"product-type-simple"},"jetpack_sharing_enabled":true,"_links":{"self":[{"href":"https:\/\/tapadum.com\/es\/wp-json\/wp\/v2\/product\/22148","targetHints":{"allow":["GET"]}}],"collection":[{"href":"https:\/\/tapadum.com\/es\/wp-json\/wp\/v2\/product"}],"about":[{"href":"https:\/\/tapadum.com\/es\/wp-json\/wp\/v2\/types\/product"}],"replies":[{"embeddable":true,"href":"https:\/\/tapadum.com\/es\/wp-json\/wp\/v2\/comments?post=22148"}],"version-history":[{"count":0,"href":"https:\/\/tapadum.com\/es\/wp-json\/wp\/v2\/product\/22148\/revisions"}],"wp:featuredmedia":[{"embeddable":true,"href":"https:\/\/tapadum.com\/es\/wp-json\/wp\/v2\/media\/22149"}],"wp:attachment":[{"href":"https:\/\/tapadum.com\/es\/wp-json\/wp\/v2\/media?parent=22148"}],"wp:term":[{"taxonomy":"product_brand","embeddable":true,"href":"https:\/\/tapadum.com\/es\/wp-json\/wp\/v2\/product_brand?post=22148"},{"taxonomy":"product_cat","embeddable":true,"href":"https:\/\/tapadum.com\/es\/wp-json\/wp\/v2\/product_cat?post=22148"},{"taxonomy":"product_tag","embeddable":true,"href":"https:\/\/tapadum.com\/es\/wp-json\/wp\/v2\/product_tag?post=22148"}],"curies":[{"name":"wp","href":"https:\/\/api.w.org\/{rel}","templated":true}]}}