{"id":22271,"date":"2022-10-09T08:31:05","date_gmt":"2022-10-09T08:31:05","guid":{"rendered":"https:\/\/tapadum.com\/product\/darbuka-egipcia-de-viaje-ligera\/"},"modified":"2022-10-09T08:31:05","modified_gmt":"2022-10-09T08:31:05","slug":"darbuka-egipcia-de-viaje-ligera","status":"publish","type":"product","link":"https:\/\/tapadum.com\/es\/producto\/darbuka-egipcia-de-viaje-ligera\/","title":{"rendered":"Darbuka Egipcia de Viaje Ligera"},"content":{"rendered":"<p class=\"\" data-start=\"1490\" data-end=\"1559\"><strong data-start=\"1490\" data-end=\"1559\">Darbuka Egipcia &#8211; Sonido aut\u00e9ntico y dise\u00f1o port\u00e1til para m\u00fasicos<\/strong><\/p>\n<p class=\"\" data-start=\"1561\" data-end=\"1936\">Desata tu creatividad musical con la <strong data-start=\"1598\" data-end=\"1617\">Darbuka Egipcia<\/strong>, un instrumento de percusi\u00f3n bellamente elaborado, dise\u00f1ado para m\u00fasicos que valoran tanto la portabilidad como un sonido excepcional. Con una altura de <strong data-start=\"1771\" data-end=\"1780\">44 cm<\/strong> y un peso de solo <strong data-start=\"1799\" data-end=\"1809\">2.4 kg<\/strong>, esta <strong data-start=\"1816\" data-end=\"1834\">darbuka ligera<\/strong> es perfecta tanto para principiantes como para m\u00fasicos profesionales que siempre est\u00e1n en movimiento.<\/p>\n<p class=\"\" data-start=\"1938\" data-end=\"2387\">Con una <strong data-start=\"1946\" data-end=\"1982\">piel sint\u00e9tica afinable de 22 cm<\/strong>, esta <strong data-start=\"1989\" data-end=\"2000\">doumbek<\/strong> produce los tonos aut\u00e9nticos de la m\u00fasica tradicional del Medio Oriente. Su sistema de afinaci\u00f3n f\u00e1cil de usar, con una <strong data-start=\"2121\" data-end=\"2136\">llave Allen<\/strong>, te permite ajustar la afinaci\u00f3n sin esfuerzo, garantizando que siempre consigas el sonido perfecto cada vez que toques. Esta flexibilidad hace que la <strong data-start=\"2288\" data-end=\"2307\">darbuka egipcia<\/strong> sea un instrumento imprescindible para los percusionistas de todos los niveles.<\/p>\n<p class=\"\" data-start=\"2389\" data-end=\"2666\">Ya sea que est\u00e9s tocando en vivo, practicando en casa o tocando con amigos, este <strong data-start=\"2470\" data-end=\"2519\">instrumento de percusi\u00f3n f\u00e1cil de transportar<\/strong> proporciona tonos ricos y vibrantes que elevan tu experiencia musical. Experimenta la magia de los ritmos del Medio Oriente dondequiera que vayas.<\/p>\n<p class=\"\" data-start=\"2668\" data-end=\"2933\">Elaborada para ofrecer estilo, sonido y portabilidad, la <strong data-start=\"2725\" data-end=\"2744\">Darbuka Egipcia<\/strong> es una excelente opci\u00f3n tanto para nuevos bateristas como para m\u00fasicos experimentados. Es la herramienta perfecta para mejorar tus habilidades de percusi\u00f3n y explorar los ritmos del mundo.<\/p>\n<p class=\"\" data-start=\"2935\" data-end=\"2965\"><strong data-start=\"2935\" data-end=\"2965\">Especificaciones T\u00e9cnicas:<\/strong><\/p>\n<ul data-start=\"2966\" data-end=\"3037\">\n<li class=\"\" data-start=\"2966\" data-end=\"2998\">\n<p class=\"\" data-start=\"2968\" data-end=\"2998\"><strong data-start=\"2968\" data-end=\"2991\">Di\u00e1metro de la piel<\/strong>: 22 cm<\/p>\n<\/li>\n<li class=\"\" data-start=\"2999\" data-end=\"3018\">\n<p class=\"\" data-start=\"3001\" data-end=\"3018\"><strong data-start=\"3001\" data-end=\"3011\">Altura<\/strong>: 44 cm<\/p>\n<\/li>\n<li class=\"\" data-start=\"3019\" data-end=\"3037\">\n<p class=\"\" data-start=\"3021\" data-end=\"3037\"><strong data-start=\"3021\" data-end=\"3029\">Peso<\/strong>: 2.4 kg<\/p>\n<\/li>\n<\/ul>\n<p class=\"\" data-start=\"3039\" data-end=\"3093\">\u00a1Haz tu pedido ahora y lleva tu m\u00fasica a todas partes!<\/p>\n","protected":false},"excerpt":{"rendered":"<p>Descubre una <strong data-start=\"13\" data-end=\"32\">Darbuka Egipcia<\/strong> ligera y f\u00e1cil de transportar, con una <strong data-start=\"72\" data-end=\"99\">piel sint\u00e9tica afinable<\/strong> de <strong data-start=\"103\" data-end=\"112\">22 cm<\/strong>, <strong data-start=\"114\" data-end=\"123\">44 cm<\/strong> de altura y <strong data-start=\"136\" data-end=\"146\">2.4 kg<\/strong> de peso. Perfecta para principiantes, con <strong data-start=\"189\" data-end=\"208\">afinaci\u00f3n f\u00e1cil<\/strong> mediante <strong data-start=\"218\" data-end=\"233\">llave Allen<\/strong> para un sonido rico y aut\u00e9ntico dondequiera que vayas.<\/p>\n","protected":false},"featured_media":22272,"comment_status":"open","ping_status":"closed","template":"","meta":{"_eb_attr":""},"product_brand":[],"product_cat":[361,359,364],"product_tag":[],"class_list":{"0":"post-22271","1":"product","2":"type-product","3":"status-publish","4":"has-post-thumbnail","6":"product_cat-darbuka-es","7":"product_cat-percusion","8":"product_cat-travel-darbuka-es","10":"first","11":"instock","12":"shipping-taxable","13":"purchasable","14":"product-type-simple"},"jetpack_sharing_enabled":true,"_links":{"self":[{"href":"https:\/\/tapadum.com\/es\/wp-json\/wp\/v2\/product\/22271","targetHints":{"allow":["GET"]}}],"collection":[{"href":"https:\/\/tapadum.com\/es\/wp-json\/wp\/v2\/product"}],"about":[{"href":"https:\/\/tapadum.com\/es\/wp-json\/wp\/v2\/types\/product"}],"replies":[{"embeddable":true,"href":"https:\/\/tapadum.com\/es\/wp-json\/wp\/v2\/comments?post=22271"}],"version-history":[{"count":0,"href":"https:\/\/tapadum.com\/es\/wp-json\/wp\/v2\/product\/22271\/revisions"}],"wp:featuredmedia":[{"embeddable":true,"href":"https:\/\/tapadum.com\/es\/wp-json\/wp\/v2\/media\/22272"}],"wp:attachment":[{"href":"https:\/\/tapadum.com\/es\/wp-json\/wp\/v2\/media?parent=22271"}],"wp:term":[{"taxonomy":"product_brand","embeddable":true,"href":"https:\/\/tapadum.com\/es\/wp-json\/wp\/v2\/product_brand?post=22271"},{"taxonomy":"product_cat","embeddable":true,"href":"https:\/\/tapadum.com\/es\/wp-json\/wp\/v2\/product_cat?post=22271"},{"taxonomy":"product_tag","embeddable":true,"href":"https:\/\/tapadum.com\/es\/wp-json\/wp\/v2\/product_tag?post=22271"}],"curies":[{"name":"wp","href":"https:\/\/api.w.org\/{rel}","templated":true}]}}