{"id":22276,"date":"2022-11-20T11:37:20","date_gmt":"2022-11-20T11:37:20","guid":{"rendered":"https:\/\/tapadum.com\/product\/oud-turco-profesional-de-feramis-aktas-cuerpo-de-arce-calidad-premium\/"},"modified":"2026-04-20T21:53:42","modified_gmt":"2026-04-20T21:53:42","slug":"oud-turco-profesional-de-feramis-aktas-cuerpo-de-arce-calidad-premium","status":"publish","type":"product","link":"https:\/\/tapadum.com\/es\/producto\/oud-turco-profesional-de-feramis-aktas-cuerpo-de-arce-calidad-premium\/","title":{"rendered":"Oud Turco Profesional de Feramis Aktas Cuerpo de Arce Calidad Premium"},"content":{"rendered":"<h3 class=\"\" data-start=\"2304\" data-end=\"2332\"><strong data-start=\"2308\" data-end=\"2332\">Spanish Translation:<\/strong><\/h3>\n<p class=\"\" data-start=\"2334\" data-end=\"2438\"><strong data-start=\"2334\" data-end=\"2438\">Presentamos el Oud Turco Profesional de Feramis Aktas Maple \u2013 Una Obra Maestra de Sonido y Artesan\u00eda<\/strong><\/p>\n<p class=\"\" data-start=\"2440\" data-end=\"2800\">Sum\u00e9rgete en el mundo de la m\u00fasica turca con el <strong data-start=\"2488\" data-end=\"2536\">Oud Turco Profesional de Feramis Aktas Maple<\/strong>, un instrumento impresionante que refleja perfectamente el rico legado cultural de Turqu\u00eda. Hecho a mano por el aclamado fabricante de ouds <strong data-start=\"2677\" data-end=\"2694\">Feramis Aktas<\/strong>, este exquisito oud es una combinaci\u00f3n perfecta de artesan\u00eda tradicional y calidad de sonido excepcional.<\/p>\n<p class=\"\" data-start=\"2802\" data-end=\"3162\">Elaborado con precisi\u00f3n en <strong data-start=\"2829\" data-end=\"2847\">Izmir, Turqu\u00eda<\/strong>, el <strong data-start=\"2852\" data-end=\"2879\">Feramis Aktas Maple Oud<\/strong> es un testamento de la dedicaci\u00f3n del artista a su oficio. El <strong data-start=\"2942\" data-end=\"2970\">cuerpo de madera de arce<\/strong> ofrece una resonancia equilibrada que mejora los tonos c\u00e1lidos y mel\u00f3dicos del oud, lo que lo convierte en una opci\u00f3n ideal tanto para m\u00fasicos profesionales como para entusiastas apasionados.<\/p>\n<p class=\"\" data-start=\"3164\" data-end=\"3393\">La tapa del instrumento est\u00e1 hecha de <strong data-start=\"3202\" data-end=\"3239\">Abeto Oriental (Picea orientalis)<\/strong>, elegido por su capacidad excepcional para proyectar sonido y por su naturaleza sensible, proporcionando tonos ricos y claros que cautivan a los oyentes.<\/p>\n<p class=\"\" data-start=\"3395\" data-end=\"3667\">Este <strong data-start=\"3400\" data-end=\"3427\">Feramis Aktas Maple Oud<\/strong> tambi\u00e9n cuenta con detalles art\u00edsticos, como una <strong data-start=\"3477\" data-end=\"3501\">jaula de Madre Perla<\/strong>, que aporta un toque sofisticado al dise\u00f1o del oud, mientras que los <strong data-start=\"3571\" data-end=\"3594\">clavijeros de \u00e9bano<\/strong> aseguran una afinaci\u00f3n estable y precisa para actuaciones sin problemas.<\/p>\n<p class=\"\" data-start=\"3669\" data-end=\"3885\">Las cuerdas se seleccionan a mano para complementar las cualidades tonales ricas del instrumento, brindando a los m\u00fasicos una gama vers\u00e1til de sonidos que permiten una profunda expresi\u00f3n emocional y claridad musical.<\/p>\n<p class=\"\" data-start=\"3887\" data-end=\"4321\"><strong data-start=\"3887\" data-end=\"3904\">Feramis Aktas<\/strong>, el maestro luthier detr\u00e1s de este hermoso oud, comenz\u00f3 su viaje a una edad temprana, trabajando en talleres de carpinter\u00eda. Bajo la tutor\u00eda de <strong data-start=\"4049\" data-end=\"4064\">Sinai Ozkan<\/strong>, perfeccion\u00f3 sus habilidades y se convirti\u00f3 en un maestro en la fabricaci\u00f3n de instrumentos tradicionales como el oud, <strong data-start=\"4184\" data-end=\"4194\">tanbur<\/strong>, <strong data-start=\"4196\" data-end=\"4204\">la\u00fad<\/strong> y <strong data-start=\"4207\" data-end=\"4216\">qanun<\/strong>. Su pasi\u00f3n tanto por la carpinter\u00eda como por la m\u00fasica se refleja en la calidad excepcional de este oud.<\/p>\n<p class=\"\" data-start=\"4323\" data-end=\"4596\">Ya seas un experimentado int\u00e9rprete de oud o un amante de la m\u00fasica apasionado, el <strong data-start=\"4406\" data-end=\"4454\">Oud Turco Profesional de Feramis Aktas Maple<\/strong> inspirar\u00e1 tu viaje musical. Sum\u00e9rgete en los sonidos del alma de la m\u00fasica turca y eleva tus actuaciones con este extraordinario instrumento.<\/p>\n<p class=\"\" data-start=\"4598\" data-end=\"4628\"><strong data-start=\"4598\" data-end=\"4627\">Especificaciones T\u00e9cnicas<\/strong>:<\/p>\n<ul data-start=\"4629\" data-end=\"4820\" data-is-last-node=\"\" data-is-only-node=\"\">\n<li class=\"\" data-start=\"4629\" data-end=\"4651\">\n<p class=\"\" data-start=\"4631\" data-end=\"4651\"><strong data-start=\"4631\" data-end=\"4641\">Cuerpo<\/strong>: <strong data-start=\"4643\" data-end=\"4651\">Arce<\/strong><\/p>\n<\/li>\n<li class=\"\" data-start=\"4652\" data-end=\"4701\">\n<p class=\"\" data-start=\"4654\" data-end=\"4701\"><strong data-start=\"4654\" data-end=\"4662\">Tapa<\/strong>: <strong data-start=\"4664\" data-end=\"4701\">Abeto Oriental (Picea orientalis)<\/strong><\/p>\n<\/li>\n<li class=\"\" data-start=\"4702\" data-end=\"4730\">\n<p class=\"\" data-start=\"4704\" data-end=\"4730\"><strong data-start=\"4704\" data-end=\"4713\">Jaula<\/strong>: <strong data-start=\"4715\" data-end=\"4730\">Madre Perla<\/strong><\/p>\n<\/li>\n<li class=\"\" data-start=\"4731\" data-end=\"4758\">\n<p class=\"\" data-start=\"4733\" data-end=\"4758\"><strong data-start=\"4733\" data-end=\"4747\">Clavijeros<\/strong>: <strong data-start=\"4749\" data-end=\"4758\">\u00c9bano<\/strong><\/p>\n<\/li>\n<li class=\"\" data-start=\"4759\" data-end=\"4820\">\n<p class=\"\" data-start=\"4761\" data-end=\"4820\"><strong data-start=\"4761\" data-end=\"4772\">Cuerdas<\/strong>: Seleccionadas a mano para una mejor resonancia<\/p>\n<\/li>\n<\/ul>\n","protected":false},"excerpt":{"rendered":"<p>Sum\u00e9rgete en el fascinante mundo de la m\u00fasica turca con el <strong data-start=\"59\" data-end=\"107\">Oud Turco Profesional de Feramis Aktas Maple<\/strong>, un instrumento meticulosamente elaborado por el renombrado maestro de oud <strong data-start=\"183\" data-end=\"199\">Feramis Usta<\/strong> de <strong data-start=\"203\" data-end=\"221\">Izmir, Turqu\u00eda<\/strong>.<br data-start=\"222\" data-end=\"225\" \/>Fabricado en <strong data-start=\"238\" data-end=\"246\">Arce<\/strong> y adornado con <strong data-start=\"262\" data-end=\"280\">Abeto Oriental<\/strong>, <strong data-start=\"282\" data-end=\"306\">jaula de Madre Perla<\/strong> y <strong data-start=\"309\" data-end=\"332\">clavijeros de \u00e9bano<\/strong>, este oud ofrece tonos c\u00e1lidos y mel\u00f3dicos con una proyecci\u00f3n de sonido excepcional.<br data-start=\"417\" data-end=\"420\" \/>Incorporando el rico patrimonio cultural de la m\u00fasica turca, esta obra maestra refleja la experiencia y dedicaci\u00f3n de <strong data-start=\"538\" data-end=\"549\">Feramis<\/strong>, proporcionando a los m\u00fasicos una puerta de entrada incomparable para expresar emociones a trav\u00e9s de la m\u00fasica con la m\u00e1xima claridad y resonancia.<br data-start=\"697\" data-end=\"700\" \/><strong data-start=\"700\" data-end=\"723\" data-is-last-node=\"\">Env\u00edo desde Italia.<\/strong><\/p>\n","protected":false},"featured_media":5964,"comment_status":"open","ping_status":"closed","template":"","meta":{"googlesitekit_rrm_CAow0IDLDA:productID":"","_eb_attr":""},"product_brand":[],"product_cat":[346,307,316,347,318,321,383,382],"product_tag":[],"class_list":{"0":"post-22276","1":"product","2":"type-product","3":"status-publish","4":"has-post-thumbnail","6":"product_cat-instrumentos-de-cuerda","7":"product_cat-instruments-a-cordes","8":"product_cat-oud-fr","9":"product_cat-oud-es","10":"product_cat-oud-de-feramis-aktas","11":"product_cat-oud-turc","12":"product_cat-oud-turco-es","13":"product_cat-ouds-de-feramis-aktas","15":"first","16":"instock","17":"sale","18":"shipping-taxable","19":"purchasable","20":"product-type-simple"},"jetpack_sharing_enabled":true,"_links":{"self":[{"href":"https:\/\/tapadum.com\/es\/wp-json\/wp\/v2\/product\/22276","targetHints":{"allow":["GET"]}}],"collection":[{"href":"https:\/\/tapadum.com\/es\/wp-json\/wp\/v2\/product"}],"about":[{"href":"https:\/\/tapadum.com\/es\/wp-json\/wp\/v2\/types\/product"}],"replies":[{"embeddable":true,"href":"https:\/\/tapadum.com\/es\/wp-json\/wp\/v2\/comments?post=22276"}],"version-history":[{"count":0,"href":"https:\/\/tapadum.com\/es\/wp-json\/wp\/v2\/product\/22276\/revisions"}],"wp:featuredmedia":[{"embeddable":true,"href":"https:\/\/tapadum.com\/es\/wp-json\/wp\/v2\/media\/5964"}],"wp:attachment":[{"href":"https:\/\/tapadum.com\/es\/wp-json\/wp\/v2\/media?parent=22276"}],"wp:term":[{"taxonomy":"product_brand","embeddable":true,"href":"https:\/\/tapadum.com\/es\/wp-json\/wp\/v2\/product_brand?post=22276"},{"taxonomy":"product_cat","embeddable":true,"href":"https:\/\/tapadum.com\/es\/wp-json\/wp\/v2\/product_cat?post=22276"},{"taxonomy":"product_tag","embeddable":true,"href":"https:\/\/tapadum.com\/es\/wp-json\/wp\/v2\/product_tag?post=22276"}],"curies":[{"name":"wp","href":"https:\/\/api.w.org\/{rel}","templated":true}]}}