{"id":22290,"date":"2022-12-03T20:32:35","date_gmt":"2022-12-03T20:32:35","guid":{"rendered":"https:\/\/tapadum.com\/product\/20-psc-risha-profesional-pua-plectro-para-oud\/"},"modified":"2022-12-03T20:32:35","modified_gmt":"2022-12-03T20:32:35","slug":"20-psc-risha-profesional-pua-plectro-para-oud","status":"publish","type":"product","link":"https:\/\/tapadum.com\/es\/producto\/20-psc-risha-profesional-pua-plectro-para-oud\/","title":{"rendered":"20 Psc. Risha Profesional &#8211; P\u00faa &#8211; Plectro Para Oud"},"content":{"rendered":"<h3 class=\"\" data-start=\"0\" data-end=\"62\"><strong data-start=\"4\" data-end=\"60\">Set Profesional de P\u00faas para Oud (Risha) \u2013 20 Piezas<\/strong><\/h3>\n<p class=\"\" data-start=\"64\" data-end=\"151\">\u2714 <strong data-start=\"66\" data-end=\"79\">Material:<\/strong> Pl\u00e1stico<br data-start=\"88\" data-end=\"91\" \/>\u2714 <strong data-start=\"93\" data-end=\"104\">Grosor:<\/strong> 0.71 mm<br data-start=\"112\" data-end=\"115\" \/>\u2714 <strong data-start=\"117\" data-end=\"131\">Contenido:<\/strong> 1 Set = 20 Piezas<\/p>\n<p class=\"\" data-start=\"153\" data-end=\"308\">Mejora tu experiencia al tocar el <strong data-start=\"187\" data-end=\"194\">oud<\/strong> con este <strong data-start=\"204\" data-end=\"244\">set premium de 20 p\u00faas profesionales<\/strong>, conocidas como <strong data-start=\"261\" data-end=\"272\">\u00abrisha\u00bb<\/strong> en \u00e1rabe y <strong data-start=\"284\" data-end=\"296\">\u00abmizrap\u00bb<\/strong> en turco.<\/p>\n<p class=\"\" data-start=\"310\" data-end=\"524\">Fabricadas con <strong data-start=\"325\" data-end=\"348\">pl\u00e1stico resistente<\/strong> y un grosor de <strong data-start=\"364\" data-end=\"375\">0.71 mm<\/strong>, estas <strong data-start=\"383\" data-end=\"400\">p\u00faas para oud<\/strong> ofrecen la combinaci\u00f3n perfecta entre <strong data-start=\"439\" data-end=\"467\">flexibilidad y precisi\u00f3n<\/strong>, permitiendo un control \u00f3ptimo en cada interpretaci\u00f3n.<\/p>\n<p class=\"\" data-start=\"526\" data-end=\"788\">Este set est\u00e1 dise\u00f1ado para satisfacer <strong data-start=\"565\" data-end=\"595\">diversos estilos musicales<\/strong>, siendo una opci\u00f3n ideal tanto para <strong data-start=\"632\" data-end=\"676\">m\u00fasicos principiantes como profesionales<\/strong>. Muy apreciadas por int\u00e9rpretes en <strong data-start=\"712\" data-end=\"723\">Turqu\u00eda<\/strong>, estas <strong data-start=\"731\" data-end=\"742\">mizraps<\/strong> destacan por su <strong data-start=\"759\" data-end=\"785\">calidad y versatilidad<\/strong>.<\/p>\n<p class=\"\" data-start=\"790\" data-end=\"966\">Cada p\u00faa presenta <strong data-start=\"808\" data-end=\"847\">colores vibrantes y patrones \u00fanicos<\/strong>, brindando no solo un excelente rendimiento, sino tambi\u00e9n un toque visual distintivo a tu t\u00e9cnica de interpretaci\u00f3n.<\/p>\n<p class=\"\" data-start=\"968\" data-end=\"1172\">Ya sea que toques <strong data-start=\"986\" data-end=\"1012\">melod\u00edas tradicionales<\/strong> o explores sonidos m\u00e1s modernos, este <strong data-start=\"1051\" data-end=\"1072\">set de 20 mizraps<\/strong> te ofrece la libertad de elegir el grosor y la sensaci\u00f3n que mejor se adapte a tu estilo musical.<\/p>\n<p class=\"\" data-start=\"1174\" data-end=\"1271\">\ud83c\udfb6 <strong data-start=\"1177\" data-end=\"1271\" data-is-last-node=\"\">Elige calidad, comodidad y estilo con este accesorio esencial para todo int\u00e9rprete de oud.<\/strong><\/p>\n","protected":false},"excerpt":{"rendered":"<p class=\"\" data-start=\"0\" data-end=\"45\"><strong data-start=\"0\" data-end=\"43\">P\u00faa para Oud &amp; Risha \u2013 Plectro para Oud<\/strong><\/p>\n<p class=\"\" data-start=\"47\" data-end=\"132\">\u2714 <strong data-start=\"49\" data-end=\"62\">Material:<\/strong> Pl\u00e1stico<br data-start=\"71\" data-end=\"74\" \/>\u2714 <strong data-start=\"76\" data-end=\"87\">Grosor:<\/strong> 0.71 mm<br data-start=\"95\" data-end=\"98\" \/>\u2714 <strong data-start=\"100\" data-end=\"114\">Contenido:<\/strong> 1 Set = 20 Piezas<\/p>\n","protected":false},"featured_media":22291,"comment_status":"open","ping_status":"closed","template":"","meta":{"_eb_attr":""},"product_brand":[],"product_cat":[348,349],"product_tag":[],"class_list":{"0":"post-22290","1":"product","2":"type-product","3":"status-publish","4":"has-post-thumbnail","6":"product_cat-accesorios","7":"product_cat-accesorios-oud","9":"first","10":"instock","11":"shipping-taxable","12":"purchasable","13":"product-type-simple"},"jetpack_sharing_enabled":true,"_links":{"self":[{"href":"https:\/\/tapadum.com\/es\/wp-json\/wp\/v2\/product\/22290","targetHints":{"allow":["GET"]}}],"collection":[{"href":"https:\/\/tapadum.com\/es\/wp-json\/wp\/v2\/product"}],"about":[{"href":"https:\/\/tapadum.com\/es\/wp-json\/wp\/v2\/types\/product"}],"replies":[{"embeddable":true,"href":"https:\/\/tapadum.com\/es\/wp-json\/wp\/v2\/comments?post=22290"}],"version-history":[{"count":0,"href":"https:\/\/tapadum.com\/es\/wp-json\/wp\/v2\/product\/22290\/revisions"}],"wp:featuredmedia":[{"embeddable":true,"href":"https:\/\/tapadum.com\/es\/wp-json\/wp\/v2\/media\/22291"}],"wp:attachment":[{"href":"https:\/\/tapadum.com\/es\/wp-json\/wp\/v2\/media?parent=22290"}],"wp:term":[{"taxonomy":"product_brand","embeddable":true,"href":"https:\/\/tapadum.com\/es\/wp-json\/wp\/v2\/product_brand?post=22290"},{"taxonomy":"product_cat","embeddable":true,"href":"https:\/\/tapadum.com\/es\/wp-json\/wp\/v2\/product_cat?post=22290"},{"taxonomy":"product_tag","embeddable":true,"href":"https:\/\/tapadum.com\/es\/wp-json\/wp\/v2\/product_tag?post=22290"}],"curies":[{"name":"wp","href":"https:\/\/api.w.org\/{rel}","templated":true}]}}