{"id":22292,"date":"2022-12-03T20:36:21","date_gmt":"2022-12-03T20:36:21","guid":{"rendered":"https:\/\/tapadum.com\/product\/funda-acolchada-para-oud-de-buena-calidad\/"},"modified":"2025-03-29T07:43:59","modified_gmt":"2025-03-29T07:43:59","slug":"funda-acolchada-para-oud-de-buena-calidad","status":"publish","type":"product","link":"https:\/\/tapadum.com\/es\/producto\/funda-acolchada-para-oud-de-buena-calidad\/","title":{"rendered":"Funda Acolchada para Oud de Buena Calidad"},"content":{"rendered":"<h3 class=\"\" data-start=\"716\" data-end=\"788\"><strong data-start=\"720\" data-end=\"786\">Funda Premium para Oud \u2013 Protecci\u00f3n \u00d3ptima para tu Instrumento<\/strong><\/h3>\n<p class=\"\" data-start=\"790\" data-end=\"974\">Asegura la seguridad de tu <strong data-start=\"817\" data-end=\"857\">Oud Turco, Oud \u00c1rabe o Oud El\u00e9ctrico<\/strong> con esta <strong data-start=\"867\" data-end=\"892\">funda de alta calidad<\/strong>, dise\u00f1ada para adaptarse a todos los modelos y ofrecer una protecci\u00f3n superior.<\/p>\n<p class=\"\" data-start=\"976\" data-end=\"1083\">\ud83c\udfb5 <strong data-start=\"979\" data-end=\"999\">Oferta Especial:<\/strong> Disfruta de un <strong data-start=\"1015\" data-end=\"1035\">20% de descuento<\/strong> en esta funda con la compra de cualquier oud.<\/p>\n<p class=\"\" data-start=\"1085\" data-end=\"1349\">\ud83d\udd39 <strong data-start=\"1088\" data-end=\"1108\">Caracter\u00edsticas:<\/strong><br data-start=\"1108\" data-end=\"1111\" \/>\u2714 <strong data-start=\"1113\" data-end=\"1133\">Ajuste Universal<\/strong> \u2013 Compatible con <strong data-start=\"1151\" data-end=\"1177\">todos los tipos de oud<\/strong><br data-start=\"1177\" data-end=\"1180\" \/>\u2714 <strong data-start=\"1182\" data-end=\"1209\">Construcci\u00f3n Resistente<\/strong> \u2013 Dise\u00f1ada para una <strong data-start=\"1230\" data-end=\"1253\">protecci\u00f3n duradera<\/strong><br data-start=\"1253\" data-end=\"1256\" \/>\u2714 <strong data-start=\"1258\" data-end=\"1300\">Ideal para Almacenamiento y Transporte<\/strong> \u2013 Mant\u00e9n tu instrumento <strong data-start=\"1325\" data-end=\"1347\">seguro y protegido<\/strong><\/p>\n<p class=\"\" data-start=\"1351\" data-end=\"1451\">Brinda a tu oud <strong data-start=\"1367\" data-end=\"1407\">el cuidado y la seguridad que merece<\/strong> con esta <strong data-start=\"1417\" data-end=\"1448\">funda acolchada y confiable<\/strong>.<\/p>\n<p class=\"\" data-start=\"1453\" data-end=\"1498\">\ud83d\udce9 <strong data-start=\"1456\" data-end=\"1498\" data-is-last-node=\"\">Cont\u00e1ctanos para obtener tu descuento.<\/strong><\/p>\n","protected":false},"excerpt":{"rendered":"<p><strong>Estuche de Transporte para Oud de Alta Calidad<\/strong> dise\u00f1ado para varios tipos (Turco, \u00c1rabe, Iraqu\u00ed, Sirio,&#8230;), Fabricado con tela de calidad. * M\u00e1s de 30mm de acolchado interno Asa especial f\u00e1cil de transportar. Gancho de doble cara para usar como mochila. Transporte f\u00e1cilmente partituras y otros materiales para oud con el bolsillo especial. Una capa extra de protecci\u00f3n.<\/p>\n","protected":false},"featured_media":22293,"comment_status":"closed","ping_status":"closed","template":"","meta":{"_eb_attr":""},"product_brand":[],"product_cat":[348,349],"product_tag":[],"class_list":{"0":"post-22292","1":"product","2":"type-product","3":"status-publish","4":"has-post-thumbnail","6":"product_cat-accesorios","7":"product_cat-accesorios-oud","9":"first","10":"instock","11":"shipping-taxable","12":"purchasable","13":"product-type-simple"},"jetpack_sharing_enabled":true,"_links":{"self":[{"href":"https:\/\/tapadum.com\/es\/wp-json\/wp\/v2\/product\/22292","targetHints":{"allow":["GET"]}}],"collection":[{"href":"https:\/\/tapadum.com\/es\/wp-json\/wp\/v2\/product"}],"about":[{"href":"https:\/\/tapadum.com\/es\/wp-json\/wp\/v2\/types\/product"}],"replies":[{"embeddable":true,"href":"https:\/\/tapadum.com\/es\/wp-json\/wp\/v2\/comments?post=22292"}],"version-history":[{"count":1,"href":"https:\/\/tapadum.com\/es\/wp-json\/wp\/v2\/product\/22292\/revisions"}],"predecessor-version":[{"id":22301,"href":"https:\/\/tapadum.com\/es\/wp-json\/wp\/v2\/product\/22292\/revisions\/22301"}],"wp:featuredmedia":[{"embeddable":true,"href":"https:\/\/tapadum.com\/es\/wp-json\/wp\/v2\/media\/22293"}],"wp:attachment":[{"href":"https:\/\/tapadum.com\/es\/wp-json\/wp\/v2\/media?parent=22292"}],"wp:term":[{"taxonomy":"product_brand","embeddable":true,"href":"https:\/\/tapadum.com\/es\/wp-json\/wp\/v2\/product_brand?post=22292"},{"taxonomy":"product_cat","embeddable":true,"href":"https:\/\/tapadum.com\/es\/wp-json\/wp\/v2\/product_cat?post=22292"},{"taxonomy":"product_tag","embeddable":true,"href":"https:\/\/tapadum.com\/es\/wp-json\/wp\/v2\/product_tag?post=22292"}],"curies":[{"name":"wp","href":"https:\/\/api.w.org\/{rel}","templated":true}]}}