{"id":22313,"date":"2022-12-10T11:42:41","date_gmt":"2022-12-10T11:42:41","guid":{"rendered":"https:\/\/tapadum.com\/product\/professional-turkish-ney-e-tune-bolahenk\/"},"modified":"2022-12-10T11:42:41","modified_gmt":"2022-12-10T11:42:41","slug":"professional-turkish-ney-e-tune-bolahenk","status":"publish","type":"product","link":"https:\/\/tapadum.com\/es\/producto\/professional-turkish-ney-e-tune-bolahenk\/","title":{"rendered":"Professional Turkish Ney &#8211; E Tune (Bolahenk)"},"content":{"rendered":"<p class=\"\" data-start=\"1965\" data-end=\"1991\"><strong data-start=\"1965\" data-end=\"1991\">Traducci\u00f3n al espa\u00f1ol:<\/strong><\/p>\n<p class=\"\" data-start=\"1993\" data-end=\"2097\"><strong data-start=\"1993\" data-end=\"2046\">Ney Turco Profesional &#8211; Sinton\u00eda E (Bolahenk Ney)<\/strong><br data-start=\"2046\" data-end=\"2049\" \/><strong data-start=\"2049\" data-end=\"2097\">Ney Turco Hecho a Mano &#8211; Env\u00edo Desde Turqu\u00eda<\/strong><\/p>\n<p class=\"\" data-start=\"2099\" data-end=\"2585\">Descubre los sonidos aut\u00e9nticos de la m\u00fasica tradicional turca con el <strong data-start=\"2169\" data-end=\"2222\">Ney Turco Profesional &#8211; Sinton\u00eda E (Bolahenk Ney)<\/strong>. Hecho a mano con esmero, este <strong data-start=\"2254\" data-end=\"2268\">flauta Ney<\/strong> est\u00e1 fabricado con <strong data-start=\"2288\" data-end=\"2297\">bamb\u00fa<\/strong> que ha sido cuidadosamente secado durante al menos 15 a\u00f1os, garantizando un tono rico y resonante. El bamb\u00fa utilizado proviene de las regiones de <strong data-start=\"2444\" data-end=\"2451\">Ege<\/strong>, <strong data-start=\"2453\" data-end=\"2464\">Marmara<\/strong> y <strong data-start=\"2467\" data-end=\"2483\">Mediterr\u00e1neo<\/strong> en <strong data-start=\"2487\" data-end=\"2498\">Turqu\u00eda<\/strong>, conocidas por producir algunos de los mejores materiales para instrumentos musicales.<\/p>\n<p class=\"\" data-start=\"2587\" data-end=\"2923\">Aunque el <strong data-start=\"2597\" data-end=\"2615\">tono principal<\/strong> de este <strong data-start=\"2624\" data-end=\"2640\">Bolahenk Ney<\/strong> es <strong data-start=\"2644\" data-end=\"2654\">Mi (E)<\/strong>, ofrece versatilidad, lo que permite a los m\u00fasicos explorar una amplia gama de <strong data-start=\"2734\" data-end=\"2744\">maqams<\/strong> y <strong data-start=\"2747\" data-end=\"2756\">tonos<\/strong>, lo que lo hace adecuado tanto para m\u00fasicos principiantes como profesionales. Puedes escuchar el sonido ic\u00f3nico del <strong data-start=\"2873\" data-end=\"2889\">Bolahenk Ney<\/strong> en el primer video proporcionado.<\/p>\n<p class=\"\" data-start=\"2925\" data-end=\"3164\">En el segundo video, el m\u00fasico profesional y conferencista <strong data-start=\"2984\" data-end=\"3002\">Volkan Inc\u00fcvez<\/strong> demuestra los diferentes tonos y modos del <strong data-start=\"3046\" data-end=\"3053\">Ney<\/strong> utilizando el <strong data-start=\"3068\" data-end=\"3092\">Kiz Ney (Sinton\u00eda B)<\/strong>, ofreciendo una comprensi\u00f3n m\u00e1s profunda del potencial del instrumento.<\/p>\n<p class=\"\" data-start=\"3166\" data-end=\"3192\"><strong data-start=\"3166\" data-end=\"3192\">Caracter\u00edsticas clave:<\/strong><\/p>\n<ul data-start=\"3194\" data-end=\"3642\">\n<li class=\"\" data-start=\"3194\" data-end=\"3246\">\n<p class=\"\" data-start=\"3196\" data-end=\"3246\"><strong data-start=\"3196\" data-end=\"3212\">Hecho a mano<\/strong> para un sonido \u00fanico y aut\u00e9ntico.<\/p>\n<\/li>\n<li class=\"\" data-start=\"3247\" data-end=\"3293\">\n<p class=\"\" data-start=\"3249\" data-end=\"3293\"><strong data-start=\"3249\" data-end=\"3258\">Bamb\u00fa<\/strong> secado durante m\u00e1s de <strong data-start=\"3281\" data-end=\"3292\">15 a\u00f1os<\/strong>.<\/p>\n<\/li>\n<li class=\"\" data-start=\"3294\" data-end=\"3393\">\n<p class=\"\" data-start=\"3296\" data-end=\"3393\"><strong data-start=\"3296\" data-end=\"3306\">Origen<\/strong>: Procedente de las regiones de <strong data-start=\"3338\" data-end=\"3345\">Ege<\/strong>, <strong data-start=\"3347\" data-end=\"3358\">Marmara<\/strong> y <strong data-start=\"3361\" data-end=\"3377\">Mediterr\u00e1neo<\/strong> de <strong data-start=\"3381\" data-end=\"3392\">Turqu\u00eda<\/strong>.<\/p>\n<\/li>\n<li class=\"\" data-start=\"3394\" data-end=\"3486\">\n<p class=\"\" data-start=\"3396\" data-end=\"3486\"><strong data-start=\"3396\" data-end=\"3414\">Tono principal<\/strong>: <strong data-start=\"3416\" data-end=\"3426\">Mi (E)<\/strong> con capacidad para tocar diferentes <strong data-start=\"3463\" data-end=\"3473\">maqams<\/strong> y <strong data-start=\"3476\" data-end=\"3485\">tonos<\/strong>.<\/p>\n<\/li>\n<li class=\"\" data-start=\"3487\" data-end=\"3559\">\n<p class=\"\" data-start=\"3489\" data-end=\"3559\">Viene con una <strong data-start=\"3503\" data-end=\"3523\">funda resistente<\/strong> para protecci\u00f3n y f\u00e1cil transporte.<\/p>\n<\/li>\n<li class=\"\" data-start=\"3560\" data-end=\"3642\">\n<p class=\"\" data-start=\"3562\" data-end=\"3642\">Disponible en orientaci\u00f3n de <strong data-start=\"3591\" data-end=\"3619\">mano izquierda o derecha<\/strong>, seg\u00fan tu preferencia.<\/p>\n<\/li>\n<\/ul>\n<p class=\"\" data-start=\"3644\" data-end=\"3876\">Ya seas un m\u00fasico apasionado o un profesional experimentado, este <strong data-start=\"3710\" data-end=\"3763\">Ney Turco Profesional &#8211; Sinton\u00eda E (Bolahenk Ney)<\/strong> elevar\u00e1 tus presentaciones musicales y te sumergir\u00e1 en las profundas y conmovedoras melod\u00edas de la m\u00fasica turca.<\/p>\n<p>&nbsp;<\/p>\n<p><iframe title=\"Professional Turkish Ney - Bolahenk Ney (Tune E)\" width=\"800\" height=\"450\" src=\"https:\/\/www.youtube.com\/embed\/HKutt1bgKjY?feature=oembed\" frameborder=\"0\" allow=\"accelerometer; autoplay; clipboard-write; encrypted-media; gyroscope; picture-in-picture; web-share\" referrerpolicy=\"strict-origin-when-cross-origin\" allowfullscreen><\/iframe><\/p>\n<p><iframe title=\"About Ney Tunes &amp; Scales - Volkan Incuvez\" width=\"800\" height=\"450\" src=\"https:\/\/www.youtube.com\/embed\/W0qAVcgrhK0?feature=oembed\" frameborder=\"0\" allow=\"accelerometer; autoplay; clipboard-write; encrypted-media; gyroscope; picture-in-picture; web-share\" referrerpolicy=\"strict-origin-when-cross-origin\" allowfullscreen><\/iframe><\/p>\n","protected":false},"excerpt":{"rendered":"<p class=\"\" data-start=\"0\" data-end=\"94\"><strong data-start=\"0\" data-end=\"38\">Ney Turco Profesional Hecho a Mano<\/strong><br data-start=\"38\" data-end=\"41\" \/><strong data-start=\"41\" data-end=\"94\">Sinton\u00eda E &#8211; (Bolahenk Ney) Mano Izquierda Arriba<\/strong><\/p>\n<p class=\"\" data-start=\"96\" data-end=\"128\">\u00a1Viene con una funda resistente!<\/p>\n<p class=\"\" data-start=\"130\" data-end=\"210\">Puede prepararse con la <strong data-start=\"154\" data-end=\"172\">mano izquierda<\/strong> o <strong data-start=\"175\" data-end=\"193\">derecha arriba<\/strong>, seg\u00fan se desee.<\/p>\n<p class=\"\" data-start=\"212\" data-end=\"237\"><strong data-start=\"212\" data-end=\"237\" data-is-last-node=\"\">(Env\u00edo Desde Turqu\u00eda)<\/strong><\/p>\n","protected":false},"featured_media":22314,"comment_status":"open","ping_status":"closed","template":"","meta":{"_eb_attr":""},"product_brand":[],"product_cat":[390,394],"product_tag":[],"class_list":{"0":"post-22313","1":"product","2":"type-product","3":"status-publish","4":"has-post-thumbnail","6":"product_cat-instrumentos-de-viento","7":"product_cat-ney-turco","9":"first","10":"instock","11":"sold-individually","12":"shipping-taxable","13":"purchasable","14":"product-type-simple"},"jetpack_sharing_enabled":true,"_links":{"self":[{"href":"https:\/\/tapadum.com\/es\/wp-json\/wp\/v2\/product\/22313","targetHints":{"allow":["GET"]}}],"collection":[{"href":"https:\/\/tapadum.com\/es\/wp-json\/wp\/v2\/product"}],"about":[{"href":"https:\/\/tapadum.com\/es\/wp-json\/wp\/v2\/types\/product"}],"replies":[{"embeddable":true,"href":"https:\/\/tapadum.com\/es\/wp-json\/wp\/v2\/comments?post=22313"}],"version-history":[{"count":0,"href":"https:\/\/tapadum.com\/es\/wp-json\/wp\/v2\/product\/22313\/revisions"}],"wp:featuredmedia":[{"embeddable":true,"href":"https:\/\/tapadum.com\/es\/wp-json\/wp\/v2\/media\/22314"}],"wp:attachment":[{"href":"https:\/\/tapadum.com\/es\/wp-json\/wp\/v2\/media?parent=22313"}],"wp:term":[{"taxonomy":"product_brand","embeddable":true,"href":"https:\/\/tapadum.com\/es\/wp-json\/wp\/v2\/product_brand?post=22313"},{"taxonomy":"product_cat","embeddable":true,"href":"https:\/\/tapadum.com\/es\/wp-json\/wp\/v2\/product_cat?post=22313"},{"taxonomy":"product_tag","embeddable":true,"href":"https:\/\/tapadum.com\/es\/wp-json\/wp\/v2\/product_tag?post=22313"}],"curies":[{"name":"wp","href":"https:\/\/api.w.org\/{rel}","templated":true}]}}