{"id":22320,"date":"2022-12-10T12:58:45","date_gmt":"2022-12-10T11:58:45","guid":{"rendered":"https:\/\/tapadum.com\/product\/profesional-turco-ney-a-tune-mansur\/"},"modified":"2026-04-25T23:34:54","modified_gmt":"2026-04-25T21:34:54","slug":"profesional-turco-ney-a-tune-mansur","status":"publish","type":"product","link":"https:\/\/tapadum.com\/es\/producto\/profesional-turco-ney-a-tune-mansur\/","title":{"rendered":"Profesional Turco Ney A-Tune ( Mansur )"},"content":{"rendered":"<article class=\"w-full text-token-text-primary\" dir=\"auto\" data-testid=\"conversation-turn-194\" data-scroll-anchor=\"true\">\n<div class=\"text-base my-auto mx-auto py-5 px-6\">\n<div class=\"mx-auto flex flex-1 text-base gap-4 md:gap-5 lg:gap-6 md:max-w-3xl group\/turn-messages focus-visible:outline-none\" tabindex=\"-1\">\n<div class=\"group\/conversation-turn relative flex w-full min-w-0 flex-col agent-turn @xs\/thread:px-0 @sm\/thread:px-1.5 @md\/thread:px-4\">\n<div class=\"relative flex-col gap-1 md:gap-3\">\n<div class=\"flex max-w-full flex-col flex-grow\">\n<div class=\"min-h-8 text-message relative flex w-full flex-col items-end gap-2 whitespace-normal break-words text-start [.text-message+&amp;]:mt-5\" dir=\"auto\" data-message-author-role=\"assistant\" data-message-id=\"edc6958c-b978-458a-9286-77853d898734\" data-message-model-slug=\"gpt-4o-mini\">\n<div class=\"flex w-full flex-col gap-1 empty:hidden first:pt-[3px]\">\n<div class=\"markdown prose w-full break-words dark:prose-invert dark\">\n<h3 class=\"\" data-start=\"2287\" data-end=\"2310\">Spanish Translation<\/h3>\n<p class=\"\" data-start=\"2312\" data-end=\"2429\"><strong data-start=\"2312\" data-end=\"2364\">Ney Turco Profesional &#8211; Sinton\u00eda La (Mansur Ney)<\/strong><br data-start=\"2364\" data-end=\"2367\" \/><strong data-start=\"2367\" data-end=\"2429\">Instrumento Tradicional Hecho a Mano &#8211; Env\u00edo Desde Turqu\u00eda<\/strong><\/p>\n<p class=\"\" data-start=\"2431\" data-end=\"2718\">Descubre la rica belleza de la m\u00fasica tradicional turca con el <strong data-start=\"2494\" data-end=\"2533\">Ney Turco Profesional &#8211; Sinton\u00eda La<\/strong> (<strong data-start=\"2535\" data-end=\"2549\">Mansur Ney<\/strong>). Hacido a mano con precisi\u00f3n, este extraordinario instrumento captura el coraz\u00f3n de la cultura musical turca, ofreciendo un profundo viaje hacia melod\u00edas cautivadoras.<\/p>\n<p class=\"\" data-start=\"2720\" data-end=\"3025\">Hecho de <strong data-start=\"2729\" data-end=\"2754\">bamb\u00fa de alta calidad<\/strong> que ha sido envejecido de manera natural durante al menos 15 a\u00f1os, el <strong data-start=\"2825\" data-end=\"2839\">Mansur Ney<\/strong> ofrece una excepcional resonancia ac\u00fastica. El proceso de envejecimiento natural asegura que el bamb\u00fa alcance su tono \u00f3ptimo, produciendo sonidos profundamente expresivos y fascinantes.<\/p>\n<p class=\"\" data-start=\"3027\" data-end=\"3341\">Proveniente de las f\u00e9rtiles regiones de la <strong data-start=\"3070\" data-end=\"3077\">Ege<\/strong>, <strong data-start=\"3079\" data-end=\"3090\">Marmara<\/strong> y <strong data-start=\"3093\" data-end=\"3109\">Mediterr\u00e1neo<\/strong> de <strong data-start=\"3113\" data-end=\"3124\">Turqu\u00eda<\/strong>, el bamb\u00fa utilizado en este instrumento es conocido por su <strong data-start=\"3184\" data-end=\"3224\">fuerza, flexibilidad y riqueza tonal<\/strong>. Estas \u00e1reas son celebradas por proporcionar bamb\u00fa con las propiedades ideales para crear un sonido aut\u00e9ntico turco.<\/p>\n<p class=\"\" data-start=\"3343\" data-end=\"3709\">El <strong data-start=\"3346\" data-end=\"3385\">Ney Turco Profesional &#8211; Sinton\u00eda La<\/strong> est\u00e1 dise\u00f1ado con las necesidades de los m\u00fasicos en mente y viene con una <strong data-start=\"3460\" data-end=\"3485\">funda dura resistente<\/strong> para una m\u00e1xima protecci\u00f3n. Esta funda no solo protege tu ney de da\u00f1os, sino que tambi\u00e9n ofrece comodidad a los m\u00fasicos en movimiento, asegurando que tu instrumento permanezca en perfectas condiciones dondequiera que vayas.<\/p>\n<p class=\"\" data-start=\"3711\" data-end=\"3918\">Ya seas un profesional o un entusiasta apasionado, el <strong data-start=\"3765\" data-end=\"3779\">Mansur Ney<\/strong> es m\u00e1s que un instrumento musical; es un puente hacia los sonidos profundos y evocadores de las antiguas tradiciones musicales de Turqu\u00eda.<\/p>\n<p class=\"\" data-start=\"3920\" data-end=\"4211\">Con su tono <strong data-start=\"3932\" data-end=\"3938\">La<\/strong>, el <strong data-start=\"3943\" data-end=\"3957\">Mansur Ney<\/strong> ofrece flexibilidad, permitiendo al int\u00e9rprete explorar una variedad de tonos y <strong data-start=\"4038\" data-end=\"4049\">maqamat<\/strong>. En el video adjunto, <strong data-start=\"4072\" data-end=\"4090\">Volkan \u0130n\u00e7\u00fcvez<\/strong>, m\u00fasico profesional y docente, muestra las diferentes tonalidades y modos del ney, incluido el <strong data-start=\"4186\" data-end=\"4210\">K\u0131z Ney (Sinton\u00eda B)<\/strong>.<\/p>\n<p class=\"\" data-start=\"4213\" data-end=\"4245\"><strong data-start=\"4213\" data-end=\"4245\">Caracter\u00edsticas principales:<\/strong><\/p>\n<ul data-start=\"4247\" data-end=\"4535\">\n<li class=\"\" data-start=\"4247\" data-end=\"4317\">\n<p class=\"\" data-start=\"4249\" data-end=\"4317\"><strong data-start=\"4249\" data-end=\"4283\">Hecho de bamb\u00fa de alta calidad<\/strong> envejecido durante m\u00e1s de 15 a\u00f1os<\/p>\n<\/li>\n<li class=\"\" data-start=\"4318\" data-end=\"4383\">\n<p class=\"\" data-start=\"4320\" data-end=\"4383\"><strong data-start=\"4320\" data-end=\"4342\">Tono principal: La<\/strong>, con opciones para otros tonos y maqamat<\/p>\n<\/li>\n<li class=\"\" data-start=\"4384\" data-end=\"4425\">\n<p class=\"\" data-start=\"4386\" data-end=\"4425\">Viene con una <strong data-start=\"4400\" data-end=\"4425\">funda dura resistente<\/strong><\/p>\n<\/li>\n<li class=\"\" data-start=\"4426\" data-end=\"4509\">\n<p class=\"\" data-start=\"4428\" data-end=\"4509\">Puede ser hecho con la <strong data-start=\"4451\" data-end=\"4469\">mano izquierda<\/strong> o <strong data-start=\"4472\" data-end=\"4490\">derecha arriba<\/strong>, seg\u00fan preferencia<\/p>\n<\/li>\n<li class=\"\" data-start=\"4510\" data-end=\"4535\">\n<p class=\"\" data-start=\"4512\" data-end=\"4535\"><strong data-start=\"4512\" data-end=\"4535\">Env\u00edo desde Turqu\u00eda<\/strong><\/p>\n<\/li>\n<\/ul>\n<p class=\"\" data-start=\"4537\" data-end=\"4688\">Inicia un viaje musical con el <strong data-start=\"4568\" data-end=\"4607\">Ney Turco Profesional &#8211; Sinton\u00eda La<\/strong> (<strong data-start=\"4609\" data-end=\"4623\">Mansur Ney<\/strong>) y explora los sonidos profundos de la <strong data-start=\"4663\" data-end=\"4687\">m\u00fasica cl\u00e1sica turca<\/strong>.<\/p>\n<\/div>\n<\/div>\n<\/div>\n<\/div>\n<\/div>\n<\/div>\n<\/div>\n<\/div>\n<\/article>\n<p><strong>\u00a0 \u00a0 \u00a0 <\/strong><\/p>\n<p><iframe title=\"Professional Turkish Ney - Mansur Ney - (LA)\" width=\"800\" height=\"450\" src=\"https:\/\/www.youtube.com\/embed\/ALrhXN9qYpI?feature=oembed\" frameborder=\"0\" allow=\"accelerometer; autoplay; clipboard-write; encrypted-media; gyroscope; picture-in-picture; web-share\" referrerpolicy=\"strict-origin-when-cross-origin\" allowfullscreen><\/iframe><\/p>\n<p><a href=\"https:\/\/www.youtube.com\/watch?v=W0qAVcgrhK0\" target=\"_blank\" rel=\"noopener\">https:\/\/www.youtube.com\/watch?v=W0qAVcgrhK0<\/a><\/p>\n","protected":false},"excerpt":{"rendered":"<p>Experimenta la esencia de la herencia musical turca con el <strong data-start=\"59\" data-end=\"98\">Ney Turco Profesional &#8211; Sinton\u00eda La<\/strong> (<strong data-start=\"100\" data-end=\"114\">Mansur Ney<\/strong>).<br data-start=\"116\" data-end=\"119\" \/>Este instrumento de bamb\u00fa, hecho a mano con precisi\u00f3n y envejecido durante 15 a\u00f1os, resuena con tonos cautivadores provenientes de las regiones de <strong data-start=\"266\" data-end=\"273\">Ege<\/strong>, <strong data-start=\"275\" data-end=\"286\">Marmara<\/strong> y <strong data-start=\"289\" data-end=\"305\">Mediterr\u00e1neo<\/strong> de Turqu\u00eda.<br data-start=\"317\" data-end=\"320\" \/>Viene completo con una resistente funda dura, que protege el Ney mientras ofrece a los m\u00fasicos la libertad de explorar sus melod\u00edas conmovedoras.<br data-start=\"465\" data-end=\"468\" \/>Ya seas un jugador experimentado o un principiante, sum\u00e9rgete en el fascinante mundo de la m\u00fasica turca y deja que el <strong data-start=\"586\" data-end=\"600\">Mansur Ney<\/strong> te transporte a culturas antiguas y tierras lejanas, creando obras maestras emotivas que tocan corazones y almas por igual.<br data-start=\"724\" data-end=\"727\" \/><strong data-start=\"727\" data-end=\"751\" data-is-last-node=\"\">Env\u00edo desde Turqu\u00eda.<\/strong><\/p>\n","protected":false},"featured_media":22314,"comment_status":"closed","ping_status":"closed","template":"","meta":{"_eb_attr":""},"product_brand":[],"product_cat":[390,394],"product_tag":[],"class_list":{"0":"post-22320","1":"product","2":"type-product","3":"status-publish","4":"has-post-thumbnail","6":"product_cat-instrumentos-de-viento","7":"product_cat-ney-turco","9":"first","10":"instock","11":"sold-individually","12":"shipping-taxable","13":"purchasable","14":"product-type-simple"},"jetpack_sharing_enabled":true,"_links":{"self":[{"href":"https:\/\/tapadum.com\/es\/wp-json\/wp\/v2\/product\/22320","targetHints":{"allow":["GET"]}}],"collection":[{"href":"https:\/\/tapadum.com\/es\/wp-json\/wp\/v2\/product"}],"about":[{"href":"https:\/\/tapadum.com\/es\/wp-json\/wp\/v2\/types\/product"}],"replies":[{"embeddable":true,"href":"https:\/\/tapadum.com\/es\/wp-json\/wp\/v2\/comments?post=22320"}],"version-history":[{"count":1,"href":"https:\/\/tapadum.com\/es\/wp-json\/wp\/v2\/product\/22320\/revisions"}],"predecessor-version":[{"id":34697,"href":"https:\/\/tapadum.com\/es\/wp-json\/wp\/v2\/product\/22320\/revisions\/34697"}],"wp:featuredmedia":[{"embeddable":true,"href":"https:\/\/tapadum.com\/es\/wp-json\/wp\/v2\/media\/22314"}],"wp:attachment":[{"href":"https:\/\/tapadum.com\/es\/wp-json\/wp\/v2\/media?parent=22320"}],"wp:term":[{"taxonomy":"product_brand","embeddable":true,"href":"https:\/\/tapadum.com\/es\/wp-json\/wp\/v2\/product_brand?post=22320"},{"taxonomy":"product_cat","embeddable":true,"href":"https:\/\/tapadum.com\/es\/wp-json\/wp\/v2\/product_cat?post=22320"},{"taxonomy":"product_tag","embeddable":true,"href":"https:\/\/tapadum.com\/es\/wp-json\/wp\/v2\/product_tag?post=22320"}],"curies":[{"name":"wp","href":"https:\/\/api.w.org\/{rel}","templated":true}]}}