{"id":22603,"date":"2025-03-11T11:22:47","date_gmt":"2025-03-11T11:22:47","guid":{"rendered":"https:\/\/tapadum.com\/?post_type=product&#038;p=22603"},"modified":"2025-06-12T23:08:30","modified_gmt":"2025-06-12T23:08:30","slug":"ogur-sazi-profesional-1","status":"publish","type":"product","link":"https:\/\/tapadum.com\/es\/producto\/ogur-sazi-profesional-1\/","title":{"rendered":"O\u011fur Saz\u0131 Profesional"},"content":{"rendered":"<p>O\u011fur Saz\u0131 Profesional Hecho a Mano<\/p>\n<p>Cuerpo: Madera de enebro, que ofrece una resonancia ac\u00fastica c\u00e1lida y rica.<br \/>\nM\u00e1stil: Caoba, proporcionando resistencia y estabilidad para una tocabilidad suave.<br \/>\nDiapas\u00f3n: Nogal turco, agregando durabilidad y un acabado natural y hermoso.<br \/>\nTapa: Abeto, ofreciendo tonos brillantes, claros y una excelente proyecci\u00f3n.<\/p>\n<p>Inspirado en el tradicional ba\u011flama, el O\u011fur Saz\u0131 presenta cuerdas colocadas individualmente, similar a una guitarra, lo que permite una mayor complejidad tonal y riqueza de acordes. Se toca sin pua, siendo adecuado para la t\u00e9cnica de arpegio, lo que ofrece un sonido fluido y expresivo.<\/p>\n<p>Con opciones de cuerdas de una sola fila o de doble fila y un sistema de afinaci\u00f3n no tradicional desarrollado por el propio O\u011fur, este instrumento permite a los m\u00fasicos explorar nuevos paisajes sonoros. El O\u011fur Saz\u0131 es perfecto para aquellos que buscan llevar los l\u00edmites de su expresi\u00f3n musical mientras disfrutan de una pieza artesanal \u00fanica.<\/p>\n","protected":false},"excerpt":{"rendered":"<p>O\u011fur Saz\u0131 Profesional Hecho a Mano<\/p>\n<p>Experimenta los tonos profundos y resonantes del O\u011fur Saz\u0131, un instrumento de seis cuerdas inventado por el renombrado m\u00fasico Erkan O\u011fur. Hecho a mano con precisi\u00f3n y cuidado, este instrumento combina la artesan\u00eda tradicional con un dise\u00f1o innovador para m\u00fasicos que buscan un sonido \u00fanico y una experiencia de interpretaci\u00f3n especial<\/p>\n","protected":false},"featured_media":21999,"comment_status":"open","ping_status":"closed","template":"","meta":{"_eb_attr":""},"product_brand":[],"product_cat":[346,379],"product_tag":[],"class_list":{"0":"post-22603","1":"product","2":"type-product","3":"status-publish","4":"has-post-thumbnail","6":"product_cat-instrumentos-de-cuerda","7":"product_cat-ogur-sazi-es","9":"first","10":"instock","11":"sale","12":"shipping-taxable","13":"purchasable","14":"product-type-simple"},"jetpack_sharing_enabled":true,"_links":{"self":[{"href":"https:\/\/tapadum.com\/es\/wp-json\/wp\/v2\/product\/22603","targetHints":{"allow":["GET"]}}],"collection":[{"href":"https:\/\/tapadum.com\/es\/wp-json\/wp\/v2\/product"}],"about":[{"href":"https:\/\/tapadum.com\/es\/wp-json\/wp\/v2\/types\/product"}],"replies":[{"embeddable":true,"href":"https:\/\/tapadum.com\/es\/wp-json\/wp\/v2\/comments?post=22603"}],"version-history":[{"count":3,"href":"https:\/\/tapadum.com\/es\/wp-json\/wp\/v2\/product\/22603\/revisions"}],"predecessor-version":[{"id":25694,"href":"https:\/\/tapadum.com\/es\/wp-json\/wp\/v2\/product\/22603\/revisions\/25694"}],"wp:featuredmedia":[{"embeddable":true,"href":"https:\/\/tapadum.com\/es\/wp-json\/wp\/v2\/media\/21999"}],"wp:attachment":[{"href":"https:\/\/tapadum.com\/es\/wp-json\/wp\/v2\/media?parent=22603"}],"wp:term":[{"taxonomy":"product_brand","embeddable":true,"href":"https:\/\/tapadum.com\/es\/wp-json\/wp\/v2\/product_brand?post=22603"},{"taxonomy":"product_cat","embeddable":true,"href":"https:\/\/tapadum.com\/es\/wp-json\/wp\/v2\/product_cat?post=22603"},{"taxonomy":"product_tag","embeddable":true,"href":"https:\/\/tapadum.com\/es\/wp-json\/wp\/v2\/product_tag?post=22603"}],"curies":[{"name":"wp","href":"https:\/\/api.w.org\/{rel}","templated":true}]}}