{"id":22712,"date":"2024-10-11T15:24:54","date_gmt":"2024-10-11T15:24:54","guid":{"rendered":"https:\/\/tapadum.com\/product\/oud-turco-con-copa-de-arce\/"},"modified":"2025-06-29T12:47:51","modified_gmt":"2025-06-29T12:47:51","slug":"oud-turco-con-copa-de-arce","status":"publish","type":"product","link":"https:\/\/tapadum.com\/es\/producto\/oud-turco-con-copa-de-arce\/","title":{"rendered":"Oud Turco con Copa de Arce"},"content":{"rendered":"<p class=\"\" data-start=\"48\" data-end=\"99\"><strong data-start=\"48\" data-end=\"99\">Oud Turco \u2013 La Esencia de la M\u00fasica Tradicional<\/strong><\/p>\n<p class=\"\" data-start=\"101\" data-end=\"240\">El <strong data-start=\"104\" data-end=\"117\">Oud Turco<\/strong> es un instrumento de cuerda magistralmente elaborado, apreciado por sus tonos profundos y c\u00e1lidos, y su belleza atemporal.<\/p>\n<p class=\"\" data-start=\"242\" data-end=\"446\">Con una elegante tapa de abeto y una rica copa de arce, este oud ofrece una excepcional resonancia y claridad, lo que lo hace ideal tanto para la m\u00fasica tradicional turca como para composiciones modernas.<\/p>\n<p class=\"\" data-start=\"448\" data-end=\"468\"><strong data-start=\"448\" data-end=\"468\">Caracter\u00edsticas:<\/strong><\/p>\n<ul data-start=\"469\" data-end=\"647\">\n<li class=\"\" data-start=\"469\" data-end=\"488\">\n<p class=\"\" data-start=\"471\" data-end=\"488\"><strong data-start=\"471\" data-end=\"482\">Pernos:<\/strong> \u00c9bano<\/p>\n<\/li>\n<li class=\"\" data-start=\"489\" data-end=\"510\">\n<p class=\"\" data-start=\"491\" data-end=\"510\"><strong data-start=\"491\" data-end=\"504\">Diapas\u00f3n:<\/strong> Nogal<\/p>\n<\/li>\n<li class=\"\" data-start=\"511\" data-end=\"540\">\n<p class=\"\" data-start=\"513\" data-end=\"540\"><strong data-start=\"513\" data-end=\"525\">Cuerdas:<\/strong> Kurschner 0.09<\/p>\n<\/li>\n<li class=\"\" data-start=\"541\" data-end=\"557\">\n<p class=\"\" data-start=\"543\" data-end=\"557\"><strong data-start=\"543\" data-end=\"552\">Copa:<\/strong> Arce<\/p>\n<\/li>\n<li class=\"\" data-start=\"558\" data-end=\"575\">\n<p class=\"\" data-start=\"560\" data-end=\"575\"><strong data-start=\"560\" data-end=\"569\">Tapa:<\/strong> Abeto<\/p>\n<\/li>\n<li class=\"\" data-start=\"576\" data-end=\"612\">\n<p class=\"\" data-start=\"578\" data-end=\"612\"><strong data-start=\"578\" data-end=\"604\">Longitud de la escala:<\/strong> 58.5 cm<\/p>\n<\/li>\n<li class=\"\" data-start=\"613\" data-end=\"647\">\n<p class=\"\" data-start=\"615\" data-end=\"647\"><strong data-start=\"615\" data-end=\"633\">Fabricado por:<\/strong> Maestro Ahmet<\/p>\n<\/li>\n<\/ul>\n<p class=\"\" data-start=\"649\" data-end=\"787\">Los pernos de \u00e9bano aseguran una afinaci\u00f3n suave y precisa, mientras que el diapas\u00f3n de nogal proporciona una experiencia de toque c\u00f3moda.<\/p>\n<p class=\"\" data-start=\"789\" data-end=\"934\">Equipado con cuerdas Kurschner 0.09, este oud ofrece un sonido brillante, pero equilibrado, que resuena hermosamente a trav\u00e9s de la copa de arce.<\/p>\n<p class=\"\" data-start=\"936\" data-end=\"1161\">Ya seas un int\u00e9rprete experimentado o un aprendiz apasionado, el <strong data-start=\"1001\" data-end=\"1014\">Oud Turco<\/strong> es un instrumento vers\u00e1til y esencial, que captura el alma de la m\u00fasica del Medio Oriente con su intrincada artesan\u00eda y su rica profundidad tonal.<\/p>\n<p><iframe title=\"Turkish Oud Instrument With Maple Bowl - Oud Solo\" width=\"800\" height=\"450\" src=\"https:\/\/www.youtube.com\/embed\/Z7euJV-VGLA?feature=oembed\" frameborder=\"0\" allow=\"accelerometer; autoplay; clipboard-write; encrypted-media; gyroscope; picture-in-picture; web-share\" referrerpolicy=\"strict-origin-when-cross-origin\" allowfullscreen><\/iframe><\/p>\n","protected":false},"excerpt":{"rendered":"<article class=\"text-token-text-primary w-full\" dir=\"auto\" data-testid=\"conversation-turn-42\" data-scroll-anchor=\"true\">\n<div class=\"text-base my-auto mx-auto py-5 px-6\">\n<div class=\"mx-auto flex flex-1 text-base gap-4 md:gap-5 lg:gap-6 md:max-w-3xl group\/turn-messages focus-visible:outline-hidden\" tabindex=\"-1\">\n<div class=\"group\/conversation-turn relative flex w-full min-w-0 flex-col agent-turn @xs\/thread:px-0 @sm\/thread:px-1.5 @md\/thread:px-4\">\n<div class=\"relative flex-col gap-1 md:gap-3\">\n<div class=\"flex max-w-full flex-col grow\">\n<div class=\"min-h-8 text-message relative flex w-full flex-col items-end gap-2 text-start break-words whitespace-normal [.text-message+&amp;]:mt-5\" dir=\"auto\" data-message-author-role=\"assistant\" data-message-id=\"819be552-d124-40f1-908f-eb4ed84bf0d9\" data-message-model-slug=\"gpt-4o-mini\">\n<div class=\"flex w-full flex-col gap-1 empty:hidden first:pt-[3px]\">\n<div class=\"markdown prose dark:prose-invert w-full break-words light\">\n<p class=\"\" data-start=\"48\" data-end=\"425\"><strong data-start=\"48\" data-end=\"84\">Descuento Especial por 24 horas.<\/strong><br data-start=\"84\" data-end=\"87\" \/>El <strong data-start=\"90\" data-end=\"103\">Oud Turco<\/strong> es un instrumento de cuerda finamente elaborado, con una elegante tapa de abeto, una copa resonante de arce y clavijas de \u00e9bano suaves para una afinaci\u00f3n precisa. Su diapas\u00f3n de nogal y cuerdas Kurschner 0.09 proporcionan un sonido brillante y equilibrado, ideal tanto para interpretaciones tradicionales como modernas.<\/p>\n<p class=\"\" data-start=\"427\" data-end=\"675\">Con una longitud de escala de 58,5 cm, este oud ofrece una rica profundidad tonal y una jugabilidad excepcional, lo que lo convierte en la opci\u00f3n perfecta para m\u00fasicos que desean explorar el profundo legado musical de la m\u00fasica del Medio Oriente.<\/p>\n<p class=\"\" data-start=\"677\" data-end=\"754\">Viene con <strong data-start=\"687\" data-end=\"696\">Risha<\/strong> (pua de Oud) y <strong data-start=\"712\" data-end=\"727\">funda suave<\/strong>.<br data-start=\"728\" data-end=\"731\" \/><strong data-start=\"731\" data-end=\"754\" data-is-last-node=\"\">Env\u00edo desde Italia.<\/strong><\/p>\n<\/div>\n<\/div>\n<\/div>\n<\/div>\n<div class=\"flex justify-start\">\n<div class=\"touch:-me-2 touch:-ms-3.5 -ms-2.5 -me-1 flex items-center p-1 select-none -mt-1 duration-[1.5s] focus-within:transition-none hover:transition-none pointer-events-none [mask-image:linear-gradient(to_right,black_33%,transparent_66%)] [mask-position:100%_0%] [mask-size:300%_100%] motion-safe:transition-[mask-position] group-hover\/turn-messages:pointer-events-auto group-hover\/turn-messages:[mask-position:0_0] group-focus-within\/turn-messages:pointer-events-auto group-focus-within\/turn-messages:[mask-position:0_0] has-data-[state=open]:pointer-events-auto has-data-[state=open]:[mask-position:0_0]\"><\/div>\n<\/div>\n<\/div>\n<div class=\"absolute\">\n<div class=\"flex items-center justify-center\"><\/div>\n<\/div>\n<\/div>\n<\/div>\n<\/div>\n<\/article>\n<div class=\"pointer-events-none h-px w-px\" aria-hidden=\"true\" data-edge=\"true\"><\/div>\n","protected":false},"featured_media":22721,"comment_status":"open","ping_status":"closed","template":"","meta":{"_eb_attr":""},"product_brand":[],"product_cat":[346,347,383],"product_tag":[],"class_list":{"0":"post-22712","1":"product","2":"type-product","3":"status-publish","4":"has-post-thumbnail","6":"product_cat-instrumentos-de-cuerda","7":"product_cat-oud-es","8":"product_cat-oud-turco-es","10":"first","11":"instock","12":"sale","13":"shipping-taxable","14":"purchasable","15":"product-type-simple"},"jetpack_sharing_enabled":true,"_links":{"self":[{"href":"https:\/\/tapadum.com\/es\/wp-json\/wp\/v2\/product\/22712","targetHints":{"allow":["GET"]}}],"collection":[{"href":"https:\/\/tapadum.com\/es\/wp-json\/wp\/v2\/product"}],"about":[{"href":"https:\/\/tapadum.com\/es\/wp-json\/wp\/v2\/types\/product"}],"replies":[{"embeddable":true,"href":"https:\/\/tapadum.com\/es\/wp-json\/wp\/v2\/comments?post=22712"}],"version-history":[{"count":2,"href":"https:\/\/tapadum.com\/es\/wp-json\/wp\/v2\/product\/22712\/revisions"}],"predecessor-version":[{"id":26499,"href":"https:\/\/tapadum.com\/es\/wp-json\/wp\/v2\/product\/22712\/revisions\/26499"}],"wp:featuredmedia":[{"embeddable":true,"href":"https:\/\/tapadum.com\/es\/wp-json\/wp\/v2\/media\/22721"}],"wp:attachment":[{"href":"https:\/\/tapadum.com\/es\/wp-json\/wp\/v2\/media?parent=22712"}],"wp:term":[{"taxonomy":"product_brand","embeddable":true,"href":"https:\/\/tapadum.com\/es\/wp-json\/wp\/v2\/product_brand?post=22712"},{"taxonomy":"product_cat","embeddable":true,"href":"https:\/\/tapadum.com\/es\/wp-json\/wp\/v2\/product_cat?post=22712"},{"taxonomy":"product_tag","embeddable":true,"href":"https:\/\/tapadum.com\/es\/wp-json\/wp\/v2\/product_tag?post=22712"}],"curies":[{"name":"wp","href":"https:\/\/api.w.org\/{rel}","templated":true}]}}