{"id":22793,"date":"2024-10-11T14:18:49","date_gmt":"2024-10-11T14:18:49","guid":{"rendered":"https:\/\/tapadum.com\/product\/tambor-de-marco-con-afinacion-por-aire-o-50-cm-piel-natural\/"},"modified":"2025-04-04T11:06:12","modified_gmt":"2025-04-04T11:06:12","slug":"tambor-de-marco-con-afinacion-por-aire-o-50-cm-piel-natural","status":"publish","type":"product","link":"https:\/\/tapadum.com\/es\/producto\/tambor-de-marco-con-afinacion-por-aire-o-50-cm-piel-natural\/","title":{"rendered":"Tambor de Marco con Afinaci\u00f3n por Aire &#8211; \u00d8 50 cm &#8211; Piel Natural"},"content":{"rendered":"<article class=\"text-token-text-primary w-full\" dir=\"auto\" data-testid=\"conversation-turn-58\" data-scroll-anchor=\"true\">\n<div class=\"text-base my-auto mx-auto py-5 px-6\">\n<div class=\"mx-auto flex flex-1 text-base gap-4 md:gap-5 lg:gap-6 md:max-w-3xl group\/turn-messages focus-visible:outline-hidden\" tabindex=\"-1\">\n<div class=\"group\/conversation-turn relative flex w-full min-w-0 flex-col agent-turn @xs\/thread:px-0 @sm\/thread:px-1.5 @md\/thread:px-4\">\n<div class=\"relative flex-col gap-1 md:gap-3\">\n<div class=\"flex max-w-full flex-col grow\">\n<div class=\"min-h-8 text-message relative flex w-full flex-col items-end gap-2 text-start break-words whitespace-normal [.text-message+&amp;]:mt-5\" dir=\"auto\" data-message-author-role=\"assistant\" data-message-id=\"a657d231-cf36-4f53-9ff8-f06191fb48ab\" data-message-model-slug=\"gpt-4o-mini\">\n<div class=\"flex w-full flex-col gap-1 empty:hidden first:pt-[3px]\">\n<div class=\"markdown prose dark:prose-invert w-full break-words light\">\n<p class=\"\" data-start=\"48\" data-end=\"153\"><strong data-start=\"48\" data-end=\"153\">Presentamos el Tambor de Marco con Afinaci\u00f3n por Aire &#8211; \u00a1Revolucionando la Afinaci\u00f3n de los Tambores!<\/strong><\/p>\n<p class=\"\" data-start=\"155\" data-end=\"601\">\u00a1Experimenta un nuevo nivel de comodidad y precisi\u00f3n con nuestro innovador Sistema de Afinaci\u00f3n por Aire! Di adi\u00f3s a las complicaciones de los m\u00e9todos tradicionales de afinaci\u00f3n de tambores y da la bienvenida al futuro de la percusi\u00f3n con los brazos abiertos. Nuestros Tambores con Afinaci\u00f3n por Aire cuentan con un dise\u00f1o ingenioso que combina tecnolog\u00eda de vanguardia con una artesan\u00eda atemporal, brind\u00e1ndote una experiencia de percusi\u00f3n \u00fanica.<\/p>\n<p class=\"\" data-start=\"603\" data-end=\"637\"><strong data-start=\"603\" data-end=\"637\">Sistema de Afinaci\u00f3n por Aire:<\/strong><\/p>\n<p class=\"\" data-start=\"639\" data-end=\"1321\">\u00bfCansado de perder tiempo valioso luchando con la afinaci\u00f3n de los tambores? \u00a1Nuestro Sistema de Afinaci\u00f3n por Aire cambiar\u00e1 para siempre la forma en que abordas la percusi\u00f3n! Con un tubo interno de bicicleta inteligentemente integrado entre el marco y la piel natural de cabra, lograr el tono y la tensi\u00f3n deseados nunca ha sido tan f\u00e1cil. Simplemente usa una bomba para ajustar la presi\u00f3n del aire dentro del tambor, lo que te permite afinar tu sonido sin esfuerzo sobre la marcha. Ya seas un m\u00fasico profesional o un principiante entusiasta, el Sistema de Afinaci\u00f3n por Aire ofrece comodidad y precisi\u00f3n inigualables, ayud\u00e1ndote a lograr el sonido deseado en cuesti\u00f3n de momentos.<\/p>\n<p class=\"\" data-start=\"1323\" data-end=\"1350\"><strong data-start=\"1323\" data-end=\"1350\">Artesan\u00eda y Materiales:<\/strong><\/p>\n<p class=\"\" data-start=\"1352\" data-end=\"1875\">Fabricado con cuidado y precisi\u00f3n, el <strong data-start=\"1390\" data-end=\"1432\">Tambor de Marco con Afinaci\u00f3n por Aire<\/strong> ofrece una calidad excepcional que resistir\u00e1 la prueba del tiempo. El marco, construido con el mejor \u00e1rbol de carpe coloreado, exuda tanto elegancia como durabilidad. Esto asegura no solo un atractivo visual impresionante, sino tambi\u00e9n una resonancia que mejora la profundidad y la riqueza de tu interpretaci\u00f3n. La piel natural de cabra, conocida por sus cualidades tonales, contribuye a\u00fan m\u00e1s al sonido excepcional producido por este tambor.<\/p>\n<p class=\"\" data-start=\"1877\" data-end=\"1898\"><strong data-start=\"1877\" data-end=\"1898\">Especificaciones:<\/strong><\/p>\n<ul data-start=\"1900\" data-end=\"2366\">\n<li class=\"\" data-start=\"1900\" data-end=\"1993\">\n<p class=\"\" data-start=\"1902\" data-end=\"1993\"><strong data-start=\"1902\" data-end=\"1915\">Di\u00e1metro:<\/strong> 50 cm &#8211; El tama\u00f1o ideal para una experiencia de juego equilibrada y vers\u00e1til.<\/p>\n<\/li>\n<li class=\"\" data-start=\"1994\" data-end=\"2086\">\n<p class=\"\" data-start=\"1996\" data-end=\"2086\"><strong data-start=\"1996\" data-end=\"2012\">Profundidad:<\/strong> 10 cm &#8211; Logrando el equilibrio perfecto entre profundidad y portabilidad.<\/p>\n<\/li>\n<li class=\"\" data-start=\"2087\" data-end=\"2221\">\n<p class=\"\" data-start=\"2089\" data-end=\"2221\"><strong data-start=\"2089\" data-end=\"2098\">Piel:<\/strong> Piel Natural de Cabra &#8211; Conocida por sus tonos c\u00e1lidos y su jugabilidad sensible, mejorando la experiencia sonora general.<\/p>\n<\/li>\n<li class=\"\" data-start=\"2222\" data-end=\"2366\">\n<p class=\"\" data-start=\"2224\" data-end=\"2366\"><strong data-start=\"2224\" data-end=\"2234\">Marco:<\/strong> \u00c1rbol de Carpe Coloreado &#8211; Una combinaci\u00f3n de belleza y resistencia, proporcionando una base confiable para tu exploraci\u00f3n musical.<\/p>\n<\/li>\n<\/ul>\n<p class=\"\" data-start=\"2368\" data-end=\"2404\"><strong data-start=\"2368\" data-end=\"2404\">Desbloquea Tu Potencial Musical:<\/strong><\/p>\n<p class=\"\" data-start=\"2406\" data-end=\"2759\">Ya sea que est\u00e9s tocando para relajarte, para una presentaci\u00f3n o para grabar, el <strong data-start=\"2487\" data-end=\"2529\">Tambor de Marco con Afinaci\u00f3n por Aire<\/strong> te permite explorar un mundo de posibilidades sonoras. El revolucionario Sistema de Afinaci\u00f3n por Aire agiliza tu proceso creativo, permiti\u00e9ndote concentrarte en expresarte sin ser limitado por los tediosos rituales de afinaci\u00f3n.<\/p>\n<p class=\"\" data-start=\"2761\" data-end=\"3000\"><strong data-start=\"2761\" data-end=\"2845\">Eleva tu experiencia de percusi\u00f3n con el Tambor de Marco con Afinaci\u00f3n por Aire.<\/strong> Abrazar la fusi\u00f3n de innovaci\u00f3n y tradici\u00f3n, y deja que tu viaje musical despegue. \u00a1Haz tu pedido ahora y experimenta el futuro de la percusi\u00f3n hoy mismo!<\/p>\n<\/div>\n<\/div>\n<\/div>\n<\/div>\n<div class=\"flex justify-start\">\n<div class=\"touch:-me-2 touch:-ms-3.5 -ms-2.5 -me-1 flex items-center p-1 select-none -mt-1 duration-[1.5s] focus-within:transition-none hover:transition-none pointer-events-none [mask-image:linear-gradient(to_right,black_33%,transparent_66%)] [mask-position:100%_0%] [mask-size:300%_100%] motion-safe:transition-[mask-position] group-hover\/turn-messages:pointer-events-auto group-hover\/turn-messages:[mask-position:0_0] group-focus-within\/turn-messages:pointer-events-auto group-focus-within\/turn-messages:[mask-position:0_0] has-data-[state=open]:pointer-events-auto has-data-[state=open]:[mask-position:0_0]\"><\/div>\n<\/div>\n<\/div>\n<div class=\"absolute\">\n<div class=\"flex items-center justify-center\"><\/div>\n<\/div>\n<\/div>\n<\/div>\n<\/div>\n<\/article>\n<div class=\"pointer-events-none h-px w-px\" aria-hidden=\"true\" data-edge=\"true\"><\/div>\n","protected":false},"excerpt":{"rendered":"<article class=\"text-token-text-primary w-full\" dir=\"auto\" data-testid=\"conversation-turn-60\" data-scroll-anchor=\"true\">\n<div class=\"text-base my-auto mx-auto py-5 px-6\">\n<div class=\"mx-auto flex flex-1 text-base gap-4 md:gap-5 lg:gap-6 md:max-w-3xl group\/turn-messages focus-visible:outline-hidden\" tabindex=\"-1\">\n<div class=\"group\/conversation-turn relative flex w-full min-w-0 flex-col agent-turn @xs\/thread:px-0 @sm\/thread:px-1.5 @md\/thread:px-4\">\n<div class=\"relative flex-col gap-1 md:gap-3\">\n<div class=\"flex max-w-full flex-col grow\">\n<div class=\"min-h-8 text-message relative flex w-full flex-col items-end gap-2 text-start break-words whitespace-normal [.text-message+&amp;]:mt-5\" dir=\"auto\" data-message-author-role=\"assistant\" data-message-id=\"4cc8bc1d-ea4f-4c5f-b536-ca524a516cc2\" data-message-model-slug=\"gpt-4o-mini\">\n<div class=\"flex w-full flex-col gap-1 empty:hidden first:pt-[3px]\">\n<div class=\"markdown prose dark:prose-invert w-full break-words light\">\n<p class=\"\" data-start=\"48\" data-end=\"276\"><strong data-start=\"48\" data-end=\"276\">Experimenta el futuro de la percusi\u00f3n con el Tambor de Marco con Afinaci\u00f3n por Aire, que presenta el innovador Sistema de Afinaci\u00f3n por Aire que utiliza un tubo interno de bicicleta para una afinaci\u00f3n precisa y sin esfuerzo.<\/strong><\/p>\n<p class=\"\" data-start=\"278\" data-end=\"442\">Fabricado con cuidado, el tambor combina la elegancia y durabilidad del marco de \u00e1rbol de carpe coloreado con la calidez y sensibilidad de la piel natural de cabra.<\/p>\n<p class=\"\" data-start=\"444\" data-end=\"661\">Con un di\u00e1metro de 50 cm y una profundidad de 10 cm, este tambor ofrece una experiencia de juego equilibrada y vers\u00e1til, revolucionando la forma en que los m\u00fasicos abordan la afinaci\u00f3n y desatan su potencial creativo.<\/p>\n<\/div>\n<\/div>\n<\/div>\n<\/div>\n<div class=\"flex justify-start\">\n<div class=\"touch:-me-2 touch:-ms-3.5 -ms-2.5 -me-1 flex items-center p-1 select-none -mt-1 duration-[1.5s] focus-within:transition-none hover:transition-none pointer-events-none [mask-image:linear-gradient(to_right,black_33%,transparent_66%)] [mask-position:100%_0%] [mask-size:300%_100%] motion-safe:transition-[mask-position] group-hover\/turn-messages:pointer-events-auto group-hover\/turn-messages:[mask-position:0_0] group-focus-within\/turn-messages:pointer-events-auto group-focus-within\/turn-messages:[mask-position:0_0] has-data-[state=open]:pointer-events-auto has-data-[state=open]:[mask-position:0_0]\"><\/div>\n<\/div>\n<\/div>\n<div class=\"absolute\">\n<div class=\"flex items-center justify-center\"><\/div>\n<\/div>\n<\/div>\n<\/div>\n<\/div>\n<\/article>\n<div class=\"pointer-events-none h-px w-px\" aria-hidden=\"true\" data-edge=\"true\"><\/div>\n","protected":false},"featured_media":22797,"comment_status":"open","ping_status":"closed","template":"","meta":{"_eb_attr":""},"product_brand":[],"product_cat":[],"product_tag":[],"class_list":{"0":"post-22793","1":"product","2":"type-product","3":"status-publish","4":"has-post-thumbnail","7":"first","8":"outofstock","9":"sale","10":"shipping-taxable","11":"purchasable","12":"product-type-simple"},"jetpack_sharing_enabled":true,"_links":{"self":[{"href":"https:\/\/tapadum.com\/es\/wp-json\/wp\/v2\/product\/22793","targetHints":{"allow":["GET"]}}],"collection":[{"href":"https:\/\/tapadum.com\/es\/wp-json\/wp\/v2\/product"}],"about":[{"href":"https:\/\/tapadum.com\/es\/wp-json\/wp\/v2\/types\/product"}],"replies":[{"embeddable":true,"href":"https:\/\/tapadum.com\/es\/wp-json\/wp\/v2\/comments?post=22793"}],"version-history":[{"count":1,"href":"https:\/\/tapadum.com\/es\/wp-json\/wp\/v2\/product\/22793\/revisions"}],"predecessor-version":[{"id":22799,"href":"https:\/\/tapadum.com\/es\/wp-json\/wp\/v2\/product\/22793\/revisions\/22799"}],"wp:featuredmedia":[{"embeddable":true,"href":"https:\/\/tapadum.com\/es\/wp-json\/wp\/v2\/media\/22797"}],"wp:attachment":[{"href":"https:\/\/tapadum.com\/es\/wp-json\/wp\/v2\/media?parent=22793"}],"wp:term":[{"taxonomy":"product_brand","embeddable":true,"href":"https:\/\/tapadum.com\/es\/wp-json\/wp\/v2\/product_brand?post=22793"},{"taxonomy":"product_cat","embeddable":true,"href":"https:\/\/tapadum.com\/es\/wp-json\/wp\/v2\/product_cat?post=22793"},{"taxonomy":"product_tag","embeddable":true,"href":"https:\/\/tapadum.com\/es\/wp-json\/wp\/v2\/product_tag?post=22793"}],"curies":[{"name":"wp","href":"https:\/\/api.w.org\/{rel}","templated":true}]}}