{"id":22969,"date":"2023-07-01T22:52:59","date_gmt":"2023-07-01T20:52:59","guid":{"rendered":"https:\/\/tapadum.com\/product\/clave-de-afinacion-para-santur\/"},"modified":"2026-04-25T23:34:51","modified_gmt":"2026-04-25T21:34:51","slug":"clave-de-afinacion-para-santur","status":"publish","type":"product","link":"https:\/\/tapadum.com\/es\/producto\/clave-de-afinacion-para-santur\/","title":{"rendered":"Llave de Afinaci\u00f3n para Santur"},"content":{"rendered":"<h3>Llave de Afinaci\u00f3n para Santur<\/h3>\n<p>El Santur, como instrumento musical tradicional, es conocido por sus ricas cualidades tonales. Afinar adecuadamente el Santur mejora la calidad de tu m\u00fasica. Por lo tanto, la <strong>Llave de Afinaci\u00f3n para Santur<\/strong> es la herramienta de afinaci\u00f3n perfecta para tu instrumento. Fabricada con materiales de alta calidad, esta llave de afinaci\u00f3n juega un papel crucial en tu actuaci\u00f3n musical.<\/p>\n<p>Esta llave de afinaci\u00f3n cuenta con un dise\u00f1o port\u00e1til con dimensiones de 7 cm x 7 cm x 3 cm y pesa 0.7 kg. Te permite lograr tonos musicales de manera precisa durante el proceso de afinaci\u00f3n de tu Santur. Es extremadamente f\u00e1cil de usar e ideal para m\u00fasicos de todos los niveles.<\/p>\n<ul>\n<li><strong>Nombre del Producto:<\/strong> Llave de Afinaci\u00f3n para Santur<\/li>\n<li><strong>Precio:<\/strong> 22.12 EUR<\/li>\n<li><strong>SKU:<\/strong> Tap159<\/li>\n<li><strong>Dimensiones:<\/strong> 7 cm x 7 cm x 3 cm<\/li>\n<li><strong>Peso:<\/strong> 0.7 kg<\/li>\n<\/ul>\n<p>Al utilizar esta llave de afinaci\u00f3n, puedes hacer los ajustes necesarios para asegurar que tu Santur rinda al m\u00e1ximo. La <strong>Llave de Afinaci\u00f3n para Santur<\/strong> es una opci\u00f3n de regalo perfecta para los entusiastas de la m\u00fasica y ayuda a mejorar tus habilidades musicales.<\/p>\n","protected":false},"excerpt":{"rendered":"<p>La Llave de Afinaci\u00f3n para Santur es el accesorio ideal para la afinaci\u00f3n del Santur.<\/p>\n","protected":false},"featured_media":22970,"comment_status":"closed","ping_status":"closed","template":"","meta":{"googlesitekit_rrm_CAow0IDLDA:productID":"","_eb_attr":""},"product_brand":[],"product_cat":[348,351],"product_tag":[],"class_list":{"0":"post-22969","1":"product","2":"type-product","3":"status-publish","4":"has-post-thumbnail","6":"product_cat-accesorios","7":"product_cat-accesorios-santur","9":"first","10":"outofstock","11":"sold-individually","12":"shipping-taxable","13":"purchasable","14":"product-type-simple"},"jetpack_sharing_enabled":true,"_links":{"self":[{"href":"https:\/\/tapadum.com\/es\/wp-json\/wp\/v2\/product\/22969","targetHints":{"allow":["GET"]}}],"collection":[{"href":"https:\/\/tapadum.com\/es\/wp-json\/wp\/v2\/product"}],"about":[{"href":"https:\/\/tapadum.com\/es\/wp-json\/wp\/v2\/types\/product"}],"replies":[{"embeddable":true,"href":"https:\/\/tapadum.com\/es\/wp-json\/wp\/v2\/comments?post=22969"}],"version-history":[{"count":2,"href":"https:\/\/tapadum.com\/es\/wp-json\/wp\/v2\/product\/22969\/revisions"}],"predecessor-version":[{"id":34067,"href":"https:\/\/tapadum.com\/es\/wp-json\/wp\/v2\/product\/22969\/revisions\/34067"}],"wp:featuredmedia":[{"embeddable":true,"href":"https:\/\/tapadum.com\/es\/wp-json\/wp\/v2\/media\/22970"}],"wp:attachment":[{"href":"https:\/\/tapadum.com\/es\/wp-json\/wp\/v2\/media?parent=22969"}],"wp:term":[{"taxonomy":"product_brand","embeddable":true,"href":"https:\/\/tapadum.com\/es\/wp-json\/wp\/v2\/product_brand?post=22969"},{"taxonomy":"product_cat","embeddable":true,"href":"https:\/\/tapadum.com\/es\/wp-json\/wp\/v2\/product_cat?post=22969"},{"taxonomy":"product_tag","embeddable":true,"href":"https:\/\/tapadum.com\/es\/wp-json\/wp\/v2\/product_tag?post=22969"}],"curies":[{"name":"wp","href":"https:\/\/api.w.org\/{rel}","templated":true}]}}