{"id":23058,"date":"2021-10-10T17:33:11","date_gmt":"2021-10-10T15:33:11","guid":{"rendered":"https:\/\/tapadum.com\/product\/cumbus-saz-cooper-cumbus-de-cuello-de-saz-sazbus-profesional\/"},"modified":"2026-05-01T10:53:25","modified_gmt":"2026-05-01T08:53:25","slug":"cumbus-saz-cooper-cumbus-de-cuello-de-saz-sazbus-profesional","status":"publish","type":"product","link":"https:\/\/tapadum.com\/es\/producto\/cumbus-saz-cooper-cumbus-de-cuello-de-saz-sazbus-profesional\/","title":{"rendered":"Cumbus Saz Cooper (Cuerpo de Cumbus Saz) Sazbus Profesional"},"content":{"rendered":"<p>El C\u00fcmb\u00fc\u015f es un instrumento \u00fanico e innovador que ocupa un lugar especial en la m\u00fasica turca, desarrollado por Zeynel Abidin C\u00fcmb\u00fc\u015f a principios del siglo XX.<\/p>\n<p>Cuenta con un cuerpo de cobre con piel natural o sint\u00e9tica estirada sobre la tapa, un m\u00e1stil largo, trastes y cuerdas de metal, creando un sonido vers\u00e1til que combina elementos de guitarra, banjo y oud.<\/p>\n<p>Una innovaci\u00f3n clave del C\u00fcmb\u00fc\u015f es su m\u00e1stil ajustable e intercambiable, que permite ajustes de altura y la opci\u00f3n de cambiar de m\u00e1stil.<\/p>\n<p>Este dise\u00f1o proporciona flexibilidad a los int\u00e9rpretes para ajustar la altura del instrumento seg\u00fan sus preferencias y explorar diferentes posibilidades tonales utilizando diferentes m\u00e1stiles.<\/p>\n<p>Con esta caracter\u00edstica \u00fanica, se convierte en un instrumento vers\u00e1til que puede adaptarse a varios estilos musicales y expresiones creativas.<\/p>\n<p>El cuerpo de cobre tambi\u00e9n act\u00faa como una c\u00e1mara de resonancia, amplificando el sonido y otorgando al instrumento una proyecci\u00f3n y calidad tonal distintas.<\/p>\n<p>Este sistema de resonador permite que el instrumento se escuche claramente en diversos entornos musicales, desde actuaciones \u00edntimas hasta grandes conjuntos.<\/p>\n<p>Con su fusi\u00f3n de la herencia turca tradicional y la artesan\u00eda moderna, este instrumento abre las puertas a un mundo de creatividad y exploraci\u00f3n sonora.<br \/><strong>Cuerpo:<\/strong> Cobre<br \/><strong>Clavijas:<\/strong> Clavijas de Piezas Mec\u00e1nicas<br \/><strong>M\u00e1stil:<\/strong> Haya (19 \/ 24 trastes) (M\u00e1stil Largo o Corto)<br \/><strong>Diapas\u00f3n:<\/strong> Caoba \/ Nogal<br \/><strong>Cubierta de Sonido:<\/strong> Cuero sint\u00e9tico de 0.125 micrones<br \/>&nbsp;<br \/>Este instrumento, dise\u00f1ado a partir de la <strong>baglama<\/strong>, es m\u00e1s peque\u00f1o y delgado que el C\u00fcmb\u00fc\u015f.<br \/><strong>\u00a1Opciones de m\u00e1stil Largo y Corto disponibles!<\/strong><br \/><strong>.Cuerpo: Cobre<\/strong> \/ Forjado a Mano<br \/><strong>. Clavijas de Afinaci\u00f3n:<\/strong> Piezas Mec\u00e1nicas<br \/><strong>. M\u00e1stil:<\/strong> Haya (19 \/ 24 trastes)<br \/><strong>. Teclado:<\/strong> Caoba \/ Nogal<br \/><strong>. Cuerdas:<\/strong> 3 Cuerdas Dobles<br \/><strong>. Cubierta de Sonido:<\/strong> Cuero sint\u00e9tico de 0.125 micrones<\/p>\n","protected":false},"excerpt":{"rendered":"<p>Cumbus Cooper Saz Creado por Zeynel Abidin C\u00fcmb\u00fc\u015f<\/p>\n","protected":false},"featured_media":3582,"comment_status":"closed","ping_status":"closed","template":"","meta":{"_eb_attr":""},"product_brand":[],"product_cat":[372,407,346],"product_tag":[],"class_list":{"0":"post-23058","1":"product","2":"type-product","3":"status-publish","4":"has-post-thumbnail","6":"product_cat-baglama-saz-es","7":"product_cat-cuello-largo","8":"product_cat-instrumentos-de-cuerda","10":"first","11":"instock","12":"sold-individually","13":"shipping-taxable","14":"purchasable","15":"product-type-simple"},"jetpack_sharing_enabled":true,"_links":{"self":[{"href":"https:\/\/tapadum.com\/es\/wp-json\/wp\/v2\/product\/23058","targetHints":{"allow":["GET"]}}],"collection":[{"href":"https:\/\/tapadum.com\/es\/wp-json\/wp\/v2\/product"}],"about":[{"href":"https:\/\/tapadum.com\/es\/wp-json\/wp\/v2\/types\/product"}],"replies":[{"embeddable":true,"href":"https:\/\/tapadum.com\/es\/wp-json\/wp\/v2\/comments?post=23058"}],"version-history":[{"count":2,"href":"https:\/\/tapadum.com\/es\/wp-json\/wp\/v2\/product\/23058\/revisions"}],"predecessor-version":[{"id":34976,"href":"https:\/\/tapadum.com\/es\/wp-json\/wp\/v2\/product\/23058\/revisions\/34976"}],"wp:featuredmedia":[{"embeddable":true,"href":"https:\/\/tapadum.com\/es\/wp-json\/wp\/v2\/media\/3582"}],"wp:attachment":[{"href":"https:\/\/tapadum.com\/es\/wp-json\/wp\/v2\/media?parent=23058"}],"wp:term":[{"taxonomy":"product_brand","embeddable":true,"href":"https:\/\/tapadum.com\/es\/wp-json\/wp\/v2\/product_brand?post=23058"},{"taxonomy":"product_cat","embeddable":true,"href":"https:\/\/tapadum.com\/es\/wp-json\/wp\/v2\/product_cat?post=23058"},{"taxonomy":"product_tag","embeddable":true,"href":"https:\/\/tapadum.com\/es\/wp-json\/wp\/v2\/product_tag?post=23058"}],"curies":[{"name":"wp","href":"https:\/\/api.w.org\/{rel}","templated":true}]}}