{"id":23350,"date":"2023-12-13T19:18:50","date_gmt":"2023-12-13T19:18:50","guid":{"rendered":"https:\/\/tapadum.com\/product\/soporte-completo-para-qanun-y-santoor\/"},"modified":"2023-12-13T19:18:50","modified_gmt":"2023-12-13T19:18:50","slug":"soporte-completo-para-qanun-y-santoor","status":"publish","type":"product","link":"https:\/\/tapadum.com\/es\/producto\/soporte-completo-para-qanun-y-santoor\/","title":{"rendered":"Soporte Completo para Qanun y Santoor"},"content":{"rendered":"<h3>\ud83c\udfb6 Soporte Completo para Qanun y Santoor<\/h3>\n<p class=\"first:mt-1.5\">\ud83e\ude95 <strong class=\"\">Soporte para Qanun y Santoor<\/strong>, un set completo dise\u00f1ado para ofrecer <strong class=\"\">durabilidad<\/strong> y <strong class=\"\">comodidad<\/strong>.<\/p>\n<p class=\"first:mt-1.5\">\u2728 <strong class=\"\">Caracter\u00edsticas Principales:<\/strong><\/p>\n<ul class=\"list-disc\">\n<li class=\"ml-4\"><strong class=\"\">Soporte de metal altamente duradero<\/strong>, compatible con cualquier tipo de Qanun o Santoor.<\/li>\n<li class=\"ml-4\"><strong class=\"\">Almohadillas protectoras<\/strong> en los laterales para evitar deslizamientos o movimientos durante pr\u00e1cticas, sesiones de improvisaci\u00f3n y actuaciones.<\/li>\n<li class=\"ml-4\"><strong class=\"\">Altura ajustable<\/strong>, ideal para personas de todas las estaturas.<\/li>\n<\/ul>\n<p class=\"first:mt-1.5\">\ud83d\udccf <strong class=\"\">Especificaciones:<\/strong><\/p>\n<ul class=\"list-disc\">\n<li class=\"ml-4\"><strong class=\"\">Peso<\/strong>: 7.5 kg<\/li>\n<li class=\"ml-4\"><strong class=\"\">Medidas<\/strong>: 71.5 cm X 47 cm X 16 cm<\/li>\n<\/ul>\n<p class=\"first:mt-1.5\">\ud83c\udf81 <strong class=\"\">Incluye:<\/strong><\/p>\n<ul class=\"list-disc\">\n<li class=\"ml-4\"><strong class=\"\">Soporte para Notas de Qanun<\/strong><\/li>\n<li class=\"ml-4\"><strong class=\"\">Bolsa Suave para el Soporte de Qanun<\/strong><\/li>\n<\/ul>\n<p class=\"first:mt-1.5\">\ud83d\udce6 Todo viene <strong class=\"\">empaquetado de forma segura<\/strong> para garantizar la m\u00e1xima protecci\u00f3n durante el env\u00edo.<\/p>\n","protected":false},"excerpt":{"rendered":"<p>\ud83c\udfb6 Soporte Completo para Qanun y Santoor \ud83e\ude95 Soporte para Qanun y Santoor, un set completo dise\u00f1ado para ofrecer durabilidad y comodidad. \u2728 Caracter\u00edsticas Principales: Soporte de metal altamente duradero, compatible con cualquier tipo de Qanun o Santoor. Almohadillas protectoras en los laterales para evitar deslizamientos o movimientos durante pr\u00e1cticas, sesiones de improvisaci\u00f3n y actuaciones. [&hellip;]<\/p>\n","protected":false},"featured_media":23351,"comment_status":"open","ping_status":"closed","template":"","meta":{"_eb_attr":""},"product_brand":[],"product_cat":[348,351],"product_tag":[],"class_list":{"0":"post-23350","1":"product","2":"type-product","3":"status-publish","4":"has-post-thumbnail","6":"product_cat-accesorios","7":"product_cat-accesorios-santur","9":"first","10":"instock","11":"shipping-taxable","12":"purchasable","13":"product-type-simple"},"jetpack_sharing_enabled":true,"_links":{"self":[{"href":"https:\/\/tapadum.com\/es\/wp-json\/wp\/v2\/product\/23350","targetHints":{"allow":["GET"]}}],"collection":[{"href":"https:\/\/tapadum.com\/es\/wp-json\/wp\/v2\/product"}],"about":[{"href":"https:\/\/tapadum.com\/es\/wp-json\/wp\/v2\/types\/product"}],"replies":[{"embeddable":true,"href":"https:\/\/tapadum.com\/es\/wp-json\/wp\/v2\/comments?post=23350"}],"version-history":[{"count":0,"href":"https:\/\/tapadum.com\/es\/wp-json\/wp\/v2\/product\/23350\/revisions"}],"wp:featuredmedia":[{"embeddable":true,"href":"https:\/\/tapadum.com\/es\/wp-json\/wp\/v2\/media\/23351"}],"wp:attachment":[{"href":"https:\/\/tapadum.com\/es\/wp-json\/wp\/v2\/media?parent=23350"}],"wp:term":[{"taxonomy":"product_brand","embeddable":true,"href":"https:\/\/tapadum.com\/es\/wp-json\/wp\/v2\/product_brand?post=23350"},{"taxonomy":"product_cat","embeddable":true,"href":"https:\/\/tapadum.com\/es\/wp-json\/wp\/v2\/product_cat?post=23350"},{"taxonomy":"product_tag","embeddable":true,"href":"https:\/\/tapadum.com\/es\/wp-json\/wp\/v2\/product_tag?post=23350"}],"curies":[{"name":"wp","href":"https:\/\/api.w.org\/{rel}","templated":true}]}}