{"id":26360,"date":"2025-06-27T20:22:43","date_gmt":"2025-06-27T20:22:43","guid":{"rendered":"https:\/\/tapadum.com\/?post_type=product&#038;p=26360"},"modified":"2025-08-19T13:20:55","modified_gmt":"2025-08-19T13:20:55","slug":"caglama-double-pick-up-kopya","status":"publish","type":"product","link":"https:\/\/tapadum.com\/es\/producto\/caglama-double-pick-up-kopya\/","title":{"rendered":"Caglama \u2013 Double Pick Up"},"content":{"rendered":"<p class=\"\" data-start=\"68\" data-end=\"346\"><strong data-start=\"68\" data-end=\"119\">Descubre la Caglama \u2013 Serie Nueva Generaci\u00f3n C1<\/strong>,<br data-start=\"120\" data-end=\"123\" \/>un instrumento que lleva los l\u00edmites de la innovaci\u00f3n musical. Esta creaci\u00f3n \u00fanica es el resultado de la fusi\u00f3n entre la guitarra el\u00e9ctrica y la baglama, culminando en un sonido cautivador que trasciende g\u00e9neros y culturas.<\/p>\n<p class=\"\" data-start=\"348\" data-end=\"556\">Fabricada con precisi\u00f3n y pasi\u00f3n, su cuerpo de morera con tapa de olmo no solo le otorga una apariencia impresionante, sino tambi\u00e9n una resonancia que resuena con el alma tanto del int\u00e9rprete como del oyente.<\/p>\n<p class=\"\" data-start=\"558\" data-end=\"735\">La combinaci\u00f3n del m\u00e1stil de fresno con el diapas\u00f3n de afromosia garantiza una estabilidad inigualable y un tono c\u00e1lido y rico que distingue al instrumento de los tradicionales.<\/p>\n<p class=\"\" data-start=\"737\" data-end=\"903\">Para mejorar las capacidades sonoras de la Caglama, cuenta con el pick-up doble Epiphone, una caracter\u00edstica vanguardista que captura cada matiz de tu interpretaci\u00f3n.<\/p>\n<p class=\"\" data-start=\"905\" data-end=\"1057\">Desde suaves rasgueos hasta poderosos acordes, este pick-up reproduce fielmente tu sonido \u00fanico, permitiendo que tu creatividad fluya sin restricciones.<\/p>\n<p class=\"\" data-start=\"1059\" data-end=\"1169\">La Caglama no es solo un simple instrumento; es un testimonio vivo del arte del m\u00fasico turco \u00d6m\u00fcr K\u0131l\u0131\u00e7arslan.<\/p>\n<p class=\"\" data-start=\"1171\" data-end=\"1389\">Este instrumento sigue evolucionando e inspirando a m\u00fasicos de todo el mundo, rompiendo las barreras entre los estilos orientales y occidentales e invitando a los artistas a explorar territorios musicales inexplorados.<\/p>\n<p class=\"\" data-start=\"1391\" data-end=\"1526\">Desata tu potencial, abraza la fusi\u00f3n de culturas y crea m\u00fasica que trascienda fronteras con este excepcional instrumento en tus manos.<\/p>\n<p class=\"\" data-start=\"1528\" data-end=\"1717\">\u00danete a la liga de m\u00fasicos renombrados que ya han hecho de la Caglama una parte integral de su viaje musical. Eleva tu arte y deja que la Caglama sea el catalizador de tu evoluci\u00f3n musical.<\/p>\n","protected":false},"excerpt":{"rendered":"<p class=\"\" data-start=\"68\" data-end=\"760\"><strong data-start=\"68\" data-end=\"110\">La Caglama \u2013 Serie Nueva Generaci\u00f3n B3<\/strong> es un instrumento innovador nacido de la fusi\u00f3n entre la guitarra el\u00e9ctrica y la baglama.<br data-start=\"200\" data-end=\"203\" \/>Fabricada con un cuerpo de morera con tapa de olmo,<br data-start=\"254\" data-end=\"257\" \/>su puente personalizado garantiza una afinaci\u00f3n impecable, mientras que el pick-up doble Epiphone captura cada matiz del sonido \u00fanico del int\u00e9rprete.<br data-start=\"406\" data-end=\"409\" data-is-only-node=\"\" \/>Desarrollada por el m\u00fasico turco \u00d6m\u00fcr K\u0131l\u0131\u00e7arslan, la Caglama ofrece un sonido cautivador y distintivo que trasciende tanto los estilos occidentales como orientales, convirti\u00e9ndola en una opci\u00f3n preferida por m\u00fasicos de todo el mundo.<br data-start=\"643\" data-end=\"646\" \/>Abraza la evoluci\u00f3n de la m\u00fasica con la Caglama: un instrumento que une culturas y redefine los l\u00edmites creativos.<\/p>\n","protected":false},"featured_media":26368,"comment_status":"open","ping_status":"closed","template":"","meta":{"_eb_attr":""},"product_brand":[],"product_cat":[376,346],"product_tag":[],"class_list":{"0":"post-26360","1":"product","2":"type-product","3":"status-publish","4":"has-post-thumbnail","6":"product_cat-caglama-es","7":"product_cat-instrumentos-de-cuerda","9":"first","10":"instock","11":"sale","12":"shipping-taxable","13":"purchasable","14":"product-type-simple"},"jetpack_sharing_enabled":true,"_links":{"self":[{"href":"https:\/\/tapadum.com\/es\/wp-json\/wp\/v2\/product\/26360","targetHints":{"allow":["GET"]}}],"collection":[{"href":"https:\/\/tapadum.com\/es\/wp-json\/wp\/v2\/product"}],"about":[{"href":"https:\/\/tapadum.com\/es\/wp-json\/wp\/v2\/types\/product"}],"replies":[{"embeddable":true,"href":"https:\/\/tapadum.com\/es\/wp-json\/wp\/v2\/comments?post=26360"}],"version-history":[{"count":2,"href":"https:\/\/tapadum.com\/es\/wp-json\/wp\/v2\/product\/26360\/revisions"}],"predecessor-version":[{"id":27243,"href":"https:\/\/tapadum.com\/es\/wp-json\/wp\/v2\/product\/26360\/revisions\/27243"}],"wp:featuredmedia":[{"embeddable":true,"href":"https:\/\/tapadum.com\/es\/wp-json\/wp\/v2\/media\/26368"}],"wp:attachment":[{"href":"https:\/\/tapadum.com\/es\/wp-json\/wp\/v2\/media?parent=26360"}],"wp:term":[{"taxonomy":"product_brand","embeddable":true,"href":"https:\/\/tapadum.com\/es\/wp-json\/wp\/v2\/product_brand?post=26360"},{"taxonomy":"product_cat","embeddable":true,"href":"https:\/\/tapadum.com\/es\/wp-json\/wp\/v2\/product_cat?post=26360"},{"taxonomy":"product_tag","embeddable":true,"href":"https:\/\/tapadum.com\/es\/wp-json\/wp\/v2\/product_tag?post=26360"}],"curies":[{"name":"wp","href":"https:\/\/api.w.org\/{rel}","templated":true}]}}