{"id":28113,"date":"2025-10-02T12:55:10","date_gmt":"2025-10-02T12:55:10","guid":{"rendered":"https:\/\/tapadum.com\/product\/handpan-voice-sky-9-notas-en-re-menor-d-kurd\/"},"modified":"2026-04-20T21:52:46","modified_gmt":"2026-04-20T21:52:46","slug":"handpan-voice-sky-9-notas-en-re-menor-d-kurd","status":"publish","type":"product","link":"https:\/\/tapadum.com\/es\/producto\/handpan-voice-sky-9-notas-en-re-menor-d-kurd\/","title":{"rendered":"Handpan Voice Sky \u2013 9 Notas en Re Menor (D Kurd)"},"content":{"rendered":"<h3>Handpan Voice Sky \u2013 9 Notas en Re Menor (D Kurd)<\/h3>\n<p>Descubre el <strong>Handpan Voice Sky<\/strong>, un instrumento musical que combina calidad y accesibilidad. Este handpan de acero inoxidable se presenta con 9 notas afinadas a mano en <strong>Re Menor (D Kurd)<\/strong>, ofreciendo una experiencia sonora \u00fanica y envolvente. Perfecto para quienes desean adentrarse en el<strong> mundo de la terapia de sonido<\/strong>, la meditaci\u00f3n o el yoga, el Handpan Voice Sky es una opci\u00f3n ideal tanto para principiantes como para m\u00fasicos experimentados.<\/p>\n<p><strong>Caracter\u00edsticas destacadas:<\/strong><\/p>\n<ul>\n<li><strong>Escala:<\/strong> Re Menor (D Kurd) \u2013 ofrece tonos profundos y vers\u00e1tiles.<\/li>\n<li><strong>Notas:<\/strong> 9 notas afinadas a mano que permiten crear melod\u00edas llenas de expresi\u00f3n.<\/li>\n<li><strong>Material:<\/strong> Acero inoxidable de alta calidad, proporcionando un sonido c\u00e1lido y resonante.<\/li>\n<li><strong>Dimensiones:<\/strong> 53 \u00d7 53 \u00d7 28 cm \u2013 f\u00e1cil de transportar y perfecto para cualquier lugar.<\/li>\n<li><strong>Peso:<\/strong> 5 kg \u2013 ligero y pr\u00e1ctico para llevar a tus sesiones de m\u00fasica o terapia.<\/li>\n<\/ul>\n<p>El Handpan Voice Sky no solo es adecuado para la pr\u00e1ctica personal, sino que tambi\u00e9n es ideal para sesiones grupales. Su afinaci\u00f3n precisa y resonancia rica crean un entorno relajante y placentero. Adem\u00e1s, su construcci\u00f3n duradera asegura que disfrutar\u00e1s de este instrumento durante muchos a\u00f1os.<\/p>\n<p>Con el Handpan Voice Sky, experimentar\u00e1s la belleza de la m\u00fasica del handpan a un precio inmejorable. Ya sea que busques un instrumento para la meditaci\u00f3n o simplemente desees disfrutar de melod\u00edas relajantes, este handpan se convertir\u00e1 en tu compa\u00f1ero perfecto.<\/p>\n","protected":false},"excerpt":{"rendered":"<p>Handpan Voice Sky 9 Notas en Re Menor \u2013 un handpan asequible y de acero inoxidable, ideal para principiantes, meditaci\u00f3n y terapia sonora.<\/p>\n","protected":false},"featured_media":29949,"comment_status":"open","ping_status":"closed","template":"","meta":{"googlesitekit_rrm_CAow0IDLDA:productID":"","_eb_attr":""},"product_brand":[],"product_cat":[359,366,300,439,437,294],"product_tag":[],"class_list":{"0":"post-28113","1":"product","2":"type-product","3":"status-publish","4":"has-post-thumbnail","6":"product_cat-percusion","7":"product_cat-handpan-es","8":"product_cat-handpan-fr","9":"product_cat-instrumentos-de-sanacion-sonora-terapia-de-sonido","10":"product_cat-instruments-de-guerison-sonore","11":"product_cat-percussions-fr","13":"first","14":"instock","15":"sale","16":"shipping-taxable","17":"purchasable","18":"product-type-simple"},"jetpack_sharing_enabled":true,"_links":{"self":[{"href":"https:\/\/tapadum.com\/es\/wp-json\/wp\/v2\/product\/28113","targetHints":{"allow":["GET"]}}],"collection":[{"href":"https:\/\/tapadum.com\/es\/wp-json\/wp\/v2\/product"}],"about":[{"href":"https:\/\/tapadum.com\/es\/wp-json\/wp\/v2\/types\/product"}],"replies":[{"embeddable":true,"href":"https:\/\/tapadum.com\/es\/wp-json\/wp\/v2\/comments?post=28113"}],"version-history":[{"count":2,"href":"https:\/\/tapadum.com\/es\/wp-json\/wp\/v2\/product\/28113\/revisions"}],"predecessor-version":[{"id":31986,"href":"https:\/\/tapadum.com\/es\/wp-json\/wp\/v2\/product\/28113\/revisions\/31986"}],"wp:featuredmedia":[{"embeddable":true,"href":"https:\/\/tapadum.com\/es\/wp-json\/wp\/v2\/media\/29949"}],"wp:attachment":[{"href":"https:\/\/tapadum.com\/es\/wp-json\/wp\/v2\/media?parent=28113"}],"wp:term":[{"taxonomy":"product_brand","embeddable":true,"href":"https:\/\/tapadum.com\/es\/wp-json\/wp\/v2\/product_brand?post=28113"},{"taxonomy":"product_cat","embeddable":true,"href":"https:\/\/tapadum.com\/es\/wp-json\/wp\/v2\/product_cat?post=28113"},{"taxonomy":"product_tag","embeddable":true,"href":"https:\/\/tapadum.com\/es\/wp-json\/wp\/v2\/product_tag?post=28113"}],"curies":[{"name":"wp","href":"https:\/\/api.w.org\/{rel}","templated":true}]}}