{"id":28123,"date":"2024-10-10T18:50:22","date_gmt":"2024-10-10T18:50:22","guid":{"rendered":"https:\/\/tapadum.com\/product\/darbuka-profesional-de-barro-para-solistas\/"},"modified":"2024-10-10T18:50:22","modified_gmt":"2024-10-10T18:50:22","slug":"darbuka-profesional-de-barro-para-solistas","status":"publish","type":"product","link":"https:\/\/tapadum.com\/es\/producto\/darbuka-profesional-de-barro-para-solistas\/","title":{"rendered":"Darbuka Profesional de Barro para Solistas"},"content":{"rendered":"<p data-start=\"0\" data-end=\"109\"><strong data-start=\"0\" data-end=\"107\">Darbuka Profesional de Barro para Solistas \u2013 Eleva tu Expresi\u00f3n Musical con Aut\u00e9nticos Motivos Egipcios<\/strong><\/p>\n<p data-start=\"111\" data-end=\"561\">Lleva tu m\u00fasica al siguiente nivel y expresa toda tu creatividad en actuaciones solistas. La <strong data-start=\"204\" data-end=\"258\">Tapadum Darbuka Profesional de Barro para Solistas<\/strong> combina un <strong data-start=\"270\" data-end=\"300\">cuerpo de arcilla decorada<\/strong> con <strong data-start=\"305\" data-end=\"336\">motivos egipcios aut\u00e9nticos<\/strong>, ofreciendo una experiencia visual y ac\u00fastica fascinante. Su <strong data-start=\"398\" data-end=\"433\">parche de piel de cabra natural<\/strong> produce tonos <strong data-start=\"448\" data-end=\"483\">brillantes, precisos y potentes<\/strong>, ideales para ejecutar <strong data-start=\"507\" data-end=\"527\">ritmos complejos<\/strong> y <strong data-start=\"530\" data-end=\"558\">actuaciones en solitario<\/strong>.<\/p>\n<p data-start=\"563\" data-end=\"585\"><strong data-start=\"563\" data-end=\"583\">Caracter\u00edsticas:<\/strong><\/p>\n<ul data-start=\"586\" data-end=\"790\">\n<li data-start=\"586\" data-end=\"631\">\n<p data-start=\"588\" data-end=\"631\"><strong data-start=\"588\" data-end=\"612\">Material del cuerpo:<\/strong> Arcilla decorada<\/p>\n<\/li>\n<li data-start=\"632\" data-end=\"682\">\n<p data-start=\"634\" data-end=\"682\"><strong data-start=\"634\" data-end=\"658\">Material del parche:<\/strong> Piel de cabra natural<\/p>\n<\/li>\n<li data-start=\"683\" data-end=\"717\">\n<p data-start=\"685\" data-end=\"717\"><strong data-start=\"685\" data-end=\"709\">Di\u00e1metro del parche:<\/strong> 21 cm<\/p>\n<\/li>\n<li data-start=\"718\" data-end=\"747\">\n<p data-start=\"720\" data-end=\"747\"><strong data-start=\"720\" data-end=\"739\">Di\u00e1metro total:<\/strong> 28 cm<\/p>\n<\/li>\n<li data-start=\"748\" data-end=\"769\">\n<p data-start=\"750\" data-end=\"769\"><strong data-start=\"750\" data-end=\"761\">Altura:<\/strong> 43 cm<\/p>\n<\/li>\n<li data-start=\"770\" data-end=\"790\">\n<p data-start=\"772\" data-end=\"790\"><strong data-start=\"772\" data-end=\"781\">Peso:<\/strong> 4,5 kg<\/p>\n<\/li>\n<\/ul>\n<p data-start=\"792\" data-end=\"1176\">Equipada con el <strong data-start=\"808\" data-end=\"862\">Sistema de Afinaci\u00f3n con Luz (Tuning Light System)<\/strong>, esta darbuka calienta suavemente el parche durante las actuaciones para mantener una <strong data-start=\"949\" data-end=\"969\">afinaci\u00f3n \u00f3ptima<\/strong>, incluso en entornos en vivo. Incluye adem\u00e1s una <strong data-start=\"1019\" data-end=\"1052\">funda acolchada de transporte<\/strong>, garantizando <strong data-start=\"1067\" data-end=\"1093\">protecci\u00f3n y comodidad<\/strong> para m\u00fasicos profesionales que buscan <strong data-start=\"1132\" data-end=\"1173\">portabilidad y sonido de alta calidad<\/strong>.<\/p>\n<p data-start=\"1178\" data-end=\"1397\">La <strong data-start=\"1181\" data-end=\"1235\">Tapadum Darbuka Profesional de Barro para Solistas<\/strong> fusiona la <strong data-start=\"1247\" data-end=\"1278\">tradici\u00f3n artesanal egipcia<\/strong> con la <strong data-start=\"1286\" data-end=\"1308\">innovaci\u00f3n moderna<\/strong>, acompa\u00f1\u00e1ndote en cada presentaci\u00f3n con un <strong data-start=\"1352\" data-end=\"1372\">tono excepcional<\/strong> y un <strong data-start=\"1378\" data-end=\"1394\">estilo \u00fanico<\/strong>.<\/p>\n","protected":false},"excerpt":{"rendered":"<p>Descubre la Tapadum Darbuka Profesional de Barro para Solistas \u2013 fabricada a mano con aut\u00e9nticos motivos egipcios y parche de piel de cabra, ofreciendo tonos brillantes y precisos para actuaciones en solitario. Perfecta para m\u00fasicos profesionales.<\/p>\n","protected":false},"featured_media":27885,"comment_status":"open","ping_status":"closed","template":"","meta":{"_eb_attr":""},"product_brand":[],"product_cat":[361,362,359],"product_tag":[404],"class_list":{"0":"post-28123","1":"product","2":"type-product","3":"status-publish","4":"has-post-thumbnail","6":"product_cat-darbuka-es","7":"product_cat-darbuka-de-barro","8":"product_cat-percusion","9":"product_tag-solo-es","11":"first","12":"outofstock","13":"sale","14":"shipping-taxable","15":"purchasable","16":"product-type-simple"},"jetpack_sharing_enabled":true,"_links":{"self":[{"href":"https:\/\/tapadum.com\/es\/wp-json\/wp\/v2\/product\/28123","targetHints":{"allow":["GET"]}}],"collection":[{"href":"https:\/\/tapadum.com\/es\/wp-json\/wp\/v2\/product"}],"about":[{"href":"https:\/\/tapadum.com\/es\/wp-json\/wp\/v2\/types\/product"}],"replies":[{"embeddable":true,"href":"https:\/\/tapadum.com\/es\/wp-json\/wp\/v2\/comments?post=28123"}],"version-history":[{"count":0,"href":"https:\/\/tapadum.com\/es\/wp-json\/wp\/v2\/product\/28123\/revisions"}],"wp:featuredmedia":[{"embeddable":true,"href":"https:\/\/tapadum.com\/es\/wp-json\/wp\/v2\/media\/27885"}],"wp:attachment":[{"href":"https:\/\/tapadum.com\/es\/wp-json\/wp\/v2\/media?parent=28123"}],"wp:term":[{"taxonomy":"product_brand","embeddable":true,"href":"https:\/\/tapadum.com\/es\/wp-json\/wp\/v2\/product_brand?post=28123"},{"taxonomy":"product_cat","embeddable":true,"href":"https:\/\/tapadum.com\/es\/wp-json\/wp\/v2\/product_cat?post=28123"},{"taxonomy":"product_tag","embeddable":true,"href":"https:\/\/tapadum.com\/es\/wp-json\/wp\/v2\/product_tag?post=28123"}],"curies":[{"name":"wp","href":"https:\/\/api.w.org\/{rel}","templated":true}]}}