{"id":28310,"date":"2023-07-01T21:53:15","date_gmt":"2023-07-01T21:53:15","guid":{"rendered":"https:\/\/tapadum.com\/product\/tzouras-griego\/"},"modified":"2026-04-20T21:54:16","modified_gmt":"2026-04-20T21:54:16","slug":"tzouras-griego","status":"publish","type":"product","link":"https:\/\/tapadum.com\/es\/producto\/tzouras-griego\/","title":{"rendered":"Tzouras Griego"},"content":{"rendered":"<p data-start=\"76\" data-end=\"126\"><strong data-start=\"76\" data-end=\"124\">TZOURAS GRIEGO ESPECIAL CON CUERPO BALTA SAZ<\/strong><\/p>\n<p data-start=\"128\" data-end=\"174\"><strong data-start=\"128\" data-end=\"139\">Cuerpo:<\/strong> Morera tallada<br data-start=\"154\" data-end=\"157\" \/><strong data-start=\"157\" data-end=\"166\">Tapa:<\/strong> Abeto<\/p>\n<p data-start=\"176\" data-end=\"490\">El <strong data-start=\"179\" data-end=\"197\">Tzouras griego<\/strong> es una joya musical profundamente arraigada en el patrimonio cultural de Grecia, un instrumento de cuerda cautivador y vers\u00e1til que ha fascinado a las audiencias durante siglos. Con su sonido encantador y dise\u00f1o \u00fanico, el <strong data-start=\"420\" data-end=\"431\">Tzouras<\/strong> ocupa un lugar especial en la m\u00fasica tradicional griega.<\/p>\n<p data-start=\"492\" data-end=\"996\">Miembro de la familia del <strong data-start=\"518\" data-end=\"530\">bouzouki<\/strong>, se distingue por su tama\u00f1o m\u00e1s peque\u00f1o y su afinaci\u00f3n m\u00e1s aguda en comparaci\u00f3n con otros instrumentos de su familia. Cuenta con un <strong data-start=\"663\" data-end=\"689\">m\u00e1stil largo y delgado<\/strong> y un <strong data-start=\"695\" data-end=\"733\">cuerpo resonante en forma de c\u00e1liz<\/strong>, t\u00edpicamente elaborado con una combinaci\u00f3n de maderas de primera calidad como <strong data-start=\"812\" data-end=\"822\">morera<\/strong>, <strong data-start=\"824\" data-end=\"833\">nogal<\/strong> o <strong data-start=\"836\" data-end=\"844\">arce<\/strong>. Esta cuidadosa selecci\u00f3n de materiales asegura que cada Tzouras produzca un tono distintivo y resonante, contribuyendo a un sonido rico y expresivo.<\/p>\n<p data-start=\"998\" data-end=\"1304\">Tradicionalmente, cuenta con tres o cuatro \u00f3rdenes dobles de <strong data-start=\"1059\" data-end=\"1080\">cuerdas met\u00e1licas<\/strong>, permitiendo un amplio rango de posibilidades mel\u00f3dicas. Los m\u00fasicos pueden explorar su naturaleza vers\u00e1til, interpretando animadas danzas griegas o emotivas baladas que reflejan la profundidad de las emociones hel\u00e9nicas.<\/p>\n<p data-start=\"1306\" data-end=\"1606\">En los \u00faltimos a\u00f1os, el <strong data-start=\"1330\" data-end=\"1341\">Tzouras<\/strong> ha ganado popularidad m\u00e1s all\u00e1 de las fronteras de Grecia, conquistando a m\u00fasicos y aficionados en todo el mundo. Su sonido evocador, su rico patrimonio cultural y su versatilidad lo convierten en una adici\u00f3n valiosa para distintos contextos y g\u00e9neros musicales.<\/p>\n<p data-start=\"1608\" data-end=\"1932\">Sum\u00e9rgete en el fascinante mundo de la m\u00fasica griega con el <strong data-start=\"1668\" data-end=\"1679\">Tzouras<\/strong>. Deja que sus tonos resonantes y su car\u00e1cter distintivo despierten tu pasi\u00f3n por la m\u00fasica, cautiven a tu audiencia y te permitan experimentar la verdadera esencia de la tradici\u00f3n griega con este instrumento excepcional y culturalmente significativo.<\/p>\n<p><iframe title=\"Greek Tzouras  Hand Made Carved Solid Body\" width=\"800\" height=\"450\" src=\"https:\/\/www.youtube.com\/embed\/YwT_0sw_Eko?feature=oembed\" frameborder=\"0\" allow=\"accelerometer; autoplay; clipboard-write; encrypted-media; gyroscope; picture-in-picture; web-share\" referrerpolicy=\"strict-origin-when-cross-origin\" allowfullscreen><\/iframe><\/p>\n","protected":false},"excerpt":{"rendered":"<p>Descubre el Tzouras griego especial con cuerpo Balta Saz: sonido resonante, artesan\u00eda de madera premium y versatilidad para m\u00fasica tradicional y moderna.<\/p>\n","protected":false},"featured_media":27053,"comment_status":"open","ping_status":"closed","template":"","meta":{"googlesitekit_rrm_CAow0IDLDA:productID":"","_eb_attr":""},"product_brand":[],"product_cat":[309,373,346,307],"product_tag":[],"class_list":{"0":"post-28310","1":"product","2":"type-product","3":"status-publish","4":"has-post-thumbnail","6":"product_cat-bouzouki-grec","7":"product_cat-bouzouki-griego","8":"product_cat-instrumentos-de-cuerda","9":"product_cat-instruments-a-cordes","11":"first","12":"instock","13":"sale","14":"shipping-taxable","15":"purchasable","16":"product-type-simple"},"jetpack_sharing_enabled":true,"_links":{"self":[{"href":"https:\/\/tapadum.com\/es\/wp-json\/wp\/v2\/product\/28310","targetHints":{"allow":["GET"]}}],"collection":[{"href":"https:\/\/tapadum.com\/es\/wp-json\/wp\/v2\/product"}],"about":[{"href":"https:\/\/tapadum.com\/es\/wp-json\/wp\/v2\/types\/product"}],"replies":[{"embeddable":true,"href":"https:\/\/tapadum.com\/es\/wp-json\/wp\/v2\/comments?post=28310"}],"version-history":[{"count":0,"href":"https:\/\/tapadum.com\/es\/wp-json\/wp\/v2\/product\/28310\/revisions"}],"wp:featuredmedia":[{"embeddable":true,"href":"https:\/\/tapadum.com\/es\/wp-json\/wp\/v2\/media\/27053"}],"wp:attachment":[{"href":"https:\/\/tapadum.com\/es\/wp-json\/wp\/v2\/media?parent=28310"}],"wp:term":[{"taxonomy":"product_brand","embeddable":true,"href":"https:\/\/tapadum.com\/es\/wp-json\/wp\/v2\/product_brand?post=28310"},{"taxonomy":"product_cat","embeddable":true,"href":"https:\/\/tapadum.com\/es\/wp-json\/wp\/v2\/product_cat?post=28310"},{"taxonomy":"product_tag","embeddable":true,"href":"https:\/\/tapadum.com\/es\/wp-json\/wp\/v2\/product_tag?post=28310"}],"curies":[{"name":"wp","href":"https:\/\/api.w.org\/{rel}","templated":true}]}}