{"id":28347,"date":"2024-06-18T11:01:39","date_gmt":"2024-06-18T11:01:39","guid":{"rendered":"https:\/\/tapadum.com\/product\/oud-turco-sultan\/"},"modified":"2024-06-18T11:01:39","modified_gmt":"2024-06-18T11:01:39","slug":"oud-turco-sultan","status":"publish","type":"product","link":"https:\/\/tapadum.com\/es\/producto\/oud-turco-sultan\/","title":{"rendered":"OUD TURCO \u201cSULTAN\u201d"},"content":{"rendered":"<p data-start=\"76\" data-end=\"156\"><strong data-start=\"76\" data-end=\"154\">OUD TURCO \u201cSULTAN\u201d \u2013 UNA OBRA MAESTRA DE ARTESAN\u00cdA, MELOD\u00cdA Y VERSATILIDAD<\/strong><\/p>\n<p data-start=\"158\" data-end=\"511\">Descubre el <strong data-start=\"170\" data-end=\"190\">Oud Turco Sultan<\/strong>, una fusi\u00f3n perfecta entre la tradicional artesan\u00eda turca y la profundidad sonora de los <strong data-start=\"280\" data-end=\"295\">ouds \u00e1rabes<\/strong>. Este instrumento profesional, hecho a mano, est\u00e1 dise\u00f1ado para honrar el rico patrimonio musical de Turqu\u00eda, ofreciendo al mismo tiempo la flexibilidad de explorar estilos musicales m\u00e1s amplios del Medio Oriente.<\/p>\n<p data-start=\"513\" data-end=\"787\">El cuerpo, elaborado en <strong data-start=\"537\" data-end=\"564\">madera de nogal premium<\/strong>, proporciona un sonido c\u00e1lido y resonante, lleno de profundidad arm\u00f3nica y claridad. Cada nota vibra con riqueza emocional, convirtiendo a este <strong data-start=\"709\" data-end=\"716\">oud<\/strong> en una elecci\u00f3n ideal para interpretaciones expresivas e inmersivas.<\/p>\n<p data-start=\"789\" data-end=\"1053\">La <strong data-start=\"792\" data-end=\"809\">tapa arm\u00f3nica<\/strong> est\u00e1 hecha de <strong data-start=\"824\" data-end=\"861\">abeto oriental (Picea orientalis)<\/strong>, cuidadosamente seleccionado por su excelente proyecci\u00f3n y respuesta sonora. Aporta brillantez y un amplio rango din\u00e1mico, capturando incluso los matices m\u00e1s delicados de tu interpretaci\u00f3n.<\/p>\n<p data-start=\"1055\" data-end=\"1211\">Los <strong data-start=\"1059\" data-end=\"1082\">clavijeros de \u00e9bano<\/strong> aseguran una afinaci\u00f3n estable y precisa, ofreciendo confianza y comodidad tanto en el estudio como en presentaciones en vivo.<\/p>\n<p data-start=\"1213\" data-end=\"1299\">Lo que diferencia a este <strong data-start=\"1238\" data-end=\"1258\">Oud Turco Sultan<\/strong> es su capacidad de <strong data-start=\"1278\" data-end=\"1296\">afinaci\u00f3n dual<\/strong>:<\/p>\n<ul data-start=\"1300\" data-end=\"1433\">\n<li data-start=\"1300\" data-end=\"1363\">\n<p data-start=\"1302\" data-end=\"1363\">Afinaci\u00f3n \u00e1rabe (Do-Do) \u2013 para tonos profundos y resonantes<\/p>\n<\/li>\n<li data-start=\"1364\" data-end=\"1433\">\n<p data-start=\"1366\" data-end=\"1433\">Afinaci\u00f3n turca (Re-Re) \u2013 para un sonido m\u00e1s brillante y definido<\/p>\n<\/li>\n<\/ul>\n<p data-start=\"1435\" data-end=\"1665\">Simplemente cambiando las cuerdas, los m\u00fasicos pueden alternar sin esfuerzo entre estilos \u00e1rabe y turco, convirtiendo este <strong data-start=\"1558\" data-end=\"1565\">oud<\/strong> en un instrumento verdaderamente vers\u00e1til para composiciones tradicionales, de fusi\u00f3n o modernas.<\/p>\n<p data-start=\"1667\" data-end=\"1695\"><strong data-start=\"1667\" data-end=\"1693\">Caracter\u00edsticas clave:<\/strong><\/p>\n<ul data-start=\"1696\" data-end=\"2119\">\n<li data-start=\"1696\" data-end=\"1750\">\n<p data-start=\"1698\" data-end=\"1750\"><strong data-start=\"1698\" data-end=\"1712\">Artesan\u00eda:<\/strong> Hecho a mano por expertos artesanos<\/p>\n<\/li>\n<li data-start=\"1751\" data-end=\"1815\">\n<p data-start=\"1753\" data-end=\"1815\"><strong data-start=\"1753\" data-end=\"1764\">Cuerpo:<\/strong> Madera de <strong data-start=\"1775\" data-end=\"1792\">nogal premium<\/strong> \u2013 c\u00e1lido y resonante<\/p>\n<\/li>\n<li data-start=\"1816\" data-end=\"1910\">\n<p data-start=\"1818\" data-end=\"1910\"><strong data-start=\"1818\" data-end=\"1836\">Tapa arm\u00f3nica:<\/strong> <strong data-start=\"1837\" data-end=\"1874\">Abeto oriental (Picea orientalis)<\/strong> \u2013 excelente proyecci\u00f3n y claridad<\/p>\n<\/li>\n<li data-start=\"1911\" data-end=\"1963\">\n<p data-start=\"1913\" data-end=\"1963\"><strong data-start=\"1913\" data-end=\"1928\">Clavijeros:<\/strong> <strong data-start=\"1929\" data-end=\"1938\">\u00c9bano<\/strong> \u2013 duraderos y precisos<\/p>\n<\/li>\n<li data-start=\"1964\" data-end=\"2060\">\n<p data-start=\"1966\" data-end=\"2060\"><strong data-start=\"1966\" data-end=\"1992\">Opciones de afinaci\u00f3n:<\/strong> \u00c1rabe (Do-Do) o Turca (Re-Re) \u2013 configuraci\u00f3n flexible de cuerdas<\/p>\n<\/li>\n<li data-start=\"2061\" data-end=\"2119\">\n<p data-start=\"2063\" data-end=\"2119\"><strong data-start=\"2063\" data-end=\"2074\">Estilo:<\/strong> Ideal para m\u00fasica turca, \u00e1rabe y de fusi\u00f3n<\/p>\n<\/li>\n<\/ul>\n<p data-start=\"2121\" data-end=\"2339\">Con el <strong data-start=\"2128\" data-end=\"2148\">Oud Turco Sultan<\/strong>, no solo tocas un instrumento, sino que abrazas un legado sonoro que une culturas y generaciones. Est\u00e1 creado para m\u00fasicos que buscan autenticidad, riqueza tonal y libertad interpretativa.<\/p>\n<p data-start=\"2341\" data-end=\"2408\">Deja que tu m\u00fasica hable con tradici\u00f3n, elegancia y versatilidad.<\/p>\n<p data-start=\"2410\" data-end=\"2608\">\n","protected":false},"excerpt":{"rendered":"<p>Oud Turco Sultan artesanal: sonido c\u00e1lido y resonante, afinaci\u00f3n dual \u00e1rabe y turca, ideal para m\u00fasica turca, \u00e1rabe y fusi\u00f3n profesional.<\/p>\n","protected":false},"featured_media":26137,"comment_status":"open","ping_status":"closed","template":"","meta":{"_eb_attr":""},"product_brand":[],"product_cat":[346,347,383],"product_tag":[],"class_list":{"0":"post-28347","1":"product","2":"type-product","3":"status-publish","4":"has-post-thumbnail","6":"product_cat-instrumentos-de-cuerda","7":"product_cat-oud-es","8":"product_cat-oud-turco-es","10":"first","11":"instock","12":"sale","13":"shipping-taxable","14":"purchasable","15":"product-type-simple"},"jetpack_sharing_enabled":true,"_links":{"self":[{"href":"https:\/\/tapadum.com\/es\/wp-json\/wp\/v2\/product\/28347","targetHints":{"allow":["GET"]}}],"collection":[{"href":"https:\/\/tapadum.com\/es\/wp-json\/wp\/v2\/product"}],"about":[{"href":"https:\/\/tapadum.com\/es\/wp-json\/wp\/v2\/types\/product"}],"replies":[{"embeddable":true,"href":"https:\/\/tapadum.com\/es\/wp-json\/wp\/v2\/comments?post=28347"}],"version-history":[{"count":0,"href":"https:\/\/tapadum.com\/es\/wp-json\/wp\/v2\/product\/28347\/revisions"}],"wp:featuredmedia":[{"embeddable":true,"href":"https:\/\/tapadum.com\/es\/wp-json\/wp\/v2\/media\/26137"}],"wp:attachment":[{"href":"https:\/\/tapadum.com\/es\/wp-json\/wp\/v2\/media?parent=28347"}],"wp:term":[{"taxonomy":"product_brand","embeddable":true,"href":"https:\/\/tapadum.com\/es\/wp-json\/wp\/v2\/product_brand?post=28347"},{"taxonomy":"product_cat","embeddable":true,"href":"https:\/\/tapadum.com\/es\/wp-json\/wp\/v2\/product_cat?post=28347"},{"taxonomy":"product_tag","embeddable":true,"href":"https:\/\/tapadum.com\/es\/wp-json\/wp\/v2\/product_tag?post=28347"}],"curies":[{"name":"wp","href":"https:\/\/api.w.org\/{rel}","templated":true}]}}