{"id":30974,"date":"2025-12-18T09:56:23","date_gmt":"2025-12-18T09:56:23","guid":{"rendered":"https:\/\/tapadum.com\/product\/setar-de-alta-calidad-de-darvish-estuche-rigido\/"},"modified":"2025-12-18T09:56:23","modified_gmt":"2025-12-18T09:56:23","slug":"setar-de-alta-calidad-de-darvish-estuche-rigido","status":"publish","type":"product","link":"https:\/\/tapadum.com\/es\/producto\/setar-de-alta-calidad-de-darvish-estuche-rigido\/","title":{"rendered":"Setar de Alta Calidad de Darvish + Estuche R\u00edgido"},"content":{"rendered":"<p data-start=\"0\" data-end=\"75\"><strong data-start=\"0\" data-end=\"75\">Setar de Alta Calidad de Darvish \u2013 Setar Persa Premium + Estuche R\u00edgido<\/strong><\/p>\n<p data-start=\"77\" data-end=\"552\">\u00bfBuscas un <strong data-start=\"88\" data-end=\"115\">setar persa profesional<\/strong> con un timbre rico y una <strong data-start=\"141\" data-end=\"173\">luther\u00eda artesanal aut\u00e9ntica<\/strong>? El <strong data-start=\"178\" data-end=\"214\">Setar de Alta Calidad de Darvish<\/strong> es un instrumento <strong data-start=\"233\" data-end=\"249\">de alta gama<\/strong>, <strong data-start=\"251\" data-end=\"278\">totalmente hecho a mano<\/strong>, dise\u00f1ado para m\u00fasicos exigentes, artistas de grabaci\u00f3n y coleccionistas que desean un sonido potente y expresivo, junto con una est\u00e9tica tradicional elegante. Es una de las mejores opciones de <strong data-start=\"473\" data-end=\"488\">setar persa<\/strong> para quienes valoran tanto el <strong data-start=\"519\" data-end=\"529\">sonido<\/strong> como la <strong data-start=\"538\" data-end=\"551\">artesan\u00eda<\/strong>.<\/p>\n<p data-start=\"554\" data-end=\"608\"><strong data-start=\"554\" data-end=\"608\">Caracter\u00edsticas Clave \u2013 Por Qu\u00e9 Este Setar Destaca<\/strong><\/p>\n<ul data-start=\"609\" data-end=\"1267\">\n<li data-start=\"609\" data-end=\"680\">\n<p data-start=\"611\" data-end=\"680\"><strong data-start=\"611\" data-end=\"645\">Setar profesional hecho a mano<\/strong> por el maestro luthier <strong data-start=\"669\" data-end=\"680\">Darvish<\/strong><\/p>\n<\/li>\n<li data-start=\"681\" data-end=\"784\">\n<p data-start=\"683\" data-end=\"784\"><strong data-start=\"683\" data-end=\"722\">Caja de madera de morera envejecida<\/strong> con <strong data-start=\"727\" data-end=\"746\">filetes de arce<\/strong> para una resonancia profunda y c\u00e1lida<\/p>\n<\/li>\n<li data-start=\"785\" data-end=\"897\">\n<p data-start=\"787\" data-end=\"897\"><strong data-start=\"787\" data-end=\"808\">Bordes de la caja<\/strong> y <strong data-start=\"811\" data-end=\"850\">decoraci\u00f3n del m\u00e1stil en palisandro<\/strong> para mayor resistencia y una apariencia lujosa<\/p>\n<\/li>\n<li data-start=\"898\" data-end=\"989\">\n<p data-start=\"900\" data-end=\"989\"><strong data-start=\"900\" data-end=\"936\">M\u00e1stil de nogal negro envejecido<\/strong> para estabilidad, comodidad y <strong data-start=\"967\" data-end=\"989\">entonaci\u00f3n precisa<\/strong><\/p>\n<\/li>\n<li data-start=\"990\" data-end=\"1092\">\n<p data-start=\"992\" data-end=\"1092\"><strong data-start=\"992\" data-end=\"1030\">Tapa arm\u00f3nica de morera envejecida<\/strong> para una proyecci\u00f3n clara, arm\u00f3nicos ricos y equilibrio tonal<\/p>\n<\/li>\n<li data-start=\"1093\" data-end=\"1173\">\n<p data-start=\"1095\" data-end=\"1173\">Ideal para <strong data-start=\"1106\" data-end=\"1130\">m\u00fasica cl\u00e1sica persa<\/strong>, tradicional y m\u00fasica \u00e9tnica contempor\u00e1nea<\/p>\n<\/li>\n<li data-start=\"1174\" data-end=\"1267\">\n<p data-start=\"1176\" data-end=\"1267\">Perfecto para <strong data-start=\"1190\" data-end=\"1215\">m\u00fasicos profesionales<\/strong>, <strong data-start=\"1217\" data-end=\"1239\">escuelas de m\u00fasica<\/strong> y <strong data-start=\"1242\" data-end=\"1267\">estudiantes avanzados<\/strong><\/p>\n<\/li>\n<\/ul>\n<p data-start=\"1269\" data-end=\"1425\"><strong data-start=\"1269\" data-end=\"1311\">Artesan\u00eda y Materiales de Alta Calidad<\/strong><br data-start=\"1311\" data-end=\"1314\" \/>Este <strong data-start=\"1319\" data-end=\"1341\">setar de alta gama<\/strong> est\u00e1 construido con <strong data-start=\"1362\" data-end=\"1424\">maderas tonales cuidadosamente seleccionadas y envejecidas<\/strong>:<\/p>\n<p data-start=\"1427\" data-end=\"1670\"><strong data-start=\"1427\" data-end=\"1444\">Caja (Cuerpo)<\/strong><br data-start=\"1444\" data-end=\"1447\" \/>Listones de <strong data-start=\"1459\" data-end=\"1480\">morera envejecida<\/strong> con <strong data-start=\"1485\" data-end=\"1514\">filetes refinados de arce<\/strong>. Esta combinaci\u00f3n cl\u00e1sica mejora la <strong data-start=\"1551\" data-end=\"1565\">resonancia<\/strong>, la <strong data-start=\"1570\" data-end=\"1584\">proyecci\u00f3n<\/strong> y la belleza visual, ideal para <strong data-start=\"1617\" data-end=\"1643\">grabaciones de estudio<\/strong> y <strong data-start=\"1646\" data-end=\"1669\">actuaciones en vivo<\/strong>.<\/p>\n<p data-start=\"1672\" data-end=\"1879\"><strong data-start=\"1672\" data-end=\"1717\">Bordes de la Caja y Decoraci\u00f3n del M\u00e1stil<\/strong><br data-start=\"1717\" data-end=\"1720\" \/>El <strong data-start=\"1723\" data-end=\"1737\">palisandro<\/strong>, duradero y elegante, protege el instrumento y aporta una <strong data-start=\"1796\" data-end=\"1829\">est\u00e9tica tradicional y lujosa<\/strong>, perfecta para el escenario o para una colecci\u00f3n.<\/p>\n<p data-start=\"1881\" data-end=\"2095\"><strong data-start=\"1881\" data-end=\"1891\">M\u00e1stil<\/strong><br data-start=\"1891\" data-end=\"1894\" \/>Fabricado en <strong data-start=\"1907\" data-end=\"1933\">nogal negro envejecido<\/strong>, ofrece excelente <strong data-start=\"1952\" data-end=\"1967\">estabilidad<\/strong>, una <strong data-start=\"1973\" data-end=\"2004\">sensaci\u00f3n c\u00f3moda en la mano<\/strong> y <strong data-start=\"2007\" data-end=\"2027\">afinaci\u00f3n fiable<\/strong>, ideal para largas sesiones de pr\u00e1ctica y conciertos profesionales.<\/p>\n<p data-start=\"2097\" data-end=\"2318\"><strong data-start=\"2097\" data-end=\"2114\">Tapa Arm\u00f3nica<\/strong><br data-start=\"2114\" data-end=\"2117\" \/>La <strong data-start=\"2120\" data-end=\"2149\">tapa de morera envejecida<\/strong> produce un sonido <strong data-start=\"2168\" data-end=\"2201\">c\u00e1lido, expresivo y detallado<\/strong>, convirtiendo este instrumento en una excelente opci\u00f3n para quienes buscan un <strong data-start=\"2280\" data-end=\"2317\">setar persa de nivel de concierto<\/strong>.<\/p>\n<p data-start=\"2320\" data-end=\"2434\"><strong data-start=\"2320\" data-end=\"2371\">Calidad Sonora \u2013 C\u00e1lida, Expresiva, Profesional<\/strong><br data-start=\"2371\" data-end=\"2374\" \/>Este <strong data-start=\"2379\" data-end=\"2396\">setar Darvish<\/strong> est\u00e1 pensado para m\u00fasicos que desean:<\/p>\n<ul data-start=\"2435\" data-end=\"2898\">\n<li data-start=\"2435\" data-end=\"2555\">\n<p data-start=\"2437\" data-end=\"2555\">Un <strong data-start=\"2440\" data-end=\"2468\">timbre c\u00e1lido y profundo<\/strong> con medios ricos, ideal para el <strong data-start=\"2501\" data-end=\"2518\">dastgah persa<\/strong>, el <strong data-start=\"2523\" data-end=\"2532\">radif<\/strong> y la <strong data-start=\"2538\" data-end=\"2555\">improvisaci\u00f3n<\/strong><\/p>\n<\/li>\n<li data-start=\"2556\" data-end=\"2649\">\n<p data-start=\"2558\" data-end=\"2649\"><strong data-start=\"2558\" data-end=\"2580\">Articulaci\u00f3n clara<\/strong> y <strong data-start=\"2583\" data-end=\"2594\">sustain<\/strong> elegante, tanto en contextos solistas como en conjunto<\/p>\n<\/li>\n<li data-start=\"2650\" data-end=\"2898\">\n<p data-start=\"2652\" data-end=\"2898\"><strong data-start=\"2652\" data-end=\"2677\">Respuesta equilibrada<\/strong> en todas las cuerdas, facilitando adornos, pasajes r\u00e1pidos y matices delicados<br data-start=\"2756\" data-end=\"2759\" \/>Ya sea en el escenario, en el estudio o en casa, este <strong data-start=\"2813\" data-end=\"2830\">setar premium<\/strong> ofrece una <strong data-start=\"2842\" data-end=\"2872\">calidad sonora profesional<\/strong> en la que puedes confiar.<\/p>\n<\/li>\n<\/ul>\n<p data-start=\"2900\" data-end=\"3013\"><strong data-start=\"2900\" data-end=\"2936\">\u00bfPara Qui\u00e9n es Ideal Este Setar?<\/strong><br data-start=\"2936\" data-end=\"2939\" \/>El <strong data-start=\"2942\" data-end=\"2978\">Setar de Alta Calidad de Darvish<\/strong> es una excelente elecci\u00f3n si eres:<\/p>\n<ul data-start=\"3014\" data-end=\"3441\">\n<li data-start=\"3014\" data-end=\"3094\">\n<p data-start=\"3016\" data-end=\"3094\">Un <strong data-start=\"3019\" data-end=\"3052\">m\u00fasico profesional o avanzado<\/strong> que busca un instrumento principal fiable<\/p>\n<\/li>\n<li data-start=\"3095\" data-end=\"3217\">\n<p data-start=\"3097\" data-end=\"3217\">Un <strong data-start=\"3100\" data-end=\"3124\">estudiante de m\u00fasica<\/strong> que desea pasar de un setar para principiantes a un instrumento <strong data-start=\"3189\" data-end=\"3217\">de calidad a largo plazo<\/strong><\/p>\n<\/li>\n<li data-start=\"3218\" data-end=\"3319\">\n<p data-start=\"3220\" data-end=\"3319\">Un <strong data-start=\"3223\" data-end=\"3235\">profesor<\/strong> o una <strong data-start=\"3242\" data-end=\"3263\">escuela de m\u00fasica<\/strong> que necesita un setar <strong data-start=\"3286\" data-end=\"3319\">robusto y de alto rendimiento<\/strong><\/p>\n<\/li>\n<li data-start=\"3320\" data-end=\"3441\">\n<p data-start=\"3322\" data-end=\"3441\">Un <strong data-start=\"3325\" data-end=\"3366\">coleccionista de instrumentos \u00e9tnicos<\/strong> que valora la <strong data-start=\"3381\" data-end=\"3404\">artesan\u00eda aut\u00e9ntica<\/strong> y las <strong data-start=\"3411\" data-end=\"3441\">maderas de primera calidad<\/strong><\/p>\n<\/li>\n<\/ul>\n<p data-start=\"3443\" data-end=\"3688\"><strong data-start=\"3443\" data-end=\"3494\">\u00bfPor Qu\u00e9 Comprar en Tapadum Ethnic Music Store?<\/strong><br data-start=\"3494\" data-end=\"3497\" \/><strong data-start=\"3497\" data-end=\"3527\">Tapadum Ethnic Music Store<\/strong> se especializa en <strong data-start=\"3546\" data-end=\"3586\">instrumentos \u00e9tnicos de alta calidad<\/strong> y trabaja directamente con lutieres experimentados como <strong data-start=\"3643\" data-end=\"3654\">Darvish<\/strong>. Al comprar este setar, obtienes:<\/p>\n<ul data-start=\"3689\" data-end=\"3959\">\n<li data-start=\"3689\" data-end=\"3760\">\n<p data-start=\"3691\" data-end=\"3760\">Un instrumento <strong data-start=\"3706\" data-end=\"3738\">cuidadosamente inspeccionado<\/strong>, <strong data-start=\"3740\" data-end=\"3760\">listo para tocar<\/strong><\/p>\n<\/li>\n<li data-start=\"3761\" data-end=\"3861\">\n<p data-start=\"3763\" data-end=\"3861\"><strong data-start=\"3763\" data-end=\"3791\">Embalaje de alta calidad<\/strong> y <strong data-start=\"3794\" data-end=\"3824\">env\u00edo internacional seguro<\/strong> (seg\u00fan las condiciones de la tienda)<\/p>\n<\/li>\n<li data-start=\"3862\" data-end=\"3959\">\n<p data-start=\"3864\" data-end=\"3959\">Acceso a una <strong data-start=\"3877\" data-end=\"3900\">fuente de confianza<\/strong> para <strong data-start=\"3906\" data-end=\"3959\">instrumentos persas y de Oriente Medio aut\u00e9nticos<\/strong><\/p>\n<\/li>\n<\/ul>\n<p data-start=\"3961\" data-end=\"4285\" data-is-last-node=\"\" data-is-only-node=\"\"><strong data-start=\"3961\" data-end=\"4009\">Eleva Tu M\u00fasica con un Setar Darvish Premium<\/strong><br data-start=\"4009\" data-end=\"4012\" \/>Si deseas un <strong data-start=\"4025\" data-end=\"4040\">setar persa<\/strong> artesanal de <strong data-start=\"4054\" data-end=\"4074\">alt\u00edsima calidad<\/strong>, con una est\u00e9tica impresionante, gran comodidad al tocar y un <strong data-start=\"4137\" data-end=\"4159\">sonido excepcional<\/strong>, el <strong data-start=\"4164\" data-end=\"4200\">Setar de Alta Calidad de Darvish<\/strong> en <strong data-start=\"4204\" data-end=\"4234\">Tapadum Ethnic Music Store<\/strong> es una <strong data-start=\"4242\" data-end=\"4269\">inversi\u00f3n a largo plazo<\/strong> para tu m\u00fasica.<\/p>\n","protected":false},"excerpt":{"rendered":"<p>Setar persa Darvish hecho a mano con cuerpo de morera envejecida y m\u00e1stil de nogal negro. Ofrece un sonido c\u00e1lido y de calidad de concierto, ideal para m\u00fasicos profesionales y estudiantes. Adquiera un setar aut\u00e9ntico en la tienda de m\u00fasica \u00e9tnica Tapadum. Incluye estuche r\u00edgido.<\/p>\n","protected":false},"featured_media":30963,"comment_status":"open","ping_status":"closed","template":"","meta":{"_eb_attr":""},"product_brand":[],"product_cat":[346,387],"product_tag":[],"class_list":{"0":"post-30974","1":"product","2":"type-product","3":"status-publish","4":"has-post-thumbnail","6":"product_cat-instrumentos-de-cuerda","7":"product_cat-setar-es","9":"first","10":"instock","11":"sale","12":"shipping-taxable","13":"purchasable","14":"product-type-simple"},"jetpack_sharing_enabled":true,"_links":{"self":[{"href":"https:\/\/tapadum.com\/es\/wp-json\/wp\/v2\/product\/30974","targetHints":{"allow":["GET"]}}],"collection":[{"href":"https:\/\/tapadum.com\/es\/wp-json\/wp\/v2\/product"}],"about":[{"href":"https:\/\/tapadum.com\/es\/wp-json\/wp\/v2\/types\/product"}],"replies":[{"embeddable":true,"href":"https:\/\/tapadum.com\/es\/wp-json\/wp\/v2\/comments?post=30974"}],"version-history":[{"count":0,"href":"https:\/\/tapadum.com\/es\/wp-json\/wp\/v2\/product\/30974\/revisions"}],"wp:featuredmedia":[{"embeddable":true,"href":"https:\/\/tapadum.com\/es\/wp-json\/wp\/v2\/media\/30963"}],"wp:attachment":[{"href":"https:\/\/tapadum.com\/es\/wp-json\/wp\/v2\/media?parent=30974"}],"wp:term":[{"taxonomy":"product_brand","embeddable":true,"href":"https:\/\/tapadum.com\/es\/wp-json\/wp\/v2\/product_brand?post=30974"},{"taxonomy":"product_cat","embeddable":true,"href":"https:\/\/tapadum.com\/es\/wp-json\/wp\/v2\/product_cat?post=30974"},{"taxonomy":"product_tag","embeddable":true,"href":"https:\/\/tapadum.com\/es\/wp-json\/wp\/v2\/product_tag?post=30974"}],"curies":[{"name":"wp","href":"https:\/\/api.w.org\/{rel}","templated":true}]}}