{"id":33570,"date":"2024-12-03T12:39:46","date_gmt":"2024-12-03T11:39:46","guid":{"rendered":"https:\/\/tapadum.com\/product\/cura-rabab-curabab\/"},"modified":"2026-04-25T23:34:44","modified_gmt":"2026-04-25T21:34:44","slug":"cura-rabab-curabab","status":"publish","type":"product","link":"https:\/\/tapadum.com\/es\/producto\/cura-rabab-curabab\/","title":{"rendered":"Cura Rabab &#8211; Curabab"},"content":{"rendered":"<p><strong>Cura Rabab (Curabab) \u2013 Una fusi\u00f3n del Rabab indio y el Cura turco<\/strong><\/p>\n<p>El <strong>Cura Rabab<\/strong>, tambi\u00e9n conocido como <strong>Curabab<\/strong>, es un instrumento musical innovador que combina la esencia profunda del <strong>Rabab indio<\/strong> con las cualidades intrincadas del <strong>Cura turco<\/strong>. Esta creaci\u00f3n \u00fanica introduce <strong>cuerdas simp\u00e1ticas<\/strong>, ofreciendo un sonido rico y resonante que armoniza bellamente con las cuerdas principales.<\/p>\n<h3><strong>Caracter\u00edsticas clave:<\/strong><\/h3>\n<ul>\n<li><strong>Cuerpo:<\/strong> Expertamente tallado en <strong>madera de morera s\u00f3lida<\/strong>, asegurando una profundidad tonal excepcional y durabilidad.<\/li>\n<li><strong>Tapa:<\/strong> Tapa de <strong>abeto de primera calidad<\/strong> para una mejor proyecci\u00f3n del sonido y claridad tonal.<\/li>\n<li><strong>Diapas\u00f3n:<\/strong> Suave <strong>diapas\u00f3n de palo de rosa<\/strong> para una interpretaci\u00f3n precisa y comodidad.<\/li>\n<li><strong>Clavijas de cuerdas simp\u00e1ticas:<\/strong> <strong>Clavijas de \u00e9bano<\/strong> de alta calidad, dise\u00f1adas para una afinaci\u00f3n estable y ajustes sin esfuerzo.<\/li>\n<li><strong>Clavijas de cuerdas principales:<\/strong> <strong>Clavijas mec\u00e1nicas<\/strong> fiables para una afinaci\u00f3n precisa y estabilidad duradera.<\/li>\n<\/ul>\n<h3><strong>\u00bfPor qu\u00e9 elegir el Cura Rabab?<\/strong><\/h3>\n<p>El <strong>Curabab<\/strong> es perfecto para m\u00fasicos que buscan un instrumento que conecte sonidos culturales diversos. Sus <strong>cuerdas simp\u00e1ticas<\/strong> amplifican los arm\u00f3nicos, creando una experiencia auditiva rica y estratificada. Ya sea que est\u00e9s explorando melod\u00edas folcl\u00f3ricas turcas, m\u00fasica cl\u00e1sica india o tu propio estilo de fusi\u00f3n, el <strong>Curabab<\/strong> ofrece versatilidad y encanto incomparables.<\/p>\n<h3><strong>Perfecto para todos los niveles de habilidad<\/strong><\/h3>\n<p>Desde profesionales experimentados hasta principiantes apasionados, este instrumento ofrece una plataforma inspiradora para explorar nuevas dimensiones musicales. Su dise\u00f1o meticulosamente elaborado y materiales de primera calidad aseguran durabilidad, lo que lo convierte en una excelente opci\u00f3n para grabaciones en estudio, presentaciones en vivo o sesiones de pr\u00e1ctica personal.<\/p>\n<p>Descubre el extraordinario mundo del <strong>Cura Rabab<\/strong> hoy \u2013 \u00a1donde la tradici\u00f3n se encuentra con la innovaci\u00f3n!<\/p>\n<p><strong>Viene con una funda acolchada profesional.<\/strong><\/p>\n<p>&nbsp;<\/p>\n","protected":false},"excerpt":{"rendered":"<p>Descubre el Cura Rabab &#8211; Curabab, una fusi\u00f3n \u00fanica del rabab indio y el cura turco. Cuenta con un cuerpo de morera s\u00f3lida, tapa de abeto, diapas\u00f3n de palo de rosa, cuerdas simp\u00e1ticas con clavijas de \u00e9bano y clavijas mec\u00e1nicas para las cuerdas principales. Perfecto para entusiastas de la m\u00fasica del mundo. <\/p>\n<p>Viene con una funda suave.<\/p>\n","protected":false},"featured_media":22696,"comment_status":"closed","ping_status":"closed","template":"","meta":{"googlesitekit_rrm_CAow0IDLDA:productID":"","_eb_attr":""},"product_brand":[],"product_cat":[346,372],"product_tag":[],"class_list":{"0":"post-33570","1":"product","2":"type-product","3":"status-publish","4":"has-post-thumbnail","6":"product_cat-instrumentos-de-cuerda","7":"product_cat-baglama-saz-es","9":"first","10":"instock","11":"sale","12":"shipping-taxable","13":"purchasable","14":"product-type-simple"},"jetpack_sharing_enabled":true,"_links":{"self":[{"href":"https:\/\/tapadum.com\/es\/wp-json\/wp\/v2\/product\/33570","targetHints":{"allow":["GET"]}}],"collection":[{"href":"https:\/\/tapadum.com\/es\/wp-json\/wp\/v2\/product"}],"about":[{"href":"https:\/\/tapadum.com\/es\/wp-json\/wp\/v2\/types\/product"}],"replies":[{"embeddable":true,"href":"https:\/\/tapadum.com\/es\/wp-json\/wp\/v2\/comments?post=33570"}],"version-history":[{"count":1,"href":"https:\/\/tapadum.com\/es\/wp-json\/wp\/v2\/product\/33570\/revisions"}],"predecessor-version":[{"id":33571,"href":"https:\/\/tapadum.com\/es\/wp-json\/wp\/v2\/product\/33570\/revisions\/33571"}],"wp:featuredmedia":[{"embeddable":true,"href":"https:\/\/tapadum.com\/es\/wp-json\/wp\/v2\/media\/22696"}],"wp:attachment":[{"href":"https:\/\/tapadum.com\/es\/wp-json\/wp\/v2\/media?parent=33570"}],"wp:term":[{"taxonomy":"product_brand","embeddable":true,"href":"https:\/\/tapadum.com\/es\/wp-json\/wp\/v2\/product_brand?post=33570"},{"taxonomy":"product_cat","embeddable":true,"href":"https:\/\/tapadum.com\/es\/wp-json\/wp\/v2\/product_cat?post=33570"},{"taxonomy":"product_tag","embeddable":true,"href":"https:\/\/tapadum.com\/es\/wp-json\/wp\/v2\/product_tag?post=33570"}],"curies":[{"name":"wp","href":"https:\/\/api.w.org\/{rel}","templated":true}]}}