{"id":33630,"date":"2022-12-10T11:42:41","date_gmt":"2022-12-10T11:42:41","guid":{"rendered":"https:\/\/tapadum.com\/product\/professional-turkish-ney-e-tune-bolahenk\/"},"modified":"2026-04-20T21:53:42","modified_gmt":"2026-04-20T21:53:42","slug":"professional-turkish-ney-e-tune-bolahenk","status":"publish","type":"product","link":"https:\/\/tapadum.com\/es\/producto\/professional-turkish-ney-e-tune-bolahenk\/","title":{"rendered":"Professional Turkish Ney &#8211; E Tune (Bolahenk)"},"content":{"rendered":"<p>{\u00abproduct_id\u00bb: 6239, \u00abtarget_language\u00bb: \u00abSpanish\u00bb, \u00abtitle\u00bb: \u00abNey Turco Profesional &#8211; E Tune (Bolahenk)\u00bb, \u00abdescription\u00bb: \u00ab<\/p>\n<h1 style=\"text-align: center\">Ney Turco Profesional &#8211; E Tune (Bolahenk Ney)<\/h1>\n<p>n<\/p>\n<h2 style=\"text-align: center\">Ney Turco Hecho a Mano<\/h2>\n<p>n<\/p>\n<p style=\"text-align: center\"><strong>(Env\u00edo Desde Turqu\u00eda)<\/strong><\/p>\n<p>n<\/p>\n<p style=\"text-align: center\">Hecho de bamb\u00fa que ha estado secando durante al menos 15 a\u00f1os<\/p>\n<p>n<\/p>\n<p style=\"text-align: center\">El bamb\u00fa proviene de las regiones Ege, Marmara y Mediterr\u00e1neo de Turqu\u00eda.<\/p>\n<p>n<\/p>\n<p style=\"text-align: center\">Aunque el tono principal se acepta como mi, se pueden tocar diferentes tonos y maqams en la flauta ney.nEscuchar\u00e1s la voz del Ney Bolahnek en el primer video a continuaci\u00f3n.<\/p>\n<p>n<\/p>\n<p style=\"text-align: center\">En el otro video, un m\u00fasico profesional y conferencistanVolkan Incuvez explica los diferentes tonos y modos en el ney a trav\u00e9s de Kiz Ney (B Tune).<\/p>\n<p>n<strong>\u00a0 \u00a0 \u00a0 \u00a0* \u00a1Viene con un estuche resistente!<\/strong>nn<strong>\u00a0 \u00a0 \u00a0 \u00a0* \u00a1Se puede preparar con la mano izquierda o derecha en la parte superior, si se desea!<\/strong>n<\/p>\n<ul>n \t<\/p>\n<li><strong>(Env\u00edo Desde Turqu\u00eda)<\/strong><\/li>\n<p>n<\/ul>\n<p>n<iframe title=\"Professional Turkish Ney - Bolahenk Ney (Tune E)\" width=\"800\" height=\"450\" src=\"https:\/\/www.youtube.com\/embed\/HKutt1bgKjY?feature=oembed\" frameborder=\"0\" allow=\"accelerometer; autoplay; clipboard-write; encrypted-media; gyroscope; picture-in-picture; web-share\" referrerpolicy=\"strict-origin-when-cross-origin\" allowfullscreen><\/iframe>nnhttps:\/\/www.youtube.com\/watch?v=W0qAVcgrhK0&#8243;, \u00abshort_description\u00bb: \u00abNey Turco Hecho a Mano ProfesionalnnE -Tune (Bolahenk Ney) \u00a1Con la mano izquierda en la parte superior!nn\u00a1Viene con un estuche resistente!nn<strong>Se puede preparar con la mano izquierda o derecha en la parte superior, si se desea.<\/strong>nn<strong>(Env\u00edo Desde Turqu\u00eda)<\/strong>\u00ab, \u00abmeta_title\u00bb: \u00abNey Turco Profesional &#8211; E Tune (Bolahenk)\u00bb, \u00abmeta_description\u00bb: \u00abCompra un Ney Turco Profesional hecho a mano. \u00a1Env\u00edo desde Turqu\u00eda y viene con un estuche resistente!\u00bb, \u00abfocus_keyword\u00bb: \u00abNey Turco Profesional\u00bb, \u00abslug\u00bb: \u00abney-turco-profesional-e-tune-bolahenk\u00bb}<\/p>\n","protected":false},"excerpt":{"rendered":"<p>{\u00abproduct_id\u00bb: 6239, \u00abtarget_language\u00bb: \u00abSpanish\u00bb, \u00abtitle\u00bb: \u00abNey Turco Profesional &#8211; E Tune (Bolahenk)\u00bb, \u00abdescription\u00bb: \u00ab Ney Turco Profesional &#8211; E Tune (Bolahenk Ney) n Ney Turco Hecho a Mano n (Env\u00edo Desde Turqu\u00eda) n Hecho de bamb\u00fa que ha estado secando durante al menos 15 a\u00f1os n El bamb\u00fa proviene de las regiones Ege, Marmara y [&hellip;]<\/p>\n","protected":false},"featured_media":6240,"comment_status":"open","ping_status":"closed","template":"","meta":{"googlesitekit_rrm_CAow0IDLDA:productID":"","_eb_attr":""},"product_brand":[],"product_cat":[390,394],"product_tag":[],"class_list":{"0":"post-33630","1":"product","2":"type-product","3":"status-publish","4":"has-post-thumbnail","6":"product_cat-instrumentos-de-viento","7":"product_cat-ney-turco","9":"first","10":"instock","11":"sold-individually","12":"shipping-taxable","13":"purchasable","14":"product-type-simple"},"jetpack_sharing_enabled":true,"_links":{"self":[{"href":"https:\/\/tapadum.com\/es\/wp-json\/wp\/v2\/product\/33630","targetHints":{"allow":["GET"]}}],"collection":[{"href":"https:\/\/tapadum.com\/es\/wp-json\/wp\/v2\/product"}],"about":[{"href":"https:\/\/tapadum.com\/es\/wp-json\/wp\/v2\/types\/product"}],"replies":[{"embeddable":true,"href":"https:\/\/tapadum.com\/es\/wp-json\/wp\/v2\/comments?post=33630"}],"version-history":[{"count":1,"href":"https:\/\/tapadum.com\/es\/wp-json\/wp\/v2\/product\/33630\/revisions"}],"predecessor-version":[{"id":33631,"href":"https:\/\/tapadum.com\/es\/wp-json\/wp\/v2\/product\/33630\/revisions\/33631"}],"wp:featuredmedia":[{"embeddable":true,"href":"https:\/\/tapadum.com\/es\/wp-json\/wp\/v2\/media\/6240"}],"wp:attachment":[{"href":"https:\/\/tapadum.com\/es\/wp-json\/wp\/v2\/media?parent=33630"}],"wp:term":[{"taxonomy":"product_brand","embeddable":true,"href":"https:\/\/tapadum.com\/es\/wp-json\/wp\/v2\/product_brand?post=33630"},{"taxonomy":"product_cat","embeddable":true,"href":"https:\/\/tapadum.com\/es\/wp-json\/wp\/v2\/product_cat?post=33630"},{"taxonomy":"product_tag","embeddable":true,"href":"https:\/\/tapadum.com\/es\/wp-json\/wp\/v2\/product_tag?post=33630"}],"curies":[{"name":"wp","href":"https:\/\/api.w.org\/{rel}","templated":true}]}}