{"id":6249,"date":"2022-12-10T19:07:36","date_gmt":"2022-12-10T19:07:36","guid":{"rendered":"https:\/\/etnikmuzikaletleri.com\/?post_type=product&#038;p=6249"},"modified":"2024-12-18T12:25:11","modified_gmt":"2024-12-18T12:25:11","slug":"professional-duduk","status":"publish","type":"product","link":"https:\/\/tapadum.com\/es\/producto\/professional-duduk\/","title":{"rendered":"Professional Duduk"},"content":{"rendered":"<h3 style=\"text-align: center;\"><strong><span style=\"vertical-align: inherit;\"><span style=\"vertical-align: inherit;\">Profesyonel Duduk\u00a0\u00a0<\/span><\/span><\/strong><\/h3>\n<p><span style=\"vertical-align: inherit;\"><span style=\"vertical-align: inherit;\">Profesyonel Duduk&#8217;u tan\u0131t\u0131yoruz &#8211; sizi antik melodilerin b\u00fcy\u00fcleyici d\u00fcnyas\u0131na g\u00f6t\u00fcren zarif bir Ermeni \u00fcflemeli \u00e7alg\u0131.<\/span><\/span><\/p>\n<p><span style=\"vertical-align: inherit;\"><span style=\"vertical-align: inherit;\">M\u00fckemmel bir \u015fekilde titizlikle \u00fcretilen bu Duduk, Ermeni m\u00fczi\u011finin ruhsal \u00f6z\u00fcn\u00fc yans\u0131t\u0131yor ve onu m\u00fczisyenler ve m\u00fczik merakl\u0131lar\u0131 i\u00e7in de\u011ferli bir eser haline getiriyor.<\/span><\/span><\/p>\n<p><span style=\"vertical-align: inherit;\"><span style=\"vertical-align: inherit;\">Birinci s\u0131n\u0131f kay\u0131s\u0131 a\u011fac\u0131ndan \u00fcretilen Duduk&#8217;un g\u00f6vdesi s\u0131cakl\u0131k ve \u00f6zg\u00fcnl\u00fckle yank\u0131lan\u0131r ve her nefeste duygular\u0131 harekete ge\u00e7iren e\u015fsiz bir t\u0131n\u0131 yarat\u0131r.<\/span><\/span><\/p>\n<p><span style=\"vertical-align: inherit;\"><span style=\"vertical-align: inherit;\">Ton \u00f6zellikleriyle \u00fcnl\u00fc kay\u0131s\u0131 a\u011fac\u0131, enstr\u00fcmana do\u011fan\u0131n b\u00fcy\u00fcs\u00fcnden bir dokunu\u015f katarak ger\u00e7ekten b\u00fcy\u00fcleyici bir ses ortaya \u00e7\u0131kar\u0131yor.<\/span><\/span><\/p>\n<p><span style=\"vertical-align: inherit;\"><span style=\"vertical-align: inherit;\">Benzersiz bir \u00e7al\u0131m deneyimi sa\u011flamak i\u00e7in Profesyonel Duduk y\u00fcksek kaliteli bir kam\u0131\u015fla donat\u0131lm\u0131\u015ft\u0131r.<\/span><\/span><\/p>\n<p><span style=\"vertical-align: inherit;\"><span style=\"vertical-align: inherit;\">Bu kam\u0131\u015f, hassas bir \u015fekilde el i\u015f\u00e7ili\u011fiyle \u00fcretilerek, enstr\u00fcman\u0131n n\u00fcanslar\u0131 \u00fczerinde zahmetsiz bir kontrol sa\u011fl\u0131yor ve dinleyicilerde derin yank\u0131 uyand\u0131ran b\u00fcy\u00fcleyici melodiler \u00fcretiyor.<\/span><\/span><\/p>\n<p><span style=\"vertical-align: inherit;\"><span style=\"vertical-align: inherit;\">Profesyonel Duduk ile Ermeni m\u00fczi\u011finin zengin miras\u0131n\u0131n tad\u0131n\u0131 \u00e7\u0131kar\u0131n.<\/span><\/span><\/p>\n<p><span style=\"vertical-align: inherit;\"><span style=\"vertical-align: inherit;\">\u0130ster repertuar\u0131n\u0131 geni\u015fletmek isteyen deneyimli bir m\u00fczisyen olun, ister yeni m\u00fczik boyutlar\u0131n\u0131 ke\u015ffetmeye hevesli macerac\u0131 bir ruh olun, bu Duduk size duygu ve sanatsal ifade d\u00fcnyas\u0131n\u0131n kap\u0131lar\u0131n\u0131 a\u00e7acak.<\/span><\/span><\/p>\n<p><span style=\"vertical-align: inherit;\"><span style=\"vertical-align: inherit;\">Ermeni k\u00fclt\u00fcr\u00fcn\u00fcn derin g\u00fczelli\u011fine dal\u0131n ve Duduk&#8217;un b\u00fcy\u00fcleyici g\u00fczellikteki notalar\u0131n\u0131n ge\u00e7mi\u015fin hikayelerini ve gelece\u011fin hayallerini \u00f6rmesine izin verin.<\/span><\/span><\/p>\n<p><span style=\"vertical-align: inherit;\"><span style=\"vertical-align: inherit;\">Profesyonel Duduk&#8217;un zamans\u0131z cazibesi ve e\u015fsiz kalitesiyle m\u00fczik yolculu\u011funuzu bir \u00fcst seviyeye ta\u015f\u0131y\u0131n.<\/span><\/span><\/p>\n<p><span style=\"vertical-align: inherit;\"><span style=\"vertical-align: inherit;\">Birinci S\u0131n\u0131f Kalitede Kam\u0131\u015f<\/span><\/span><\/p>\n<p><strong><span style=\"vertical-align: inherit;\"><span style=\"vertical-align: inherit;\">G\u00f6vde:<\/span><\/span><\/strong><span style=\"vertical-align: inherit;\"><span style=\"vertical-align: inherit;\"> Kay\u0131s\u0131 a\u011fac\u0131<\/span><\/span><\/p>\n<p><strong><span style=\"vertical-align: inherit;\"><span style=\"vertical-align: inherit;\">Haz\u0131r Melodiler:<\/span><\/span><\/strong><span style=\"vertical-align: inherit;\"><span style=\"vertical-align: inherit;\"> re do la si<\/span><\/span><\/p>\n<p><span style=\"font-weight: bold; margin-bottom: 0px;\"><span style=\"vertical-align: inherit;\"><span style=\"vertical-align: inherit;\">Di\u011fer tonlar sipari\u015f \u00fczerine yap\u0131l\u0131r. Haz\u0131rlanma s\u00fcresi 3 ile 10 g\u00fcn aras\u0131nda de\u011fi\u015fmektedir.<\/span><\/span><\/span><\/p>\n<p><span style=\"vertical-align: inherit;\"><span style=\"vertical-align: inherit;\">Her tonalitenin fiyat\u0131n\u0131 <\/span><strong><span style=\"vertical-align: inherit;\">not edin !<\/span><\/strong><\/span><\/p>\n<p><a href=\"https:\/\/i0.wp.com\/tapadum.com\/wp-content\/uploads\/2023\/07\/kategory-kapak-47.png?ssl=1\">\u00a0 \u00a0 <img data-recalc-dims=\"1\" decoding=\"async\" class=\"alignnone wp-image-9168\" src=\"https:\/\/i0.wp.com\/tapadum.com\/wp-content\/uploads\/2023\/07\/kategory-kapak-47.png?resize=362%2C76&#038;ssl=1\" alt=\"D\u00fcd\u00fck\" width=\"362\" height=\"76\" srcset=\"https:\/\/i0.wp.com\/tapadum.com\/wp-content\/uploads\/2023\/07\/kategory-kapak-47.png?resize=300%2C63&amp;ssl=1 300w, https:\/\/i0.wp.com\/tapadum.com\/wp-content\/uploads\/2023\/07\/kategory-kapak-47.png?resize=1024%2C213&amp;ssl=1 1024w, https:\/\/i0.wp.com\/tapadum.com\/wp-content\/uploads\/2023\/07\/kategory-kapak-47.png?resize=768%2C160&amp;ssl=1 768w, https:\/\/i0.wp.com\/tapadum.com\/wp-content\/uploads\/2023\/07\/kategory-kapak-47.png?resize=1536%2C320&amp;ssl=1 1536w, https:\/\/i0.wp.com\/tapadum.com\/wp-content\/uploads\/2023\/07\/kategory-kapak-47.png?resize=2048%2C427&amp;ssl=1 2048w, https:\/\/i0.wp.com\/tapadum.com\/wp-content\/uploads\/2023\/07\/kategory-kapak-47.png?resize=600%2C125&amp;ssl=1 600w, https:\/\/i0.wp.com\/tapadum.com\/wp-content\/uploads\/2023\/07\/kategory-kapak-47.png?w=1600&amp;ssl=1 1600w, https:\/\/i0.wp.com\/tapadum.com\/wp-content\/uploads\/2023\/07\/kategory-kapak-47.png?w=2400&amp;ssl=1 2400w\" sizes=\"(max-width: 362px) 100vw, 362px\" \/><\/a><\/p>\n","protected":false},"excerpt":{"rendered":"<p><span style=\"vertical-align: inherit;\"><span style=\"vertical-align: inherit;\">Y\u00fcksek Kaliteli Duduk<\/span><\/span><\/p>\n<p><span style=\"vertical-align: inherit;\"><span style=\"vertical-align: inherit;\">Profesyonel Duduk ile Ermeni m\u00fczi\u011finin \u00f6z\u00fcn\u00fc ke\u015ffedin &#8211; birinci s\u0131n\u0131f kay\u0131s\u0131 a\u011fac\u0131ndan titizlikle i\u015flenmi\u015f zarif bir \u00fcflemeli \u00e7alg\u0131. Bu zamans\u0131z Duduk&#8217;un t\u00fcyler \u00fcrpertici derecede g\u00fczel notalar\u0131n\u0131n rehberli\u011finde, duygu d\u00fcnyas\u0131na dald\u0131\u011f\u0131n\u0131zda ruh dolu melodileri kucaklay\u0131n. Y\u00fcksek kaliteli kam\u0131\u015f ve yank\u0131lanan g\u00f6vdesiyle Profesyonel Duduk, deneyimli bir m\u00fczisyen veya hevesli bir merakl\u0131 olsan\u0131z da benzersiz bir m\u00fczik deneyimi vaat ediyor. Ermeni k\u00fclt\u00fcr\u00fcn\u00fcn b\u00fcy\u00fcleyici seslerini serbest b\u0131rak\u0131n ve Profesyonel Duduk&#8217;un ba\u015ftan \u00e7\u0131kar\u0131c\u0131 cazibesiyle sanatsal bir ifade yolculu\u011funa \u00e7\u0131k\u0131n.<\/span><\/span><\/p>\n<p><span style=\"vertical-align: inherit;\"><span style=\"vertical-align: inherit;\">*Her tonalite i\u00e7in fiyat!<\/span><\/span><\/p>\n","protected":false},"featured_media":8777,"comment_status":"closed","ping_status":"closed","template":"","meta":{"_eb_attr":""},"product_brand":[],"product_cat":[391,390],"product_tag":[],"class_list":{"0":"post-6249","1":"product","2":"type-product","3":"status-publish","4":"has-post-thumbnail","6":"product_cat-duduk-es","7":"product_cat-instrumentos-de-viento","9":"first","10":"instock","11":"shipping-taxable","12":"purchasable","13":"product-type-simple"},"jetpack_sharing_enabled":true,"_links":{"self":[{"href":"https:\/\/tapadum.com\/es\/wp-json\/wp\/v2\/product\/6249","targetHints":{"allow":["GET"]}}],"collection":[{"href":"https:\/\/tapadum.com\/es\/wp-json\/wp\/v2\/product"}],"about":[{"href":"https:\/\/tapadum.com\/es\/wp-json\/wp\/v2\/types\/product"}],"replies":[{"embeddable":true,"href":"https:\/\/tapadum.com\/es\/wp-json\/wp\/v2\/comments?post=6249"}],"version-history":[{"count":7,"href":"https:\/\/tapadum.com\/es\/wp-json\/wp\/v2\/product\/6249\/revisions"}],"predecessor-version":[{"id":21343,"href":"https:\/\/tapadum.com\/es\/wp-json\/wp\/v2\/product\/6249\/revisions\/21343"}],"wp:featuredmedia":[{"embeddable":true,"href":"https:\/\/tapadum.com\/es\/wp-json\/wp\/v2\/media\/8777"}],"wp:attachment":[{"href":"https:\/\/tapadum.com\/es\/wp-json\/wp\/v2\/media?parent=6249"}],"wp:term":[{"taxonomy":"product_brand","embeddable":true,"href":"https:\/\/tapadum.com\/es\/wp-json\/wp\/v2\/product_brand?post=6249"},{"taxonomy":"product_cat","embeddable":true,"href":"https:\/\/tapadum.com\/es\/wp-json\/wp\/v2\/product_cat?post=6249"},{"taxonomy":"product_tag","embeddable":true,"href":"https:\/\/tapadum.com\/es\/wp-json\/wp\/v2\/product_tag?post=6249"}],"curies":[{"name":"wp","href":"https:\/\/api.w.org\/{rel}","templated":true}]}}