{"id":19559,"date":"2023-07-09T21:12:02","date_gmt":"2023-07-09T21:12:02","guid":{"rendered":"https:\/\/tapadum.com\/?page_id=19559"},"modified":"2024-11-22T14:30:41","modified_gmt":"2024-11-22T14:30:41","slug":"duduk-armenien","status":"publish","type":"page","link":"https:\/\/tapadum.com\/fr\/duduk-armenien\/","title":{"rendered":"Duduk Arm\u00e9nien"},"content":{"rendered":"\t\t<div data-elementor-type=\"wp-page\" data-elementor-id=\"19559\" class=\"elementor elementor-19559 elementor-9166\" data-elementor-post-type=\"page\">\n\t\t\t\t\t\t<section class=\"elementor-section elementor-top-section elementor-element elementor-element-626039e1 elementor-section-boxed elementor-section-height-default elementor-section-height-default\" data-id=\"626039e1\" data-element_type=\"section\" data-e-type=\"section\" data-settings=\"{&quot;background_background&quot;:&quot;classic&quot;}\">\n\t\t\t\t\t\t\t<div class=\"elementor-background-overlay\"><\/div>\n\t\t\t\t\t\t\t<div class=\"elementor-container elementor-column-gap-default\">\n\t\t\t\t\t<div class=\"elementor-column elementor-col-100 elementor-top-column elementor-element elementor-element-5944606\" data-id=\"5944606\" data-element_type=\"column\" data-e-type=\"column\">\n\t\t\t<div class=\"elementor-widget-wrap elementor-element-populated\">\n\t\t\t\t\t\t<div class=\"elementor-element elementor-element-39c9dbbe elementor-widget elementor-widget-woocommerce-breadcrumb\" data-id=\"39c9dbbe\" data-element_type=\"widget\" data-e-type=\"widget\" data-settings=\"{&quot;ekit_we_effect_on&quot;:&quot;none&quot;}\" data-widget_type=\"woocommerce-breadcrumb.default\">\n\t\t\t\t\t<nav class=\"woocommerce-breadcrumb\" aria-label=\"Breadcrumb\">Accueil<\/nav>\t\t\t\t<\/div>\n\t\t\t\t\t<\/div>\n\t\t<\/div>\n\t\t\t\t\t<\/div>\n\t\t<\/section>\n\t\t\t\t<section class=\"elementor-section elementor-top-section elementor-element elementor-element-6468977d elementor-section-boxed elementor-section-height-default elementor-section-height-default\" data-id=\"6468977d\" data-element_type=\"section\" data-e-type=\"section\">\n\t\t\t\t\t\t<div class=\"elementor-container elementor-column-gap-default\">\n\t\t\t\t\t<div class=\"elementor-column elementor-col-100 elementor-top-column elementor-element elementor-element-612ca836\" data-id=\"612ca836\" data-element_type=\"column\" data-e-type=\"column\" data-settings=\"{&quot;background_background&quot;:&quot;classic&quot;}\">\n\t\t\t<div class=\"elementor-widget-wrap elementor-element-populated\">\n\t\t\t\t\t\t<section class=\"elementor-section elementor-inner-section elementor-element elementor-element-508d961d elementor-section-boxed elementor-section-height-default elementor-section-height-default\" data-id=\"508d961d\" data-element_type=\"section\" data-e-type=\"section\">\n\t\t\t\t\t\t<div class=\"elementor-container elementor-column-gap-default\">\n\t\t\t\t\t<div class=\"elementor-column elementor-col-100 elementor-inner-column elementor-element elementor-element-5ebf0a7e elementor-invisible\" data-id=\"5ebf0a7e\" data-element_type=\"column\" data-e-type=\"column\" data-settings=\"{&quot;animation&quot;:&quot;fadeIn&quot;,&quot;animation_delay&quot;:360}\">\n\t\t\t<div class=\"elementor-widget-wrap elementor-element-populated\">\n\t\t\t\t\t\t<div class=\"elementor-element elementor-element-6ddea254 elementor-widget elementor-widget-heading\" data-id=\"6ddea254\" data-element_type=\"widget\" data-e-type=\"widget\" data-settings=\"{&quot;ekit_we_effect_on&quot;:&quot;none&quot;}\" data-widget_type=\"heading.default\">\n\t\t\t\t\t<h2 class=\"elementor-heading-title elementor-size-default\">Duduk Arm\u00e9nien<\/h2>\t\t\t\t<\/div>\n\t\t\t\t\t<\/div>\n\t\t<\/div>\n\t\t\t\t\t<\/div>\n\t\t<\/section>\n\t\t\t\t\t<\/div>\n\t\t<\/div>\n\t\t\t\t\t<\/div>\n\t\t<\/section>\n\t\t<div class=\"elementor-element elementor-element-76588e67 e-flex e-con-boxed e-con e-parent\" data-id=\"76588e67\" data-element_type=\"container\" data-e-type=\"container\" data-settings=\"{&quot;background_background&quot;:&quot;classic&quot;}\">\n\t\t\t\t\t<div class=\"e-con-inner\">\n\t\t<div class=\"elementor-element elementor-element-4f487901 e-flex e-con-boxed e-con e-child\" data-id=\"4f487901\" data-element_type=\"container\" data-e-type=\"container\" data-settings=\"{&quot;background_background&quot;:&quot;classic&quot;}\">\n\t\t\t\t\t<div class=\"e-con-inner\">\n\t\t\t\t<div class=\"elementor-element elementor-element-d0e6220 elementor-widget elementor-widget-text-editor\" data-id=\"d0e6220\" data-element_type=\"widget\" data-e-type=\"widget\" data-settings=\"{&quot;ekit_we_effect_on&quot;:&quot;none&quot;}\" data-widget_type=\"text-editor.default\">\n\t\t\t\t\t\t\t\t\t<p>Duduk : Adoptez les m\u00e9lodies pleines d&rsquo;\u00e2me<\/p>\t\t\t\t\t\t\t\t<\/div>\n\t\t\t\t\t<\/div>\n\t\t\t\t<\/div>\n\t\t\t\t\t<\/div>\n\t\t\t\t<\/div>\n\t\t<div class=\"elementor-element elementor-element-6a7a1c93 e-flex e-con-boxed e-con e-parent\" data-id=\"6a7a1c93\" data-element_type=\"container\" data-e-type=\"container\" data-settings=\"{&quot;background_background&quot;:&quot;classic&quot;}\">\n\t\t\t\t\t<div class=\"e-con-inner\">\n\t\t<div class=\"elementor-element elementor-element-7613bc39 e-flex e-con-boxed e-con e-child\" data-id=\"7613bc39\" data-element_type=\"container\" data-e-type=\"container\" data-settings=\"{&quot;background_background&quot;:&quot;classic&quot;}\">\n\t\t\t\t\t<div class=\"e-con-inner\">\n\t\t\t\t<div class=\"elementor-element elementor-element-548ef1fc elementor-grid-4 elementor-grid-tablet-3 elementor-grid-mobile-2 elementor-products-grid elementor-wc-products elementor-show-pagination-border-yes elementor-widget elementor-widget-woocommerce-products\" data-id=\"548ef1fc\" data-element_type=\"widget\" data-e-type=\"widget\" data-settings=\"{&quot;ekit_we_effect_on&quot;:&quot;none&quot;}\" data-widget_type=\"woocommerce-products.default\">\n\t\t\t\t<div class=\"elementor-widget-container\">\n\t\t\t\t\t<div class=\"woocommerce columns-4 \"><div class=\"woocommerce-notices-wrapper\"><\/div><p class=\"woocommerce-result-count\" role=\"alert\" aria-relevant=\"all\" >\n\tVoici le seul r\u00e9sultat<\/p>\n<form class=\"woocommerce-ordering\" method=\"get\">\n\t\t<select\n\t\tname=\"orderby\"\n\t\tclass=\"orderby\"\n\t\t\t\t\taria-label=\"Commande\"\n\t\t\t>\n\t\t\t\t\t<option value=\"popularity\" >Tri par popularit\u00e9<\/option>\n\t\t\t\t\t<option value=\"rating\" >Tri par notes moyennes<\/option>\n\t\t\t\t\t<option value=\"date\" >Tri du plus r\u00e9cent au plus ancien<\/option>\n\t\t\t\t\t<option value=\"price\"  selected='selected'>Tri par tarif croissant<\/option>\n\t\t\t\t\t<option value=\"price-desc\" >Tri par tarif d\u00e9croissant<\/option>\n\t\t\t<\/select>\n\t<input type=\"hidden\" name=\"paged\" value=\"1\" \/>\n\t<\/form>\n<ul class=\"products elementor-grid columns-4\">\n<li class=\"product type-product post-19038 status-publish first instock product_cat-duduk-fr product_cat-instruments-a-vent has-post-thumbnail shipping-taxable purchasable product-type-simple\">\n\t<a href=\"https:\/\/tapadum.com\/fr\/produit\/duduk-professionnel\/\" class=\"woocommerce-LoopProduct-link woocommerce-loop-product__link\"><img fetchpriority=\"high\" decoding=\"async\" width=\"300\" height=\"300\" src=\"https:\/\/i0.wp.com\/tapadum.com\/wp-content\/uploads\/2022\/12\/ud-stand.jpg?resize=300%2C300&amp;ssl=1\" class=\"attachment-woocommerce_thumbnail size-woocommerce_thumbnail\" alt=\"Duduk Professionnel\" srcset=\"https:\/\/i0.wp.com\/tapadum.com\/wp-content\/uploads\/2022\/12\/ud-stand.jpg?w=1080&amp;ssl=1 1080w, https:\/\/i0.wp.com\/tapadum.com\/wp-content\/uploads\/2022\/12\/ud-stand.jpg?resize=300%2C300&amp;ssl=1 300w, https:\/\/i0.wp.com\/tapadum.com\/wp-content\/uploads\/2022\/12\/ud-stand.jpg?resize=1024%2C1024&amp;ssl=1 1024w, https:\/\/i0.wp.com\/tapadum.com\/wp-content\/uploads\/2022\/12\/ud-stand.jpg?resize=150%2C150&amp;ssl=1 150w, https:\/\/i0.wp.com\/tapadum.com\/wp-content\/uploads\/2022\/12\/ud-stand.jpg?resize=768%2C768&amp;ssl=1 768w, https:\/\/i0.wp.com\/tapadum.com\/wp-content\/uploads\/2022\/12\/ud-stand.jpg?resize=600%2C600&amp;ssl=1 600w, https:\/\/i0.wp.com\/tapadum.com\/wp-content\/uploads\/2022\/12\/ud-stand.jpg?resize=100%2C100&amp;ssl=1 100w\" sizes=\"(max-width: 300px) 100vw, 300px\" \/><h2 class=\"woocommerce-loop-product__title\">Duduk Professionnel<\/h2>\n\t<span class=\"price\"><span class=\"woocommerce-Price-amount amount\"><bdi><span class=\"woocommerce-Price-currencySymbol\">&euro;<\/span>135,00<\/bdi><\/span><\/span>\n<\/a><a href=\"\/fr\/wp-json\/wp\/v2\/pages\/19559?add-to-cart=19038\" aria-describedby=\"woocommerce_loop_add_to_cart_link_describedby_19038\" data-quantity=\"1\" class=\"button product_type_simple add_to_cart_button ajax_add_to_cart\" data-product_id=\"19038\" data-product_sku=\"\" aria-label=\"Ajouter au panier\u00a0: &ldquo;Duduk Professionnel&rdquo;\" rel=\"nofollow\" data-success_message=\"\u00ab\u00a0Duduk Professionnel\u00a0\u00bb a \u00e9t\u00e9 ajout\u00e9 \u00e0 votre panier\" role=\"button\">Ajouter au panier<\/a>\t<span id=\"woocommerce_loop_add_to_cart_link_describedby_19038\" class=\"screen-reader-text\">\n\t\t\t<\/span>\n<\/li>\n<\/ul>\n<\/div>\t\t\t\t<\/div>\n\t\t\t\t<\/div>\n\t\t\t\t\t<\/div>\n\t\t\t\t<\/div>\n\t\t\t\t\t<\/div>\n\t\t\t\t<\/div>\n\t\t<div class=\"elementor-element elementor-element-706c244b e-flex e-con-boxed e-con e-parent\" data-id=\"706c244b\" data-element_type=\"container\" data-e-type=\"container\" data-settings=\"{&quot;background_background&quot;:&quot;gradient&quot;}\">\n\t\t\t\t\t<div class=\"e-con-inner\">\n\t\t<div class=\"elementor-element elementor-element-638add46 e-flex e-con-boxed e-con e-child\" data-id=\"638add46\" data-element_type=\"container\" data-e-type=\"container\" data-settings=\"{&quot;background_background&quot;:&quot;classic&quot;}\">\n\t\t\t\t\t<div class=\"e-con-inner\">\n\t\t\t\t<div class=\"elementor-element elementor-element-3c5b6486 elementor-widget elementor-widget-text-editor\" data-id=\"3c5b6486\" data-element_type=\"widget\" data-e-type=\"widget\" data-settings=\"{&quot;ekit_we_effect_on&quot;:&quot;none&quot;}\" data-widget_type=\"text-editor.default\">\n\t\t\t\t\t\t\t\t\t<p><b>Collection de dudouks arm\u00e9niens chez Tapadum Music Store<\/b><\/p><p>Bienvenue dans la cat\u00e9gorie Dudouks arm\u00e9niens de Tapadum Music Store, o\u00f9 vous trouverez une s\u00e9lection organis\u00e9e de ces instruments \u00e0 vent uniques connus pour leur sonorit\u00e9 profonde et \u00e9motive. Le Dudouks, fabriqu\u00e9 en bois d&rsquo;abricotier, est c\u00e9l\u00e8bre dans le monde entier pour ses sonorit\u00e9s chaudes et r\u00e9sonnantes qui relient les joueurs et les auditeurs \u00e0 l&rsquo;h\u00e9ritage musical arm\u00e9nien. Nous proposons ici une gamme de Dudouks qui incarnent un savoir-faire authentique, permettant aux musiciens de tous niveaux de d\u00e9couvrir cet instrument embl\u00e9matique.<\/p><p><b>D\u00e9couvrez l&rsquo;\u00e2me du Dudouks Arm\u00e9nien<\/b><\/p><p>Cet instrument \u00e0 vent occupe une place particuli\u00e8re dans la musique arm\u00e9nienne, ses origines remontant \u00e0 plus de mille ans. Connu pour produire des sons profond\u00e9ment expressifs, cet instrument traditionnel est un \u00e9l\u00e9ment essentiel de la musique folklorique arm\u00e9nienne. Son timbre distinct, produit par sa conception \u00e0 anche double et sa construction en bois d&rsquo;abricotier, le rend particuli\u00e8rement capable de transmettre une \u00e9motion intense, r\u00e9sonnant souvent avec le public \u00e0 un niveau profond\u00e9ment personnel.<\/p><p><b>Duduks de haute qualit\u00e9 pour les musiciens de tous niveaux<\/b><\/p><p>Chez Tapadum Music Store, nous sommes fiers d&rsquo;offrir une collection soigneusement s\u00e9lectionn\u00e9e de Duduks authentiques fabriqu\u00e9s par des ma\u00eetres artisans. Chaque instrument de notre magasin est fabriqu\u00e9 avec une attention particuli\u00e8re aux d\u00e9tails, garantissant une exp\u00e9rience de jeu in\u00e9gal\u00e9e. Que vous soyez un d\u00e9butant explorant la musique arm\u00e9nienne pour la premi\u00e8re fois ou un musicien chevronn\u00e9 \u00e0 la recherche d&rsquo;un instrument professionnel, notre magasin propose des options adapt\u00e9es \u00e0 tous les niveaux.<\/p><p>Nos instruments sont disponibles dans une vari\u00e9t\u00e9 d&rsquo;accordages, vous permettant de trouver la gamme tonale parfaite en fonction de votre style et de vos pr\u00e9f\u00e9rences. Des mod\u00e8les pour d\u00e9butants con\u00e7us pour faciliter le jeu aux instruments de qualit\u00e9 professionnelle offrant une profondeur et une r\u00e9sonance in\u00e9gal\u00e9es, notre collection a quelque chose \u00e0 offrir \u00e0 tout le monde. Chaque instrument est livr\u00e9 avec une anche sur mesure, qui permet de faire ressortir le son caract\u00e9ristique qui a rendu le Duduk si appr\u00e9ci\u00e9.<\/p><p><b>Pourquoi choisir le Duduk Arm\u00e9nien ?<\/b><\/p><p>La capacit\u00e9 unique de l&rsquo;instrument \u00e0 transmettre des \u00e9motions gr\u00e2ce \u00e0 sa tonalit\u00e9 chaleureuse et m\u00e9lancolique l&rsquo;a rendu populaire dans la musique traditionnelle et moderne. Son son riche ajoute une qualit\u00e9 distinctive \u00e0 un large \u00e9ventail de genres, du folk arm\u00e9nien aux musiques de film et \u00e0 la musique du monde. Les musiciens et compositeurs du monde entier utilisent cet instrument pour cr\u00e9er une musique introspective, pleine d&rsquo;\u00e2me et d&rsquo;une beaut\u00e9 envo\u00fbtante. C&rsquo;est \u00e9galement un instrument privil\u00e9gi\u00e9 dans la musique m\u00e9ditative en raison de ses tons apaisants et r\u00e9fl\u00e9chis.<\/p><p>La polyvalence de cet instrument \u00e0 vent lui permet d&rsquo;\u00eatre utilis\u00e9 dans des performances en solo, des ensembles et des genres de fusion, ajoutant de la profondeur et du caract\u00e8re \u00e0 n&rsquo;importe quel morceau de musique.<\/p><p><b>S\u00e9lectionner le bon <a href=\"https:\/\/en.wikipedia.org\/wiki\/Duduk\" target=\"_blank\" rel=\"noopener\">duduk<\/a><\/b><\/p><p>Il est essentiel de choisir un duduk qui convient \u00e0 votre niveau de comp\u00e9tence et \u00e0 vos objectifs musicaux. Chez Tapadum Music Store, nous s\u00e9lectionnons soigneusement chaque instrument de notre collection, en veillant \u00e0 ce qu&rsquo;il r\u00e9ponde aux normes de qualit\u00e9 et d&rsquo;authenticit\u00e9 les plus \u00e9lev\u00e9es. Notre magasin s&rsquo;associe \u00e0 des artisans qui respectent les m\u00e9thodes de construction traditionnelles, en utilisant du bois d&rsquo;abricotier fin et un savoir-faire expert pour produire des instruments aux sonorit\u00e9s chaudes et r\u00e9sonnantes pour lesquelles le duduk est connu.<\/p><p><b>Embarquez pour un voyage avec les vents arm\u00e9niens<\/b><\/p><p>Apprendre \u00e0 jouer de cet instrument \u00e0 vent, c&rsquo;est plus que simplement ma\u00eetriser un instrument : c&rsquo;est l&rsquo;occasion de se connecter \u00e0 la culture et \u00e0 la musique arm\u00e9niennes \u00e0 un niveau plus profond. Le son chaleureux et r\u00e9fl\u00e9chi de cet instrument offre aux musiciens un moyen puissant de transmettre des \u00e9motions, que ce soit dans des contextes folkloriques traditionnels ou des compositions modernes.<\/p><p>Chez Tapadum Music Store, nous avons \u00e0 c\u0153ur d&rsquo;aider les musiciens \u00e0 trouver des instruments qui r\u00e9sonnent avec leur vision artistique. Explorez notre collection de vents arm\u00e9niens d\u00e8s aujourd&rsquo;hui et trouvez l&rsquo;instrument qui convient le mieux \u00e0 votre voyage. Laissez ses sonorit\u00e9s profondes et intemporelles servir de toile de fond \u00e0 une musique qui parle au c\u0153ur et cr\u00e9e des souvenirs durables.<\/p>\t\t\t\t\t\t\t\t<\/div>\n\t\t\t\t\t<\/div>\n\t\t\t\t<\/div>\n\t\t\t\t\t<\/div>\n\t\t\t\t<\/div>\n\t\t\t\t<section class=\"elementor-section elementor-top-section elementor-element elementor-element-dcf2002 elementor-section-boxed elementor-section-height-default elementor-section-height-default\" data-id=\"dcf2002\" data-element_type=\"section\" data-e-type=\"section\" data-settings=\"{&quot;background_background&quot;:&quot;classic&quot;}\">\n\t\t\t\t\t\t<div class=\"elementor-container elementor-column-gap-default\">\n\t\t\t\t\t<div class=\"elementor-column elementor-col-100 elementor-top-column elementor-element elementor-element-1e9b3eb\" data-id=\"1e9b3eb\" data-element_type=\"column\" data-e-type=\"column\">\n\t\t\t<div class=\"elementor-widget-wrap elementor-element-populated\">\n\t\t\t\t\t\t<section class=\"elementor-section elementor-inner-section elementor-element elementor-element-873ff48 elementor-section-boxed elementor-section-height-default elementor-section-height-default\" data-id=\"873ff48\" data-element_type=\"section\" data-e-type=\"section\">\n\t\t\t\t\t\t<div class=\"elementor-container elementor-column-gap-default\">\n\t\t\t\t\t<div class=\"elementor-column elementor-col-25 elementor-inner-column elementor-element elementor-element-1984470 elementor-invisible\" data-id=\"1984470\" data-element_type=\"column\" data-e-type=\"column\" data-settings=\"{&quot;animation&quot;:&quot;fadeInLeft&quot;}\">\n\t\t\t<div class=\"elementor-widget-wrap elementor-element-populated\">\n\t\t\t\t\t\t<div class=\"elementor-element elementor-element-d9caea8 elementor-position-inline-start elementor-view-default elementor-mobile-position-block-start elementor-widget elementor-widget-icon-box\" data-id=\"d9caea8\" data-element_type=\"widget\" data-e-type=\"widget\" data-settings=\"{&quot;ekit_we_effect_on&quot;:&quot;none&quot;}\" data-widget_type=\"icon-box.default\">\n\t\t\t\t\t\t\t<div class=\"elementor-icon-box-wrapper\">\n\n\t\t\t\t\t\t<div class=\"elementor-icon-box-icon\">\n\t\t\t\t<span  class=\"elementor-icon\">\n\t\t\t\t<svg aria-hidden=\"true\" class=\"e-font-icon-svg e-fas-shipping-fast\" viewBox=\"0 0 640 512\" xmlns=\"http:\/\/www.w3.org\/2000\/svg\"><path d=\"M624 352h-16V243.9c0-12.7-5.1-24.9-14.1-33.9L494 110.1c-9-9-21.2-14.1-33.9-14.1H416V48c0-26.5-21.5-48-48-48H112C85.5 0 64 21.5 64 48v48H8c-4.4 0-8 3.6-8 8v16c0 4.4 3.6 8 8 8h272c4.4 0 8 3.6 8 8v16c0 4.4-3.6 8-8 8H40c-4.4 0-8 3.6-8 8v16c0 4.4 3.6 8 8 8h208c4.4 0 8 3.6 8 8v16c0 4.4-3.6 8-8 8H8c-4.4 0-8 3.6-8 8v16c0 4.4 3.6 8 8 8h208c4.4 0 8 3.6 8 8v16c0 4.4-3.6 8-8 8H64v128c0 53 43 96 96 96s96-43 96-96h128c0 53 43 96 96 96s96-43 96-96h48c8.8 0 16-7.2 16-16v-32c0-8.8-7.2-16-16-16zM160 464c-26.5 0-48-21.5-48-48s21.5-48 48-48 48 21.5 48 48-21.5 48-48 48zm320 0c-26.5 0-48-21.5-48-48s21.5-48 48-48 48 21.5 48 48-21.5 48-48 48zm80-208H416V144h44.1l99.9 99.9V256z\"><\/path><\/svg>\t\t\t\t<\/span>\n\t\t\t<\/div>\n\t\t\t\n\t\t\t\t\t\t<div class=\"elementor-icon-box-content\">\n\n\t\t\t\t\t\t\t\t\t<h4 class=\"elementor-icon-box-title\">\n\t\t\t\t\t\t<span  >\n\t\t\t\t\t\t\tLivraison gratuite\t\t\t\t\t\t<\/span>\n\t\t\t\t\t<\/h4>\n\t\t\t\t\n\t\t\t\t\t\t\t\t\t<p class=\"elementor-icon-box-description\">\n\t\t\t\t\t\tVers l'Europe %0 Taxe douani\u00e8re\t\t\t\t\t<\/p>\n\t\t\t\t\n\t\t\t<\/div>\n\t\t\t\n\t\t<\/div>\n\t\t\t\t\t\t<\/div>\n\t\t\t\t\t<\/div>\n\t\t<\/div>\n\t\t\t\t<div class=\"elementor-column elementor-col-25 elementor-inner-column elementor-element elementor-element-9f5e20b elementor-invisible\" data-id=\"9f5e20b\" data-element_type=\"column\" data-e-type=\"column\" data-settings=\"{&quot;animation&quot;:&quot;fadeInLeft&quot;,&quot;animation_delay&quot;:240}\">\n\t\t\t<div class=\"elementor-widget-wrap elementor-element-populated\">\n\t\t\t\t\t\t<div class=\"elementor-element elementor-element-f0df416 elementor-position-inline-start elementor-view-default elementor-mobile-position-block-start elementor-widget elementor-widget-icon-box\" data-id=\"f0df416\" data-element_type=\"widget\" data-e-type=\"widget\" data-settings=\"{&quot;ekit_we_effect_on&quot;:&quot;none&quot;}\" data-widget_type=\"icon-box.default\">\n\t\t\t\t\t\t\t<div class=\"elementor-icon-box-wrapper\">\n\n\t\t\t\t\t\t<div class=\"elementor-icon-box-icon\">\n\t\t\t\t<span  class=\"elementor-icon\">\n\t\t\t\t<i aria-hidden=\"true\" class=\"icon icon-shield\"><\/i>\t\t\t\t<\/span>\n\t\t\t<\/div>\n\t\t\t\n\t\t\t\t\t\t<div class=\"elementor-icon-box-content\">\n\n\t\t\t\t\t\t\t\t\t<h4 class=\"elementor-icon-box-title\">\n\t\t\t\t\t\t<span  >\n\t\t\t\t\t\t\tGarantie de 15 jours\t\t\t\t\t\t<\/span>\n\t\t\t\t\t<\/h4>\n\t\t\t\t\n\t\t\t\t\t\t\t\t\t<p class=\"elementor-icon-box-description\">\n\t\t\t\t\t\t15 jours de remboursement\n\n\t\t\t\t\t<\/p>\n\t\t\t\t\n\t\t\t<\/div>\n\t\t\t\n\t\t<\/div>\n\t\t\t\t\t\t<\/div>\n\t\t\t\t\t<\/div>\n\t\t<\/div>\n\t\t\t\t<div class=\"elementor-column elementor-col-25 elementor-inner-column elementor-element elementor-element-2324709 elementor-invisible\" data-id=\"2324709\" data-element_type=\"column\" data-e-type=\"column\" data-settings=\"{&quot;animation&quot;:&quot;fadeInLeft&quot;,&quot;animation_delay&quot;:480}\">\n\t\t\t<div class=\"elementor-widget-wrap elementor-element-populated\">\n\t\t\t\t\t\t<div class=\"elementor-element elementor-element-8e7818b elementor-position-inline-start elementor-view-default elementor-mobile-position-block-start elementor-widget elementor-widget-icon-box\" data-id=\"8e7818b\" data-element_type=\"widget\" data-e-type=\"widget\" data-settings=\"{&quot;ekit_we_effect_on&quot;:&quot;none&quot;}\" data-widget_type=\"icon-box.default\">\n\t\t\t\t\t\t\t<div class=\"elementor-icon-box-wrapper\">\n\n\t\t\t\t\t\t<div class=\"elementor-icon-box-icon\">\n\t\t\t\t<span  class=\"elementor-icon\">\n\t\t\t\t<i aria-hidden=\"true\" class=\"icon icon-planet-earth\"><\/i>\t\t\t\t<\/span>\n\t\t\t<\/div>\n\t\t\t\n\t\t\t\t\t\t<div class=\"elementor-icon-box-content\">\n\n\t\t\t\t\t\t\t\t\t<h4 class=\"elementor-icon-box-title\">\n\t\t\t\t\t\t<span  >\n\t\t\t\t\t\t\tExp\u00e9dition mondiale\t\t\t\t\t\t<\/span>\n\t\t\t\t\t<\/h4>\n\t\t\t\t\n\t\t\t\t\t\t\t\t\t<p class=\"elementor-icon-box-description\">\n\t\t\t\t\t\tLivraison gratuite dans le monde entier\t\t\t\t\t<\/p>\n\t\t\t\t\n\t\t\t<\/div>\n\t\t\t\n\t\t<\/div>\n\t\t\t\t\t\t<\/div>\n\t\t\t\t\t<\/div>\n\t\t<\/div>\n\t\t\t\t<div class=\"elementor-column elementor-col-25 elementor-inner-column elementor-element elementor-element-8ed6704 elementor-invisible\" data-id=\"8ed6704\" data-element_type=\"column\" data-e-type=\"column\" data-settings=\"{&quot;animation&quot;:&quot;fadeInLeft&quot;,&quot;animation_delay&quot;:600}\">\n\t\t\t<div class=\"elementor-widget-wrap elementor-element-populated\">\n\t\t\t\t\t\t<div class=\"elementor-element elementor-element-7b5d8af elementor-position-inline-start elementor-view-default elementor-mobile-position-block-start elementor-widget elementor-widget-icon-box\" data-id=\"7b5d8af\" data-element_type=\"widget\" data-e-type=\"widget\" data-settings=\"{&quot;ekit_we_effect_on&quot;:&quot;none&quot;}\" data-widget_type=\"icon-box.default\">\n\t\t\t\t\t\t\t<div class=\"elementor-icon-box-wrapper\">\n\n\t\t\t\t\t\t<div class=\"elementor-icon-box-icon\">\n\t\t\t\t<span  class=\"elementor-icon\">\n\t\t\t\t<i aria-hidden=\"true\" class=\"icon icon-safebox\"><\/i>\t\t\t\t<\/span>\n\t\t\t<\/div>\n\t\t\t\n\t\t\t\t\t\t<div class=\"elementor-icon-box-content\">\n\n\t\t\t\t\t\t\t\t\t<h4 class=\"elementor-icon-box-title\">\n\t\t\t\t\t\t<span  >\n\t\t\t\t\t\t\t100% S\u00e9curis\u00e9\t\t\t\t\t\t<\/span>\n\t\t\t\t\t<\/h4>\n\t\t\t\t\n\t\t\t\t\t\t\t\t\t<p class=\"elementor-icon-box-description\">\n\t\t\t\t\t\tPaiement s\u00e9curis\u00e9\n\n\t\t\t\t\t<\/p>\n\t\t\t\t\n\t\t\t<\/div>\n\t\t\t\n\t\t<\/div>\n\t\t\t\t\t\t<\/div>\n\t\t\t\t\t<\/div>\n\t\t<\/div>\n\t\t\t\t\t<\/div>\n\t\t<\/section>\n\t\t\t\t\t<\/div>\n\t\t<\/div>\n\t\t\t\t\t<\/div>\n\t\t<\/section>\n\t\t\t\t<\/div>\n\t\t","protected":false},"excerpt":{"rendered":"<p>Duduk Arm\u00e9nien Duduk : Adoptez les m\u00e9lodies pleines d&rsquo;\u00e2me Collection de dudouks arm\u00e9niens chez Tapadum Music Store Bienvenue dans la cat\u00e9gorie Dudouks arm\u00e9niens de Tapadum Music Store, o\u00f9 vous trouverez une s\u00e9lection organis\u00e9e de ces instruments \u00e0 vent uniques connus pour leur sonorit\u00e9 profonde et \u00e9motive. Le Dudouks, fabriqu\u00e9 en bois d&rsquo;abricotier, est c\u00e9l\u00e8bre dans [&hellip;]<\/p>\n","protected":false},"author":1,"featured_media":0,"parent":0,"menu_order":0,"comment_status":"closed","ping_status":"closed","template":"","meta":{"_eb_attr":"","footnotes":""},"class_list":["post-19559","page","type-page","status-publish","hentry"],"jetpack_sharing_enabled":true,"_links":{"self":[{"href":"https:\/\/tapadum.com\/fr\/wp-json\/wp\/v2\/pages\/19559","targetHints":{"allow":["GET"]}}],"collection":[{"href":"https:\/\/tapadum.com\/fr\/wp-json\/wp\/v2\/pages"}],"about":[{"href":"https:\/\/tapadum.com\/fr\/wp-json\/wp\/v2\/types\/page"}],"author":[{"embeddable":true,"href":"https:\/\/tapadum.com\/fr\/wp-json\/wp\/v2\/users\/1"}],"replies":[{"embeddable":true,"href":"https:\/\/tapadum.com\/fr\/wp-json\/wp\/v2\/comments?post=19559"}],"version-history":[{"count":7,"href":"https:\/\/tapadum.com\/fr\/wp-json\/wp\/v2\/pages\/19559\/revisions"}],"predecessor-version":[{"id":20546,"href":"https:\/\/tapadum.com\/fr\/wp-json\/wp\/v2\/pages\/19559\/revisions\/20546"}],"wp:attachment":[{"href":"https:\/\/tapadum.com\/fr\/wp-json\/wp\/v2\/media?parent=19559"}],"curies":[{"name":"wp","href":"https:\/\/api.w.org\/{rel}","templated":true}]}}