{"id":19578,"date":"2023-07-09T16:33:26","date_gmt":"2023-07-09T14:33:26","guid":{"rendered":"https:\/\/tapadum.com\/?page_id=19578"},"modified":"2026-05-05T21:53:54","modified_gmt":"2026-05-05T19:53:54","slug":"kemence-de-la-mer-noire","status":"publish","type":"page","link":"https:\/\/tapadum.com\/fr\/kemence-de-la-mer-noire\/","title":{"rendered":"Kemence de la Mer Noire"},"content":{"rendered":"\t\t<div data-elementor-type=\"wp-page\" data-elementor-id=\"19578\" class=\"elementor elementor-19578 elementor-9109\" data-elementor-post-type=\"page\">\n\t\t\t\t\t\t<section class=\"elementor-section elementor-top-section elementor-element elementor-element-913b671 elementor-section-full_width elementor-section-height-min-height elementor-section-height-default elementor-section-items-middle\" data-id=\"913b671\" data-element_type=\"section\" data-e-type=\"section\" data-settings=\"{&quot;background_background&quot;:&quot;classic&quot;}\">\n\t\t\t\t\t\t\t<div class=\"elementor-background-overlay\"><\/div>\n\t\t\t\t\t\t\t<div class=\"elementor-container elementor-column-gap-default\">\n\t\t\t\t\t<div class=\"elementor-column elementor-col-30 elementor-top-column elementor-element elementor-element-6eab7c1\" data-id=\"6eab7c1\" data-element_type=\"column\" data-e-type=\"column\">\n\t\t\t<div class=\"elementor-widget-wrap elementor-element-populated\">\n\t\t\t\t\t\t<div class=\"elementor-element elementor-element-dda98ff elementor-widget elementor-widget-woocommerce-breadcrumb\" data-id=\"dda98ff\" data-element_type=\"widget\" data-e-type=\"widget\" data-settings=\"{&quot;ekit_we_effect_on&quot;:&quot;none&quot;}\" data-widget_type=\"woocommerce-breadcrumb.default\">\n\t\t\t\t\t<nav class=\"woocommerce-breadcrumb\" aria-label=\"Breadcrumb\">Accueil<\/nav>\t\t\t\t<\/div>\n\t\t\t\t\t<\/div>\n\t\t<\/div>\n\t\t\t\t<div class=\"elementor-column elementor-col-70 elementor-top-column elementor-element elementor-element-a04de29\" data-id=\"a04de29\" data-element_type=\"column\" data-e-type=\"column\" data-settings=\"{&quot;background_background&quot;:&quot;classic&quot;}\">\n\t\t\t<div class=\"elementor-widget-wrap elementor-element-populated\">\n\t\t\t\t\t\t<div class=\"elementor-element elementor-element-3dfc4b0 elementor-widget elementor-widget-text-editor\" data-id=\"3dfc4b0\" data-element_type=\"widget\" data-e-type=\"widget\" data-settings=\"{&quot;ekit_we_effect_on&quot;:&quot;none&quot;}\" data-widget_type=\"text-editor.default\">\n\t\t\t\t\t\t\t\t\t<p>Kabak Kemane<\/p>\t\t\t\t\t\t\t\t<\/div>\n\t\t\t\t\t<\/div>\n\t\t<\/div>\n\t\t\t\t\t<\/div>\n\t\t<\/section>\n\t\t<div class=\"elementor-element elementor-element-5399f227 e-flex e-con-boxed e-con e-parent\" data-id=\"5399f227\" data-element_type=\"container\" data-e-type=\"container\" data-settings=\"{&quot;background_background&quot;:&quot;classic&quot;}\">\n\t\t\t\t\t<div class=\"e-con-inner\">\n\t\t<div class=\"elementor-element elementor-element-3f4215a9 e-flex e-con-boxed e-con e-child\" data-id=\"3f4215a9\" data-element_type=\"container\" data-e-type=\"container\" data-settings=\"{&quot;background_background&quot;:&quot;classic&quot;}\">\n\t\t\t\t\t<div class=\"e-con-inner\">\n\t\t\t\t<div class=\"elementor-element elementor-element-7a32b52e elementor-widget elementor-widget-text-editor\" data-id=\"7a32b52e\" data-element_type=\"widget\" data-e-type=\"widget\" data-settings=\"{&quot;ekit_we_effect_on&quot;:&quot;none&quot;}\" data-widget_type=\"text-editor.default\">\n\t\t\t\t\t\t\t\t\t<p>Son Magique de la Kemence de la Mer Noire<\/p>\t\t\t\t\t\t\t\t<\/div>\n\t\t\t\t\t<\/div>\n\t\t\t\t<\/div>\n\t\t\t\t\t<\/div>\n\t\t\t\t<\/div>\n\t\t<div class=\"elementor-element elementor-element-3d695430 e-flex e-con-boxed e-con e-parent\" data-id=\"3d695430\" data-element_type=\"container\" data-e-type=\"container\" data-settings=\"{&quot;background_background&quot;:&quot;classic&quot;}\">\n\t\t\t\t\t<div class=\"e-con-inner\">\n\t\t<div class=\"elementor-element elementor-element-24e19607 e-flex e-con-boxed e-con e-child\" data-id=\"24e19607\" data-element_type=\"container\" data-e-type=\"container\" data-settings=\"{&quot;background_background&quot;:&quot;classic&quot;}\">\n\t\t\t\t\t<div class=\"e-con-inner\">\n\t\t\t\t<div class=\"elementor-element elementor-element-3601fdb4 elementor-grid-4 elementor-grid-tablet-3 elementor-grid-mobile-2 elementor-products-grid elementor-wc-products elementor-show-pagination-border-yes elementor-widget elementor-widget-woocommerce-products\" data-id=\"3601fdb4\" data-element_type=\"widget\" data-e-type=\"widget\" data-settings=\"{&quot;ekit_we_effect_on&quot;:&quot;none&quot;}\" data-widget_type=\"woocommerce-products.default\">\n\t\t\t\t<div class=\"elementor-widget-container\">\n\t\t\t\t\t<div class=\"woocommerce columns-4 \"><div class=\"woocommerce-notices-wrapper\"><\/div><p class=\"woocommerce-result-count\" role=\"alert\" aria-relevant=\"all\" >\n\tVoici le seul r\u00e9sultat<\/p>\n<form class=\"woocommerce-ordering\" method=\"get\">\n\t\t<select\n\t\tname=\"orderby\"\n\t\tclass=\"orderby\"\n\t\t\t\t\taria-label=\"Commande\"\n\t\t\t>\n\t\t\t\t\t<option value=\"popularity\" >Tri par popularit\u00e9<\/option>\n\t\t\t\t\t<option value=\"rating\" >Tri par notes moyennes<\/option>\n\t\t\t\t\t<option value=\"date\" >Tri du plus r\u00e9cent au plus ancien<\/option>\n\t\t\t\t\t<option value=\"price\"  selected='selected'>Tri par tarif croissant<\/option>\n\t\t\t\t\t<option value=\"price-desc\" >Tri par tarif d\u00e9croissant<\/option>\n\t\t\t<\/select>\n\t<input type=\"hidden\" name=\"paged\" value=\"1\" \/>\n\t<\/form>\n<ul class=\"products elementor-grid columns-4\">\n<li class=\"product type-product post-19041 status-publish first instock product_cat-instruments-a-archet product_cat-karadeniz-kemencesi has-post-thumbnail sale shipping-taxable purchasable product-type-simple\">\n\t<a href=\"https:\/\/tapadum.com\/fr\/produit\/kemence-de-la-mer-noire-professionnelle-karadeniz-kemencesi\/\" class=\"woocommerce-LoopProduct-link woocommerce-loop-product__link\">\n\t<span class=\"onsale\">Promo\u00a0!<\/span>\n\t<img fetchpriority=\"high\" decoding=\"async\" width=\"300\" height=\"300\" src=\"https:\/\/i0.wp.com\/tapadum.com\/wp-content\/uploads\/2022\/12\/Adsiz-tasarim.jpg?resize=300%2C300&amp;ssl=1\" class=\"attachment-woocommerce_thumbnail size-woocommerce_thumbnail\" alt=\"kemence\" srcset=\"https:\/\/i0.wp.com\/tapadum.com\/wp-content\/uploads\/2022\/12\/Adsiz-tasarim.jpg?w=1485&amp;ssl=1 1485w, https:\/\/i0.wp.com\/tapadum.com\/wp-content\/uploads\/2022\/12\/Adsiz-tasarim.jpg?resize=300%2C300&amp;ssl=1 300w, https:\/\/i0.wp.com\/tapadum.com\/wp-content\/uploads\/2022\/12\/Adsiz-tasarim.jpg?resize=1024%2C1024&amp;ssl=1 1024w, https:\/\/i0.wp.com\/tapadum.com\/wp-content\/uploads\/2022\/12\/Adsiz-tasarim.jpg?resize=150%2C150&amp;ssl=1 150w, https:\/\/i0.wp.com\/tapadum.com\/wp-content\/uploads\/2022\/12\/Adsiz-tasarim.jpg?resize=768%2C768&amp;ssl=1 768w, https:\/\/i0.wp.com\/tapadum.com\/wp-content\/uploads\/2022\/12\/Adsiz-tasarim.jpg?resize=600%2C600&amp;ssl=1 600w, https:\/\/i0.wp.com\/tapadum.com\/wp-content\/uploads\/2022\/12\/Adsiz-tasarim.jpg?resize=100%2C100&amp;ssl=1 100w\" sizes=\"(max-width: 300px) 100vw, 300px\" \/><h2 class=\"woocommerce-loop-product__title\">Kemence de la Mer Noire Professionnelle (Karadeniz Kemencesi)<\/h2>\n\t<span class=\"price\"><del aria-hidden=\"true\"><span class=\"woocommerce-Price-amount amount\"><bdi><span class=\"woocommerce-Price-currencySymbol\">&euro;<\/span>490,00<\/bdi><\/span><\/del> <span class=\"screen-reader-text\">Le prix initial \u00e9tait\u00a0: &euro;490,00.<\/span><ins aria-hidden=\"true\"><span class=\"woocommerce-Price-amount amount\"><bdi><span class=\"woocommerce-Price-currencySymbol\">&euro;<\/span>379,00<\/bdi><\/span><\/ins><span class=\"screen-reader-text\">Le prix actuel est\u00a0: &euro;379,00.<\/span><\/span>\n<\/a><a href=\"\/fr\/wp-json\/wp\/v2\/pages\/19578?add-to-cart=19041\" aria-describedby=\"woocommerce_loop_add_to_cart_link_describedby_19041\" data-quantity=\"1\" class=\"button product_type_simple add_to_cart_button ajax_add_to_cart\" data-product_id=\"19041\" data-product_sku=\"Tap190\" aria-label=\"Ajouter au panier\u00a0: &ldquo;Kemence de la Mer Noire Professionnelle (Karadeniz Kemencesi)&rdquo;\" rel=\"nofollow\" data-success_message=\"\u00ab\u00a0Kemence de la Mer Noire Professionnelle (Karadeniz Kemencesi)\u00a0\u00bb a \u00e9t\u00e9 ajout\u00e9 \u00e0 votre panier\" role=\"button\">Ajouter au panier<\/a>\t<span id=\"woocommerce_loop_add_to_cart_link_describedby_19041\" class=\"screen-reader-text\">\n\t\t\t<\/span>\n<\/li>\n<\/ul>\n<\/div>\t\t\t\t<\/div>\n\t\t\t\t<\/div>\n\t\t\t\t\t<\/div>\n\t\t\t\t<\/div>\n\t\t\t\t\t<\/div>\n\t\t\t\t<\/div>\n\t\t<div class=\"elementor-element elementor-element-6ef6a9cb e-flex e-con-boxed e-con e-parent\" data-id=\"6ef6a9cb\" data-element_type=\"container\" data-e-type=\"container\" data-settings=\"{&quot;background_background&quot;:&quot;gradient&quot;}\">\n\t\t\t\t\t<div class=\"e-con-inner\">\n\t\t<div class=\"elementor-element elementor-element-6a6931c6 e-flex e-con-boxed e-con e-child\" data-id=\"6a6931c6\" data-element_type=\"container\" data-e-type=\"container\" data-settings=\"{&quot;background_background&quot;:&quot;classic&quot;}\">\n\t\t\t\t\t<div class=\"e-con-inner\">\n\t\t\t\t<div class=\"elementor-element elementor-element-66c67185 elementor-widget elementor-widget-text-editor\" data-id=\"66c67185\" data-element_type=\"widget\" data-e-type=\"widget\" data-settings=\"{&quot;ekit_we_effect_on&quot;:&quot;none&quot;}\" data-widget_type=\"text-editor.default\">\n\t\t\t\t\t\t\t\t\t<h3>La Voix \u00c9motive de la Mer Noire<\/h3><p>Le <strong>Karadeniz Kemencesi<\/strong> (Kemence de la Mer Noire), \u00e9galement connu en Gr\u00e8ce sous le nom de <strong>Pontus Lyra<\/strong>, est un remarquable <strong>instrument \u00e0 cordes<\/strong> avec une histoire profonde et une signification culturelle qui transcende les fronti\u00e8res. Originaire de la <strong>r\u00e9gion du Pontus<\/strong>\u2014la Turquie du nord-est moderne et certaines parties de la Gr\u00e8ce\u2014cet <strong>instrument \u00e0 archet<\/strong> remonte au 11\u00e8me ou 12\u00e8me si\u00e8cle. Il est depuis devenu un symbole iconique du <strong>patrimoine musical de la Mer Noire<\/strong>, c\u00e9l\u00e9br\u00e9 pour sa capacit\u00e9 \u00e0 transmettre l&rsquo;esprit, les \u00e9motions et les traditions de la r\u00e9gion.<\/p><h4>Un H\u00e9ritage Historique Riche<\/h4><p>Le nom \u00ab\u00a0kemence\u00a0\u00bb, signifiant \u00ab\u00a0petit archet\u00a0\u00bb en turc, est apparu pour la premi\u00e8re fois au 10\u00e8me si\u00e8cle, marquant le d\u00e9but de la pr\u00e9sence durable de cet instrument dans la culture de la Mer Noire. Au fil des si\u00e8cles, la lyra a \u00e9volu\u00e9, avec des variations \u00e9mergeant dans diff\u00e9rentes r\u00e9gions le long de la c\u00f4te. Malgr\u00e9 ces diff\u00e9rences subtiles, l&rsquo;instrument a constamment conserv\u00e9 sa r\u00e9sonance \u00e9motionnelle et son caract\u00e8re vivant, en faisant un incontournable dans la musique tant de la <strong>Turquie<\/strong> que de la <strong>Gr\u00e8ce<\/strong>.<\/p><p>L&rsquo;histoire partag\u00e9e du <strong>Karadeniz Kemen\u00e7esi<\/strong> et du <strong>Pontus Lyra<\/strong> met en lumi\u00e8re une fascinante connexion culturelle entre les communaut\u00e9s turques et grecques de la Mer Noire. Pendant des si\u00e8cles, ces communaut\u00e9s ont jou\u00e9 cet instrument en harmonie, utilisant sa musique pour exprimer \u00e0 la fois la tristesse et la joie, m\u00eame lorsque des changements politiques et culturels ont fa\u00e7onn\u00e9 leurs identit\u00e9s.<\/p><h4>Le Son Distinctif de la Kemen\u00e7e<\/h4><p>Le <strong>Kemence de la Mer Noire<\/strong> est renomm\u00e9 pour son son distinctif, produit en frottant un archet sur ses trois cordes. Cette tonalit\u00e9 d&rsquo;une beaut\u00e9 envo\u00fbtante refl\u00e8te les \u00e9l\u00e9ments naturels de la r\u00e9gion de la Mer Noire : les murmures du vent, le rythme des vagues et la vie vibrante le long de la c\u00f4te. Son design et sa technique de jeu permettent aux musiciens de cr\u00e9er une large gamme d&rsquo;expressions \u00e9motionnelles, des lamentations \u00e9mouvantes aux m\u00e9lodies de danse entra\u00eenantes.<\/p><p>Ce <strong>instrument ethnique<\/strong> a \u00e9t\u00e9 profond\u00e9ment int\u00e9gr\u00e9 dans les traditions folkloriques \u00e0 travers la Mer Noire. Que ce soit dans les villages turcs nich\u00e9s le long de la c\u00f4te ou dans les \u00e9tablissements grecs du Pontus, la kemence a servi de pont musical, unissant diverses influences culturelles tout en restant fid\u00e8le \u00e0 ses racines.<\/p><h4>Symbole de l&rsquo;Esprit de la Mer Noire<\/h4><p>Le <strong>Karadeniz Kemen\u00e7esi<\/strong> refl\u00e8te le c\u0153ur du <strong>peuple de la Mer Noire<\/strong>\u2014ses paysages sauvages, ses luttes durables et ses joies profondes. Jou\u00e9 lors des festivals de village, des mariages et des rassemblements, la kemence a \u00e9t\u00e9 un compagnon constant tant dans la c\u00e9l\u00e9bration que dans le deuil. Sa musique parle de l&rsquo;exp\u00e9rience humaine partag\u00e9e, transcendante des fronti\u00e8res et favorisant un sentiment d&rsquo;unit\u00e9.<\/p><h4>Pertinence Moderne<\/h4><p>Aujourd&rsquo;hui, le <strong>Kemence de la Mer Noire<\/strong> continue de captiver les musiciens et les auditoires \u00e0 travers le monde. Son son intemporel et son riche h\u00e9ritage en font un instrument ch\u00e9ri pour ceux qui sont passionn\u00e9s par la musique traditionnelle. Les communaut\u00e9s turques et grecques ont pr\u00e9serv\u00e9 et c\u00e9l\u00e9br\u00e9 son h\u00e9ritage, veillant \u00e0 ce que le <strong>Karadeniz Kemen\u00e7e<\/strong> reste un symbole vivant de leur identit\u00e9 culturelle partag\u00e9e.<\/p><h4>Pourquoi Choisir cet instrument \u00e0 archet traditionnel ?<\/h4><ol><li><strong>Signification Historique :<\/strong> Cet instrument est un lien vivant avec la riche histoire et les traditions de la Mer Noire.<\/li><li><strong>Pont Culturel :<\/strong> Son identit\u00e9 duale en tant que <strong>Pontus Lyra<\/strong> illustre l&rsquo;harmonie entre les communaut\u00e9s turques et grecques.<\/li><li><strong>Son Unique :<\/strong> La tonalit\u00e9 de la kemence est incomparable, \u00e9voquant la beaut\u00e9 sauvage et la profondeur \u00e9motionnelle de la Mer Noire.<\/li><li><strong>Polyvalence :<\/strong> Id\u00e9ale pour des performances solo ou des ensembles, elle s&rsquo;adapte \u00e0 une gamme de styles musicaux tout en conservant son caract\u00e8re distinctif.<\/li><\/ol><h4>Un Morceau de Histoire Vivante<\/h4><p>Que vous l&rsquo;appeliez <strong>Pontus Lyra<\/strong>, cet instrument est bien plus qu&rsquo;un outil pour faire de la musique. Il incarne des si\u00e8cles d&rsquo;histoire partag\u00e9e, d&rsquo;\u00e9changes culturels et de connexions humaines. Ses m\u00e9lodies r\u00e9sonnent avec les voix de g\u00e9n\u00e9rations qui ont v\u00e9cu au bord de la Mer Noire, portant en avant leurs histoires, \u00e9motions et r\u00eaves.<\/p><p>D\u00e9couvrez la beaut\u00e9 profonde du <strong>Kemence de la Mer Noire<a href=\"https:\/\/en.wikipedia.org\/wiki\/Kemenche\" target=\"_blank\" rel=\"noopener\"> Kemence<\/a><\/strong>, un instrument qui relie les cultures et continue d&rsquo;inspirer les musiciens \u00e0 travers le monde.<\/p>\t\t\t\t\t\t\t\t<\/div>\n\t\t\t\t\t<\/div>\n\t\t\t\t<\/div>\n\t\t\t\t\t<\/div>\n\t\t\t\t<\/div>\n\t\t\t\t<section class=\"elementor-section elementor-top-section elementor-element elementor-element-3a512f14 elementor-section-boxed elementor-section-height-default elementor-section-height-default\" data-id=\"3a512f14\" data-element_type=\"section\" data-e-type=\"section\" data-settings=\"{&quot;background_background&quot;:&quot;classic&quot;}\">\n\t\t\t\t\t\t<div class=\"elementor-container elementor-column-gap-default\">\n\t\t\t\t\t<div class=\"elementor-column elementor-col-100 elementor-top-column elementor-element elementor-element-4cba14b1\" data-id=\"4cba14b1\" data-element_type=\"column\" data-e-type=\"column\">\n\t\t\t<div class=\"elementor-widget-wrap elementor-element-populated\">\n\t\t\t\t\t\t<section class=\"elementor-section elementor-inner-section elementor-element elementor-element-5251061f elementor-section-boxed elementor-section-height-default elementor-section-height-default\" data-id=\"5251061f\" data-element_type=\"section\" data-e-type=\"section\">\n\t\t\t\t\t\t<div class=\"elementor-container elementor-column-gap-default\">\n\t\t\t\t\t<div class=\"elementor-column elementor-col-25 elementor-inner-column elementor-element elementor-element-1ffa3cf4 elementor-invisible\" data-id=\"1ffa3cf4\" data-element_type=\"column\" data-e-type=\"column\" data-settings=\"{&quot;animation&quot;:&quot;fadeInLeft&quot;}\">\n\t\t\t<div class=\"elementor-widget-wrap elementor-element-populated\">\n\t\t\t\t\t\t<div class=\"elementor-element elementor-element-4ad37f63 elementor-position-inline-start elementor-view-default elementor-mobile-position-block-start elementor-widget elementor-widget-icon-box\" data-id=\"4ad37f63\" data-element_type=\"widget\" data-e-type=\"widget\" data-settings=\"{&quot;ekit_we_effect_on&quot;:&quot;none&quot;}\" data-widget_type=\"icon-box.default\">\n\t\t\t\t\t\t\t<div class=\"elementor-icon-box-wrapper\">\n\n\t\t\t\t\t\t<div class=\"elementor-icon-box-icon\">\n\t\t\t\t<span  class=\"elementor-icon\">\n\t\t\t\t<svg aria-hidden=\"true\" class=\"e-font-icon-svg e-fas-shipping-fast\" viewBox=\"0 0 640 512\" xmlns=\"http:\/\/www.w3.org\/2000\/svg\"><path d=\"M624 352h-16V243.9c0-12.7-5.1-24.9-14.1-33.9L494 110.1c-9-9-21.2-14.1-33.9-14.1H416V48c0-26.5-21.5-48-48-48H112C85.5 0 64 21.5 64 48v48H8c-4.4 0-8 3.6-8 8v16c0 4.4 3.6 8 8 8h272c4.4 0 8 3.6 8 8v16c0 4.4-3.6 8-8 8H40c-4.4 0-8 3.6-8 8v16c0 4.4 3.6 8 8 8h208c4.4 0 8 3.6 8 8v16c0 4.4-3.6 8-8 8H8c-4.4 0-8 3.6-8 8v16c0 4.4 3.6 8 8 8h208c4.4 0 8 3.6 8 8v16c0 4.4-3.6 8-8 8H64v128c0 53 43 96 96 96s96-43 96-96h128c0 53 43 96 96 96s96-43 96-96h48c8.8 0 16-7.2 16-16v-32c0-8.8-7.2-16-16-16zM160 464c-26.5 0-48-21.5-48-48s21.5-48 48-48 48 21.5 48 48-21.5 48-48 48zm320 0c-26.5 0-48-21.5-48-48s21.5-48 48-48 48 21.5 48 48-21.5 48-48 48zm80-208H416V144h44.1l99.9 99.9V256z\"><\/path><\/svg>\t\t\t\t<\/span>\n\t\t\t<\/div>\n\t\t\t\n\t\t\t\t\t\t<div class=\"elementor-icon-box-content\">\n\n\t\t\t\t\t\t\t\t\t<h4 class=\"elementor-icon-box-title\">\n\t\t\t\t\t\t<span  >\n\t\t\t\t\t\t\tLivraison Gratuite\t\t\t\t\t\t<\/span>\n\t\t\t\t\t<\/h4>\n\t\t\t\t\n\t\t\t\t\t\t\t\t\t<p class=\"elementor-icon-box-description\">\n\t\t\t\t\t\tVers l'Europe &amp; %0 Taxe Personnalis\u00e9e\n\t\t\t\t\t<\/p>\n\t\t\t\t\n\t\t\t<\/div>\n\t\t\t\n\t\t<\/div>\n\t\t\t\t\t\t<\/div>\n\t\t\t\t\t<\/div>\n\t\t<\/div>\n\t\t\t\t<div class=\"elementor-column elementor-col-25 elementor-inner-column elementor-element elementor-element-63476311 elementor-invisible\" data-id=\"63476311\" data-element_type=\"column\" data-e-type=\"column\" data-settings=\"{&quot;animation&quot;:&quot;fadeInLeft&quot;,&quot;animation_delay&quot;:240}\">\n\t\t\t<div class=\"elementor-widget-wrap elementor-element-populated\">\n\t\t\t\t\t\t<div class=\"elementor-element elementor-element-6c3c1152 elementor-position-inline-start elementor-view-default elementor-mobile-position-block-start elementor-widget elementor-widget-icon-box\" data-id=\"6c3c1152\" data-element_type=\"widget\" data-e-type=\"widget\" data-settings=\"{&quot;ekit_we_effect_on&quot;:&quot;none&quot;}\" data-widget_type=\"icon-box.default\">\n\t\t\t\t\t\t\t<div class=\"elementor-icon-box-wrapper\">\n\n\t\t\t\t\t\t<div class=\"elementor-icon-box-icon\">\n\t\t\t\t<span  class=\"elementor-icon\">\n\t\t\t\t<i aria-hidden=\"true\" class=\"icon icon-shield\"><\/i>\t\t\t\t<\/span>\n\t\t\t<\/div>\n\t\t\t\n\t\t\t\t\t\t<div class=\"elementor-icon-box-content\">\n\n\t\t\t\t\t\t\t\t\t<h4 class=\"elementor-icon-box-title\">\n\t\t\t\t\t\t<span  >\n\t\t\t\t\t\t\tGarantie de 15 Jours\t\t\t\t\t\t<\/span>\n\t\t\t\t\t<\/h4>\n\t\t\t\t\n\t\t\t\t\t\t\t\t\t<p class=\"elementor-icon-box-description\">\n\t\t\t\t\t\tRemboursement de 15 jours\n\n\n\t\t\t\t\t<\/p>\n\t\t\t\t\n\t\t\t<\/div>\n\t\t\t\n\t\t<\/div>\n\t\t\t\t\t\t<\/div>\n\t\t\t\t\t<\/div>\n\t\t<\/div>\n\t\t\t\t<div class=\"elementor-column elementor-col-25 elementor-inner-column elementor-element elementor-element-3de86a2a elementor-invisible\" data-id=\"3de86a2a\" data-element_type=\"column\" data-e-type=\"column\" data-settings=\"{&quot;animation&quot;:&quot;fadeInLeft&quot;,&quot;animation_delay&quot;:480}\">\n\t\t\t<div class=\"elementor-widget-wrap elementor-element-populated\">\n\t\t\t\t\t\t<div class=\"elementor-element elementor-element-1783b244 elementor-position-inline-start elementor-view-default elementor-mobile-position-block-start elementor-widget elementor-widget-icon-box\" data-id=\"1783b244\" data-element_type=\"widget\" data-e-type=\"widget\" data-settings=\"{&quot;ekit_we_effect_on&quot;:&quot;none&quot;}\" data-widget_type=\"icon-box.default\">\n\t\t\t\t\t\t\t<div class=\"elementor-icon-box-wrapper\">\n\n\t\t\t\t\t\t<div class=\"elementor-icon-box-icon\">\n\t\t\t\t<span  class=\"elementor-icon\">\n\t\t\t\t<i aria-hidden=\"true\" class=\"icon icon-planet-earth\"><\/i>\t\t\t\t<\/span>\n\t\t\t<\/div>\n\t\t\t\n\t\t\t\t\t\t<div class=\"elementor-icon-box-content\">\n\n\t\t\t\t\t\t\t\t\t<h4 class=\"elementor-icon-box-title\">\n\t\t\t\t\t\t<span  >\n\t\t\t\t\t\t\tExp\u00e9dition Mondiale\t\t\t\t\t\t<\/span>\n\t\t\t\t\t<\/h4>\n\t\t\t\t\n\t\t\t\t\t\t\t\t\t<p class=\"elementor-icon-box-description\">\n\t\t\t\t\t\tExp\u00e9dition dans le Monde Entier\t\t\t\t\t<\/p>\n\t\t\t\t\n\t\t\t<\/div>\n\t\t\t\n\t\t<\/div>\n\t\t\t\t\t\t<\/div>\n\t\t\t\t\t<\/div>\n\t\t<\/div>\n\t\t\t\t<div class=\"elementor-column elementor-col-25 elementor-inner-column elementor-element elementor-element-6d2717d5 elementor-invisible\" data-id=\"6d2717d5\" data-element_type=\"column\" data-e-type=\"column\" data-settings=\"{&quot;animation&quot;:&quot;fadeInLeft&quot;,&quot;animation_delay&quot;:600}\">\n\t\t\t<div class=\"elementor-widget-wrap elementor-element-populated\">\n\t\t\t\t\t\t<div class=\"elementor-element elementor-element-7a3bf503 elementor-position-inline-start elementor-view-default elementor-mobile-position-block-start elementor-widget elementor-widget-icon-box\" data-id=\"7a3bf503\" data-element_type=\"widget\" data-e-type=\"widget\" data-settings=\"{&quot;ekit_we_effect_on&quot;:&quot;none&quot;}\" data-widget_type=\"icon-box.default\">\n\t\t\t\t\t\t\t<div class=\"elementor-icon-box-wrapper\">\n\n\t\t\t\t\t\t<div class=\"elementor-icon-box-icon\">\n\t\t\t\t<span  class=\"elementor-icon\">\n\t\t\t\t<i aria-hidden=\"true\" class=\"icon icon-safebox\"><\/i>\t\t\t\t<\/span>\n\t\t\t<\/div>\n\t\t\t\n\t\t\t\t\t\t<div class=\"elementor-icon-box-content\">\n\n\t\t\t\t\t\t\t\t\t<h4 class=\"elementor-icon-box-title\">\n\t\t\t\t\t\t<span  >\n\t\t\t\t\t\t\t100% S\u00e9cure\t\t\t\t\t\t<\/span>\n\t\t\t\t\t<\/h4>\n\t\t\t\t\n\t\t\t\t\t\t\t\t\t<p class=\"elementor-icon-box-description\">\n\t\t\t\t\t\tPaiement 100% S\u00e9cure\n\n\n\t\t\t\t\t<\/p>\n\t\t\t\t\n\t\t\t<\/div>\n\t\t\t\n\t\t<\/div>\n\t\t\t\t\t\t<\/div>\n\t\t\t\t\t<\/div>\n\t\t<\/div>\n\t\t\t\t\t<\/div>\n\t\t<\/section>\n\t\t\t\t\t<\/div>\n\t\t<\/div>\n\t\t\t\t\t<\/div>\n\t\t<\/section>\n\t\t\t\t<\/div>\n\t\t","protected":false},"excerpt":{"rendered":"<p>Lyra<\/p>\n","protected":false},"author":1,"featured_media":0,"parent":0,"menu_order":0,"comment_status":"closed","ping_status":"closed","template":"","meta":{"googlesitekit_rrm_CAow0IDLDA:productID":"","_eb_attr":"","footnotes":""},"class_list":["post-19578","page","type-page","status-publish","hentry"],"jetpack_sharing_enabled":true,"_links":{"self":[{"href":"https:\/\/tapadum.com\/fr\/wp-json\/wp\/v2\/pages\/19578","targetHints":{"allow":["GET"]}}],"collection":[{"href":"https:\/\/tapadum.com\/fr\/wp-json\/wp\/v2\/pages"}],"about":[{"href":"https:\/\/tapadum.com\/fr\/wp-json\/wp\/v2\/types\/page"}],"author":[{"embeddable":true,"href":"https:\/\/tapadum.com\/fr\/wp-json\/wp\/v2\/users\/1"}],"replies":[{"embeddable":true,"href":"https:\/\/tapadum.com\/fr\/wp-json\/wp\/v2\/comments?post=19578"}],"version-history":[{"count":19,"href":"https:\/\/tapadum.com\/fr\/wp-json\/wp\/v2\/pages\/19578\/revisions"}],"predecessor-version":[{"id":35859,"href":"https:\/\/tapadum.com\/fr\/wp-json\/wp\/v2\/pages\/19578\/revisions\/35859"}],"wp:attachment":[{"href":"https:\/\/tapadum.com\/fr\/wp-json\/wp\/v2\/media?parent=19578"}],"curies":[{"name":"wp","href":"https:\/\/api.w.org\/{rel}","templated":true}]}}