{"id":19814,"date":"2023-07-10T09:37:20","date_gmt":"2023-07-10T09:37:20","guid":{"rendered":"https:\/\/tapadum.com\/?page_id=19814"},"modified":"2024-11-30T20:25:16","modified_gmt":"2024-11-30T20:25:16","slug":"kaval","status":"publish","type":"page","link":"https:\/\/tapadum.com\/fr\/kaval\/","title":{"rendered":"Kaval"},"content":{"rendered":"\t\t<div data-elementor-type=\"wp-page\" data-elementor-id=\"19814\" class=\"elementor elementor-19814 elementor-9244\" data-elementor-post-type=\"page\">\n\t\t\t\t\t\t<section class=\"elementor-section elementor-top-section elementor-element elementor-element-2966d9a9 elementor-section-boxed elementor-section-height-default elementor-section-height-default\" data-id=\"2966d9a9\" data-element_type=\"section\" data-e-type=\"section\">\n\t\t\t\t\t\t<div class=\"elementor-container elementor-column-gap-default\">\n\t\t\t\t\t<div class=\"elementor-column elementor-col-100 elementor-top-column elementor-element elementor-element-7275d6eb\" data-id=\"7275d6eb\" data-element_type=\"column\" data-e-type=\"column\" data-settings=\"{&quot;background_background&quot;:&quot;classic&quot;}\">\n\t\t\t<div class=\"elementor-widget-wrap elementor-element-populated\">\n\t\t\t\t\t\t<section class=\"elementor-section elementor-inner-section elementor-element elementor-element-52b02c02 elementor-section-boxed elementor-section-height-default elementor-section-height-default\" data-id=\"52b02c02\" data-element_type=\"section\" data-e-type=\"section\">\n\t\t\t\t\t\t<div class=\"elementor-container elementor-column-gap-default\">\n\t\t\t\t\t<div class=\"elementor-column elementor-col-100 elementor-inner-column elementor-element elementor-element-835c94a\" data-id=\"835c94a\" data-element_type=\"column\" data-e-type=\"column\">\n\t\t\t<div class=\"elementor-widget-wrap elementor-element-populated\">\n\t\t\t\t\t\t<div class=\"elementor-element elementor-element-2902028 elementor-widget elementor-widget-heading\" data-id=\"2902028\" data-element_type=\"widget\" data-e-type=\"widget\" data-settings=\"{&quot;ekit_we_effect_on&quot;:&quot;none&quot;}\" data-widget_type=\"heading.default\">\n\t\t\t\t\t<h2 class=\"elementor-heading-title elementor-size-default\">Kaval<\/h2>\t\t\t\t<\/div>\n\t\t\t\t<div class=\"elementor-element elementor-element-3f875ef elementor-widget elementor-widget-text-editor\" data-id=\"3f875ef\" data-element_type=\"widget\" data-e-type=\"widget\" data-settings=\"{&quot;ekit_we_effect_on&quot;:&quot;none&quot;}\" data-widget_type=\"text-editor.default\">\n\t\t\t\t\t\t\t\t\t<p>Kaval<\/p>\t\t\t\t\t\t\t\t<\/div>\n\t\t\t\t\t<\/div>\n\t\t<\/div>\n\t\t\t\t\t<\/div>\n\t\t<\/section>\n\t\t\t\t\t<\/div>\n\t\t<\/div>\n\t\t\t\t\t<\/div>\n\t\t<\/section>\n\t\t<div class=\"elementor-element elementor-element-1d9e3832 e-flex e-con-boxed e-con e-parent\" data-id=\"1d9e3832\" data-element_type=\"container\" data-e-type=\"container\" data-settings=\"{&quot;background_background&quot;:&quot;classic&quot;}\">\n\t\t\t\t\t<div class=\"e-con-inner\">\n\t\t\t\t<div class=\"elementor-element elementor-element-cd4c2d5 elementor-widget elementor-widget-heading\" data-id=\"cd4c2d5\" data-element_type=\"widget\" data-e-type=\"widget\" data-settings=\"{&quot;ekit_we_effect_on&quot;:&quot;none&quot;}\" data-widget_type=\"heading.default\">\n\t\t\t\t\t<h2 class=\"elementor-heading-title elementor-size-default\">Kaval<\/h2>\t\t\t\t<\/div>\n\t\t<div class=\"elementor-element elementor-element-66006ddc e-flex e-con-boxed e-con e-child\" data-id=\"66006ddc\" data-element_type=\"container\" data-e-type=\"container\" data-settings=\"{&quot;background_background&quot;:&quot;classic&quot;}\">\n\t\t\t\t\t<div class=\"e-con-inner\">\n\t\t\t\t<div class=\"elementor-element elementor-element-13e2137e elementor-widget elementor-widget-text-editor\" data-id=\"13e2137e\" data-element_type=\"widget\" data-e-type=\"widget\" data-settings=\"{&quot;ekit_we_effect_on&quot;:&quot;none&quot;}\" data-widget_type=\"text-editor.default\">\n\t\t\t\t\t\t\t\t\t<p>Chez Tapadum Music Store, nous sommes fiers de travailler avec des artisans qualifi\u00e9s et passionn\u00e9s par leur m\u00e9tier. L&rsquo;un de ces artisans est Ali Riza Acar, un ma\u00eetre fabricant de kavals r\u00e9put\u00e9 pour son savoir-faire exceptionnel dans la cr\u00e9ation de kavals turcs.<\/p>\t\t\t\t\t\t\t\t<\/div>\n\t\t\t\t\t<\/div>\n\t\t\t\t<\/div>\n\t\t\t\t\t<\/div>\n\t\t\t\t<\/div>\n\t\t<div class=\"elementor-element elementor-element-b56ce89 e-flex e-con-boxed e-con e-parent\" data-id=\"b56ce89\" data-element_type=\"container\" data-e-type=\"container\" data-settings=\"{&quot;background_background&quot;:&quot;classic&quot;}\">\n\t\t\t\t\t<div class=\"e-con-inner\">\n\t\t<div class=\"elementor-element elementor-element-e6d1eb0 e-flex e-con-boxed e-con e-child\" data-id=\"e6d1eb0\" data-element_type=\"container\" data-e-type=\"container\" data-settings=\"{&quot;background_background&quot;:&quot;classic&quot;}\">\n\t\t\t\t\t<div class=\"e-con-inner\">\n\t\t\t\t<div class=\"elementor-element elementor-element-369ebf5d elementor-grid-4 elementor-grid-tablet-3 elementor-grid-mobile-2 elementor-products-grid elementor-wc-products elementor-show-pagination-border-yes elementor-widget elementor-widget-woocommerce-products\" data-id=\"369ebf5d\" data-element_type=\"widget\" data-e-type=\"widget\" data-settings=\"{&quot;ekit_we_effect_on&quot;:&quot;none&quot;}\" data-widget_type=\"woocommerce-products.default\">\n\t\t\t\t<div class=\"elementor-widget-container\">\n\t\t\t\t\t<div class=\"woocommerce columns-4 \"><div class=\"woocommerce-notices-wrapper\"><\/div><p class=\"woocommerce-result-count\" role=\"alert\" aria-relevant=\"all\" >\n\tVoici le seul r\u00e9sultat<\/p>\n<form class=\"woocommerce-ordering\" method=\"get\">\n\t\t<select\n\t\tname=\"orderby\"\n\t\tclass=\"orderby\"\n\t\t\t\t\taria-label=\"Commande\"\n\t\t\t>\n\t\t\t\t\t<option value=\"popularity\" >Tri par popularit\u00e9<\/option>\n\t\t\t\t\t<option value=\"rating\" >Tri par notes moyennes<\/option>\n\t\t\t\t\t<option value=\"date\" >Tri du plus r\u00e9cent au plus ancien<\/option>\n\t\t\t\t\t<option value=\"price\"  selected='selected'>Tri par tarif croissant<\/option>\n\t\t\t\t\t<option value=\"price-desc\" >Tri par tarif d\u00e9croissant<\/option>\n\t\t\t<\/select>\n\t<input type=\"hidden\" name=\"paged\" value=\"1\" \/>\n\t<\/form>\n<ul class=\"products elementor-grid columns-4\">\n<li class=\"product type-product post-19048 status-publish first instock product_cat-instruments-a-vent product_cat-kaval-fr has-post-thumbnail shipping-taxable purchasable product-type-simple\">\n\t<a href=\"https:\/\/tapadum.com\/fr\/produit\/kaval\/\" class=\"woocommerce-LoopProduct-link woocommerce-loop-product__link\"><img fetchpriority=\"high\" decoding=\"async\" width=\"300\" height=\"300\" src=\"https:\/\/i0.wp.com\/tapadum.com\/wp-content\/uploads\/2023\/05\/BlackFriday-post-1.png?resize=300%2C300&amp;ssl=1\" class=\"attachment-woocommerce_thumbnail size-woocommerce_thumbnail\" alt=\"kaval\" srcset=\"https:\/\/i0.wp.com\/tapadum.com\/wp-content\/uploads\/2023\/05\/BlackFriday-post-1.png?w=1080&amp;ssl=1 1080w, https:\/\/i0.wp.com\/tapadum.com\/wp-content\/uploads\/2023\/05\/BlackFriday-post-1.png?resize=300%2C300&amp;ssl=1 300w, https:\/\/i0.wp.com\/tapadum.com\/wp-content\/uploads\/2023\/05\/BlackFriday-post-1.png?resize=100%2C100&amp;ssl=1 100w, https:\/\/i0.wp.com\/tapadum.com\/wp-content\/uploads\/2023\/05\/BlackFriday-post-1.png?resize=600%2C600&amp;ssl=1 600w\" sizes=\"(max-width: 300px) 100vw, 300px\" \/><h2 class=\"woocommerce-loop-product__title\">Kaval Turc Professionnel d&rsquo;Ali Riza Acar<\/h2>\n\t<span class=\"price\"><span class=\"woocommerce-Price-amount amount\"><bdi><span class=\"woocommerce-Price-currencySymbol\">&euro;<\/span>149,00<\/bdi><\/span><\/span>\n<\/a><a href=\"\/fr\/wp-json\/wp\/v2\/pages\/19814?add-to-cart=19048\" aria-describedby=\"woocommerce_loop_add_to_cart_link_describedby_19048\" data-quantity=\"1\" class=\"button product_type_simple add_to_cart_button ajax_add_to_cart\" data-product_id=\"19048\" data-product_sku=\"Tap189\" aria-label=\"Ajouter au panier\u00a0: &ldquo;Kaval Turc Professionnel d&#039;Ali Riza Acar&rdquo;\" rel=\"nofollow\" data-success_message=\"\u00ab\u00a0Kaval Turc Professionnel d&#039;Ali Riza Acar\u00a0\u00bb a \u00e9t\u00e9 ajout\u00e9 \u00e0 votre panier\" role=\"button\">Ajouter au panier<\/a>\t<span id=\"woocommerce_loop_add_to_cart_link_describedby_19048\" class=\"screen-reader-text\">\n\t\t\t<\/span>\n<\/li>\n<\/ul>\n<\/div>\t\t\t\t<\/div>\n\t\t\t\t<\/div>\n\t\t\t\t\t<\/div>\n\t\t\t\t<\/div>\n\t\t\t\t\t<\/div>\n\t\t\t\t<\/div>\n\t\t<div class=\"elementor-element elementor-element-38a835b8 e-flex e-con-boxed e-con e-parent\" data-id=\"38a835b8\" data-element_type=\"container\" data-e-type=\"container\" data-settings=\"{&quot;background_background&quot;:&quot;gradient&quot;}\">\n\t\t\t\t\t<div class=\"e-con-inner\">\n\t\t<div class=\"elementor-element elementor-element-45deb300 e-flex e-con-boxed e-con e-child\" data-id=\"45deb300\" data-element_type=\"container\" data-e-type=\"container\" data-settings=\"{&quot;background_background&quot;:&quot;classic&quot;}\">\n\t\t\t\t\t<div class=\"e-con-inner\">\n\t\t\t\t<div class=\"elementor-element elementor-element-7197f0b2 elementor-widget elementor-widget-text-editor\" data-id=\"7197f0b2\" data-element_type=\"widget\" data-e-type=\"widget\" data-settings=\"{&quot;ekit_we_effect_on&quot;:&quot;none&quot;}\" data-widget_type=\"text-editor.default\">\n\t\t\t\t\t\t\t\t\t<p><strong>Kaval turc chez Tapadum Music Store<\/strong><\/p><p>Bienvenue dans la cat\u00e9gorie <strong>Kaval<\/strong> chez <strong>Tapadum Music Store<\/strong>, o\u00f9 vous pouvez explorer la beaut\u00e9 et la tradition de cet instrument \u00e0 vent turc unique. Il s&rsquo;agit d&rsquo;une fl\u00fbte en bois qui occupe une place importante dans la musique folklorique turque, r\u00e9put\u00e9e pour son son distinctif et sa profondeur \u00e9motionnelle. Chez <strong>Tapadum Music Store<\/strong>, nous sommes fiers de proposer des instruments \u00e0 vent de haute qualit\u00e9, soigneusement fabriqu\u00e9s par des artisans qualifi\u00e9s.<\/p><p><strong>Fabrication du Kaval<\/strong><\/p><p>Chaque instrument est fabriqu\u00e9 \u00e0 la main avec pr\u00e9cision et une grande attention aux d\u00e9tails. <strong>Ali Riza Acar<\/strong>, un ma\u00eetre artisan, consacre des ann\u00e9es d&rsquo;exp\u00e9rience \u00e0 cr\u00e9er des instruments sur lesquels les musiciens peuvent compter. Lorsque vous choisissez un <strong>Kaval<\/strong> chez <strong>Tapadum Music Store<\/strong>, vous pouvez \u00eatre assur\u00e9 de sa qualit\u00e9 et de son son. Cette fl\u00fbte en bois est g\u00e9n\u00e9ralement fabriqu\u00e9e en <strong>bois de prunier<\/strong>, bien que d&rsquo;autres types de bois, tels que le <strong>figuier<\/strong> et l&rsquo;<strong>abricotier<\/strong>, puissent \u00e9galement \u00eatre utilis\u00e9s. Chaque mat\u00e9riau conf\u00e8re des qualit\u00e9s tonales uniques, enrichissant le son chaleureux et r\u00e9sonnant de cet instrument.<\/p><p><strong>Le son du Kaval<\/strong><\/p><p>Ce vent instrument turc est appr\u00e9ci\u00e9 pour sa capacit\u00e9 \u00e0 transmettre l&rsquo;essence de la musique folklorique turque et des m\u00e9lodies traditionnelles. Il incarne les paysages pastoraux de la Turquie, souvent associ\u00e9 aux bergers qui le jouaient tout en surveillant leurs troupeaux. Le son doux mais p\u00e9n\u00e9trant de l&rsquo;instrument \u00e9voque des images de la nature, transportant les auditeurs au c\u0153ur de la Turquie rurale.<\/p><p>Jouer de cet instrument n\u00e9cessite un m\u00e9lange de contr\u00f4le de la respiration, de dext\u00e9rit\u00e9 des doigts et de compr\u00e9hension des <strong>modes musicaux turcs<\/strong>, appel\u00e9s \u00ab\u00a0<strong>makams<\/strong>\u00ab\u00a0. La gamme de notes produites par cette fl\u00fbte permet un jeu expressif, le rendant adapt\u00e9 \u00e0 l&rsquo;expression d&rsquo;une large gamme d&rsquo;\u00e9motions. Ma\u00eetriser cet instrument traditionnel peut \u00eatre une exp\u00e9rience enrichissante, car les musiciens \u00e9tablissent une connexion profonde avec leur public \u00e0 travers son son.<\/p><p><strong>Signification culturelle de l&rsquo;instrument<\/strong><\/p><p>Ce magnifique instrument \u00e0 vent est bien plus qu&rsquo;un simple instrument ; il est un symbole culturel en Turquie. Depuis des si\u00e8cles, il est utilis\u00e9 dans divers contextes, des mariages et c\u00e9l\u00e9brations aux moments de r\u00e9flexion tranquille. Dans les zones rurales, le <strong>Kaval<\/strong> servait souvent de moyen de communication parmi les bergers, exprimant leurs sentiments et leur connexion \u00e0 la nature. Cette riche histoire culturelle fait du <strong>Kaval<\/strong> un instrument pr\u00e9cieux.<\/p><p>Aujourd&rsquo;hui, cet instrument traditionnel continue d&rsquo;\u00e9voluer et de trouver sa place dans la musique moderne. Les musiciens de diff\u00e9rents genres int\u00e8grent la fl\u00fbte en bois dans leurs compositions, m\u00e9langeant les sons traditionnels avec des influences contemporaines. Cette polyvalence permet au <strong>Kaval<\/strong> de rester pertinent et appr\u00e9ci\u00e9 dans le paysage musical en constante \u00e9volution.<\/p><p><strong>Choisir le bon instrument \u00e0 vent<\/strong><\/p><p>Lorsque vous choisissez un <strong>Kaval<\/strong>, prenez en compte \u00e0 la fois le son et l&rsquo;artisanat. Chez <strong>Tapadum Music Store<\/strong>, nous proposons une large gamme de ces instruments, assurant que chaque musicien puisse trouver celui qui correspond \u00e0 son style. Chaque instrument est fabriqu\u00e9 avec soin, garantissant non seulement la beaut\u00e9 mais aussi une qualit\u00e9 sonore exceptionnelle.<\/p><p>Que vous soyez d\u00e9butant ou musicien exp\u00e9riment\u00e9, notre personnel comp\u00e9tent est l\u00e0 pour vous aider \u00e0 trouver l&rsquo;instrument parfait. Nous comprenons que chaque musicien a des besoins uniques, et nous nous engageons \u00e0 vous aider \u00e0 faire le meilleur choix pour votre parcours musical.<\/p><p><strong>D\u00e9couvrez la magie du Kaval<\/strong><\/p><p>Chez <strong>Tapadum Music Store<\/strong>, nous vous invitons \u00e0 d\u00e9couvrir la magie du<a href=\"https:\/\/tr.wikipedia.org\/wiki\/Kaval\" target=\"_blank\" rel=\"noopener\"> <strong>Kaval<\/strong>.<\/a> D\u00e9couvrez comment cet instrument extraordinaire peut enrichir votre expression musicale et vous connecter aux riches traditions de la musique turque. Que vous jouiez pour vous-m\u00eame, en groupe ou pour un public, cet instrument \u00e0 vent inspirera votre voyage musical. Explorez notre collection aujourd&rsquo;hui et laissez le son captivant de cette fl\u00fbte en bois vous transporter au c\u0153ur du paysage culturel vibrant de la Turquie.<\/p>\t\t\t\t\t\t\t\t<\/div>\n\t\t\t\t\t<\/div>\n\t\t\t\t<\/div>\n\t\t\t\t\t<\/div>\n\t\t\t\t<\/div>\n\t\t\t\t<section class=\"elementor-section elementor-top-section elementor-element elementor-element-fb8760c elementor-section-boxed elementor-section-height-default elementor-section-height-default\" data-id=\"fb8760c\" data-element_type=\"section\" data-e-type=\"section\" data-settings=\"{&quot;background_background&quot;:&quot;classic&quot;}\">\n\t\t\t\t\t\t<div class=\"elementor-container elementor-column-gap-default\">\n\t\t\t\t\t<div class=\"elementor-column elementor-col-100 elementor-top-column elementor-element elementor-element-be94be0\" data-id=\"be94be0\" data-element_type=\"column\" data-e-type=\"column\">\n\t\t\t<div class=\"elementor-widget-wrap elementor-element-populated\">\n\t\t\t\t\t\t<section class=\"elementor-section elementor-inner-section elementor-element elementor-element-63ded64 elementor-section-boxed elementor-section-height-default elementor-section-height-default\" data-id=\"63ded64\" data-element_type=\"section\" data-e-type=\"section\">\n\t\t\t\t\t\t<div class=\"elementor-container elementor-column-gap-default\">\n\t\t\t\t\t<div class=\"elementor-column elementor-col-25 elementor-inner-column elementor-element elementor-element-26fdeff elementor-invisible\" data-id=\"26fdeff\" data-element_type=\"column\" data-e-type=\"column\" data-settings=\"{&quot;animation&quot;:&quot;fadeInLeft&quot;}\">\n\t\t\t<div class=\"elementor-widget-wrap elementor-element-populated\">\n\t\t\t\t\t\t<div class=\"elementor-element elementor-element-e55aad4 elementor-position-inline-start elementor-view-default elementor-mobile-position-block-start elementor-widget elementor-widget-icon-box\" data-id=\"e55aad4\" data-element_type=\"widget\" data-e-type=\"widget\" data-settings=\"{&quot;ekit_we_effect_on&quot;:&quot;none&quot;}\" data-widget_type=\"icon-box.default\">\n\t\t\t\t\t\t\t<div class=\"elementor-icon-box-wrapper\">\n\n\t\t\t\t\t\t<div class=\"elementor-icon-box-icon\">\n\t\t\t\t<span  class=\"elementor-icon\">\n\t\t\t\t<svg aria-hidden=\"true\" class=\"e-font-icon-svg e-fas-shipping-fast\" viewBox=\"0 0 640 512\" xmlns=\"http:\/\/www.w3.org\/2000\/svg\"><path d=\"M624 352h-16V243.9c0-12.7-5.1-24.9-14.1-33.9L494 110.1c-9-9-21.2-14.1-33.9-14.1H416V48c0-26.5-21.5-48-48-48H112C85.5 0 64 21.5 64 48v48H8c-4.4 0-8 3.6-8 8v16c0 4.4 3.6 8 8 8h272c4.4 0 8 3.6 8 8v16c0 4.4-3.6 8-8 8H40c-4.4 0-8 3.6-8 8v16c0 4.4 3.6 8 8 8h208c4.4 0 8 3.6 8 8v16c0 4.4-3.6 8-8 8H8c-4.4 0-8 3.6-8 8v16c0 4.4 3.6 8 8 8h208c4.4 0 8 3.6 8 8v16c0 4.4-3.6 8-8 8H64v128c0 53 43 96 96 96s96-43 96-96h128c0 53 43 96 96 96s96-43 96-96h48c8.8 0 16-7.2 16-16v-32c0-8.8-7.2-16-16-16zM160 464c-26.5 0-48-21.5-48-48s21.5-48 48-48 48 21.5 48 48-21.5 48-48 48zm320 0c-26.5 0-48-21.5-48-48s21.5-48 48-48 48 21.5 48 48-21.5 48-48 48zm80-208H416V144h44.1l99.9 99.9V256z\"><\/path><\/svg>\t\t\t\t<\/span>\n\t\t\t<\/div>\n\t\t\t\n\t\t\t\t\t\t<div class=\"elementor-icon-box-content\">\n\n\t\t\t\t\t\t\t\t\t<h4 class=\"elementor-icon-box-title\">\n\t\t\t\t\t\t<span  >\n\t\t\t\t\t\t\tLivraison gratuite\t\t\t\t\t\t<\/span>\n\t\t\t\t\t<\/h4>\n\t\t\t\t\n\t\t\t\t\t\t\t\t\t<p class=\"elementor-icon-box-description\">\n\t\t\t\t\t\tVers l'Europe %0 Taxe douani\u00e8re\t\t\t\t\t<\/p>\n\t\t\t\t\n\t\t\t<\/div>\n\t\t\t\n\t\t<\/div>\n\t\t\t\t\t\t<\/div>\n\t\t\t\t\t<\/div>\n\t\t<\/div>\n\t\t\t\t<div class=\"elementor-column elementor-col-25 elementor-inner-column elementor-element elementor-element-a0597ec elementor-invisible\" data-id=\"a0597ec\" data-element_type=\"column\" data-e-type=\"column\" data-settings=\"{&quot;animation&quot;:&quot;fadeInLeft&quot;,&quot;animation_delay&quot;:240}\">\n\t\t\t<div class=\"elementor-widget-wrap elementor-element-populated\">\n\t\t\t\t\t\t<div class=\"elementor-element elementor-element-1e66feb elementor-position-inline-start elementor-view-default elementor-mobile-position-block-start elementor-widget elementor-widget-icon-box\" data-id=\"1e66feb\" data-element_type=\"widget\" data-e-type=\"widget\" data-settings=\"{&quot;ekit_we_effect_on&quot;:&quot;none&quot;}\" data-widget_type=\"icon-box.default\">\n\t\t\t\t\t\t\t<div class=\"elementor-icon-box-wrapper\">\n\n\t\t\t\t\t\t<div class=\"elementor-icon-box-icon\">\n\t\t\t\t<span  class=\"elementor-icon\">\n\t\t\t\t<i aria-hidden=\"true\" class=\"icon icon-shield\"><\/i>\t\t\t\t<\/span>\n\t\t\t<\/div>\n\t\t\t\n\t\t\t\t\t\t<div class=\"elementor-icon-box-content\">\n\n\t\t\t\t\t\t\t\t\t<h4 class=\"elementor-icon-box-title\">\n\t\t\t\t\t\t<span  >\n\t\t\t\t\t\t\tGarantie de 15 jours\t\t\t\t\t\t<\/span>\n\t\t\t\t\t<\/h4>\n\t\t\t\t\n\t\t\t\t\t\t\t\t\t<p class=\"elementor-icon-box-description\">\n\t\t\t\t\t\t15 jours de remboursement\n\n\t\t\t\t\t<\/p>\n\t\t\t\t\n\t\t\t<\/div>\n\t\t\t\n\t\t<\/div>\n\t\t\t\t\t\t<\/div>\n\t\t\t\t\t<\/div>\n\t\t<\/div>\n\t\t\t\t<div class=\"elementor-column elementor-col-25 elementor-inner-column elementor-element elementor-element-c8a0c8e elementor-invisible\" data-id=\"c8a0c8e\" data-element_type=\"column\" data-e-type=\"column\" data-settings=\"{&quot;animation&quot;:&quot;fadeInLeft&quot;,&quot;animation_delay&quot;:480}\">\n\t\t\t<div class=\"elementor-widget-wrap elementor-element-populated\">\n\t\t\t\t\t\t<div class=\"elementor-element elementor-element-8d16deb elementor-position-inline-start elementor-view-default elementor-mobile-position-block-start elementor-widget elementor-widget-icon-box\" data-id=\"8d16deb\" data-element_type=\"widget\" data-e-type=\"widget\" data-settings=\"{&quot;ekit_we_effect_on&quot;:&quot;none&quot;}\" data-widget_type=\"icon-box.default\">\n\t\t\t\t\t\t\t<div class=\"elementor-icon-box-wrapper\">\n\n\t\t\t\t\t\t<div class=\"elementor-icon-box-icon\">\n\t\t\t\t<span  class=\"elementor-icon\">\n\t\t\t\t<i aria-hidden=\"true\" class=\"icon icon-planet-earth\"><\/i>\t\t\t\t<\/span>\n\t\t\t<\/div>\n\t\t\t\n\t\t\t\t\t\t<div class=\"elementor-icon-box-content\">\n\n\t\t\t\t\t\t\t\t\t<h4 class=\"elementor-icon-box-title\">\n\t\t\t\t\t\t<span  >\n\t\t\t\t\t\t\tExp\u00e9dition mondiale\t\t\t\t\t\t<\/span>\n\t\t\t\t\t<\/h4>\n\t\t\t\t\n\t\t\t\t\t\t\t\t\t<p class=\"elementor-icon-box-description\">\n\t\t\t\t\t\tLivraison gratuite dans le monde entier\t\t\t\t\t<\/p>\n\t\t\t\t\n\t\t\t<\/div>\n\t\t\t\n\t\t<\/div>\n\t\t\t\t\t\t<\/div>\n\t\t\t\t\t<\/div>\n\t\t<\/div>\n\t\t\t\t<div class=\"elementor-column elementor-col-25 elementor-inner-column elementor-element elementor-element-bb2313f elementor-invisible\" data-id=\"bb2313f\" data-element_type=\"column\" data-e-type=\"column\" data-settings=\"{&quot;animation&quot;:&quot;fadeInLeft&quot;,&quot;animation_delay&quot;:600}\">\n\t\t\t<div class=\"elementor-widget-wrap elementor-element-populated\">\n\t\t\t\t\t\t<div class=\"elementor-element elementor-element-92f9cf4 elementor-position-inline-start elementor-view-default elementor-mobile-position-block-start elementor-widget elementor-widget-icon-box\" data-id=\"92f9cf4\" data-element_type=\"widget\" data-e-type=\"widget\" data-settings=\"{&quot;ekit_we_effect_on&quot;:&quot;none&quot;}\" data-widget_type=\"icon-box.default\">\n\t\t\t\t\t\t\t<div class=\"elementor-icon-box-wrapper\">\n\n\t\t\t\t\t\t<div class=\"elementor-icon-box-icon\">\n\t\t\t\t<span  class=\"elementor-icon\">\n\t\t\t\t<i aria-hidden=\"true\" class=\"icon icon-safebox\"><\/i>\t\t\t\t<\/span>\n\t\t\t<\/div>\n\t\t\t\n\t\t\t\t\t\t<div class=\"elementor-icon-box-content\">\n\n\t\t\t\t\t\t\t\t\t<h4 class=\"elementor-icon-box-title\">\n\t\t\t\t\t\t<span  >\n\t\t\t\t\t\t\t100% S\u00e9curis\u00e9\t\t\t\t\t\t<\/span>\n\t\t\t\t\t<\/h4>\n\t\t\t\t\n\t\t\t\t\t\t\t\t\t<p class=\"elementor-icon-box-description\">\n\t\t\t\t\t\tPaiement s\u00e9curis\u00e9\n\n\t\t\t\t\t<\/p>\n\t\t\t\t\n\t\t\t<\/div>\n\t\t\t\n\t\t<\/div>\n\t\t\t\t\t\t<\/div>\n\t\t\t\t\t<\/div>\n\t\t<\/div>\n\t\t\t\t\t<\/div>\n\t\t<\/section>\n\t\t\t\t\t<\/div>\n\t\t<\/div>\n\t\t\t\t\t<\/div>\n\t\t<\/section>\n\t\t\t\t<\/div>\n\t\t","protected":false},"excerpt":{"rendered":"<p>Kaval Kaval Kaval Chez Tapadum Music Store, nous sommes fiers de travailler avec des artisans qualifi\u00e9s et passionn\u00e9s par leur m\u00e9tier. L&rsquo;un de ces artisans est Ali Riza Acar, un ma\u00eetre fabricant de kavals r\u00e9put\u00e9 pour son savoir-faire exceptionnel dans la cr\u00e9ation de kavals turcs. Kaval turc chez Tapadum Music Store Bienvenue dans la cat\u00e9gorie [&hellip;]<\/p>\n","protected":false},"author":1,"featured_media":0,"parent":0,"menu_order":0,"comment_status":"closed","ping_status":"closed","template":"","meta":{"_eb_attr":"","footnotes":""},"class_list":["post-19814","page","type-page","status-publish","hentry"],"jetpack_sharing_enabled":true,"_links":{"self":[{"href":"https:\/\/tapadum.com\/fr\/wp-json\/wp\/v2\/pages\/19814","targetHints":{"allow":["GET"]}}],"collection":[{"href":"https:\/\/tapadum.com\/fr\/wp-json\/wp\/v2\/pages"}],"about":[{"href":"https:\/\/tapadum.com\/fr\/wp-json\/wp\/v2\/types\/page"}],"author":[{"embeddable":true,"href":"https:\/\/tapadum.com\/fr\/wp-json\/wp\/v2\/users\/1"}],"replies":[{"embeddable":true,"href":"https:\/\/tapadum.com\/fr\/wp-json\/wp\/v2\/comments?post=19814"}],"version-history":[{"count":7,"href":"https:\/\/tapadum.com\/fr\/wp-json\/wp\/v2\/pages\/19814\/revisions"}],"predecessor-version":[{"id":20738,"href":"https:\/\/tapadum.com\/fr\/wp-json\/wp\/v2\/pages\/19814\/revisions\/20738"}],"wp:attachment":[{"href":"https:\/\/tapadum.com\/fr\/wp-json\/wp\/v2\/media?parent=19814"}],"curies":[{"name":"wp","href":"https:\/\/api.w.org\/{rel}","templated":true}]}}