{"id":19897,"date":"2023-06-14T10:38:50","date_gmt":"2023-06-14T10:38:50","guid":{"rendered":"https:\/\/tapadum.com\/?page_id=19897"},"modified":"2024-12-01T10:06:25","modified_gmt":"2024-12-01T10:06:25","slug":"politique-de-confidentialite","status":"publish","type":"page","link":"https:\/\/tapadum.com\/fr\/politique-de-confidentialite\/","title":{"rendered":"Politique de confidentialit\u00e9"},"content":{"rendered":"\t\t<div data-elementor-type=\"wp-page\" data-elementor-id=\"19897\" class=\"elementor elementor-19897 elementor-6900\" data-elementor-post-type=\"page\">\n\t\t\t\t<div class=\"elementor-element elementor-element-c2c109c e-flex e-con-boxed e-con e-parent\" data-id=\"c2c109c\" data-element_type=\"container\" data-e-type=\"container\">\n\t\t\t\t\t<div class=\"e-con-inner\">\n\t\t\t\t<div class=\"elementor-element elementor-element-b55cbc8 elementor-widget elementor-widget-heading\" data-id=\"b55cbc8\" data-element_type=\"widget\" data-e-type=\"widget\" data-settings=\"{&quot;ekit_we_effect_on&quot;:&quot;none&quot;}\" data-widget_type=\"heading.default\">\n\t\t\t\t\t<h2 class=\"elementor-heading-title elementor-size-default\">Politique de confidentialit\u00e9<\/h2>\t\t\t\t<\/div>\n\t\t\t\t<div class=\"elementor-element elementor-element-f463609 elementor-widget elementor-widget-text-editor\" data-id=\"f463609\" data-element_type=\"widget\" data-e-type=\"widget\" data-settings=\"{&quot;ekit_we_effect_on&quot;:&quot;none&quot;}\" data-widget_type=\"text-editor.default\">\n\t\t\t\t\t\t\t\t\t<p>Cette politique de confidentialit\u00e9 a \u00e9t\u00e9 r\u00e9dig\u00e9e pour mieux servir ceux qui s&rsquo;inqui\u00e8tent de l&rsquo;utilisation de leurs <strong>informations personnelles identifiables (IPI)<\/strong> en ligne. Les <strong>IPI<\/strong>, telles que d\u00e9finies dans la l\u00e9gislation am\u00e9ricaine sur la confidentialit\u00e9 et la s\u00e9curit\u00e9 de l&rsquo;information, d\u00e9signent des informations qui peuvent \u00eatre utilis\u00e9es seules ou avec d&rsquo;autres donn\u00e9es pour identifier, contacter ou localiser une personne. Veuillez lire attentivement cette politique de confidentialit\u00e9 pour comprendre comment nous collectons, utilisons, prot\u00e9geons ou autrement g\u00e9rons vos <strong>informations personnelles identifiables<\/strong> conform\u00e9ment \u00e0 notre site Web.<\/p><h3><strong>Quelles informations personnelles collectons-nous aupr\u00e8s des personnes qui visitent notre blog, site Web ou application ?<\/strong><\/h3><p>Nous ne collectons aucune information aupr\u00e8s des visiteurs de notre site, sauf si elle est fournie volontairement. Les seules donn\u00e9es que nous collectons comprennent :<\/p><ul><li>Les informations que vous fournissez lors de l&rsquo;enregistrement sur notre site.<\/li><li>Les informations que vous fournissez lors de la passation d&rsquo;une commande, de l&rsquo;inscription \u00e0 notre newsletter, de l&rsquo;utilisation du chat en direct ou de l&rsquo;entr\u00e9e de donn\u00e9es sur notre site.<\/li><\/ul><h3><strong>Quand collectons-nous des informations ?<\/strong><\/h3><p>Nous collectons des informations vous concernant lorsque vous :<\/p><ul><li>Vous enregistrez sur notre site<\/li><li>Passez une commande<\/li><li>Vous inscrivez \u00e0 notre newsletter<\/li><li>Utilisez le chat en direct ou entrez des informations sur notre site<\/li><\/ul><h3><strong>Comment utilisons-nous vos informations ?<\/strong><\/h3><p>Nous pouvons utiliser les informations collect\u00e9es de la mani\u00e8re suivante :<\/p><ul><li>Pour personnaliser l&rsquo;exp\u00e9rience utilisateur et vous offrir les types de contenu et d&rsquo;offres de produits qui vous int\u00e9ressent le plus.<\/li><li>Pour traiter rapidement vos transactions et fournir un service client.<\/li><\/ul><h3><strong>Utilisons-nous des \u00ab cookies \u00bb ?<\/strong><\/h3><p>Oui, nous utilisons des <strong>cookies<\/strong>. Les cookies sont de petits fichiers transf\u00e9r\u00e9s sur le disque dur de votre ordinateur via votre navigateur Web (si vous permettez) qui permettent \u00e0 nos syst\u00e8mes de reconna\u00eetre votre navigateur et de capturer et m\u00e9moriser certaines informations. Par exemple, nous utilisons des cookies pour m\u00e9moriser et traiter les articles dans votre panier d&rsquo;achat. Les cookies nous aident \u00e9galement \u00e0 comprendre vos pr\u00e9f\u00e9rences en fonction de vos activit\u00e9s sur le site, ce qui nous permet d&rsquo;offrir de meilleurs services et exp\u00e9riences sur le site. De plus, les cookies nous aident \u00e0 compiler des donn\u00e9es agr\u00e9g\u00e9es sur le trafic du site et les interactions.<\/p><p>Nous utilisons des cookies pour :<\/p><ul><li>M\u00e9moriser et traiter les articles dans votre panier d&rsquo;achat.<\/li><\/ul><p>Vous pouvez choisir de recevoir un avertissement chaque fois qu&rsquo;un cookie est envoy\u00e9, ou vous pouvez d\u00e9sactiver tous les cookies via les param\u00e8tres de votre navigateur. Chaque navigateur est diff\u00e9rent, alors consultez le menu d&rsquo;aide de votre navigateur pour savoir comment g\u00e9rer vos cookies.<\/p><p>Si vous d\u00e9sactivez les cookies, certaines fonctionnalit\u00e9s de notre site peuvent \u00eatre d\u00e9sactiv\u00e9es, ce qui pourrait affecter l&rsquo;efficacit\u00e9 de votre exp\u00e9rience de navigation, et certains services risquent de ne pas fonctionner correctement. Cependant, vous pourrez toujours passer des commandes.<\/p><h3><strong>Divulgation \u00e0 des tiers<\/strong><\/h3><p>Nous ne vendons, n&rsquo;\u00e9changeons ni ne transf\u00e9rons vos <strong>informations personnelles identifiables<\/strong> \u00e0 des parties externes.<\/p><h3><strong>Liens vers des sites tiers<\/strong><\/h3><p>Nous n&rsquo;incluons ni ne proposons de produits ou services tiers sur notre site Web.<\/p><h3><strong>Loi de protection de la vie priv\u00e9e en ligne de Californie (CalOPPA)<\/strong><\/h3><p><strong>CalOPPA<\/strong> est la premi\u00e8re loi d&rsquo;\u00c9tat aux \u00c9tats-Unis \u00e0 exiger des sites Web commerciaux et des services en ligne qu&rsquo;ils publient une politique de confidentialit\u00e9. La port\u00e9e de cette loi va au-del\u00e0 de la Californie et oblige toute personne exploitant des sites Web collectant des <strong>informations personnelles identifiables<\/strong> de r\u00e9sidents californiens \u00e0 publier une politique de confidentialit\u00e9 claire.<\/p><p>Conform\u00e9ment \u00e0 <strong>CalOPPA<\/strong>, nous acceptons les conditions suivantes :<\/p><ul><li>Les utilisateurs peuvent visiter notre site anonymement.<\/li><li>Une fois cette politique de confidentialit\u00e9 cr\u00e9\u00e9e, nous ajouterons un lien vers elle sur notre page d&rsquo;accueil ou au moins sur la premi\u00e8re page significative apr\u00e8s \u00eatre entr\u00e9 sur notre site.<\/li><li>Le lien vers notre politique de confidentialit\u00e9 inclura le mot <strong>\u00ab\u00a0Confidentialit\u00e9\u00a0\u00bb<\/strong> et sera facilement rep\u00e9rable.<\/li><\/ul><p>Les utilisateurs seront inform\u00e9s de toute modification de cette politique de confidentialit\u00e9 :<\/p><ul><li>Via des mises \u00e0 jour sur notre page <strong>Politique de confidentialit\u00e9<\/strong>.<\/li><\/ul><p>Les utilisateurs peuvent changer leurs informations personnelles :<\/p><ul><li>En se connectant \u00e0 leur compte.<\/li><\/ul><h3><strong>Comment notre site g\u00e8re-t-il les signaux \u00ab\u00a0Do Not Track\u00a0\u00bb ?<\/strong><\/h3><p>Nous honorons les signaux <strong>Do Not Track (DNT)<\/strong> et nous ne suivons pas, ne plantons pas de cookies et n&rsquo;utilisons pas de publicit\u00e9 lorsque le m\u00e9canisme <strong>DNT<\/strong> est activ\u00e9 dans votre navigateur.<\/p><h3><strong>Notre site autorise-t-il le suivi comportemental par des tiers ?<\/strong><\/h3><p>Non, nous n&rsquo;autorisons pas le suivi comportemental par des tiers.<\/p><h3><strong>Contactez-nous<\/strong><\/h3><p>Si vous <a href=\"https:\/\/en.wikipedia.org\/wiki\/Qanun_(instrument)\" target=\"_blank\" rel=\"noopener\">avez<\/a> des questions concernant cette politique de confidentialit\u00e9, veuillez nous contacter en utilisant les informations fournies sur notre page <strong>Contactez-nous<\/strong>.<\/p>\t\t\t\t\t\t\t\t<\/div>\n\t\t\t\t\t<\/div>\n\t\t\t\t<\/div>\n\t\t\t\t<\/div>\n\t\t","protected":false},"excerpt":{"rendered":"<p>Politique de confidentialit\u00e9 Cette politique de confidentialit\u00e9 a \u00e9t\u00e9 r\u00e9dig\u00e9e pour mieux servir ceux qui s&rsquo;inqui\u00e8tent de l&rsquo;utilisation de leurs informations personnelles identifiables (IPI) en ligne. Les IPI, telles que d\u00e9finies dans la l\u00e9gislation am\u00e9ricaine sur la confidentialit\u00e9 et la s\u00e9curit\u00e9 de l&rsquo;information, d\u00e9signent des informations qui peuvent \u00eatre utilis\u00e9es seules ou avec d&rsquo;autres donn\u00e9es [&hellip;]<\/p>\n","protected":false},"author":1,"featured_media":0,"parent":0,"menu_order":0,"comment_status":"closed","ping_status":"closed","template":"essential-blocks-fullwidth-template.php","meta":{"_eb_attr":"","footnotes":""},"class_list":["post-19897","page","type-page","status-publish","hentry"],"jetpack_sharing_enabled":true,"_links":{"self":[{"href":"https:\/\/tapadum.com\/fr\/wp-json\/wp\/v2\/pages\/19897","targetHints":{"allow":["GET"]}}],"collection":[{"href":"https:\/\/tapadum.com\/fr\/wp-json\/wp\/v2\/pages"}],"about":[{"href":"https:\/\/tapadum.com\/fr\/wp-json\/wp\/v2\/types\/page"}],"author":[{"embeddable":true,"href":"https:\/\/tapadum.com\/fr\/wp-json\/wp\/v2\/users\/1"}],"replies":[{"embeddable":true,"href":"https:\/\/tapadum.com\/fr\/wp-json\/wp\/v2\/comments?post=19897"}],"version-history":[{"count":7,"href":"https:\/\/tapadum.com\/fr\/wp-json\/wp\/v2\/pages\/19897\/revisions"}],"predecessor-version":[{"id":20834,"href":"https:\/\/tapadum.com\/fr\/wp-json\/wp\/v2\/pages\/19897\/revisions\/20834"}],"wp:attachment":[{"href":"https:\/\/tapadum.com\/fr\/wp-json\/wp\/v2\/media?parent=19897"}],"curies":[{"name":"wp","href":"https:\/\/api.w.org\/{rel}","templated":true}]}}