{"id":19944,"date":"2023-07-08T16:29:24","date_gmt":"2023-07-08T16:29:24","guid":{"rendered":"https:\/\/tapadum.com\/?page_id=19944"},"modified":"2024-12-01T09:56:08","modified_gmt":"2024-12-01T09:56:08","slug":"tambura-bulgare","status":"publish","type":"page","link":"https:\/\/tapadum.com\/fr\/tambura-bulgare\/","title":{"rendered":"Tambura Bulgare 1"},"content":{"rendered":"\t\t<div data-elementor-type=\"wp-page\" data-elementor-id=\"19944\" class=\"elementor elementor-19944 elementor-8878\" data-elementor-post-type=\"page\">\n\t\t\t\t\t\t<section class=\"elementor-section elementor-top-section elementor-element elementor-element-287086f8 elementor-section-boxed elementor-section-height-default elementor-section-height-default\" data-id=\"287086f8\" data-element_type=\"section\" data-e-type=\"section\">\n\t\t\t\t\t\t<div class=\"elementor-container elementor-column-gap-default\">\n\t\t\t\t\t<div class=\"elementor-column elementor-col-100 elementor-top-column elementor-element elementor-element-6984bb4b\" data-id=\"6984bb4b\" data-element_type=\"column\" data-e-type=\"column\" data-settings=\"{&quot;background_background&quot;:&quot;classic&quot;}\">\n\t\t\t<div class=\"elementor-widget-wrap elementor-element-populated\">\n\t\t\t\t\t\t<section class=\"elementor-section elementor-inner-section elementor-element elementor-element-1ca8c67a elementor-section-boxed elementor-section-height-default elementor-section-height-default\" data-id=\"1ca8c67a\" data-element_type=\"section\" data-e-type=\"section\">\n\t\t\t\t\t\t<div class=\"elementor-container elementor-column-gap-default\">\n\t\t\t\t\t<div class=\"elementor-column elementor-col-100 elementor-inner-column elementor-element elementor-element-71425e6 elementor-invisible\" data-id=\"71425e6\" data-element_type=\"column\" data-e-type=\"column\" data-settings=\"{&quot;animation&quot;:&quot;fadeIn&quot;,&quot;animation_delay&quot;:360}\">\n\t\t\t<div class=\"elementor-widget-wrap elementor-element-populated\">\n\t\t\t\t\t\t<div class=\"elementor-element elementor-element-62345b3d elementor-widget elementor-widget-heading\" data-id=\"62345b3d\" data-element_type=\"widget\" data-e-type=\"widget\" data-settings=\"{&quot;ekit_we_effect_on&quot;:&quot;none&quot;}\" data-widget_type=\"heading.default\">\n\t\t\t\t\t<h2 class=\"elementor-heading-title elementor-size-default\">Tambura bulgare<\/h2>\t\t\t\t<\/div>\n\t\t\t\t\t<\/div>\n\t\t<\/div>\n\t\t\t\t\t<\/div>\n\t\t<\/section>\n\t\t\t\t\t<\/div>\n\t\t<\/div>\n\t\t\t\t\t<\/div>\n\t\t<\/section>\n\t\t<div class=\"elementor-element elementor-element-736e232d e-flex e-con-boxed e-con e-parent\" data-id=\"736e232d\" data-element_type=\"container\" data-e-type=\"container\" data-settings=\"{&quot;background_background&quot;:&quot;classic&quot;}\">\n\t\t\t\t\t<div class=\"e-con-inner\">\n\t\t<div class=\"elementor-element elementor-element-5811e19 e-flex e-con-boxed e-con e-child\" data-id=\"5811e19\" data-element_type=\"container\" data-e-type=\"container\" data-settings=\"{&quot;background_background&quot;:&quot;classic&quot;}\">\n\t\t\t\t\t<div class=\"e-con-inner\">\n\t\t\t\t<div class=\"elementor-element elementor-element-547e382c elementor-widget elementor-widget-text-editor\" data-id=\"547e382c\" data-element_type=\"widget\" data-e-type=\"widget\" data-settings=\"{&quot;ekit_we_effect_on&quot;:&quot;none&quot;}\" data-widget_type=\"text-editor.default\">\n\t\t\t\t\t\t\t\t\t<p>La Tambura bulgare, \u00e9galement connue sous le nom de Tamburitza, Tamburica ou Tambouro, est un instrument \u00e0 cordes traditionnel qui occupe une place particuli\u00e8re dans la musique folklorique bulgare.<\/p>\t\t\t\t\t\t\t\t<\/div>\n\t\t\t\t\t<\/div>\n\t\t\t\t<\/div>\n\t\t\t\t\t<\/div>\n\t\t\t\t<\/div>\n\t\t<div class=\"elementor-element elementor-element-6ad22374 e-flex e-con-boxed e-con e-parent\" data-id=\"6ad22374\" data-element_type=\"container\" data-e-type=\"container\" data-settings=\"{&quot;background_background&quot;:&quot;classic&quot;}\">\n\t\t\t\t\t<div class=\"e-con-inner\">\n\t\t<div class=\"elementor-element elementor-element-227a86ff e-flex e-con-boxed e-con e-child\" data-id=\"227a86ff\" data-element_type=\"container\" data-e-type=\"container\" data-settings=\"{&quot;background_background&quot;:&quot;classic&quot;}\">\n\t\t\t\t\t<div class=\"e-con-inner\">\n\t\t\t\t<div class=\"elementor-element elementor-element-4afac716 elementor-grid-4 elementor-grid-tablet-3 elementor-grid-mobile-2 elementor-products-grid elementor-wc-products elementor-show-pagination-border-yes elementor-widget elementor-widget-woocommerce-products\" data-id=\"4afac716\" data-element_type=\"widget\" data-e-type=\"widget\" data-settings=\"{&quot;ekit_we_effect_on&quot;:&quot;none&quot;}\" data-widget_type=\"woocommerce-products.default\">\n\t\t\t\t<div class=\"elementor-widget-container\">\n\t\t\t\t\t<div class=\"woocommerce columns-4 \"><div class=\"woocommerce-notices-wrapper\"><\/div><p class=\"woocommerce-result-count\" role=\"alert\" aria-relevant=\"all\" data-is-sorted-by=\"true\">\n\t2\u00a0r\u00e9sultats affich\u00e9s<span class=\"screen-reader-text\">Tri\u00e9 par prix croissant<\/span><\/p>\n<form class=\"woocommerce-ordering\" method=\"get\">\n\t\t<select\n\t\tname=\"orderby\"\n\t\tclass=\"orderby\"\n\t\t\t\t\taria-label=\"Commande\"\n\t\t\t>\n\t\t\t\t\t<option value=\"popularity\" >Tri par popularit\u00e9<\/option>\n\t\t\t\t\t<option value=\"rating\" >Tri par notes moyennes<\/option>\n\t\t\t\t\t<option value=\"date\" >Tri du plus r\u00e9cent au plus ancien<\/option>\n\t\t\t\t\t<option value=\"price\"  selected='selected'>Tri par tarif croissant<\/option>\n\t\t\t\t\t<option value=\"price-desc\" >Tri par tarif d\u00e9croissant<\/option>\n\t\t\t<\/select>\n\t<input type=\"hidden\" name=\"paged\" value=\"1\" \/>\n\t<\/form>\n<ul class=\"products elementor-grid columns-4\">\n<li class=\"product type-product post-21189 status-publish first outofstock product_cat-instruments-a-cordes product_cat-tambura-bulgare has-post-thumbnail sale shipping-taxable purchasable product-type-simple\">\n\t<a href=\"https:\/\/tapadum.com\/fr\/produit\/tambura-bulgare-6-cordes\/\" class=\"woocommerce-LoopProduct-link woocommerce-loop-product__link\">\n\t<span class=\"onsale\">Promo\u00a0!<\/span>\n\t<img fetchpriority=\"high\" decoding=\"async\" width=\"300\" height=\"300\" src=\"https:\/\/i0.wp.com\/tapadum.com\/wp-content\/uploads\/2024\/12\/18-1.jpg?resize=300%2C300&amp;ssl=1\" class=\"attachment-woocommerce_thumbnail size-woocommerce_thumbnail\" alt=\"Bulgarian Tambura\" srcset=\"https:\/\/i0.wp.com\/tapadum.com\/wp-content\/uploads\/2024\/12\/18-1.jpg?w=1080&amp;ssl=1 1080w, https:\/\/i0.wp.com\/tapadum.com\/wp-content\/uploads\/2024\/12\/18-1.jpg?resize=300%2C300&amp;ssl=1 300w, https:\/\/i0.wp.com\/tapadum.com\/wp-content\/uploads\/2024\/12\/18-1.jpg?resize=1024%2C1024&amp;ssl=1 1024w, https:\/\/i0.wp.com\/tapadum.com\/wp-content\/uploads\/2024\/12\/18-1.jpg?resize=150%2C150&amp;ssl=1 150w, https:\/\/i0.wp.com\/tapadum.com\/wp-content\/uploads\/2024\/12\/18-1.jpg?resize=768%2C768&amp;ssl=1 768w, https:\/\/i0.wp.com\/tapadum.com\/wp-content\/uploads\/2024\/12\/18-1.jpg?resize=600%2C600&amp;ssl=1 600w, https:\/\/i0.wp.com\/tapadum.com\/wp-content\/uploads\/2024\/12\/18-1.jpg?resize=100%2C100&amp;ssl=1 100w\" sizes=\"(max-width: 300px) 100vw, 300px\" \/><h2 class=\"woocommerce-loop-product__title\">Tambura Bulgare (6 cordes)<\/h2>\n\t<span class=\"price\"><del aria-hidden=\"true\"><span class=\"woocommerce-Price-amount amount\"><bdi><span class=\"woocommerce-Price-currencySymbol\">&euro;<\/span>823,00<\/bdi><\/span><\/del> <span class=\"screen-reader-text\">Le prix initial \u00e9tait\u00a0: &euro;823,00.<\/span><ins aria-hidden=\"true\"><span class=\"woocommerce-Price-amount amount\"><bdi><span class=\"woocommerce-Price-currencySymbol\">&euro;<\/span>749,00<\/bdi><\/span><\/ins><span class=\"screen-reader-text\">Le prix actuel est\u00a0: &euro;749,00.<\/span><\/span>\n<\/a><a href=\"https:\/\/tapadum.com\/fr\/produit\/tambura-bulgare-6-cordes\/\" aria-describedby=\"woocommerce_loop_add_to_cart_link_describedby_21189\" data-quantity=\"1\" class=\"button product_type_simple\" data-product_id=\"21189\" data-product_sku=\"Tap034\" aria-label=\"En savoir plus sur &ldquo;Tambura Bulgare (6 cordes)&rdquo;\" rel=\"nofollow\" data-success_message=\"\">Lire la suite<\/a>\t<span id=\"woocommerce_loop_add_to_cart_link_describedby_21189\" class=\"screen-reader-text\">\n\t\t\t<\/span>\n<\/li>\n<li class=\"product type-product post-26281 status-publish instock product_cat-instruments-a-cordes product_cat-tambura-bulgare has-post-thumbnail sale shipping-taxable purchasable product-type-simple\">\n\t<a href=\"https:\/\/tapadum.com\/fr\/produit\/tambura-macedonienne-trichordo-6-cordes\/\" class=\"woocommerce-LoopProduct-link woocommerce-loop-product__link\">\n\t<span class=\"onsale\">Promo\u00a0!<\/span>\n\t<img decoding=\"async\" width=\"300\" height=\"300\" src=\"https:\/\/i0.wp.com\/tapadum.com\/wp-content\/uploads\/2025\/06\/11.jpg?resize=300%2C300&amp;ssl=1\" class=\"attachment-woocommerce_thumbnail size-woocommerce_thumbnail\" alt=\"Tambura Mac\u00e9donienne\" srcset=\"https:\/\/i0.wp.com\/tapadum.com\/wp-content\/uploads\/2025\/06\/11.jpg?w=1080&amp;ssl=1 1080w, https:\/\/i0.wp.com\/tapadum.com\/wp-content\/uploads\/2025\/06\/11.jpg?resize=300%2C300&amp;ssl=1 300w, https:\/\/i0.wp.com\/tapadum.com\/wp-content\/uploads\/2025\/06\/11.jpg?resize=1024%2C1024&amp;ssl=1 1024w, https:\/\/i0.wp.com\/tapadum.com\/wp-content\/uploads\/2025\/06\/11.jpg?resize=150%2C150&amp;ssl=1 150w, https:\/\/i0.wp.com\/tapadum.com\/wp-content\/uploads\/2025\/06\/11.jpg?resize=768%2C768&amp;ssl=1 768w, https:\/\/i0.wp.com\/tapadum.com\/wp-content\/uploads\/2025\/06\/11.jpg?resize=600%2C600&amp;ssl=1 600w, https:\/\/i0.wp.com\/tapadum.com\/wp-content\/uploads\/2025\/06\/11.jpg?resize=100%2C100&amp;ssl=1 100w\" sizes=\"(max-width: 300px) 100vw, 300px\" \/><h2 class=\"woocommerce-loop-product__title\">Tambura Mac\u00e9donienne Trichordo (6 Cordes)<\/h2>\n\t<span class=\"price\"><del aria-hidden=\"true\"><span class=\"woocommerce-Price-amount amount\"><bdi><span class=\"woocommerce-Price-currencySymbol\">&euro;<\/span>823,00<\/bdi><\/span><\/del> <span class=\"screen-reader-text\">Le prix initial \u00e9tait\u00a0: &euro;823,00.<\/span><ins aria-hidden=\"true\"><span class=\"woocommerce-Price-amount amount\"><bdi><span class=\"woocommerce-Price-currencySymbol\">&euro;<\/span>793,14<\/bdi><\/span><\/ins><span class=\"screen-reader-text\">Le prix actuel est\u00a0: &euro;793,14.<\/span><\/span>\n<\/a><a href=\"\/fr\/wp-json\/wp\/v2\/pages\/19944?add-to-cart=26281\" aria-describedby=\"woocommerce_loop_add_to_cart_link_describedby_26281\" data-quantity=\"1\" class=\"button product_type_simple add_to_cart_button ajax_add_to_cart\" data-product_id=\"26281\" data-product_sku=\"Tap006\" aria-label=\"Ajouter au panier\u00a0: &ldquo;Tambura Mac\u00e9donienne Trichordo (6 Cordes)&rdquo;\" rel=\"nofollow\" data-success_message=\"\u00ab\u00a0Tambura Mac\u00e9donienne Trichordo (6 Cordes)\u00a0\u00bb a \u00e9t\u00e9 ajout\u00e9 \u00e0 votre panier\" role=\"button\">Ajouter au panier<\/a>\t<span id=\"woocommerce_loop_add_to_cart_link_describedby_26281\" class=\"screen-reader-text\">\n\t\t\t<\/span>\n<\/li>\n<\/ul>\n<\/div>\t\t\t\t<\/div>\n\t\t\t\t<\/div>\n\t\t\t\t\t<\/div>\n\t\t\t\t<\/div>\n\t\t\t\t\t<\/div>\n\t\t\t\t<\/div>\n\t\t<div class=\"elementor-element elementor-element-9b0704d e-flex e-con-boxed e-con e-parent\" data-id=\"9b0704d\" data-element_type=\"container\" data-e-type=\"container\" data-settings=\"{&quot;background_background&quot;:&quot;gradient&quot;}\">\n\t\t\t\t\t<div class=\"e-con-inner\">\n\t\t<div class=\"elementor-element elementor-element-5aaa3fa4 e-flex e-con-boxed e-con e-child\" data-id=\"5aaa3fa4\" data-element_type=\"container\" data-e-type=\"container\" data-settings=\"{&quot;background_background&quot;:&quot;classic&quot;}\">\n\t\t\t\t\t<div class=\"e-con-inner\">\n\t\t\t\t<div class=\"elementor-element elementor-element-d7b497e elementor-widget elementor-widget-text-editor\" data-id=\"d7b497e\" data-element_type=\"widget\" data-e-type=\"widget\" data-settings=\"{&quot;ekit_we_effect_on&quot;:&quot;none&quot;}\" data-widget_type=\"text-editor.default\">\n\t\t\t\t\t\t\t\t\t<h3>Tambura Bulgare : Un Joyau Musical de la Bulgarie<\/h3><p>La <strong>Tambura Bulgare<\/strong> est un instrument \u00e0 cordes captivant qui joue un r\u00f4le essentiel dans les traditions musicales folkloriques de la Bulgarie. Avec son corps en forme de poire et son long manche, cet instrument est souvent compar\u00e9 \u00e0 des instruments comme le luth ou la mandoline. Cependant, la <strong>Tambura<\/strong> se distingue par sa sonorit\u00e9 unique et sa profonde signification culturelle, incarnant un lien fort avec le riche patrimoine musical des Balkans.<\/p><h3>Une Histoire Ancr\u00e9e dans les Traditions<\/h3><p>La <strong>Tambura<\/strong> est profond\u00e9ment enracin\u00e9e dans l\u2019histoire musicale de la Bulgarie et de ses r\u00e9gions voisines. Cet instrument \u00e0 cordes a travers\u00e9 les si\u00e8cles, \u00e9voluant tout en conservant son essence traditionnelle. Dans les villages bulgares, la <strong>Tambura<\/strong> a longtemps accompagn\u00e9 des danses folkloriques, des chants rituels et des c\u00e9l\u00e9brations locales, renfor\u00e7ant ainsi son r\u00f4le en tant que symbole culturel. Sa popularit\u00e9 s\u2019\u00e9tend bien au-del\u00e0 des fronti\u00e8res bulgares, o\u00f9 elle continue d\u2019\u00eatre jou\u00e9e dans les ensembles traditionnels des Balkans.<\/p><h3>Une Conception Artisanale d&rsquo;Exception<\/h3><p>Fabriqu\u00e9e \u00e0 partir de bois s\u00e9lectionn\u00e9s comme l\u2019\u00e9rable, l\u2019\u00e9pic\u00e9a ou le noyer, la <strong>Tambura Bulgare<\/strong> est un v\u00e9ritable chef-d\u2019\u0153uvre d\u2019artisanat. Son corps en bois creux favorise une r\u00e9sonance chaleureuse, tandis que son long manche frett\u00e9 permet des variations tonales pr\u00e9cises. Selon les mod\u00e8les, la <strong>Tambura<\/strong> peut avoir quatre, six ou m\u00eame huit cordes, offrant une polyvalence dans les styles de jeu.<\/p><p>Les frettes, souvent mobiles, permettent aux musiciens de s\u2019adapter aux microtonalit\u00e9s caract\u00e9ristiques des musiques des Balkans. Les instruments modernes incluent parfois des d\u00e9corations grav\u00e9es ou des incrustations qui refl\u00e8tent l\u2019esth\u00e9tique traditionnelle bulgare, ajoutant un \u00e9l\u00e9ment visuel unique \u00e0 leur charme sonore.<\/p><h3>Une Sonorit\u00e9 Unique<\/h3><p>L\u2019un des aspects les plus fascinants de la <strong>Tambura Bulgare<\/strong> est sa sonorit\u00e9 distincte. Lorsqu\u2019elle est pinc\u00e9e ou gratt\u00e9e, elle produit des notes claires et m\u00e9lodieuses, parfaites pour accompagner des chants ou pour jouer en solo. La richesse de son timbre et sa capacit\u00e9 \u00e0 s&rsquo;int\u00e9grer harmonieusement \u00e0 d&rsquo;autres instruments font de la <strong>Tambura<\/strong> un \u00e9l\u00e9ment cl\u00e9 des ensembles folkloriques bulgares.<\/p><p>Qu\u2019il s\u2019agisse de rythmes entra\u00eenants pour des danses festives ou de ballades m\u00e9lancoliques, cet instrument sait transmettre toute une palette d\u2019\u00e9motions. Son r\u00f4le dans la musique bulgare traditionnelle est comparable \u00e0 celui de la guitare dans les musiques occidentales, mais avec une identit\u00e9 propre profond\u00e9ment enracin\u00e9e dans la culture locale.<\/p><h3>Une Place Centrale dans la Vie Culturelle<\/h3><p>Au-del\u00e0 de son r\u00f4le musical, la <strong>Tambura<\/strong> est \u00e9galement un symbole social et culturel en Bulgarie. Elle est souvent utilis\u00e9e lors de mariages, de festivals et de c\u00e9l\u00e9brations communautaires, o\u00f9 elle rassemble les gens autour de m\u00e9lodies partag\u00e9es. Sa pr\u00e9sence \u00e9voque un sentiment d\u2019unit\u00e9 et de continuit\u00e9, reliant les g\u00e9n\u00e9rations par une exp\u00e9rience musicale commune.<\/p><p>De nos jours, la <strong>Tambura Bulgare<\/strong> est enseign\u00e9e dans les \u00e9coles de musique et les conservatoires en Bulgarie, garantissant ainsi que son h\u00e9ritage perdure. Les jeunes g\u00e9n\u00e9rations de musiciens adoptent cet instrument, explorant \u00e0 la fois ses racines traditionnelles et son potentiel dans des styles modernes.<\/p><h3>Une Adaptation Moderne<\/h3><p>Bien que profond\u00e9ment traditionnelle, la <strong>Tambura<\/strong> a su \u00e9voluer avec le temps. Aujourd\u2019hui, elle est int\u00e9gr\u00e9e dans des genres musicaux modernes tels que le jazz, la musique du monde et les fusions contemporaines. Cette ouverture \u00e0 de nouveaux styles a permis \u00e0 la <strong>Tambura Bulgare<\/strong> de captiver des auditoires au-del\u00e0 des fronti\u00e8res des Balkans, attirant des musiciens et des m\u00e9lomanes du monde entier.<\/p><h3>D\u00e9couvrez la Tambura chez Tapadum Music Store<\/h3><p>Chez <strong>Tapadum Music Store<\/strong>, nous sommes fiers de proposer une gamme vari\u00e9e de <strong>Tamburas Bulgares<\/strong>, con\u00e7ues pour r\u00e9pondre aux besoins des musiciens de tous niveaux. Que vous soyez d\u00e9butant ou professionnel, vous trouverez un instrument qui non seulement r\u00e9pond \u00e0 vos attentes, mais qui enrichira \u00e9galement votre parcours musical. Explorez les sons envo\u00fbtants de la <strong><a href=\"https:\/\/fr.wikipedia.org\/wiki\/Tamb%C3%BBr\" target=\"_blank\" rel=\"noopener\">Tambura<\/a> Bulgare<\/strong> et plongez dans l&rsquo;univers vibrant de la musique traditionnelle bulgare.<\/p>\t\t\t\t\t\t\t\t<\/div>\n\t\t\t\t<div class=\"elementor-element elementor-element-02ced51 elementor-widget-tablet__width-initial elementor-widget elementor-widget-heading\" data-id=\"02ced51\" data-element_type=\"widget\" data-e-type=\"widget\" data-settings=\"{&quot;ekit_we_effect_on&quot;:&quot;none&quot;}\" data-widget_type=\"heading.default\">\n\t\t\t\t\t<h1 class=\"elementor-heading-title elementor-size-default\">INSTRUMENTS DE MUSIQUE ETHNIQUES<\/h1>\t\t\t\t<\/div>\n\t\t\t\t\t<\/div>\n\t\t\t\t<\/div>\n\t\t\t\t\t<\/div>\n\t\t\t\t<\/div>\n\t\t\t\t<section class=\"elementor-section elementor-top-section elementor-element elementor-element-40fd108 elementor-section-boxed elementor-section-height-default elementor-section-height-default\" data-id=\"40fd108\" data-element_type=\"section\" data-e-type=\"section\" data-settings=\"{&quot;background_background&quot;:&quot;classic&quot;}\">\n\t\t\t\t\t\t<div class=\"elementor-container elementor-column-gap-default\">\n\t\t\t\t\t<div class=\"elementor-column elementor-col-100 elementor-top-column elementor-element elementor-element-ed5b69a\" data-id=\"ed5b69a\" data-element_type=\"column\" data-e-type=\"column\">\n\t\t\t<div class=\"elementor-widget-wrap elementor-element-populated\">\n\t\t\t\t\t\t<section class=\"elementor-section elementor-inner-section elementor-element elementor-element-0c51d34 elementor-section-boxed elementor-section-height-default elementor-section-height-default\" data-id=\"0c51d34\" data-element_type=\"section\" data-e-type=\"section\">\n\t\t\t\t\t\t<div class=\"elementor-container elementor-column-gap-default\">\n\t\t\t\t\t<div class=\"elementor-column elementor-col-25 elementor-inner-column elementor-element elementor-element-26e37d8 elementor-invisible\" data-id=\"26e37d8\" data-element_type=\"column\" data-e-type=\"column\" data-settings=\"{&quot;animation&quot;:&quot;fadeInLeft&quot;}\">\n\t\t\t<div class=\"elementor-widget-wrap elementor-element-populated\">\n\t\t\t\t\t\t<div class=\"elementor-element elementor-element-1405787 elementor-position-inline-start elementor-view-default elementor-mobile-position-block-start elementor-widget elementor-widget-icon-box\" data-id=\"1405787\" data-element_type=\"widget\" data-e-type=\"widget\" data-settings=\"{&quot;ekit_we_effect_on&quot;:&quot;none&quot;}\" data-widget_type=\"icon-box.default\">\n\t\t\t\t\t\t\t<div class=\"elementor-icon-box-wrapper\">\n\n\t\t\t\t\t\t<div class=\"elementor-icon-box-icon\">\n\t\t\t\t<span  class=\"elementor-icon\">\n\t\t\t\t<svg aria-hidden=\"true\" class=\"e-font-icon-svg e-fas-shipping-fast\" viewBox=\"0 0 640 512\" xmlns=\"http:\/\/www.w3.org\/2000\/svg\"><path d=\"M624 352h-16V243.9c0-12.7-5.1-24.9-14.1-33.9L494 110.1c-9-9-21.2-14.1-33.9-14.1H416V48c0-26.5-21.5-48-48-48H112C85.5 0 64 21.5 64 48v48H8c-4.4 0-8 3.6-8 8v16c0 4.4 3.6 8 8 8h272c4.4 0 8 3.6 8 8v16c0 4.4-3.6 8-8 8H40c-4.4 0-8 3.6-8 8v16c0 4.4 3.6 8 8 8h208c4.4 0 8 3.6 8 8v16c0 4.4-3.6 8-8 8H8c-4.4 0-8 3.6-8 8v16c0 4.4 3.6 8 8 8h208c4.4 0 8 3.6 8 8v16c0 4.4-3.6 8-8 8H64v128c0 53 43 96 96 96s96-43 96-96h128c0 53 43 96 96 96s96-43 96-96h48c8.8 0 16-7.2 16-16v-32c0-8.8-7.2-16-16-16zM160 464c-26.5 0-48-21.5-48-48s21.5-48 48-48 48 21.5 48 48-21.5 48-48 48zm320 0c-26.5 0-48-21.5-48-48s21.5-48 48-48 48 21.5 48 48-21.5 48-48 48zm80-208H416V144h44.1l99.9 99.9V256z\"><\/path><\/svg>\t\t\t\t<\/span>\n\t\t\t<\/div>\n\t\t\t\n\t\t\t\t\t\t<div class=\"elementor-icon-box-content\">\n\n\t\t\t\t\t\t\t\t\t<h4 class=\"elementor-icon-box-title\">\n\t\t\t\t\t\t<span  >\n\t\t\t\t\t\t\tLivraison gratuite\t\t\t\t\t\t<\/span>\n\t\t\t\t\t<\/h4>\n\t\t\t\t\n\t\t\t\t\t\t\t\t\t<p class=\"elementor-icon-box-description\">\n\t\t\t\t\t\tVers l'Europe %0 Taxe douani\u00e8re\t\t\t\t\t<\/p>\n\t\t\t\t\n\t\t\t<\/div>\n\t\t\t\n\t\t<\/div>\n\t\t\t\t\t\t<\/div>\n\t\t\t\t\t<\/div>\n\t\t<\/div>\n\t\t\t\t<div class=\"elementor-column elementor-col-25 elementor-inner-column elementor-element elementor-element-63fda6a elementor-invisible\" data-id=\"63fda6a\" data-element_type=\"column\" data-e-type=\"column\" data-settings=\"{&quot;animation&quot;:&quot;fadeInLeft&quot;,&quot;animation_delay&quot;:240}\">\n\t\t\t<div class=\"elementor-widget-wrap elementor-element-populated\">\n\t\t\t\t\t\t<div class=\"elementor-element elementor-element-1908a6d elementor-position-inline-start elementor-view-default elementor-mobile-position-block-start elementor-widget elementor-widget-icon-box\" data-id=\"1908a6d\" data-element_type=\"widget\" data-e-type=\"widget\" data-settings=\"{&quot;ekit_we_effect_on&quot;:&quot;none&quot;}\" data-widget_type=\"icon-box.default\">\n\t\t\t\t\t\t\t<div class=\"elementor-icon-box-wrapper\">\n\n\t\t\t\t\t\t<div class=\"elementor-icon-box-icon\">\n\t\t\t\t<span  class=\"elementor-icon\">\n\t\t\t\t<i aria-hidden=\"true\" class=\"icon icon-shield\"><\/i>\t\t\t\t<\/span>\n\t\t\t<\/div>\n\t\t\t\n\t\t\t\t\t\t<div class=\"elementor-icon-box-content\">\n\n\t\t\t\t\t\t\t\t\t<h4 class=\"elementor-icon-box-title\">\n\t\t\t\t\t\t<span  >\n\t\t\t\t\t\t\tGarantie de 15 jours\t\t\t\t\t\t<\/span>\n\t\t\t\t\t<\/h4>\n\t\t\t\t\n\t\t\t\t\t\t\t\t\t<p class=\"elementor-icon-box-description\">\n\t\t\t\t\t\t15 jours de remboursement\n\n\t\t\t\t\t<\/p>\n\t\t\t\t\n\t\t\t<\/div>\n\t\t\t\n\t\t<\/div>\n\t\t\t\t\t\t<\/div>\n\t\t\t\t\t<\/div>\n\t\t<\/div>\n\t\t\t\t<div class=\"elementor-column elementor-col-25 elementor-inner-column elementor-element elementor-element-179d50d elementor-invisible\" data-id=\"179d50d\" data-element_type=\"column\" data-e-type=\"column\" data-settings=\"{&quot;animation&quot;:&quot;fadeInLeft&quot;,&quot;animation_delay&quot;:480}\">\n\t\t\t<div class=\"elementor-widget-wrap elementor-element-populated\">\n\t\t\t\t\t\t<div class=\"elementor-element elementor-element-bd2da76 elementor-position-inline-start elementor-view-default elementor-mobile-position-block-start elementor-widget elementor-widget-icon-box\" data-id=\"bd2da76\" data-element_type=\"widget\" data-e-type=\"widget\" data-settings=\"{&quot;ekit_we_effect_on&quot;:&quot;none&quot;}\" data-widget_type=\"icon-box.default\">\n\t\t\t\t\t\t\t<div class=\"elementor-icon-box-wrapper\">\n\n\t\t\t\t\t\t<div class=\"elementor-icon-box-icon\">\n\t\t\t\t<span  class=\"elementor-icon\">\n\t\t\t\t<i aria-hidden=\"true\" class=\"icon icon-planet-earth\"><\/i>\t\t\t\t<\/span>\n\t\t\t<\/div>\n\t\t\t\n\t\t\t\t\t\t<div class=\"elementor-icon-box-content\">\n\n\t\t\t\t\t\t\t\t\t<h4 class=\"elementor-icon-box-title\">\n\t\t\t\t\t\t<span  >\n\t\t\t\t\t\t\tExp\u00e9dition mondiale\t\t\t\t\t\t<\/span>\n\t\t\t\t\t<\/h4>\n\t\t\t\t\n\t\t\t\t\t\t\t\t\t<p class=\"elementor-icon-box-description\">\n\t\t\t\t\t\tLivraison gratuite dans le monde entier\t\t\t\t\t<\/p>\n\t\t\t\t\n\t\t\t<\/div>\n\t\t\t\n\t\t<\/div>\n\t\t\t\t\t\t<\/div>\n\t\t\t\t\t<\/div>\n\t\t<\/div>\n\t\t\t\t<div class=\"elementor-column elementor-col-25 elementor-inner-column elementor-element elementor-element-15979f7 elementor-invisible\" data-id=\"15979f7\" data-element_type=\"column\" data-e-type=\"column\" data-settings=\"{&quot;animation&quot;:&quot;fadeInLeft&quot;,&quot;animation_delay&quot;:600}\">\n\t\t\t<div class=\"elementor-widget-wrap elementor-element-populated\">\n\t\t\t\t\t\t<div class=\"elementor-element elementor-element-9f9fa46 elementor-position-inline-start elementor-view-default elementor-mobile-position-block-start elementor-widget elementor-widget-icon-box\" data-id=\"9f9fa46\" data-element_type=\"widget\" data-e-type=\"widget\" data-settings=\"{&quot;ekit_we_effect_on&quot;:&quot;none&quot;}\" data-widget_type=\"icon-box.default\">\n\t\t\t\t\t\t\t<div class=\"elementor-icon-box-wrapper\">\n\n\t\t\t\t\t\t<div class=\"elementor-icon-box-icon\">\n\t\t\t\t<span  class=\"elementor-icon\">\n\t\t\t\t<i aria-hidden=\"true\" class=\"icon icon-safebox\"><\/i>\t\t\t\t<\/span>\n\t\t\t<\/div>\n\t\t\t\n\t\t\t\t\t\t<div class=\"elementor-icon-box-content\">\n\n\t\t\t\t\t\t\t\t\t<h4 class=\"elementor-icon-box-title\">\n\t\t\t\t\t\t<span  >\n\t\t\t\t\t\t\t100% S\u00e9curis\u00e9\t\t\t\t\t\t<\/span>\n\t\t\t\t\t<\/h4>\n\t\t\t\t\n\t\t\t\t\t\t\t\t\t<p class=\"elementor-icon-box-description\">\n\t\t\t\t\t\tPaiement s\u00e9curis\u00e9\n\n\t\t\t\t\t<\/p>\n\t\t\t\t\n\t\t\t<\/div>\n\t\t\t\n\t\t<\/div>\n\t\t\t\t\t\t<\/div>\n\t\t\t\t\t<\/div>\n\t\t<\/div>\n\t\t\t\t\t<\/div>\n\t\t<\/section>\n\t\t\t\t\t<\/div>\n\t\t<\/div>\n\t\t\t\t\t<\/div>\n\t\t<\/section>\n\t\t\t\t<\/div>\n\t\t","protected":false},"excerpt":{"rendered":"<p>Tambura bulgare La Tambura bulgare, \u00e9galement connue sous le nom de Tamburitza, Tamburica ou Tambouro, est un instrument \u00e0 cordes traditionnel qui occupe une place particuli\u00e8re dans la musique folklorique bulgare. Tambura Bulgare : Un Joyau Musical de la Bulgarie La Tambura Bulgare est un instrument \u00e0 cordes captivant qui joue un r\u00f4le essentiel dans [&hellip;]<\/p>\n","protected":false},"author":1,"featured_media":0,"parent":0,"menu_order":0,"comment_status":"closed","ping_status":"closed","template":"","meta":{"_eb_attr":"","footnotes":""},"class_list":["post-19944","page","type-page","status-publish","hentry"],"jetpack_sharing_enabled":true,"_links":{"self":[{"href":"https:\/\/tapadum.com\/fr\/wp-json\/wp\/v2\/pages\/19944","targetHints":{"allow":["GET"]}}],"collection":[{"href":"https:\/\/tapadum.com\/fr\/wp-json\/wp\/v2\/pages"}],"about":[{"href":"https:\/\/tapadum.com\/fr\/wp-json\/wp\/v2\/types\/page"}],"author":[{"embeddable":true,"href":"https:\/\/tapadum.com\/fr\/wp-json\/wp\/v2\/users\/1"}],"replies":[{"embeddable":true,"href":"https:\/\/tapadum.com\/fr\/wp-json\/wp\/v2\/comments?post=19944"}],"version-history":[{"count":10,"href":"https:\/\/tapadum.com\/fr\/wp-json\/wp\/v2\/pages\/19944\/revisions"}],"predecessor-version":[{"id":20813,"href":"https:\/\/tapadum.com\/fr\/wp-json\/wp\/v2\/pages\/19944\/revisions\/20813"}],"wp:attachment":[{"href":"https:\/\/tapadum.com\/fr\/wp-json\/wp\/v2\/media?parent=19944"}],"curies":[{"name":"wp","href":"https:\/\/api.w.org\/{rel}","templated":true}]}}