{"id":19959,"date":"2023-07-09T15:42:50","date_gmt":"2023-07-09T15:42:50","guid":{"rendered":"https:\/\/tapadum.com\/?page_id=19959"},"modified":"2024-11-30T20:27:32","modified_gmt":"2024-11-30T20:27:32","slug":"kemence-classique-lyra","status":"publish","type":"page","link":"https:\/\/tapadum.com\/fr\/kemence-classique-lyra\/","title":{"rendered":"Kemence Classique &#8211; Lyra Tapadum 2024"},"content":{"rendered":"\t\t<div data-elementor-type=\"wp-page\" data-elementor-id=\"19959\" class=\"elementor elementor-19959 elementor-9088\" data-elementor-post-type=\"page\">\n\t\t\t\t\t\t<section class=\"elementor-section elementor-top-section elementor-element elementor-element-6c26c24a elementor-section-boxed elementor-section-height-default elementor-section-height-default\" data-id=\"6c26c24a\" data-element_type=\"section\" data-e-type=\"section\" data-settings=\"{&quot;background_background&quot;:&quot;classic&quot;}\">\n\t\t\t\t\t\t\t<div class=\"elementor-background-overlay\"><\/div>\n\t\t\t\t\t\t\t<div class=\"elementor-container elementor-column-gap-default\">\n\t\t\t\t\t<div class=\"elementor-column elementor-col-100 elementor-top-column elementor-element elementor-element-7e981370\" data-id=\"7e981370\" data-element_type=\"column\" data-e-type=\"column\">\n\t\t\t<div class=\"elementor-widget-wrap elementor-element-populated\">\n\t\t\t\t\t\t<div class=\"elementor-element elementor-element-5a7d0bae elementor-widget elementor-widget-woocommerce-breadcrumb\" data-id=\"5a7d0bae\" data-element_type=\"widget\" data-e-type=\"widget\" data-settings=\"{&quot;ekit_we_effect_on&quot;:&quot;none&quot;}\" data-widget_type=\"woocommerce-breadcrumb.default\">\n\t\t\t\t\t<nav class=\"woocommerce-breadcrumb\" aria-label=\"Breadcrumb\">Accueil<\/nav>\t\t\t\t<\/div>\n\t\t\t\t\t<\/div>\n\t\t<\/div>\n\t\t\t\t\t<\/div>\n\t\t<\/section>\n\t\t\t\t<section class=\"elementor-section elementor-top-section elementor-element elementor-element-bab4aed elementor-section-boxed elementor-section-height-default elementor-section-height-default\" data-id=\"bab4aed\" data-element_type=\"section\" data-e-type=\"section\">\n\t\t\t\t\t\t<div class=\"elementor-container elementor-column-gap-default\">\n\t\t\t\t\t<div class=\"elementor-column elementor-col-100 elementor-top-column elementor-element elementor-element-51c82b7c\" data-id=\"51c82b7c\" data-element_type=\"column\" data-e-type=\"column\" data-settings=\"{&quot;background_background&quot;:&quot;classic&quot;}\">\n\t\t\t<div class=\"elementor-widget-wrap elementor-element-populated\">\n\t\t\t\t\t\t<section class=\"elementor-section elementor-inner-section elementor-element elementor-element-5c5f5114 elementor-section-boxed elementor-section-height-default elementor-section-height-default\" data-id=\"5c5f5114\" data-element_type=\"section\" data-e-type=\"section\">\n\t\t\t\t\t\t<div class=\"elementor-container elementor-column-gap-default\">\n\t\t\t\t\t<div class=\"elementor-column elementor-col-100 elementor-inner-column elementor-element elementor-element-cceb69f elementor-invisible\" data-id=\"cceb69f\" data-element_type=\"column\" data-e-type=\"column\" data-settings=\"{&quot;animation&quot;:&quot;fadeIn&quot;,&quot;animation_delay&quot;:360}\">\n\t\t\t<div class=\"elementor-widget-wrap elementor-element-populated\">\n\t\t\t\t\t\t<div class=\"elementor-element elementor-element-54cb5014 elementor-widget elementor-widget-heading\" data-id=\"54cb5014\" data-element_type=\"widget\" data-e-type=\"widget\" data-settings=\"{&quot;ekit_we_effect_on&quot;:&quot;none&quot;}\" data-widget_type=\"heading.default\">\n\t\t\t\t\t<h2 class=\"elementor-heading-title elementor-size-default\">Kemence Classique <\/h2>\t\t\t\t<\/div>\n\t\t\t\t\t<\/div>\n\t\t<\/div>\n\t\t\t\t\t<\/div>\n\t\t<\/section>\n\t\t\t\t\t<\/div>\n\t\t<\/div>\n\t\t\t\t\t<\/div>\n\t\t<\/section>\n\t\t<div class=\"elementor-element elementor-element-65e93e1e e-flex e-con-boxed e-con e-parent\" data-id=\"65e93e1e\" data-element_type=\"container\" data-e-type=\"container\" data-settings=\"{&quot;background_background&quot;:&quot;classic&quot;}\">\n\t\t\t\t\t<div class=\"e-con-inner\">\n\t\t<div class=\"elementor-element elementor-element-7fb7e130 e-flex e-con-boxed e-con e-child\" data-id=\"7fb7e130\" data-element_type=\"container\" data-e-type=\"container\" data-settings=\"{&quot;background_background&quot;:&quot;classic&quot;}\">\n\t\t\t\t\t<div class=\"e-con-inner\">\n\t\t\t\t<div class=\"elementor-element elementor-element-b1c06b1 elementor-widget elementor-widget-text-editor\" data-id=\"b1c06b1\" data-element_type=\"widget\" data-e-type=\"widget\" data-settings=\"{&quot;ekit_we_effect_on&quot;:&quot;none&quot;}\" data-widget_type=\"text-editor.default\">\n\t\t\t\t\t\t\t\t\t<p>Le kemence classique, \u00e9galement connu sous le nom de violon turc, a une riche histoire qui remonte \u00e0 des si\u00e8cles. Ses origines remontent \u00e0 la musique traditionnelle de l&rsquo;Empire ottoman et au patrimoine culturel plus large de l&rsquo;Anatolie<\/p>\t\t\t\t\t\t\t\t<\/div>\n\t\t\t\t\t<\/div>\n\t\t\t\t<\/div>\n\t\t\t\t\t<\/div>\n\t\t\t\t<\/div>\n\t\t<div class=\"elementor-element elementor-element-3f68030 e-flex e-con-boxed e-con e-parent\" data-id=\"3f68030\" data-element_type=\"container\" data-e-type=\"container\" data-settings=\"{&quot;background_background&quot;:&quot;classic&quot;}\">\n\t\t\t\t\t<div class=\"e-con-inner\">\n\t\t<div class=\"elementor-element elementor-element-1377511e e-flex e-con-boxed e-con e-child\" data-id=\"1377511e\" data-element_type=\"container\" data-e-type=\"container\" data-settings=\"{&quot;background_background&quot;:&quot;classic&quot;}\">\n\t\t\t\t\t<div class=\"e-con-inner\">\n\t\t\t\t<div class=\"elementor-element elementor-element-58fdee90 elementor-grid-3 elementor-grid-tablet-3 elementor-grid-mobile-2 elementor-products-grid elementor-wc-products elementor-show-pagination-border-yes elementor-widget elementor-widget-woocommerce-products\" data-id=\"58fdee90\" data-element_type=\"widget\" data-e-type=\"widget\" data-settings=\"{&quot;ekit_we_effect_on&quot;:&quot;none&quot;}\" data-widget_type=\"woocommerce-products.default\">\n\t\t\t\t<div class=\"elementor-widget-container\">\n\t\t\t\t\t<div class=\"woocommerce columns-3 \"><div class=\"woocommerce-notices-wrapper\"><\/div><p class=\"woocommerce-result-count\" role=\"alert\" aria-relevant=\"all\" >\n\tVoici le seul r\u00e9sultat<\/p>\n<form class=\"woocommerce-ordering\" method=\"get\">\n\t\t<select\n\t\tname=\"orderby\"\n\t\tclass=\"orderby\"\n\t\t\t\t\taria-label=\"Commande\"\n\t\t\t>\n\t\t\t\t\t<option value=\"popularity\" >Tri par popularit\u00e9<\/option>\n\t\t\t\t\t<option value=\"rating\" >Tri par notes moyennes<\/option>\n\t\t\t\t\t<option value=\"date\" >Tri du plus r\u00e9cent au plus ancien<\/option>\n\t\t\t\t\t<option value=\"price\"  selected='selected'>Tri par tarif croissant<\/option>\n\t\t\t\t\t<option value=\"price-desc\" >Tri par tarif d\u00e9croissant<\/option>\n\t\t\t<\/select>\n\t<input type=\"hidden\" name=\"paged\" value=\"1\" \/>\n\t<\/form>\n<ul class=\"products elementor-grid columns-3\">\n<li class=\"product type-product post-18735 status-publish first outofstock product_cat-instruments-a-archet product_cat-kemence-classics has-post-thumbnail sale sold-individually shipping-taxable purchasable product-type-simple\">\n\t<a href=\"https:\/\/tapadum.com\/fr\/produit\/kemenche-classique-lyra-du-maitre-necati-gurbuz\/\" class=\"woocommerce-LoopProduct-link woocommerce-loop-product__link\">\n\t<span class=\"onsale\">Promo\u00a0!<\/span>\n\t<img fetchpriority=\"high\" decoding=\"async\" width=\"300\" height=\"300\" src=\"https:\/\/i0.wp.com\/tapadum.com\/wp-content\/uploads\/2023\/05\/06-1.png?resize=300%2C300&amp;ssl=1\" class=\"attachment-woocommerce_thumbnail size-woocommerce_thumbnail\" alt=\"Kemenche Classique\" srcset=\"https:\/\/i0.wp.com\/tapadum.com\/wp-content\/uploads\/2023\/05\/06-1.png?resize=300%2C300&amp;ssl=1 300w, https:\/\/i0.wp.com\/tapadum.com\/wp-content\/uploads\/2023\/05\/06-1.png?resize=100%2C100&amp;ssl=1 100w, https:\/\/i0.wp.com\/tapadum.com\/wp-content\/uploads\/2023\/05\/06-1.png?zoom=2&amp;resize=300%2C300&amp;ssl=1 600w, https:\/\/i0.wp.com\/tapadum.com\/wp-content\/uploads\/2023\/05\/06-1.png?zoom=3&amp;resize=300%2C300&amp;ssl=1 900w\" sizes=\"(max-width: 300px) 100vw, 300px\" \/><h2 class=\"woocommerce-loop-product__title\">Kemenche Classique &#8211; Lyra du Ma\u00eetre Necati G\u00fcrb\u00fcz<\/h2>\n\t<span class=\"price\"><del aria-hidden=\"true\"><span class=\"woocommerce-Price-amount amount\"><bdi><span class=\"woocommerce-Price-currencySymbol\">&euro;<\/span>1.150,00<\/bdi><\/span><\/del> <span class=\"screen-reader-text\">Le prix initial \u00e9tait\u00a0: &euro;1.150,00.<\/span><ins aria-hidden=\"true\"><span class=\"woocommerce-Price-amount amount\"><bdi><span class=\"woocommerce-Price-currencySymbol\">&euro;<\/span>1.050,00<\/bdi><\/span><\/ins><span class=\"screen-reader-text\">Le prix actuel est\u00a0: &euro;1.050,00.<\/span><\/span>\n<\/a><a href=\"https:\/\/tapadum.com\/fr\/produit\/kemenche-classique-lyra-du-maitre-necati-gurbuz\/\" aria-describedby=\"woocommerce_loop_add_to_cart_link_describedby_18735\" data-quantity=\"1\" class=\"button product_type_simple\" data-product_id=\"18735\" data-product_sku=\"Tap238-1\" aria-label=\"En savoir plus sur &ldquo;Kemenche Classique - Lyra du Ma\u00eetre Necati G\u00fcrb\u00fcz&rdquo;\" rel=\"nofollow\" data-success_message=\"\">Lire la suite<\/a>\t<span id=\"woocommerce_loop_add_to_cart_link_describedby_18735\" class=\"screen-reader-text\">\n\t\t\t<\/span>\n<\/li>\n<\/ul>\n<\/div>\t\t\t\t<\/div>\n\t\t\t\t<\/div>\n\t\t\t\t\t<\/div>\n\t\t\t\t<\/div>\n\t\t\t\t\t<\/div>\n\t\t\t\t<\/div>\n\t\t<div class=\"elementor-element elementor-element-5777be4a e-flex e-con-boxed e-con e-parent\" data-id=\"5777be4a\" data-element_type=\"container\" data-e-type=\"container\" data-settings=\"{&quot;background_background&quot;:&quot;gradient&quot;}\">\n\t\t\t\t\t<div class=\"e-con-inner\">\n\t\t<div class=\"elementor-element elementor-element-dd54a5d e-flex e-con-boxed e-con e-child\" data-id=\"dd54a5d\" data-element_type=\"container\" data-e-type=\"container\" data-settings=\"{&quot;background_background&quot;:&quot;classic&quot;}\">\n\t\t\t\t\t<div class=\"e-con-inner\">\n\t\t\t\t<div class=\"elementor-element elementor-element-432c526e elementor-widget elementor-widget-text-editor\" data-id=\"432c526e\" data-element_type=\"widget\" data-e-type=\"widget\" data-settings=\"{&quot;ekit_we_effect_on&quot;:&quot;none&quot;}\" data-widget_type=\"text-editor.default\">\n\t\t\t\t\t\t\t\t\t<p><strong>Le Kemen\u00e7e Classique<\/strong> est g\u00e9n\u00e9ralement fabriqu\u00e9 en bois et poss\u00e8de trois ou quatre cordes. Sa construction et son design uniques contribuent \u00e0 son son distinctif et \u00e0 ses capacit\u00e9s expressives. Avec sa caisse de r\u00e9sonance, son chevalet courb\u00e9 et son manche \u00e9lanc\u00e9, le <strong>Kemen\u00e7e Classique<\/strong> offre une large gamme de possibilit\u00e9s m\u00e9lodiques et de couleurs tonales riches.<\/p><p>Le <strong>kemen\u00e7e classique<\/strong>, \u00e9galement connu sous le nom de <strong>kemen\u00e7e armud\u00ee<\/strong> (\u00ab\u00a0kemen\u00e7e en forme de poire\u00a0\u00bb) ou <strong>lyra poliliki<\/strong> (\u00ab\u00a0lyre de Constantinople\u00a0\u00bb), est un instrument \u00e0 archet fascinant, riche d&rsquo;une histoire profonde dans la musique turque. Voici un aper\u00e7u plus d\u00e9taill\u00e9 de cet instrument unique :<\/p><h3>Origines et Design :<\/h3><p>On pense que le <strong>kemen\u00e7e classique<\/strong> d\u00e9rive de la lyre byzantine m\u00e9di\u00e9vale et poss\u00e8de une forme de corps caract\u00e9ristique en poire, d&rsquo;o\u00f9 son surnom <strong>\u00ab\u00a0armud\u00ee\u00a0\u00bb<\/strong>. Son histoire remonte au moins au 10e si\u00e8cle et il a jou\u00e9 un r\u00f4le important dans la musique classique ottomane ainsi que dans la musique folklorique grecque, en particulier dans le <strong>Rebetiko<\/strong> ancien.<\/p><h3>Caract\u00e9ristiques Distinctives :<\/h3><p>Contrairement \u00e0 la plupart des instruments \u00e0 archet occidentaux, le <strong>kemen\u00e7e classique<\/strong> ne poss\u00e8de pas de frettes. Les cordes sont press\u00e9es sur le c\u00f4t\u00e9 \u00e0 l&rsquo;aide des ongles pour modifier les hauteurs de note. Traditionnellement jou\u00e9 avec trois cordes, une quatri\u00e8me corde a \u00e9t\u00e9 ajout\u00e9e au milieu du 19e si\u00e8cle. L&rsquo;instrument est typiquement maintenu sur les genoux ou sur les cuisses, tandis que le joueur utilise un archet avec la main droite et place la main gauche sur le manche. Sa taille est relativement petite, avec une longueur de corps typique d&rsquo;environ <strong>40-41 centim\u00e8tres<\/strong>.<\/p><h3>Son et R\u00f4le dans la Musique :<\/h3><p>Le <strong>kemen\u00e7e classique<\/strong> produit un son chaud et riche qui se distingue dans les ensembles. Il est devenu l&rsquo;instrument \u00e0 archet principal de la musique classique ottomane au milieu du 19e si\u00e8cle et reste une partie importante de cette tradition aujourd&rsquo;hui.<\/p><h3>Tapadum Music Store et le Kemen\u00e7e Classique<\/h3><p><strong>Tapadum Music Store<\/strong> c\u00e9l\u00e8bre l&rsquo;h\u00e9ritage et la tradition du <strong>Kemen\u00e7e Classique<\/strong> en proposant une large gamme d&rsquo;instruments qui mettent en valeur un savoir-faire d&rsquo;exception et une qualit\u00e9 sonore magnifique. Avec notre collection de <strong>Kemen\u00e7es Classiques<\/strong>, nous visons \u00e0 pr\u00e9server la tradition, l&rsquo;artisanat et la signification culturelle de cet instrument remarquable.<\/p><p>Le design du <strong>kemen\u00e7e classique<\/strong> est \u00e9l\u00e9gant et distinctif. Il pr\u00e9sente typiquement un petit corps en forme de poire, sculpt\u00e9 \u00e0 partir d&rsquo;un seul bloc de bois, souvent du <strong>m\u00fbrier<\/strong> ou du <strong>gen\u00e9vrier<\/strong>, ce qui contribue \u00e0 son son r\u00e9sonnant et riche. Le <strong>tableau sonore<\/strong> est g\u00e9n\u00e9ralement fabriqu\u00e9 en <strong>bois de sapin<\/strong> fin, permettant des tons clairs et vibrants. Traditionnellement, l&rsquo;instrument avait trois cordes, mais les versions modernes peuvent en avoir quatre.<\/p><p>L&rsquo;une des caract\u00e9ristiques les plus frappantes du <strong>kemen\u00e7e classique<\/strong> est sa technique de jeu unique. Contrairement \u00e0 de nombreux autres instruments \u00e0 cordes frott\u00e9es, le <strong>kemen\u00e7e<\/strong> est tenu verticalement, avec le joueur utilisant un archet pour tirer le son des cordes. La main gauche manipule les cordes sur le manche de l&rsquo;instrument pour produire diff\u00e9rentes hauteurs de notes et ornementations, tandis que la main droite contr\u00f4le le mouvement de l&rsquo;archet, permettant des dynamiques nuanc\u00e9es et une grande expression.<\/p><p>Dans la musique traditionnelle turque, le <a href=\"https:\/\/en.wikipedia.org\/wiki\/Classical_kemen%C3%A7e\" target=\"_blank\" rel=\"noopener\"><strong>kemen\u00e7e classique<\/strong><\/a> joue un r\u00f4le crucial, servant souvent d&rsquo;instrument soliste ou faisant partie d&rsquo;un ensemble. Ses m\u00e9lodies envo\u00fbtantes et ses ornementations complexes \u00e9voquent une large gamme d&rsquo;\u00e9motions, allant de la joie de la c\u00e9l\u00e9bration \u00e0 la r\u00e9flexion m\u00e9lancolique. Il est couramment utilis\u00e9 dans les danses folkloriques, les rituels c\u00e9r\u00e9moniels et les performances musicales, o\u00f9 sa timbre distinctif ajoute de la profondeur et de l&rsquo;authenticit\u00e9 \u00e0 la musique.<\/p>\t\t\t\t\t\t\t\t<\/div>\n\t\t\t\t\t<\/div>\n\t\t\t\t<\/div>\n\t\t\t\t\t<\/div>\n\t\t\t\t<\/div>\n\t\t\t\t<section class=\"elementor-section elementor-top-section elementor-element elementor-element-2b0e94e elementor-section-boxed elementor-section-height-default elementor-section-height-default\" data-id=\"2b0e94e\" data-element_type=\"section\" data-e-type=\"section\" data-settings=\"{&quot;background_background&quot;:&quot;classic&quot;}\">\n\t\t\t\t\t\t<div class=\"elementor-container elementor-column-gap-default\">\n\t\t\t\t\t<div class=\"elementor-column elementor-col-100 elementor-top-column elementor-element elementor-element-899d3b4\" data-id=\"899d3b4\" data-element_type=\"column\" data-e-type=\"column\">\n\t\t\t<div class=\"elementor-widget-wrap elementor-element-populated\">\n\t\t\t\t\t\t<section class=\"elementor-section elementor-inner-section elementor-element elementor-element-877a5c4 elementor-section-boxed elementor-section-height-default elementor-section-height-default\" data-id=\"877a5c4\" data-element_type=\"section\" data-e-type=\"section\">\n\t\t\t\t\t\t<div class=\"elementor-container elementor-column-gap-default\">\n\t\t\t\t\t<div class=\"elementor-column elementor-col-25 elementor-inner-column elementor-element elementor-element-98f2352 elementor-invisible\" data-id=\"98f2352\" data-element_type=\"column\" data-e-type=\"column\" data-settings=\"{&quot;animation&quot;:&quot;fadeInLeft&quot;}\">\n\t\t\t<div class=\"elementor-widget-wrap elementor-element-populated\">\n\t\t\t\t\t\t<div class=\"elementor-element elementor-element-4da236a elementor-position-inline-start elementor-view-default elementor-mobile-position-block-start elementor-widget elementor-widget-icon-box\" data-id=\"4da236a\" data-element_type=\"widget\" data-e-type=\"widget\" data-settings=\"{&quot;ekit_we_effect_on&quot;:&quot;none&quot;}\" data-widget_type=\"icon-box.default\">\n\t\t\t\t\t\t\t<div class=\"elementor-icon-box-wrapper\">\n\n\t\t\t\t\t\t<div class=\"elementor-icon-box-icon\">\n\t\t\t\t<span  class=\"elementor-icon\">\n\t\t\t\t<svg aria-hidden=\"true\" class=\"e-font-icon-svg e-fas-shipping-fast\" viewBox=\"0 0 640 512\" xmlns=\"http:\/\/www.w3.org\/2000\/svg\"><path d=\"M624 352h-16V243.9c0-12.7-5.1-24.9-14.1-33.9L494 110.1c-9-9-21.2-14.1-33.9-14.1H416V48c0-26.5-21.5-48-48-48H112C85.5 0 64 21.5 64 48v48H8c-4.4 0-8 3.6-8 8v16c0 4.4 3.6 8 8 8h272c4.4 0 8 3.6 8 8v16c0 4.4-3.6 8-8 8H40c-4.4 0-8 3.6-8 8v16c0 4.4 3.6 8 8 8h208c4.4 0 8 3.6 8 8v16c0 4.4-3.6 8-8 8H8c-4.4 0-8 3.6-8 8v16c0 4.4 3.6 8 8 8h208c4.4 0 8 3.6 8 8v16c0 4.4-3.6 8-8 8H64v128c0 53 43 96 96 96s96-43 96-96h128c0 53 43 96 96 96s96-43 96-96h48c8.8 0 16-7.2 16-16v-32c0-8.8-7.2-16-16-16zM160 464c-26.5 0-48-21.5-48-48s21.5-48 48-48 48 21.5 48 48-21.5 48-48 48zm320 0c-26.5 0-48-21.5-48-48s21.5-48 48-48 48 21.5 48 48-21.5 48-48 48zm80-208H416V144h44.1l99.9 99.9V256z\"><\/path><\/svg>\t\t\t\t<\/span>\n\t\t\t<\/div>\n\t\t\t\n\t\t\t\t\t\t<div class=\"elementor-icon-box-content\">\n\n\t\t\t\t\t\t\t\t\t<h4 class=\"elementor-icon-box-title\">\n\t\t\t\t\t\t<span  >\n\t\t\t\t\t\t\tLivraison gratuite\t\t\t\t\t\t<\/span>\n\t\t\t\t\t<\/h4>\n\t\t\t\t\n\t\t\t\t\t\t\t\t\t<p class=\"elementor-icon-box-description\">\n\t\t\t\t\t\tVers l'Europe %0 Taxe douani\u00e8re\t\t\t\t\t<\/p>\n\t\t\t\t\n\t\t\t<\/div>\n\t\t\t\n\t\t<\/div>\n\t\t\t\t\t\t<\/div>\n\t\t\t\t\t<\/div>\n\t\t<\/div>\n\t\t\t\t<div class=\"elementor-column elementor-col-25 elementor-inner-column elementor-element elementor-element-eee5667 elementor-invisible\" data-id=\"eee5667\" data-element_type=\"column\" data-e-type=\"column\" data-settings=\"{&quot;animation&quot;:&quot;fadeInLeft&quot;,&quot;animation_delay&quot;:240}\">\n\t\t\t<div class=\"elementor-widget-wrap elementor-element-populated\">\n\t\t\t\t\t\t<div class=\"elementor-element elementor-element-b3af202 elementor-position-inline-start elementor-view-default elementor-mobile-position-block-start elementor-widget elementor-widget-icon-box\" data-id=\"b3af202\" data-element_type=\"widget\" data-e-type=\"widget\" data-settings=\"{&quot;ekit_we_effect_on&quot;:&quot;none&quot;}\" data-widget_type=\"icon-box.default\">\n\t\t\t\t\t\t\t<div class=\"elementor-icon-box-wrapper\">\n\n\t\t\t\t\t\t<div class=\"elementor-icon-box-icon\">\n\t\t\t\t<span  class=\"elementor-icon\">\n\t\t\t\t<i aria-hidden=\"true\" class=\"icon icon-shield\"><\/i>\t\t\t\t<\/span>\n\t\t\t<\/div>\n\t\t\t\n\t\t\t\t\t\t<div class=\"elementor-icon-box-content\">\n\n\t\t\t\t\t\t\t\t\t<h4 class=\"elementor-icon-box-title\">\n\t\t\t\t\t\t<span  >\n\t\t\t\t\t\t\tGarantie de 15 jours\t\t\t\t\t\t<\/span>\n\t\t\t\t\t<\/h4>\n\t\t\t\t\n\t\t\t\t\t\t\t\t\t<p class=\"elementor-icon-box-description\">\n\t\t\t\t\t\t15 jours de remboursement\n\n\t\t\t\t\t<\/p>\n\t\t\t\t\n\t\t\t<\/div>\n\t\t\t\n\t\t<\/div>\n\t\t\t\t\t\t<\/div>\n\t\t\t\t\t<\/div>\n\t\t<\/div>\n\t\t\t\t<div class=\"elementor-column elementor-col-25 elementor-inner-column elementor-element elementor-element-cb15552 elementor-invisible\" data-id=\"cb15552\" data-element_type=\"column\" data-e-type=\"column\" data-settings=\"{&quot;animation&quot;:&quot;fadeInLeft&quot;,&quot;animation_delay&quot;:480}\">\n\t\t\t<div class=\"elementor-widget-wrap elementor-element-populated\">\n\t\t\t\t\t\t<div class=\"elementor-element elementor-element-864ba7f elementor-position-inline-start elementor-view-default elementor-mobile-position-block-start elementor-widget elementor-widget-icon-box\" data-id=\"864ba7f\" data-element_type=\"widget\" data-e-type=\"widget\" data-settings=\"{&quot;ekit_we_effect_on&quot;:&quot;none&quot;}\" data-widget_type=\"icon-box.default\">\n\t\t\t\t\t\t\t<div class=\"elementor-icon-box-wrapper\">\n\n\t\t\t\t\t\t<div class=\"elementor-icon-box-icon\">\n\t\t\t\t<span  class=\"elementor-icon\">\n\t\t\t\t<i aria-hidden=\"true\" class=\"icon icon-planet-earth\"><\/i>\t\t\t\t<\/span>\n\t\t\t<\/div>\n\t\t\t\n\t\t\t\t\t\t<div class=\"elementor-icon-box-content\">\n\n\t\t\t\t\t\t\t\t\t<h4 class=\"elementor-icon-box-title\">\n\t\t\t\t\t\t<span  >\n\t\t\t\t\t\t\tExp\u00e9dition mondiale\t\t\t\t\t\t<\/span>\n\t\t\t\t\t<\/h4>\n\t\t\t\t\n\t\t\t\t\t\t\t\t\t<p class=\"elementor-icon-box-description\">\n\t\t\t\t\t\tLivraison gratuite dans le monde entier\t\t\t\t\t<\/p>\n\t\t\t\t\n\t\t\t<\/div>\n\t\t\t\n\t\t<\/div>\n\t\t\t\t\t\t<\/div>\n\t\t\t\t\t<\/div>\n\t\t<\/div>\n\t\t\t\t<div class=\"elementor-column elementor-col-25 elementor-inner-column elementor-element elementor-element-5fa5a42 elementor-invisible\" data-id=\"5fa5a42\" data-element_type=\"column\" data-e-type=\"column\" data-settings=\"{&quot;animation&quot;:&quot;fadeInLeft&quot;,&quot;animation_delay&quot;:600}\">\n\t\t\t<div class=\"elementor-widget-wrap elementor-element-populated\">\n\t\t\t\t\t\t<div class=\"elementor-element elementor-element-6c320b6 elementor-position-inline-start elementor-view-default elementor-mobile-position-block-start elementor-widget elementor-widget-icon-box\" data-id=\"6c320b6\" data-element_type=\"widget\" data-e-type=\"widget\" data-settings=\"{&quot;ekit_we_effect_on&quot;:&quot;none&quot;}\" data-widget_type=\"icon-box.default\">\n\t\t\t\t\t\t\t<div class=\"elementor-icon-box-wrapper\">\n\n\t\t\t\t\t\t<div class=\"elementor-icon-box-icon\">\n\t\t\t\t<span  class=\"elementor-icon\">\n\t\t\t\t<i aria-hidden=\"true\" class=\"icon icon-safebox\"><\/i>\t\t\t\t<\/span>\n\t\t\t<\/div>\n\t\t\t\n\t\t\t\t\t\t<div class=\"elementor-icon-box-content\">\n\n\t\t\t\t\t\t\t\t\t<h4 class=\"elementor-icon-box-title\">\n\t\t\t\t\t\t<span  >\n\t\t\t\t\t\t\t100% S\u00e9curis\u00e9\t\t\t\t\t\t<\/span>\n\t\t\t\t\t<\/h4>\n\t\t\t\t\n\t\t\t\t\t\t\t\t\t<p class=\"elementor-icon-box-description\">\n\t\t\t\t\t\tPaiement s\u00e9curis\u00e9\n\n\t\t\t\t\t<\/p>\n\t\t\t\t\n\t\t\t<\/div>\n\t\t\t\n\t\t<\/div>\n\t\t\t\t\t\t<\/div>\n\t\t\t\t\t<\/div>\n\t\t<\/div>\n\t\t\t\t\t<\/div>\n\t\t<\/section>\n\t\t\t\t\t<\/div>\n\t\t<\/div>\n\t\t\t\t\t<\/div>\n\t\t<\/section>\n\t\t\t\t<\/div>\n\t\t","protected":false},"excerpt":{"rendered":"<p>Kemence Classique Le kemence classique, \u00e9galement connu sous le nom de violon turc, a une riche histoire qui remonte \u00e0 des si\u00e8cles. Ses origines remontent \u00e0 la musique traditionnelle de l&rsquo;Empire ottoman et au patrimoine culturel plus large de l&rsquo;Anatolie Le Kemen\u00e7e Classique est g\u00e9n\u00e9ralement fabriqu\u00e9 en bois et poss\u00e8de trois ou quatre cordes. Sa [&hellip;]<\/p>\n","protected":false},"author":1,"featured_media":0,"parent":0,"menu_order":0,"comment_status":"closed","ping_status":"closed","template":"","meta":{"_eb_attr":"","footnotes":""},"class_list":["post-19959","page","type-page","status-publish","hentry"],"jetpack_sharing_enabled":true,"_links":{"self":[{"href":"https:\/\/tapadum.com\/fr\/wp-json\/wp\/v2\/pages\/19959","targetHints":{"allow":["GET"]}}],"collection":[{"href":"https:\/\/tapadum.com\/fr\/wp-json\/wp\/v2\/pages"}],"about":[{"href":"https:\/\/tapadum.com\/fr\/wp-json\/wp\/v2\/types\/page"}],"author":[{"embeddable":true,"href":"https:\/\/tapadum.com\/fr\/wp-json\/wp\/v2\/users\/1"}],"replies":[{"embeddable":true,"href":"https:\/\/tapadum.com\/fr\/wp-json\/wp\/v2\/comments?post=19959"}],"version-history":[{"count":7,"href":"https:\/\/tapadum.com\/fr\/wp-json\/wp\/v2\/pages\/19959\/revisions"}],"predecessor-version":[{"id":20742,"href":"https:\/\/tapadum.com\/fr\/wp-json\/wp\/v2\/pages\/19959\/revisions\/20742"}],"wp:attachment":[{"href":"https:\/\/tapadum.com\/fr\/wp-json\/wp\/v2\/media?parent=19959"}],"curies":[{"name":"wp","href":"https:\/\/api.w.org\/{rel}","templated":true}]}}