{"id":20077,"date":"2023-07-09T00:13:29","date_gmt":"2023-07-09T00:13:29","guid":{"rendered":"https:\/\/tapadum.com\/?page_id=20077"},"modified":"2024-12-01T09:12:36","modified_gmt":"2024-12-01T09:12:36","slug":"yildirim-palabiyik-ouds","status":"publish","type":"page","link":"https:\/\/tapadum.com\/fr\/yildirim-palabiyik-ouds\/","title":{"rendered":"Yildirim Palabiyik Ouds 2025"},"content":{"rendered":"\t\t<div data-elementor-type=\"wp-page\" data-elementor-id=\"20077\" class=\"elementor elementor-20077 elementor-8990\" data-elementor-post-type=\"page\">\n\t\t\t\t\t\t<section class=\"elementor-section elementor-top-section elementor-element elementor-element-32a69be0 elementor-section-boxed elementor-section-height-default elementor-section-height-default\" data-id=\"32a69be0\" data-element_type=\"section\" data-e-type=\"section\">\n\t\t\t\t\t\t<div class=\"elementor-container elementor-column-gap-default\">\n\t\t\t\t\t<div class=\"elementor-column elementor-col-100 elementor-top-column elementor-element elementor-element-5df553b0\" data-id=\"5df553b0\" data-element_type=\"column\" data-e-type=\"column\" data-settings=\"{&quot;background_background&quot;:&quot;classic&quot;}\">\n\t\t\t<div class=\"elementor-widget-wrap elementor-element-populated\">\n\t\t\t\t\t\t<section class=\"elementor-section elementor-inner-section elementor-element elementor-element-76130b83 elementor-section-boxed elementor-section-height-default elementor-section-height-default\" data-id=\"76130b83\" data-element_type=\"section\" data-e-type=\"section\">\n\t\t\t\t\t\t<div class=\"elementor-container elementor-column-gap-default\">\n\t\t\t\t\t<div class=\"elementor-column elementor-col-100 elementor-inner-column elementor-element elementor-element-bba0f4d elementor-invisible\" data-id=\"bba0f4d\" data-element_type=\"column\" data-e-type=\"column\" data-settings=\"{&quot;animation&quot;:&quot;fadeIn&quot;,&quot;animation_delay&quot;:360}\">\n\t\t\t<div class=\"elementor-widget-wrap elementor-element-populated\">\n\t\t\t\t\t\t<div class=\"elementor-element elementor-element-470914b7 elementor-widget elementor-widget-text-editor\" data-id=\"470914b7\" data-element_type=\"widget\" data-e-type=\"widget\" data-settings=\"{&quot;ekit_we_effect_on&quot;:&quot;none&quot;}\" data-widget_type=\"text-editor.default\">\n\t\t\t\t\t\t\t\t\t<p>Y\u0131ld\u0131r\u0131m Palab\u0131y\u0131k<\/p>\t\t\t\t\t\t\t\t<\/div>\n\t\t\t\t<div class=\"elementor-element elementor-element-35988621 elementor-widget elementor-widget-heading\" data-id=\"35988621\" data-element_type=\"widget\" data-e-type=\"widget\" data-settings=\"{&quot;ekit_we_effect_on&quot;:&quot;none&quot;}\" data-widget_type=\"heading.default\">\n\t\t\t\t\t<h2 class=\"elementor-heading-title elementor-size-default\">Ouds<\/h2>\t\t\t\t<\/div>\n\t\t\t\t\t<\/div>\n\t\t<\/div>\n\t\t\t\t\t<\/div>\n\t\t<\/section>\n\t\t\t\t\t<\/div>\n\t\t<\/div>\n\t\t\t\t\t<\/div>\n\t\t<\/section>\n\t\t<div class=\"elementor-element elementor-element-21d7dc11 e-flex e-con-boxed e-con e-parent\" data-id=\"21d7dc11\" data-element_type=\"container\" data-e-type=\"container\" data-settings=\"{&quot;background_background&quot;:&quot;classic&quot;}\">\n\t\t\t\t\t<div class=\"e-con-inner\">\n\t\t<div class=\"elementor-element elementor-element-69dde793 e-flex e-con-boxed e-con e-child\" data-id=\"69dde793\" data-element_type=\"container\" data-e-type=\"container\" data-settings=\"{&quot;background_background&quot;:&quot;classic&quot;}\">\n\t\t\t\t\t<div class=\"e-con-inner\">\n\t\t\t\t<div class=\"elementor-element elementor-element-5908f935 elementor-widget elementor-widget-text-editor\" data-id=\"5908f935\" data-element_type=\"widget\" data-e-type=\"widget\" data-settings=\"{&quot;ekit_we_effect_on&quot;:&quot;none&quot;}\" data-widget_type=\"text-editor.default\">\n\t\t\t\t\t\t\t\t\t<p>Une appr\u00e9ciation du talent artistique magistral\u00a0: Y\u0131ld\u0131r\u0131m Palab\u0131y\u0131k<\/p>\t\t\t\t\t\t\t\t<\/div>\n\t\t\t\t\t<\/div>\n\t\t\t\t<\/div>\n\t\t\t\t\t<\/div>\n\t\t\t\t<\/div>\n\t\t<div class=\"elementor-element elementor-element-35018dce e-flex e-con-boxed e-con e-parent\" data-id=\"35018dce\" data-element_type=\"container\" data-e-type=\"container\" data-settings=\"{&quot;background_background&quot;:&quot;classic&quot;}\">\n\t\t\t\t\t<div class=\"e-con-inner\">\n\t\t<div class=\"elementor-element elementor-element-46878610 e-flex e-con-boxed e-con e-child\" data-id=\"46878610\" data-element_type=\"container\" data-e-type=\"container\" data-settings=\"{&quot;background_background&quot;:&quot;classic&quot;}\">\n\t\t\t\t\t<div class=\"e-con-inner\">\n\t\t\t\t<div class=\"elementor-element elementor-element-2f75ff4a elementor-grid-5 elementor-grid-tablet-3 elementor-grid-mobile-2 elementor-products-grid elementor-wc-products elementor-show-pagination-border-yes elementor-widget elementor-widget-woocommerce-products\" data-id=\"2f75ff4a\" data-element_type=\"widget\" data-e-type=\"widget\" data-settings=\"{&quot;ekit_we_effect_on&quot;:&quot;none&quot;}\" data-widget_type=\"woocommerce-products.default\">\n\t\t\t\t<div class=\"elementor-widget-container\">\n\t\t\t\t\t<div class=\"woocommerce columns-5 \"><div class=\"woocommerce-notices-wrapper\"><\/div><p class=\"woocommerce-result-count\" role=\"alert\" aria-relevant=\"all\" data-is-sorted-by=\"true\">\n\t2\u00a0r\u00e9sultats affich\u00e9s<span class=\"screen-reader-text\">Tri\u00e9 par prix croissant<\/span><\/p>\n<form class=\"woocommerce-ordering\" method=\"get\">\n\t\t<select\n\t\tname=\"orderby\"\n\t\tclass=\"orderby\"\n\t\t\t\t\taria-label=\"Commande\"\n\t\t\t>\n\t\t\t\t\t<option value=\"popularity\" >Tri par popularit\u00e9<\/option>\n\t\t\t\t\t<option value=\"rating\" >Tri par notes moyennes<\/option>\n\t\t\t\t\t<option value=\"date\" >Tri du plus r\u00e9cent au plus ancien<\/option>\n\t\t\t\t\t<option value=\"price\"  selected='selected'>Tri par tarif croissant<\/option>\n\t\t\t\t\t<option value=\"price-desc\" >Tri par tarif d\u00e9croissant<\/option>\n\t\t\t<\/select>\n\t<input type=\"hidden\" name=\"paged\" value=\"1\" \/>\n\t<\/form>\n<ul class=\"products elementor-grid columns-5\">\n<li class=\"product type-product post-18948 status-publish first instock product_cat-instruments-a-cordes product_cat-oud-fr product_cat-oud-arabe product_cat-oud-de-yildirim-palabiyik product_cat-oud-turc has-post-thumbnail sale featured shipping-taxable purchasable product-type-simple\">\n\t<a href=\"https:\/\/tapadum.com\/fr\/produit\/yildirim-palabiyik-sultan-plus-oud\/\" class=\"woocommerce-LoopProduct-link woocommerce-loop-product__link\">\n\t<span class=\"onsale\">Promo\u00a0!<\/span>\n\t<img fetchpriority=\"high\" decoding=\"async\" width=\"300\" height=\"300\" src=\"https:\/\/i0.wp.com\/tapadum.com\/wp-content\/uploads\/2023\/05\/1-5-2.png?resize=300%2C300&amp;ssl=1\" class=\"attachment-woocommerce_thumbnail size-woocommerce_thumbnail\" alt=\"Y\u0131ld\u0131r\u0131m Palab\u0131y\u0131k Sultan Plus Oud\" srcset=\"https:\/\/i0.wp.com\/tapadum.com\/wp-content\/uploads\/2023\/05\/1-5-2.png?w=1080&amp;ssl=1 1080w, https:\/\/i0.wp.com\/tapadum.com\/wp-content\/uploads\/2023\/05\/1-5-2.png?resize=300%2C300&amp;ssl=1 300w, https:\/\/i0.wp.com\/tapadum.com\/wp-content\/uploads\/2023\/05\/1-5-2.png?resize=100%2C100&amp;ssl=1 100w, https:\/\/i0.wp.com\/tapadum.com\/wp-content\/uploads\/2023\/05\/1-5-2.png?resize=600%2C600&amp;ssl=1 600w\" sizes=\"(max-width: 300px) 100vw, 300px\" \/><h2 class=\"woocommerce-loop-product__title\">Y\u0131ld\u0131r\u0131m Palab\u0131y\u0131k Sultan Plus Oud<\/h2>\n\t<span class=\"price\"><del aria-hidden=\"true\"><span class=\"woocommerce-Price-amount amount\"><bdi><span class=\"woocommerce-Price-currencySymbol\">&euro;<\/span>1.250,00<\/bdi><\/span><\/del> <span class=\"screen-reader-text\">Le prix initial \u00e9tait\u00a0: &euro;1.250,00.<\/span><ins aria-hidden=\"true\"><span class=\"woocommerce-Price-amount amount\"><bdi><span class=\"woocommerce-Price-currencySymbol\">&euro;<\/span>1.199,00<\/bdi><\/span><\/ins><span class=\"screen-reader-text\">Le prix actuel est\u00a0: &euro;1.199,00.<\/span><\/span>\n<\/a><a href=\"\/fr\/wp-json\/wp\/v2\/pages\/20077?add-to-cart=18948\" aria-describedby=\"woocommerce_loop_add_to_cart_link_describedby_18948\" data-quantity=\"1\" class=\"button product_type_simple add_to_cart_button ajax_add_to_cart\" data-product_id=\"18948\" data-product_sku=\"Tap213\" aria-label=\"Ajouter au panier\u00a0: &ldquo;Y\u0131ld\u0131r\u0131m Palab\u0131y\u0131k Sultan Plus Oud&rdquo;\" rel=\"nofollow\" data-success_message=\"\u00ab\u00a0Y\u0131ld\u0131r\u0131m Palab\u0131y\u0131k Sultan Plus Oud\u00a0\u00bb a \u00e9t\u00e9 ajout\u00e9 \u00e0 votre panier\" role=\"button\">Ajouter au panier<\/a>\t<span id=\"woocommerce_loop_add_to_cart_link_describedby_18948\" class=\"screen-reader-text\">\n\t\t\t<\/span>\n<\/li>\n<li class=\"product type-product post-18941 status-publish instock product_cat-instruments-a-cordes product_cat-oud-fr product_cat-oud-de-yildirim-palabiyik has-post-thumbnail sale featured shipping-taxable purchasable product-type-simple\">\n\t<a href=\"https:\/\/tapadum.com\/fr\/produit\/yildirim-palabiyik-movingo-oud\/\" class=\"woocommerce-LoopProduct-link woocommerce-loop-product__link\">\n\t<span class=\"onsale\">Promo\u00a0!<\/span>\n\t<img decoding=\"async\" width=\"300\" height=\"300\" src=\"https:\/\/i0.wp.com\/tapadum.com\/wp-content\/uploads\/2023\/05\/palabiyik5-e1664835244199.png?resize=300%2C300&amp;ssl=1\" class=\"attachment-woocommerce_thumbnail size-woocommerce_thumbnail\" alt=\"Yildirim Palabiyik Movingo Oud\" srcset=\"https:\/\/i0.wp.com\/tapadum.com\/wp-content\/uploads\/2023\/05\/palabiyik5-e1664835244199.png?resize=300%2C300&amp;ssl=1 300w, https:\/\/i0.wp.com\/tapadum.com\/wp-content\/uploads\/2023\/05\/palabiyik5-e1664835244199.png?resize=100%2C100&amp;ssl=1 100w, https:\/\/i0.wp.com\/tapadum.com\/wp-content\/uploads\/2023\/05\/palabiyik5-e1664835244199.png?zoom=2&amp;resize=300%2C300&amp;ssl=1 600w, https:\/\/i0.wp.com\/tapadum.com\/wp-content\/uploads\/2023\/05\/palabiyik5-e1664835244199.png?zoom=3&amp;resize=300%2C300&amp;ssl=1 900w\" sizes=\"(max-width: 300px) 100vw, 300px\" \/><h2 class=\"woocommerce-loop-product__title\">Yildirim Palabiyik Movingo Oud<\/h2>\n\t<span class=\"price\"><del aria-hidden=\"true\"><span class=\"woocommerce-Price-amount amount\"><bdi><span class=\"woocommerce-Price-currencySymbol\">&euro;<\/span>2.750,00<\/bdi><\/span><\/del> <span class=\"screen-reader-text\">Le prix initial \u00e9tait\u00a0: &euro;2.750,00.<\/span><ins aria-hidden=\"true\"><span class=\"woocommerce-Price-amount amount\"><bdi><span class=\"woocommerce-Price-currencySymbol\">&euro;<\/span>2.289,00<\/bdi><\/span><\/ins><span class=\"screen-reader-text\">Le prix actuel est\u00a0: &euro;2.289,00.<\/span><\/span>\n<\/a><a href=\"\/fr\/wp-json\/wp\/v2\/pages\/20077?add-to-cart=18941\" aria-describedby=\"woocommerce_loop_add_to_cart_link_describedby_18941\" data-quantity=\"1\" class=\"button product_type_simple add_to_cart_button ajax_add_to_cart\" data-product_id=\"18941\" data-product_sku=\"Tap214\" aria-label=\"Ajouter au panier\u00a0: &ldquo;Yildirim Palabiyik Movingo Oud&rdquo;\" rel=\"nofollow\" data-success_message=\"\u00ab\u00a0Yildirim Palabiyik Movingo Oud\u00a0\u00bb a \u00e9t\u00e9 ajout\u00e9 \u00e0 votre panier\" role=\"button\">Ajouter au panier<\/a>\t<span id=\"woocommerce_loop_add_to_cart_link_describedby_18941\" class=\"screen-reader-text\">\n\t\t\t<\/span>\n<\/li>\n<\/ul>\n<\/div>\t\t\t\t<\/div>\n\t\t\t\t<\/div>\n\t\t\t\t\t<\/div>\n\t\t\t\t<\/div>\n\t\t\t\t\t<\/div>\n\t\t\t\t<\/div>\n\t\t<div class=\"elementor-element elementor-element-3414053 e-flex e-con-boxed e-con e-parent\" data-id=\"3414053\" data-element_type=\"container\" data-e-type=\"container\" data-settings=\"{&quot;background_background&quot;:&quot;gradient&quot;}\">\n\t\t\t\t\t<div class=\"e-con-inner\">\n\t\t<div class=\"elementor-element elementor-element-5a79b9a2 e-flex e-con-boxed e-con e-child\" data-id=\"5a79b9a2\" data-element_type=\"container\" data-e-type=\"container\" data-settings=\"{&quot;background_background&quot;:&quot;classic&quot;}\">\n\t\t\t\t\t<div class=\"e-con-inner\">\n\t\t\t\t<div class=\"elementor-element elementor-element-6028a544 elementor-widget elementor-widget-text-editor\" data-id=\"6028a544\" data-element_type=\"widget\" data-e-type=\"widget\" data-settings=\"{&quot;ekit_we_effect_on&quot;:&quot;none&quot;}\" data-widget_type=\"text-editor.default\">\n\t\t\t\t\t\t\t\t\t<p><strong>Y\u0131ld\u0131r\u0131m Palab\u0131y\u0131k : Ma\u00eetre Luthier<\/strong><\/p><p>R\u00e9put\u00e9 pour son savoir-faire exceptionnel, <strong>Y\u0131ld\u0131r\u0131m Palab\u0131y\u0131k<\/strong> s\u2019est impos\u00e9 comme un ma\u00eetre artisan dans la fabrication d\u2019<strong>uds<\/strong>. Anim\u00e9 par une passion profonde pour cet instrument et fort de nombreuses ann\u00e9es d\u2019exp\u00e9rience, il se consacre \u00e0 la cr\u00e9ation d\u2019<strong>uds<\/strong> qui refl\u00e8tent une attention minutieuse aux d\u00e9tails et une ma\u00eetrise artistique remarquable.<\/p><h3>Des bois de r\u00e9sonance sup\u00e9rieurs pour des sonorit\u00e9s riches et chaleureuses<\/h3><p>L\u2019un des \u00e9l\u00e9ments distinctifs des <strong>uds<\/strong> de <strong>Y\u0131ld\u0131r\u0131m Palab\u0131y\u0131k<\/strong> est le soin apport\u00e9 \u00e0 la s\u00e9lection des bois de r\u00e9sonance. Chaque <strong>ud<\/strong> est fabriqu\u00e9 avec une <strong>table d\u2019harmonie en \u00e9pic\u00e9a vieilli<\/strong>, assurant clart\u00e9 et r\u00e9sonance, et des <strong>\u00e9clisses et un fond en palissandre de premi\u00e8re qualit\u00e9<\/strong>, qui conf\u00e8rent profondeur et chaleur au son. Ces mat\u00e9riaux d\u2019exception ne produisent pas seulement des sonorit\u00e9s riches et chaleureuses, mais permettent \u00e9galement \u00e0 l\u2019instrument de vieillir avec \u00e9l\u00e9gance, gagnant en caract\u00e8re et en richesse tonale au fil du temps.<\/p><h3>Jouabilit\u00e9 et confort in\u00e9gal\u00e9s<\/h3><p>La jouabilit\u00e9 est une priorit\u00e9 dans les cr\u00e9ations de <strong>Y\u0131ld\u0131r\u0131m Palab\u0131y\u0131k<\/strong>. Les profils de manche sont soigneusement con\u00e7us pour offrir un \u00e9quilibre parfait entre confort et stabilit\u00e9, permettant aux musiciens de glisser sans effort sur la touche. Ce design r\u00e9fl\u00e9chi rend ses <strong>uds<\/strong> hautement r\u00e9actifs, offrant aux joueurs la libert\u00e9 d\u2019explorer pleinement leur expression artistique. Que vous jouiez des m\u00e9lodies complexes ou que vous exploriez des rythmes dynamiques, ces <strong>uds<\/strong> offrent une exp\u00e9rience de jeu fluide et agr\u00e9able.<\/p><h3>Une fusion de tradition et d\u2019innovation<\/h3><p>Ce qui distingue v\u00e9ritablement les <strong>uds<\/strong> de <strong>Y\u0131ld\u0131r\u0131m Palab\u0131y\u0131k<\/strong>, c\u2019est leur capacit\u00e9 \u00e0 unir tradition et innovation. Chaque instrument rend hommage au riche patrimoine de l\u2019<strong>ud<\/strong>, tout en int\u00e9grant des \u00e9l\u00e9ments modernes pour r\u00e9pondre aux exigences des musiciens contemporains. Le r\u00e9sultat est un instrument qui incarne l\u2019h\u00e9ritage culturel tout en inspirant de nouvelles approches musicales.<\/p><h3>Un instrument pour tous les niveaux<\/h3><p>Que vous soyez un joueur exp\u00e9riment\u00e9 ou un d\u00e9butant cherchant un instrument de haute qualit\u00e9, les <strong>uds<\/strong> de <strong>Y\u0131ld\u0131r\u0131m Palab\u0131y\u0131k<\/strong> offrent une exp\u00e9rience musicale exceptionnelle. Ces instruments sont con\u00e7us pour r\u00e9pondre aux besoins des musiciens de tous niveaux, leur permettant de s\u2019\u00e9panouir dans leur pratique et de se connecter profond\u00e9ment \u00e0 la richesse culturelle de l\u2019<strong>ud<\/strong>.<\/p><h3>La passion d\u2019un ma\u00eetre artisan<\/h3><p>Chaque <strong>ud<\/strong> fabriqu\u00e9 par <strong>Y\u0131ld\u0131r\u0131m Palab\u0131y\u0131k<\/strong> refl\u00e8te la passion, l\u2019expertise et le d\u00e9vouement d\u2019un ma\u00eetre artisan. Son engagement envers l\u2019excellence se manifeste dans chaque d\u00e9tail, qu\u2019il s\u2019agisse de la s\u00e9lection des mat\u00e9riaux, de la pr\u00e9cision dans la construction ou de la finition impeccable. Cette attention aux d\u00e9tails garantit que chaque <strong>ud<\/strong> est une v\u00e9ritable \u0153uvre d\u2019art, \u00e0 la fois visuellement et acoustiquement.<\/p><h3>D\u00e9couvrez les <strong>uds<\/strong> de Y\u0131ld\u0131r\u0131m Palab\u0131y\u0131k<\/h3><p>Chez <strong>Tapadum Music Store<\/strong>, nous sommes fiers de proposer les <strong>uds<\/strong> de <strong>Y\u0131ld\u0131r\u0131m Palab\u0131y\u0131k<\/strong>. Ces instruments exceptionnels incarnent l\u2019alliance parfaite entre beaut\u00e9 et fonctionnalit\u00e9. En choisissant un <strong>ud<\/strong> de ce ma\u00eetre luthier, vous investissez dans un instrument qui vous accompagnera dans votre parcours musical, tout en honorant un patrimoine artisanal pr\u00e9cieux.<\/p><h3>Conclusion<\/h3><p>L\u2019<strong>ud<\/strong> est bien plus qu\u2019un instrument ; c\u2019est un pont entre les cultures, une expression de l\u2019\u00e2me musicale. Avec les <strong>uds<\/strong> de <strong>Y\u0131ld\u0131r\u0131m Palab\u0131y\u0131k<\/strong>, vous d\u00e9couvrez un m\u00e9lange unique de tradition, d\u2019innovation et de passion. Laissez-vous inspirer par l\u2019artisanat exceptionnel de ce ma\u00eetre luthier et \u00e9levez votre musique \u00e0 de nouveaux sommets. Explorez la collection d\u00e8s aujourd\u2019hui chez <strong>Tapadum Music Store<\/strong> et laissez la magie de l\u2019<a href=\"https:\/\/en.wikipedia.org\/wiki\/Oud\" target=\"_blank\" rel=\"noopener\"><strong>ud<\/strong><\/a> enrichir votre voyage musical.<\/p>\t\t\t\t\t\t\t\t<\/div>\n\t\t\t\t\t<\/div>\n\t\t\t\t<\/div>\n\t\t\t\t\t<\/div>\n\t\t\t\t<\/div>\n\t\t\t\t<section class=\"elementor-section elementor-top-section elementor-element elementor-element-1da24b2 elementor-section-boxed elementor-section-height-default elementor-section-height-default\" data-id=\"1da24b2\" data-element_type=\"section\" data-e-type=\"section\" data-settings=\"{&quot;background_background&quot;:&quot;classic&quot;}\">\n\t\t\t\t\t\t<div class=\"elementor-container elementor-column-gap-default\">\n\t\t\t\t\t<div class=\"elementor-column elementor-col-100 elementor-top-column elementor-element elementor-element-9a82fa0\" data-id=\"9a82fa0\" data-element_type=\"column\" data-e-type=\"column\">\n\t\t\t<div class=\"elementor-widget-wrap elementor-element-populated\">\n\t\t\t\t\t\t<section class=\"elementor-section elementor-inner-section elementor-element elementor-element-08c0031 elementor-section-boxed elementor-section-height-default elementor-section-height-default\" data-id=\"08c0031\" data-element_type=\"section\" data-e-type=\"section\">\n\t\t\t\t\t\t<div class=\"elementor-container elementor-column-gap-default\">\n\t\t\t\t\t<div class=\"elementor-column elementor-col-25 elementor-inner-column elementor-element elementor-element-b223484 elementor-invisible\" data-id=\"b223484\" data-element_type=\"column\" data-e-type=\"column\" data-settings=\"{&quot;animation&quot;:&quot;fadeInLeft&quot;}\">\n\t\t\t<div class=\"elementor-widget-wrap elementor-element-populated\">\n\t\t\t\t\t\t<div class=\"elementor-element elementor-element-856e767 elementor-position-inline-start elementor-view-default elementor-mobile-position-block-start elementor-widget elementor-widget-icon-box\" data-id=\"856e767\" data-element_type=\"widget\" data-e-type=\"widget\" data-settings=\"{&quot;ekit_we_effect_on&quot;:&quot;none&quot;}\" data-widget_type=\"icon-box.default\">\n\t\t\t\t\t\t\t<div class=\"elementor-icon-box-wrapper\">\n\n\t\t\t\t\t\t<div class=\"elementor-icon-box-icon\">\n\t\t\t\t<span  class=\"elementor-icon\">\n\t\t\t\t<svg aria-hidden=\"true\" class=\"e-font-icon-svg e-fas-shipping-fast\" viewBox=\"0 0 640 512\" xmlns=\"http:\/\/www.w3.org\/2000\/svg\"><path d=\"M624 352h-16V243.9c0-12.7-5.1-24.9-14.1-33.9L494 110.1c-9-9-21.2-14.1-33.9-14.1H416V48c0-26.5-21.5-48-48-48H112C85.5 0 64 21.5 64 48v48H8c-4.4 0-8 3.6-8 8v16c0 4.4 3.6 8 8 8h272c4.4 0 8 3.6 8 8v16c0 4.4-3.6 8-8 8H40c-4.4 0-8 3.6-8 8v16c0 4.4 3.6 8 8 8h208c4.4 0 8 3.6 8 8v16c0 4.4-3.6 8-8 8H8c-4.4 0-8 3.6-8 8v16c0 4.4 3.6 8 8 8h208c4.4 0 8 3.6 8 8v16c0 4.4-3.6 8-8 8H64v128c0 53 43 96 96 96s96-43 96-96h128c0 53 43 96 96 96s96-43 96-96h48c8.8 0 16-7.2 16-16v-32c0-8.8-7.2-16-16-16zM160 464c-26.5 0-48-21.5-48-48s21.5-48 48-48 48 21.5 48 48-21.5 48-48 48zm320 0c-26.5 0-48-21.5-48-48s21.5-48 48-48 48 21.5 48 48-21.5 48-48 48zm80-208H416V144h44.1l99.9 99.9V256z\"><\/path><\/svg>\t\t\t\t<\/span>\n\t\t\t<\/div>\n\t\t\t\n\t\t\t\t\t\t<div class=\"elementor-icon-box-content\">\n\n\t\t\t\t\t\t\t\t\t<h4 class=\"elementor-icon-box-title\">\n\t\t\t\t\t\t<span  >\n\t\t\t\t\t\t\tLivraison gratuite\t\t\t\t\t\t<\/span>\n\t\t\t\t\t<\/h4>\n\t\t\t\t\n\t\t\t\t\t\t\t\t\t<p class=\"elementor-icon-box-description\">\n\t\t\t\t\t\tVers l'Europe %0 Taxe douani\u00e8re\t\t\t\t\t<\/p>\n\t\t\t\t\n\t\t\t<\/div>\n\t\t\t\n\t\t<\/div>\n\t\t\t\t\t\t<\/div>\n\t\t\t\t\t<\/div>\n\t\t<\/div>\n\t\t\t\t<div class=\"elementor-column elementor-col-25 elementor-inner-column elementor-element elementor-element-89575d7 elementor-invisible\" data-id=\"89575d7\" data-element_type=\"column\" data-e-type=\"column\" data-settings=\"{&quot;animation&quot;:&quot;fadeInLeft&quot;,&quot;animation_delay&quot;:240}\">\n\t\t\t<div class=\"elementor-widget-wrap elementor-element-populated\">\n\t\t\t\t\t\t<div class=\"elementor-element elementor-element-a43c115 elementor-position-inline-start elementor-view-default elementor-mobile-position-block-start elementor-widget elementor-widget-icon-box\" data-id=\"a43c115\" data-element_type=\"widget\" data-e-type=\"widget\" data-settings=\"{&quot;ekit_we_effect_on&quot;:&quot;none&quot;}\" data-widget_type=\"icon-box.default\">\n\t\t\t\t\t\t\t<div class=\"elementor-icon-box-wrapper\">\n\n\t\t\t\t\t\t<div class=\"elementor-icon-box-icon\">\n\t\t\t\t<span  class=\"elementor-icon\">\n\t\t\t\t<i aria-hidden=\"true\" class=\"icon icon-shield\"><\/i>\t\t\t\t<\/span>\n\t\t\t<\/div>\n\t\t\t\n\t\t\t\t\t\t<div class=\"elementor-icon-box-content\">\n\n\t\t\t\t\t\t\t\t\t<h4 class=\"elementor-icon-box-title\">\n\t\t\t\t\t\t<span  >\n\t\t\t\t\t\t\tGarantie de 15 jours\t\t\t\t\t\t<\/span>\n\t\t\t\t\t<\/h4>\n\t\t\t\t\n\t\t\t\t\t\t\t\t\t<p class=\"elementor-icon-box-description\">\n\t\t\t\t\t\t15 jours de remboursement\n\n\t\t\t\t\t<\/p>\n\t\t\t\t\n\t\t\t<\/div>\n\t\t\t\n\t\t<\/div>\n\t\t\t\t\t\t<\/div>\n\t\t\t\t\t<\/div>\n\t\t<\/div>\n\t\t\t\t<div class=\"elementor-column elementor-col-25 elementor-inner-column elementor-element elementor-element-275ef01 elementor-invisible\" data-id=\"275ef01\" data-element_type=\"column\" data-e-type=\"column\" data-settings=\"{&quot;animation&quot;:&quot;fadeInLeft&quot;,&quot;animation_delay&quot;:480}\">\n\t\t\t<div class=\"elementor-widget-wrap elementor-element-populated\">\n\t\t\t\t\t\t<div class=\"elementor-element elementor-element-0402d70 elementor-position-inline-start elementor-view-default elementor-mobile-position-block-start elementor-widget elementor-widget-icon-box\" data-id=\"0402d70\" data-element_type=\"widget\" data-e-type=\"widget\" data-settings=\"{&quot;ekit_we_effect_on&quot;:&quot;none&quot;}\" data-widget_type=\"icon-box.default\">\n\t\t\t\t\t\t\t<div class=\"elementor-icon-box-wrapper\">\n\n\t\t\t\t\t\t<div class=\"elementor-icon-box-icon\">\n\t\t\t\t<span  class=\"elementor-icon\">\n\t\t\t\t<i aria-hidden=\"true\" class=\"icon icon-planet-earth\"><\/i>\t\t\t\t<\/span>\n\t\t\t<\/div>\n\t\t\t\n\t\t\t\t\t\t<div class=\"elementor-icon-box-content\">\n\n\t\t\t\t\t\t\t\t\t<h4 class=\"elementor-icon-box-title\">\n\t\t\t\t\t\t<span  >\n\t\t\t\t\t\t\tExp\u00e9dition mondiale\t\t\t\t\t\t<\/span>\n\t\t\t\t\t<\/h4>\n\t\t\t\t\n\t\t\t\t\t\t\t\t\t<p class=\"elementor-icon-box-description\">\n\t\t\t\t\t\tLivraison gratuite dans le monde entier\t\t\t\t\t<\/p>\n\t\t\t\t\n\t\t\t<\/div>\n\t\t\t\n\t\t<\/div>\n\t\t\t\t\t\t<\/div>\n\t\t\t\t\t<\/div>\n\t\t<\/div>\n\t\t\t\t<div class=\"elementor-column elementor-col-25 elementor-inner-column elementor-element elementor-element-140a5c6 elementor-invisible\" data-id=\"140a5c6\" data-element_type=\"column\" data-e-type=\"column\" data-settings=\"{&quot;animation&quot;:&quot;fadeInLeft&quot;,&quot;animation_delay&quot;:600}\">\n\t\t\t<div class=\"elementor-widget-wrap elementor-element-populated\">\n\t\t\t\t\t\t<div class=\"elementor-element elementor-element-d70b0d8 elementor-position-inline-start elementor-view-default elementor-mobile-position-block-start elementor-widget elementor-widget-icon-box\" data-id=\"d70b0d8\" data-element_type=\"widget\" data-e-type=\"widget\" data-settings=\"{&quot;ekit_we_effect_on&quot;:&quot;none&quot;}\" data-widget_type=\"icon-box.default\">\n\t\t\t\t\t\t\t<div class=\"elementor-icon-box-wrapper\">\n\n\t\t\t\t\t\t<div class=\"elementor-icon-box-icon\">\n\t\t\t\t<span  class=\"elementor-icon\">\n\t\t\t\t<i aria-hidden=\"true\" class=\"icon icon-safebox\"><\/i>\t\t\t\t<\/span>\n\t\t\t<\/div>\n\t\t\t\n\t\t\t\t\t\t<div class=\"elementor-icon-box-content\">\n\n\t\t\t\t\t\t\t\t\t<h4 class=\"elementor-icon-box-title\">\n\t\t\t\t\t\t<span  >\n\t\t\t\t\t\t\t100% S\u00e9curis\u00e9\t\t\t\t\t\t<\/span>\n\t\t\t\t\t<\/h4>\n\t\t\t\t\n\t\t\t\t\t\t\t\t\t<p class=\"elementor-icon-box-description\">\n\t\t\t\t\t\tPaiement s\u00e9curis\u00e9\n\n\t\t\t\t\t<\/p>\n\t\t\t\t\n\t\t\t<\/div>\n\t\t\t\n\t\t<\/div>\n\t\t\t\t\t\t<\/div>\n\t\t\t\t\t<\/div>\n\t\t<\/div>\n\t\t\t\t\t<\/div>\n\t\t<\/section>\n\t\t\t\t\t<\/div>\n\t\t<\/div>\n\t\t\t\t\t<\/div>\n\t\t<\/section>\n\t\t\t\t<\/div>\n\t\t","protected":false},"excerpt":{"rendered":"<p>Y\u0131ld\u0131r\u0131m Palab\u0131y\u0131k Ouds Une appr\u00e9ciation du talent artistique magistral\u00a0: Y\u0131ld\u0131r\u0131m Palab\u0131y\u0131k Y\u0131ld\u0131r\u0131m Palab\u0131y\u0131k : Ma\u00eetre Luthier R\u00e9put\u00e9 pour son savoir-faire exceptionnel, Y\u0131ld\u0131r\u0131m Palab\u0131y\u0131k s\u2019est impos\u00e9 comme un ma\u00eetre artisan dans la fabrication d\u2019uds. Anim\u00e9 par une passion profonde pour cet instrument et fort de nombreuses ann\u00e9es d\u2019exp\u00e9rience, il se consacre \u00e0 la cr\u00e9ation d\u2019uds qui [&hellip;]<\/p>\n","protected":false},"author":1,"featured_media":0,"parent":0,"menu_order":0,"comment_status":"closed","ping_status":"closed","template":"","meta":{"_eb_attr":"","footnotes":""},"class_list":["post-20077","page","type-page","status-publish","hentry"],"jetpack_sharing_enabled":true,"_links":{"self":[{"href":"https:\/\/tapadum.com\/fr\/wp-json\/wp\/v2\/pages\/20077","targetHints":{"allow":["GET"]}}],"collection":[{"href":"https:\/\/tapadum.com\/fr\/wp-json\/wp\/v2\/pages"}],"about":[{"href":"https:\/\/tapadum.com\/fr\/wp-json\/wp\/v2\/types\/page"}],"author":[{"embeddable":true,"href":"https:\/\/tapadum.com\/fr\/wp-json\/wp\/v2\/users\/1"}],"replies":[{"embeddable":true,"href":"https:\/\/tapadum.com\/fr\/wp-json\/wp\/v2\/comments?post=20077"}],"version-history":[{"count":7,"href":"https:\/\/tapadum.com\/fr\/wp-json\/wp\/v2\/pages\/20077\/revisions"}],"predecessor-version":[{"id":20787,"href":"https:\/\/tapadum.com\/fr\/wp-json\/wp\/v2\/pages\/20077\/revisions\/20787"}],"wp:attachment":[{"href":"https:\/\/tapadum.com\/fr\/wp-json\/wp\/v2\/media?parent=20077"}],"curies":[{"name":"wp","href":"https:\/\/api.w.org\/{rel}","templated":true}]}}