{"id":18539,"date":"2024-10-11T07:52:26","date_gmt":"2024-10-11T05:52:26","guid":{"rendered":"https:\/\/tapadum.com\/product\/18539\/"},"modified":"2026-05-01T13:25:20","modified_gmt":"2026-05-01T11:25:20","slug":"ogursazi","status":"publish","type":"product","link":"https:\/\/tapadum.com\/fr\/produit\/ogursazi\/","title":{"rendered":"O\u011fur Saz\u0131 Professionnel &#8211; Kopuz"},"content":{"rendered":"<p><strong>O\u011fur Saz\u0131 Professionnel Fait Main<\/strong><\/p>\n<p>D\u00e9couvrez les tonalit\u00e9s profondes et r\u00e9sonnantes de l&rsquo;O\u011fur Saz\u0131, un instrument \u00e0 six cordes invent\u00e9 par le c\u00e9l\u00e8bre musicien Erkan O\u011fur. Fabriqu\u00e9 \u00e0 la main avec pr\u00e9cision et soin, cet instrument allie artisanat traditionnel et design innovant pour les musiciens \u00e0 la recherche d&rsquo;un son et d&rsquo;une exp\u00e9rience de jeu uniques.<\/p>\n<ul>\n<li><strong>Corps :<\/strong> Bois de gen\u00e9vrier, offrant une r\u00e9sonance acoustique chaude et riche.<\/li>\n<li><strong>Manche :<\/strong> Acajou, offrant force et stabilit\u00e9 pour une jouabilit\u00e9 fluide.<\/li>\n<li><strong>Touche :<\/strong> Noyer turc, ajoutant durabilit\u00e9 et une belle finition naturelle.<\/li>\n<li><strong>Table :<\/strong> \u00c9pic\u00e9a, produisant des tonalit\u00e9s brillantes et claires avec une excellente projection.<\/li>\n<\/ul>\n<p>Inspir\u00e9 par le traditionnel ba\u011flama, l&rsquo;O\u011fur Saz\u0131 poss\u00e8de des cordes plac\u00e9es individuellement, semblables \u00e0 une guitare, permettant une plus grande complexit\u00e9 tonale et richesse d&rsquo;accords. Jou\u00e9 sans plectre, l&rsquo;instrument convient \u00e0 la technique d&rsquo;arpeggio, offrant un son fluide et expressif.<\/p>\n<p>Avec des options de cordes \u00e0 simple ou double rang\u00e9e et un syst\u00e8me d&rsquo;accordage non traditionnel d\u00e9velopp\u00e9 par O\u011fur lui-m\u00eame, cet instrument permet aux musiciens d&rsquo;explorer de nouveaux paysages sonores. L&rsquo;O\u011fur Saz\u0131 est parfait pour ceux qui cherchent \u00e0 repousser les limites de leur expression musicale tout en profitant d&rsquo;une \u0153uvre d&rsquo;art fabriqu\u00e9e \u00e0 la main.<\/p>\n<p><iframe title=\"ogur sazi - @Tapadum\" width=\"800\" height=\"450\" src=\"https:\/\/www.youtube.com\/embed\/lF-_4leVviE?feature=oembed\" frameborder=\"0\" allow=\"accelerometer; autoplay; clipboard-write; encrypted-media; gyroscope; picture-in-picture; web-share\" referrerpolicy=\"strict-origin-when-cross-origin\" allowfullscreen><\/iframe><\/p>\n","protected":false},"excerpt":{"rendered":"<ul>\n<li>L&rsquo;O\u011fur Saz\u0131 fait main est un <strong>instrument unique \u00e0 six cordes,<\/strong> invent\u00e9 par <strong>Erkan O\u011fur<\/strong>, alliant artisanat traditionnel et design moderne.<\/li>\n<li>Fabriqu\u00e9 avec un <strong>corps en gen\u00e9vrier, un manche en acajou, une touche en noyer turc et une table en \u00e9pic\u00e9a,<\/strong> il offre une complexit\u00e9 tonale riche et une polyvalence. Ses cordes plac\u00e9es individuellement, semblables \u00e0 une guitare, et son syst\u00e8me d&rsquo;accordage non traditionnel permettent un son distinctif, jou\u00e9 avec une technique d&rsquo;arpeggio sans plectre.<\/li>\n<li>Avec des options de cordes \u00e0 simple ou double rang\u00e9e, l&rsquo;O\u011fur Saz\u0131 offre aux musiciens une exp\u00e9rience de jeu unique.<\/li>\n<\/ul>\n","protected":false},"featured_media":13287,"comment_status":"closed","ping_status":"closed","template":"","meta":{"_eb_attr":""},"product_brand":[],"product_cat":[307,315],"product_tag":[],"class_list":{"0":"post-18539","1":"product","2":"type-product","3":"status-publish","4":"has-post-thumbnail","6":"product_cat-instruments-a-cordes","7":"product_cat-ogur-sazi-fr","9":"first","10":"instock","11":"sale","12":"shipping-taxable","13":"purchasable","14":"product-type-simple"},"jetpack_sharing_enabled":true,"_links":{"self":[{"href":"https:\/\/tapadum.com\/fr\/wp-json\/wp\/v2\/product\/18539","targetHints":{"allow":["GET"]}}],"collection":[{"href":"https:\/\/tapadum.com\/fr\/wp-json\/wp\/v2\/product"}],"about":[{"href":"https:\/\/tapadum.com\/fr\/wp-json\/wp\/v2\/types\/product"}],"replies":[{"embeddable":true,"href":"https:\/\/tapadum.com\/fr\/wp-json\/wp\/v2\/comments?post=18539"}],"version-history":[{"count":3,"href":"https:\/\/tapadum.com\/fr\/wp-json\/wp\/v2\/product\/18539\/revisions"}],"predecessor-version":[{"id":35016,"href":"https:\/\/tapadum.com\/fr\/wp-json\/wp\/v2\/product\/18539\/revisions\/35016"}],"wp:featuredmedia":[{"embeddable":true,"href":"https:\/\/tapadum.com\/fr\/wp-json\/wp\/v2\/media\/13287"}],"wp:attachment":[{"href":"https:\/\/tapadum.com\/fr\/wp-json\/wp\/v2\/media?parent=18539"}],"wp:term":[{"taxonomy":"product_brand","embeddable":true,"href":"https:\/\/tapadum.com\/fr\/wp-json\/wp\/v2\/product_brand?post=18539"},{"taxonomy":"product_cat","embeddable":true,"href":"https:\/\/tapadum.com\/fr\/wp-json\/wp\/v2\/product_cat?post=18539"},{"taxonomy":"product_tag","embeddable":true,"href":"https:\/\/tapadum.com\/fr\/wp-json\/wp\/v2\/product_tag?post=18539"}],"curies":[{"name":"wp","href":"https:\/\/api.w.org\/{rel}","templated":true}]}}