{"id":18582,"date":"2024-10-10T19:49:25","date_gmt":"2024-10-10T19:49:25","guid":{"rendered":"https:\/\/tapadum.com\/product\/18582\/"},"modified":"2024-11-16T14:44:44","modified_gmt":"2024-11-16T14:44:44","slug":"18582","status":"publish","type":"product","link":"https:\/\/tapadum.com\/fr\/produit\/18582\/","title":{"rendered":"Caglama \u2013 New Generation Series B2"},"content":{"rendered":"<p><strong>D\u00e9couvrez le Caglama \u2013 S\u00e9rie Nouvelle G\u00e9n\u00e9ration B2<\/strong>,<\/p>\n<p>un instrument qui repousse les limites de l&rsquo;innovation musicale. Cette cr\u00e9ation unique r\u00e9sulte de la fusion entre la <strong>guitare \u00e9lectrique<\/strong> et le <strong>baglama<\/strong>, aboutissant \u00e0 un son captivant qui transcende les genres et les cultures.<\/p>\n<p>Fabriqu\u00e9 avec <strong>pr\u00e9cision<\/strong> et <strong>passion<\/strong>, le <strong>corps<\/strong> et la <strong>table en orme<\/strong> offrent non seulement une apparence saisissante, mais aussi une r\u00e9sonance qui touche l\u2019\u00e2me du musicien et de l\u2019auditeur.<\/p>\n<p>L\u2019association avec un <strong>manche en fr\u00eane<\/strong> garantit une stabilit\u00e9 incomparable et une tonalit\u00e9 chaude et riche, qui distingue cet instrument des instruments traditionnels. <strong>Touche en afromosia<\/strong><\/p>\n<p>Pour sublimer les capacit\u00e9s sonores du Caglama, le <strong>micro Epiphone<\/strong>, une technologie de pointe, capture chaque nuance de votre jeu.<\/p>\n<p>Des pincements d\u00e9licats aux accords puissants, ce micro reproduit fid\u00e8lement votre son unique, permettant \u00e0 votre cr\u00e9ativit\u00e9 de s&rsquo;exprimer sans limites.<\/p>\n<p>Le Caglama n\u2019est pas qu\u2019un simple instrument ; c\u2019est un t\u00e9moignage vivant de l\u2019art du musicien turc <strong>\u00d6m\u00fcr K\u0131l\u0131\u00e7arslan<\/strong>.<\/p>\n<p>Cet instrument continue d\u2019\u00e9voluer et d\u2019inspirer des musiciens du monde entier, brisant les fronti\u00e8res entre les styles orientaux et occidentaux, et invitant les artistes \u00e0 explorer des territoires musicaux in\u00e9dits.<\/p>\n<p>Lib\u00e9rez votre potentiel, embrassez la fusion des cultures et cr\u00e9ez une musique qui d\u00e9passe les fronti\u00e8res avec cet instrument exceptionnel entre vos mains.<\/p>\n<p>Rejoignez les rangs des musiciens renomm\u00e9s qui ont d\u00e9j\u00e0 fait du Caglama une partie int\u00e9grante de leur parcours musical. \u00c9levez votre art et laissez le Caglama devenir le catalyseur de votre \u00e9volution musicale.<\/p>\n","protected":false},"excerpt":{"rendered":"<p>D\u00e9couvrez la Caglama \u2013 New Generation Series B2, une fusion r\u00e9volutionnaire de guitare \u00e9lectrique et de Baglama. Dot\u00e9e d&rsquo;un corps en orme, d&rsquo;un manche en fr\u00eane et d&rsquo;une touche en Afromosia, elle offre une intonation parfaite avec un chevalet personnalis\u00e9 et capture chaque d\u00e9tail sonore gr\u00e2ce \u00e0 un micro Epiphone. Con\u00e7ue par le musicien turc \u00d6m\u00fcr K\u0131l\u0131\u00e7arslan, la Caglama transcende les styles occidentaux et orientaux, offrant un son unique appr\u00e9ci\u00e9 par les musiciens du monde entier. Red\u00e9finissez votre voyage musical avec la Caglama \u2013 l\u00e0 o\u00f9 les cultures convergent et o\u00f9 la cr\u00e9ativit\u00e9 ne conna\u00eet aucune limite.<\/p>\n","protected":false},"featured_media":22484,"comment_status":"open","ping_status":"closed","template":"","meta":{"_eb_attr":""},"product_brand":[],"product_cat":[311,307],"product_tag":[],"class_list":{"0":"post-18582","1":"product","2":"type-product","3":"status-publish","4":"has-post-thumbnail","6":"product_cat-caglama-fr","7":"product_cat-instruments-a-cordes","9":"first","10":"instock","11":"sale","12":"shipping-taxable","13":"purchasable","14":"product-type-simple"},"jetpack_sharing_enabled":true,"_links":{"self":[{"href":"https:\/\/tapadum.com\/fr\/wp-json\/wp\/v2\/product\/18582","targetHints":{"allow":["GET"]}}],"collection":[{"href":"https:\/\/tapadum.com\/fr\/wp-json\/wp\/v2\/product"}],"about":[{"href":"https:\/\/tapadum.com\/fr\/wp-json\/wp\/v2\/types\/product"}],"replies":[{"embeddable":true,"href":"https:\/\/tapadum.com\/fr\/wp-json\/wp\/v2\/comments?post=18582"}],"version-history":[{"count":5,"href":"https:\/\/tapadum.com\/fr\/wp-json\/wp\/v2\/product\/18582\/revisions"}],"predecessor-version":[{"id":18630,"href":"https:\/\/tapadum.com\/fr\/wp-json\/wp\/v2\/product\/18582\/revisions\/18630"}],"wp:featuredmedia":[{"embeddable":true,"href":"https:\/\/tapadum.com\/fr\/wp-json\/wp\/v2\/media\/22484"}],"wp:attachment":[{"href":"https:\/\/tapadum.com\/fr\/wp-json\/wp\/v2\/media?parent=18582"}],"wp:term":[{"taxonomy":"product_brand","embeddable":true,"href":"https:\/\/tapadum.com\/fr\/wp-json\/wp\/v2\/product_brand?post=18582"},{"taxonomy":"product_cat","embeddable":true,"href":"https:\/\/tapadum.com\/fr\/wp-json\/wp\/v2\/product_cat?post=18582"},{"taxonomy":"product_tag","embeddable":true,"href":"https:\/\/tapadum.com\/fr\/wp-json\/wp\/v2\/product_tag?post=18582"}],"curies":[{"name":"wp","href":"https:\/\/api.w.org\/{rel}","templated":true}]}}