{"id":18849,"date":"2022-05-07T00:54:38","date_gmt":"2022-05-07T00:54:38","guid":{"rendered":"https:\/\/tapadum.com\/product\/ney-turc-professionnel-re-tune\/"},"modified":"2022-05-07T00:54:38","modified_gmt":"2022-05-07T00:54:38","slug":"ney-turc-professionnel-re-tune","status":"publish","type":"product","link":"https:\/\/tapadum.com\/fr\/produit\/ney-turc-professionnel-re-tune\/","title":{"rendered":"Ney Turc Professionnel &#8211; Re Tune"},"content":{"rendered":"<p><strong>Ney Turc Professionnel &#8211; Re Tune (Supurde Ney)<\/strong><br \/>\n<strong>Ney turc fait \u00e0 la main<\/strong><\/p>\n<p>D\u00e9couvrez le <strong>Ney turc professionnel &#8211; Re Tune (Supurde Ney)<\/strong>, une \u0153uvre musicale artisanale qui apporte les m\u00e9lodies de la Turquie directement entre vos mains. Fabriqu\u00e9 avec soin par des artisans exp\u00e9riment\u00e9s, cette version exceptionnelle du <strong>Ney turc<\/strong> est l&rsquo;incarnation de l&rsquo;art et de la tradition, combinant qualit\u00e9 et ma\u00eetrise, et est id\u00e9ale pour les musiciens d\u00e9butants et professionnels.<\/p>\n<p>Fabriqu\u00e9 \u00e0 partir de <strong>bambou de haute qualit\u00e9<\/strong>, chaque <strong>Ney turc<\/strong> est tir\u00e9 de <strong>bambou<\/strong> qui subit un processus de s\u00e9chage minutieux pendant au moins 15 ans. Cette technique rigoureuse assure un \u00e9quilibre parfait entre <strong>richesse tonale<\/strong>, <strong>durabilit\u00e9<\/strong> et <strong>r\u00e9sonance<\/strong>, vous permettant d&rsquo;explorer les sons authentiques qui ont enchant\u00e9 les auditoires pendant des si\u00e8cles.<\/p>\n<p>Notre <strong>bambou<\/strong> provient exclusivement des r\u00e9gions renomm\u00e9es de <strong>l&rsquo;\u00c9g\u00e9e<\/strong>, de <strong>Marmara<\/strong> et de <strong>M\u00e9diterran\u00e9e<\/strong> en Turquie, reconnues pour la qualit\u00e9 de leurs mati\u00e8res premi\u00e8res. Avec une grande attention aux d\u00e9tails, le <strong>Ney<\/strong> est sculpt\u00e9 et model\u00e9 \u00e0 la perfection, refl\u00e9tant l&rsquo;essence du <strong>patrimoine musical turc<\/strong>.<\/p>\n<p>Le <strong>Re Tune (Supurde Ney)<\/strong> est un type particulier de <strong>Ney turc<\/strong>, con\u00e7u pour produire le ton <strong>Re<\/strong> (D). Ses sons enchanteurs et myst\u00e9rieux en font un <strong>instrument essentiel<\/strong> de la musique traditionnelle turque.<\/p>\n<p><iframe title=\"Professional Turkish Ney D-Tune ( Supurde Ney )\" width=\"800\" height=\"450\" src=\"https:\/\/www.youtube.com\/embed\/nJNLXIcU7-w?feature=oembed\" frameborder=\"0\" allow=\"accelerometer; autoplay; clipboard-write; encrypted-media; gyroscope; picture-in-picture; web-share\" referrerpolicy=\"strict-origin-when-cross-origin\" allowfullscreen><\/iframe><\/p>\n<p><iframe title=\"About Ney Tunes &amp; Scales - Volkan Incuvez\" width=\"800\" height=\"450\" src=\"https:\/\/www.youtube.com\/embed\/W0qAVcgrhK0?feature=oembed\" frameborder=\"0\" allow=\"accelerometer; autoplay; clipboard-write; encrypted-media; gyroscope; picture-in-picture; web-share\" referrerpolicy=\"strict-origin-when-cross-origin\" allowfullscreen><\/iframe><\/p>\n","protected":false},"excerpt":{"rendered":"<p>D\u00e9couvrez le <strong>Ney Turc Professionnel \u2013 Re Tune (Supurde Ney)<\/strong>, un instrument en bambou fait \u00e0 la main offrant des m\u00e9lodies turques authentiques. Parfait pour les musiciens de tous niveaux, ce ney pr\u00e9sente un savoir-faire exceptionnel, une r\u00e9sonance tonale riche et est livr\u00e9 avec une housse robuste. Id\u00e9al pour des performances en solo, des accompagnements de groupe et la th\u00e9rapie musicale. Exp\u00e9dition depuis l&rsquo;Italie.<\/p>\n","protected":false},"featured_media":18702,"comment_status":"closed","ping_status":"closed","template":"","meta":{"_eb_attr":""},"product_brand":[],"product_cat":[327,331],"product_tag":[],"class_list":{"0":"post-18849","1":"product","2":"type-product","3":"status-publish","4":"has-post-thumbnail","6":"product_cat-instruments-a-vent","7":"product_cat-ney-turc","9":"first","10":"instock","11":"shipping-taxable","12":"purchasable","13":"product-type-simple"},"jetpack_sharing_enabled":true,"_links":{"self":[{"href":"https:\/\/tapadum.com\/fr\/wp-json\/wp\/v2\/product\/18849","targetHints":{"allow":["GET"]}}],"collection":[{"href":"https:\/\/tapadum.com\/fr\/wp-json\/wp\/v2\/product"}],"about":[{"href":"https:\/\/tapadum.com\/fr\/wp-json\/wp\/v2\/types\/product"}],"replies":[{"embeddable":true,"href":"https:\/\/tapadum.com\/fr\/wp-json\/wp\/v2\/comments?post=18849"}],"version-history":[{"count":0,"href":"https:\/\/tapadum.com\/fr\/wp-json\/wp\/v2\/product\/18849\/revisions"}],"wp:featuredmedia":[{"embeddable":true,"href":"https:\/\/tapadum.com\/fr\/wp-json\/wp\/v2\/media\/18702"}],"wp:attachment":[{"href":"https:\/\/tapadum.com\/fr\/wp-json\/wp\/v2\/media?parent=18849"}],"wp:term":[{"taxonomy":"product_brand","embeddable":true,"href":"https:\/\/tapadum.com\/fr\/wp-json\/wp\/v2\/product_brand?post=18849"},{"taxonomy":"product_cat","embeddable":true,"href":"https:\/\/tapadum.com\/fr\/wp-json\/wp\/v2\/product_cat?post=18849"},{"taxonomy":"product_tag","embeddable":true,"href":"https:\/\/tapadum.com\/fr\/wp-json\/wp\/v2\/product_tag?post=18849"}],"curies":[{"name":"wp","href":"https:\/\/api.w.org\/{rel}","templated":true}]}}