{"id":18854,"date":"2022-05-17T20:35:12","date_gmt":"2022-05-17T20:35:12","guid":{"rendered":"https:\/\/tapadum.com\/product\/zurna-professionnelle-de-haute-qualite\/"},"modified":"2022-05-17T20:35:12","modified_gmt":"2022-05-17T20:35:12","slug":"zurna-professionnelle-de-haute-qualite","status":"publish","type":"product","link":"https:\/\/tapadum.com\/fr\/produit\/zurna-professionnelle-de-haute-qualite\/","title":{"rendered":"Zurna Professionnelle de Haute Qualit\u00e9"},"content":{"rendered":"<p><strong>Zurna Professionnelle de Haute Qualit\u00e9<\/strong><\/p>\n<p>Nous vous pr\u00e9sentons la <strong>Zurna Turque Professionnelle<\/strong> de <strong>Ali Riza Acar<\/strong> \u2013 une fusion parfaite entre <strong>tradition<\/strong> et <strong>innovation<\/strong>, r\u00e9alis\u00e9e avec ma\u00eetrise pour offrir une exp\u00e9rience musicale in\u00e9gal\u00e9e.<\/p>\n<p>Fort de nombreuses ann\u00e9es d&rsquo;exp\u00e9rience dans la fabrication d&rsquo;instruments de musique, <strong>Ali Riza Acar<\/strong> propose une <strong>Zurna<\/strong> qui incarne l&rsquo;h\u00e9ritage culturel authentique de la <strong>Turquie<\/strong>, d\u00e9montrant une excellente fabrication artisanale.<\/p>\n<p>\u00c0 la base de cette <strong>Zurna<\/strong> extraordinaire se trouvent des <strong>canne de haute qualit\u00e9<\/strong>, soigneusement s\u00e9lectionn\u00e9es pour garantir une r\u00e9ponse optimale et une gamme tonale exceptionnelle. Les <strong>canne de pr\u00e9cision<\/strong> r\u00e9agissent facilement \u00e0 la respiration du musicien, permettant d\u2019exprimer des m\u00e9lodies \u00e9mouvantes qui caract\u00e9risent la <strong>musique turque<\/strong> depuis des si\u00e8cles.<\/p>\n<p>Le corps de la <strong>Zurna Turque Professionnelle<\/strong> est r\u00e9alis\u00e9 en <strong>bois de prunier<\/strong>, connu pour sa capacit\u00e9 \u00e0 produire un son chaud, vibrant et riche, capturant l&rsquo;essence de la <strong>musique turque<\/strong>. Le <strong>bois de prunier<\/strong> am\u00e9liore non seulement le son de l&rsquo;instrument, mais lui conf\u00e8re \u00e9galement un aspect \u00e9l\u00e9gant, en faisant une \u0153uvre d&rsquo;art \u00e0 admirer.<\/p>\n<p>Que vous soyez un <strong>musicien professionnel<\/strong> \u00e0 la recherche d&rsquo;un instrument de qualit\u00e9 sup\u00e9rieure ou un <strong>passionn\u00e9<\/strong> d\u00e9couvrant la <strong>musique turque<\/strong>, la <strong>Zurna Turque Professionnelle de Ali Riza Acar<\/strong> sera le compagnon id\u00e9al pour votre voyage musical.<\/p>\n<p>Exp\u00e9rimentez la joie de jouer une <strong>Zurna<\/strong> finement r\u00e9alis\u00e9e, qui refl\u00e8te la passion et l&rsquo;engagement de son cr\u00e9ateur. \u00c9levez votre expression musicale et plongez dans l&rsquo;h\u00e9ritage culturel authentique de la <strong>Turquie<\/strong> gr\u00e2ce \u00e0 la qualit\u00e9 exceptionnelle de cet instrument.<\/p>\n<p>Faites r\u00e9sonner vos m\u00e9lodies dans le temps et fascinez le public avec le charme intemporel de cette <strong>Zurna professionnelle<\/strong>.<\/p>\n<h3><strong>Caract\u00e9ristiques principales<\/strong> :<\/h3>\n<ul>\n<li><strong>Corps :<\/strong> <strong>Bois de prunier<\/strong><\/li>\n<li><strong>Tons Disponibles :<\/strong> <strong>La<\/strong> &#8211; <strong>Si<\/strong> &#8211; <strong>Sol<\/strong><\/li>\n<li><strong>Note :<\/strong> Le prix varie selon la tonalit\u00e9. D&rsquo;autres tons peuvent \u00eatre demand\u00e9s, avec un d\u00e9lai de pr\u00e9paration allant de <strong>3 \u00e0 10 jours<\/strong>.<\/li>\n<\/ul>\n","protected":false},"excerpt":{"rendered":"<p>D\u00e9couvrez le monde enchanteur de la musique turque avec Zurna d&rsquo;Ali Riza Acar, professionnelle Turque.<\/p>\n<p>M\u00e9ticuleusement fabriqu\u00e9e \u00e0 la main \u00e0 partir de bois de prunier de haute qualit\u00e9 et \u00e9quip\u00e9e de roseaux de la plus haute qualit\u00e9, cette Zurna incarne l&rsquo;essence du patrimoine culturel turc, exposant la perfection de l&rsquo;artisanat traditionnel.<\/p>\n","protected":false},"featured_media":18855,"comment_status":"open","ping_status":"closed","template":"","meta":{"_eb_attr":""},"product_brand":[],"product_cat":[327,332],"product_tag":[],"class_list":{"0":"post-18854","1":"product","2":"type-product","3":"status-publish","4":"has-post-thumbnail","6":"product_cat-instruments-a-vent","7":"product_cat-zurna-fr","9":"first","10":"instock","11":"sold-individually","12":"shipping-taxable","13":"purchasable","14":"product-type-simple"},"jetpack_sharing_enabled":true,"_links":{"self":[{"href":"https:\/\/tapadum.com\/fr\/wp-json\/wp\/v2\/product\/18854","targetHints":{"allow":["GET"]}}],"collection":[{"href":"https:\/\/tapadum.com\/fr\/wp-json\/wp\/v2\/product"}],"about":[{"href":"https:\/\/tapadum.com\/fr\/wp-json\/wp\/v2\/types\/product"}],"replies":[{"embeddable":true,"href":"https:\/\/tapadum.com\/fr\/wp-json\/wp\/v2\/comments?post=18854"}],"version-history":[{"count":0,"href":"https:\/\/tapadum.com\/fr\/wp-json\/wp\/v2\/product\/18854\/revisions"}],"wp:featuredmedia":[{"embeddable":true,"href":"https:\/\/tapadum.com\/fr\/wp-json\/wp\/v2\/media\/18855"}],"wp:attachment":[{"href":"https:\/\/tapadum.com\/fr\/wp-json\/wp\/v2\/media?parent=18854"}],"wp:term":[{"taxonomy":"product_brand","embeddable":true,"href":"https:\/\/tapadum.com\/fr\/wp-json\/wp\/v2\/product_brand?post=18854"},{"taxonomy":"product_cat","embeddable":true,"href":"https:\/\/tapadum.com\/fr\/wp-json\/wp\/v2\/product_cat?post=18854"},{"taxonomy":"product_tag","embeddable":true,"href":"https:\/\/tapadum.com\/fr\/wp-json\/wp\/v2\/product_tag?post=18854"}],"curies":[{"name":"wp","href":"https:\/\/api.w.org\/{rel}","templated":true}]}}