{"id":18859,"date":"2022-06-01T12:21:54","date_gmt":"2022-06-01T12:21:54","guid":{"rendered":"https:\/\/tapadum.com\/product\/set-de-cordes-oud-turc-kurschner\/"},"modified":"2026-04-20T21:56:28","modified_gmt":"2026-04-20T21:56:28","slug":"set-de-cordes-oud-turc-kurschner","status":"publish","type":"product","link":"https:\/\/tapadum.com\/fr\/produit\/set-de-cordes-oud-turc-kurschner\/","title":{"rendered":"Set de Cordes Oud Turc Kurschner"},"content":{"rendered":"<p><strong>Set de Cordes Professionnelles pour Oud Kurschner (Oud Turc) x 3 Pi\u00e8ces<\/strong><\/p>\n<p>\u00c9levez votre exp\u00e9rience en jouant de l&rsquo;<strong>oud<\/strong> avec le <strong>Set de Cordes Professionnelles pour Oud Kurschner<\/strong>. R\u00e9alis\u00e9es avec des <strong>mat\u00e9riaux de haute qualit\u00e9<\/strong>, ces cordes offrent une clart\u00e9, une chaleur et une projection exceptionnelles, id\u00e9ales pour les styles traditionnels et contemporains de <strong>oud<\/strong>.<\/p>\n<h3><strong>Caract\u00e9ristiques<\/strong> :<\/h3>\n<ul>\n<li>R\u00e9alis\u00e9es avec des <strong>mat\u00e9riaux premium<\/strong> pour un son exceptionnel<\/li>\n<li>Con\u00e7ues pour les <strong>ouds turcs<\/strong><\/li>\n<li>Offrent un ton <strong>clair<\/strong>, <strong>chaud<\/strong> et <strong>projet\u00e9<\/strong><\/li>\n<li>Id\u00e9ales pour tous les styles de jeu<\/li>\n<\/ul>\n<p>D\u00e9couvrez comment le <strong>Set de Cordes Professionnelles pour Oud Kurschner<\/strong> peut enrichir le son de votre <strong>oud<\/strong> et am\u00e9liorer vos performances musicales !<\/p>\n","protected":false},"excerpt":{"rendered":"<p>Le jeu de cordes Kurschner Professional Oud comprend 3 jeux dans un seul paquet, vous offrant tout ce dont vous avez besoin pour am\u00e9liorer votre exp\u00e9rience musicale oud turque.<\/p>\n","protected":false},"featured_media":5124,"comment_status":"closed","ping_status":"closed","template":"","meta":{"googlesitekit_rrm_CAow0IDLDA:productID":"","_eb_attr":""},"product_brand":[],"product_cat":[289,291],"product_tag":[],"class_list":{"0":"post-18859","1":"product","2":"type-product","3":"status-publish","4":"has-post-thumbnail","6":"product_cat-accessoires","7":"product_cat-accessoires-pour-le-oud","9":"first","10":"instock","11":"sale","12":"shipping-taxable","13":"purchasable","14":"product-type-simple"},"jetpack_sharing_enabled":true,"_links":{"self":[{"href":"https:\/\/tapadum.com\/fr\/wp-json\/wp\/v2\/product\/18859","targetHints":{"allow":["GET"]}}],"collection":[{"href":"https:\/\/tapadum.com\/fr\/wp-json\/wp\/v2\/product"}],"about":[{"href":"https:\/\/tapadum.com\/fr\/wp-json\/wp\/v2\/types\/product"}],"replies":[{"embeddable":true,"href":"https:\/\/tapadum.com\/fr\/wp-json\/wp\/v2\/comments?post=18859"}],"version-history":[{"count":0,"href":"https:\/\/tapadum.com\/fr\/wp-json\/wp\/v2\/product\/18859\/revisions"}],"wp:featuredmedia":[{"embeddable":true,"href":"https:\/\/tapadum.com\/fr\/wp-json\/wp\/v2\/media\/5124"}],"wp:attachment":[{"href":"https:\/\/tapadum.com\/fr\/wp-json\/wp\/v2\/media?parent=18859"}],"wp:term":[{"taxonomy":"product_brand","embeddable":true,"href":"https:\/\/tapadum.com\/fr\/wp-json\/wp\/v2\/product_brand?post=18859"},{"taxonomy":"product_cat","embeddable":true,"href":"https:\/\/tapadum.com\/fr\/wp-json\/wp\/v2\/product_cat?post=18859"},{"taxonomy":"product_tag","embeddable":true,"href":"https:\/\/tapadum.com\/fr\/wp-json\/wp\/v2\/product_tag?post=18859"}],"curies":[{"name":"wp","href":"https:\/\/api.w.org\/{rel}","templated":true}]}}