{"id":18913,"date":"2022-09-29T21:02:56","date_gmt":"2022-09-29T19:02:56","guid":{"rendered":"https:\/\/tapadum.com\/product\/darbuka-egyptienne-authentique\/"},"modified":"2026-04-25T23:31:33","modified_gmt":"2026-04-25T21:31:33","slug":"darbuka-egyptienne-authentique","status":"publish","type":"product","link":"https:\/\/tapadum.com\/fr\/produit\/darbuka-egyptienne-authentique\/","title":{"rendered":"Darbuka \u00c9gyptienne Authentique v.2"},"content":{"rendered":"<p class=\"\" data-start=\"1589\" data-end=\"1618\"><strong data-start=\"1589\" data-end=\"1618\">Darbuka \u00c9gyptienne Authentique<\/strong><\/p>\n<p class=\"\" data-start=\"1620\" data-end=\"1640\">Corps : <strong data-start=\"1628\" data-end=\"1640\">Aluminium<\/strong><\/p>\n<p class=\"\" data-start=\"1642\" data-end=\"1661\">Peau : <strong data-start=\"1648\" data-end=\"1661\">Synth\u00e9tique<\/strong><\/p>\n<p class=\"\" data-start=\"1663\" data-end=\"1682\">Diam\u00e8tre : <strong data-start=\"1673\" data-end=\"1682\">22 cm<\/strong><\/p>\n<p class=\"\" data-start=\"1684\" data-end=\"1701\">Hauteur : <strong data-start=\"1692\" data-end=\"1701\">44 cm<\/strong><\/p>\n<p class=\"\" data-start=\"1703\" data-end=\"1730\">Poids : <strong data-start=\"1709\" data-end=\"1720\">3,30 kg<\/strong> (7,49 lb)<\/p>\n<p class=\"\" data-start=\"1732\" data-end=\"2029\">La <strong data-start=\"1735\" data-end=\"1764\">Darbuka \u00c9gyptienne Authentique<\/strong> est un instrument de percussion de haute qualit\u00e9 con\u00e7u pour les musiciens professionnels cherchant un son profond et r\u00e9sonnant. Sa construction avec des mat\u00e9riaux soigneusement s\u00e9lectionn\u00e9s garantit une durabilit\u00e9 exceptionnelle et un rendement sup\u00e9rieur \u00e0 chaque frappe.<\/p>\n<p class=\"\" data-start=\"2031\" data-end=\"2215\">Parfaite pour les concerts et les s\u00e9ances de pratique, cette darbuka offre un \u00e9quilibre id\u00e9al entre la tradition \u00e9gyptienne et l&rsquo;ing\u00e9nierie moderne, id\u00e9ale pour exprimer votre cr\u00e9ativit\u00e9 musicale.<\/p>\n<h3 class=\"\" data-start=\"2217\" data-end=\"2270\">Pourquoi choisir la <strong data-start=\"2240\" data-end=\"2269\">Darbuka \u00c9gyptienne Authentique<\/strong> ?<\/h3>\n<ul data-start=\"2272\" data-end=\"2583\">\n<li class=\"\" data-start=\"2272\" data-end=\"2340\">\n<p class=\"\" data-start=\"2274\" data-end=\"2340\"><strong data-start=\"2274\" data-end=\"2305\">Corps en aluminium durable<\/strong> qui garantit une longue dur\u00e9e de vie.<\/p>\n<\/li>\n<li class=\"\" data-start=\"2341\" data-end=\"2426\">\n<p class=\"\" data-start=\"2343\" data-end=\"2426\"><strong data-start=\"2343\" data-end=\"2361\">Peau synth\u00e9tique<\/strong> qui offre un \u00e9quilibre parfait entre tonalit\u00e9 et durabilit\u00e9.<\/p>\n<\/li>\n<li class=\"\" data-start=\"2427\" data-end=\"2513\">\n<p class=\"\" data-start=\"2429\" data-end=\"2513\"><strong data-start=\"2429\" data-end=\"2450\">Diam\u00e8tre de 22 cm<\/strong> et <strong data-start=\"2453\" data-end=\"2472\">hauteur de 44 cm<\/strong>, taille standard qui facilite la manipulation.<\/p>\n<\/li>\n<li class=\"\" data-start=\"2514\" data-end=\"2583\">\n<p class=\"\" data-start=\"2516\" data-end=\"2583\"><strong data-start=\"2516\" data-end=\"2545\">Poids de 3,30 kg (7,49 lb)<\/strong>, id\u00e9al pour une excellente r\u00e9sonance.<\/p>\n<\/li>\n<\/ul>\n<p class=\"\" data-start=\"2585\" data-end=\"2711\">Explorez le son et l&rsquo;essence de la <strong data-start=\"2623\" data-end=\"2644\">percussion \u00e9gyptienne<\/strong> avec cette darbuka professionnelle et amenez votre musique \u00e0 un niveau sup\u00e9rieur !<\/p>\n","protected":false},"excerpt":{"rendered":"<p class=\"\" data-start=\"0\" data-end=\"29\"><strong data-start=\"0\" data-end=\"29\">Darbuka \u00c9gyptienne Authentique<\/strong><\/p>\n<p class=\"\" data-start=\"31\" data-end=\"149\">Corps : <strong data-start=\"39\" data-end=\"51\">Aluminium<\/strong><br data-start=\"51\" data-end=\"54\" data-is-only-node=\"\" \/>Peau : <strong data-start=\"60\" data-end=\"73\">Synth\u00e9tique<\/strong><br data-start=\"73\" data-end=\"76\" \/>Diam\u00e8tre : <strong data-start=\"86\" data-end=\"95\">22 cm<\/strong><br data-start=\"95\" data-end=\"98\" \/>Hauteur : <strong data-start=\"106\" data-end=\"115\">44 cm<\/strong><br data-start=\"115\" data-end=\"118\" \/>Poids : <strong data-start=\"124\" data-end=\"135\">3,30 kg<\/strong> = <strong data-start=\"138\" data-end=\"149\" data-is-last-node=\"\">7,49 lb<\/strong><\/p>\n","protected":false},"featured_media":18914,"comment_status":"closed","ping_status":"closed","template":"","meta":{"_eb_attr":""},"product_brand":[],"product_cat":[296,299,294],"product_tag":[],"class_list":{"0":"post-18913","1":"product","2":"type-product","3":"status-publish","4":"has-post-thumbnail","6":"product_cat-darbuka-fr","7":"product_cat-darbuka-de-voyage-legere","8":"product_cat-percussions-fr","10":"first","11":"instock","12":"featured","13":"shipping-taxable","14":"purchasable","15":"product-type-simple"},"jetpack_sharing_enabled":true,"_links":{"self":[{"href":"https:\/\/tapadum.com\/fr\/wp-json\/wp\/v2\/product\/18913","targetHints":{"allow":["GET"]}}],"collection":[{"href":"https:\/\/tapadum.com\/fr\/wp-json\/wp\/v2\/product"}],"about":[{"href":"https:\/\/tapadum.com\/fr\/wp-json\/wp\/v2\/types\/product"}],"replies":[{"embeddable":true,"href":"https:\/\/tapadum.com\/fr\/wp-json\/wp\/v2\/comments?post=18913"}],"version-history":[{"count":2,"href":"https:\/\/tapadum.com\/fr\/wp-json\/wp\/v2\/product\/18913\/revisions"}],"predecessor-version":[{"id":34063,"href":"https:\/\/tapadum.com\/fr\/wp-json\/wp\/v2\/product\/18913\/revisions\/34063"}],"wp:featuredmedia":[{"embeddable":true,"href":"https:\/\/tapadum.com\/fr\/wp-json\/wp\/v2\/media\/18914"}],"wp:attachment":[{"href":"https:\/\/tapadum.com\/fr\/wp-json\/wp\/v2\/media?parent=18913"}],"wp:term":[{"taxonomy":"product_brand","embeddable":true,"href":"https:\/\/tapadum.com\/fr\/wp-json\/wp\/v2\/product_brand?post=18913"},{"taxonomy":"product_cat","embeddable":true,"href":"https:\/\/tapadum.com\/fr\/wp-json\/wp\/v2\/product_cat?post=18913"},{"taxonomy":"product_tag","embeddable":true,"href":"https:\/\/tapadum.com\/fr\/wp-json\/wp\/v2\/product_tag?post=18913"}],"curies":[{"name":"wp","href":"https:\/\/api.w.org\/{rel}","templated":true}]}}