{"id":18941,"date":"2022-10-03T22:07:29","date_gmt":"2022-10-03T22:07:29","guid":{"rendered":"https:\/\/tapadum.com\/product\/yildirim-palabiyik-movingo-oud\/"},"modified":"2025-07-01T08:54:57","modified_gmt":"2025-07-01T08:54:57","slug":"yildirim-palabiyik-movingo-oud","status":"publish","type":"product","link":"https:\/\/tapadum.com\/fr\/produit\/yildirim-palabiyik-movingo-oud\/","title":{"rendered":"Yildirim Palabiyik Movingo Oud"},"content":{"rendered":"<p><strong>Yildirim Palabiyik Movingo Oud \u2013 Chef-d&rsquo;\u0152uvre Musical de Haute Qualit\u00e9<\/strong><\/p>\n<p>D\u00e9couvrez le <strong>Yildirim Palabiyik Movingo Oud<\/strong>, un chef-d&rsquo;\u0153uvre qui combine tradition et innovation musicale. Fabriqu\u00e9 avec une grande ma\u00eetrise, cet oud c\u00e9l\u00e8bre le riche h\u00e9ritage culturel de cet instrument, offrant des performances sonores exceptionnelles.<\/p>\n<h3>Caract\u00e9ristiques principales :<\/h3>\n<ul>\n<li><strong>Corps<\/strong> : Fabriqu\u00e9 en <strong>bois de Movingo<\/strong>, connu pour ses qualit\u00e9s tonales exceptionnelles, produisant un son chaud et r\u00e9sonnant qui conf\u00e8re \u00e0 votre oud une profondeur et un caract\u00e8re uniques.<\/li>\n<li><strong>Table d&rsquo;Harmonie<\/strong> : En <strong>C\u00e8dre<\/strong>, reconnu pour sa r\u00e9activit\u00e9 sonore et sa chaleur tonale, enrichit le son et garantit une projection optimale, aussi bien en solo qu&rsquo;en ensemble.<\/li>\n<li><strong>Rosace<\/strong> : Finement sculpt\u00e9e en <strong>Nacre<\/strong>, la rosace ajoute non seulement une touche d&rsquo;\u00e9l\u00e9gance visuelle, mais am\u00e9liore \u00e9galement l&rsquo;acoustique globale.<\/li>\n<li><strong>Manche<\/strong> : Fabriqu\u00e9 en <strong>\u00c9b\u00e8ne<\/strong> pour offrir une jouabilit\u00e9 fluide, une durabilit\u00e9 exceptionnelle et une intonation pr\u00e9cise.<\/li>\n<li><strong>Cl\u00e9s d&rsquo;Accordage<\/strong> : \u00c9galement en <strong>\u00c9b\u00e8ne<\/strong>, pour un accordage stable et fiable.<\/li>\n<li><strong>Cordes<\/strong> : \u00c9quip\u00e9 de <strong>Cordes K\u00fcrschner Premium<\/strong> pour un son riche et \u00e9quilibr\u00e9.<\/li>\n<\/ul>\n<h3>Pack Complet :<\/h3>\n<ul>\n<li><strong>\u00c9tui Rigide<\/strong> : Con\u00e7u en fibre de carbone pour une protection optimale.<\/li>\n<li><strong>Jeu de Cordes Suppl\u00e9mentaire<\/strong> : Inclus pour des performances continues.<\/li>\n<\/ul>\n<h3>Caract\u00e9ristiques techniques :<\/h3>\n<ul>\n<li><strong>Corps<\/strong> : Movingo<\/li>\n<li><strong>Table d&rsquo;Harmonie<\/strong> : C\u00e8dre<\/li>\n<li><strong>Rosace<\/strong> : Nacre<\/li>\n<li><strong>Manche<\/strong> : \u00c9b\u00e8ne<\/li>\n<li><strong>Cl\u00e9s d&rsquo;Accordage<\/strong> : \u00c9b\u00e8ne<\/li>\n<li><strong>Cordes<\/strong> : K\u00fcrschner Premium<\/li>\n<li><strong>Accordage<\/strong> : C\/C<\/li>\n<li><strong>Longueur du Corps<\/strong> : 48,5 cm<\/li>\n<li><strong>Longueur du Manche<\/strong> : 19,5 cm<\/li>\n<li><strong>Longueur des Cordes<\/strong> : 58,5 cm<\/li>\n<li><strong>Profondeur<\/strong> : 19 cm<\/li>\n<li><strong>Largeur<\/strong> : 36,5 cm<\/li>\n<\/ul>\n<p>D\u00e9couvrez le <strong>Yildirim Palabiyik Movingo Oud<\/strong> et vivez une exp\u00e9rience musicale unique avec un instrument qui allie passion et savoir-faire artisanal, pour porter votre musique \u00e0 de nouveaux sommets d&rsquo;expression.<\/p>\n<div class=\"wpview wpview-wrap\" data-wpview-text=\"https%3A%2F%2Fyoutu.be%2FRxGrGE5UiPk\" data-wpview-type=\"embedURL\" contenteditable=\"false\"><iframe title=\"Yildirim Palabiyik Movingo Oud\" width=\"525\" height=\"295\" src=\"https:\/\/www.youtube.com\/embed\/RxGrGE5UiPk?feature=oembed\" frameborder=\"0\" allow=\"accelerometer; autoplay; clipboard-write; encrypted-media; gyroscope; picture-in-picture; web-share\" referrerpolicy=\"strict-origin-when-cross-origin\" allowfullscreen=\"\"><\/iframe><span class=\"mce-shim\"><\/span><span class=\"wpview-end\"><\/span><\/div>\n<p><br data-mce-bogus=\"1\"><\/p>\n","protected":false},"excerpt":{"rendered":"<p>Yildirim Palabiyik Movingo Oud<br \/>Corps : Movingo Table : C\u00e8dre Touche : \u00c9b\u00e8ne Chevilles en \u00e9b\u00e8ne Accordage : C\/C &#8211; D\/D<\/p>\n","protected":false},"featured_media":18942,"comment_status":"open","ping_status":"closed","template":"","meta":{"_eb_attr":""},"product_brand":[],"product_cat":[307,316,319],"product_tag":[],"class_list":{"0":"post-18941","1":"product","2":"type-product","3":"status-publish","4":"has-post-thumbnail","6":"product_cat-instruments-a-cordes","7":"product_cat-oud-fr","8":"product_cat-oud-de-yildirim-palabiyik","10":"first","11":"instock","12":"sale","13":"featured","14":"shipping-taxable","15":"purchasable","16":"product-type-simple"},"jetpack_sharing_enabled":true,"_links":{"self":[{"href":"https:\/\/tapadum.com\/fr\/wp-json\/wp\/v2\/product\/18941","targetHints":{"allow":["GET"]}}],"collection":[{"href":"https:\/\/tapadum.com\/fr\/wp-json\/wp\/v2\/product"}],"about":[{"href":"https:\/\/tapadum.com\/fr\/wp-json\/wp\/v2\/types\/product"}],"replies":[{"embeddable":true,"href":"https:\/\/tapadum.com\/fr\/wp-json\/wp\/v2\/comments?post=18941"}],"version-history":[{"count":2,"href":"https:\/\/tapadum.com\/fr\/wp-json\/wp\/v2\/product\/18941\/revisions"}],"predecessor-version":[{"id":26641,"href":"https:\/\/tapadum.com\/fr\/wp-json\/wp\/v2\/product\/18941\/revisions\/26641"}],"wp:featuredmedia":[{"embeddable":true,"href":"https:\/\/tapadum.com\/fr\/wp-json\/wp\/v2\/media\/18942"}],"wp:attachment":[{"href":"https:\/\/tapadum.com\/fr\/wp-json\/wp\/v2\/media?parent=18941"}],"wp:term":[{"taxonomy":"product_brand","embeddable":true,"href":"https:\/\/tapadum.com\/fr\/wp-json\/wp\/v2\/product_brand?post=18941"},{"taxonomy":"product_cat","embeddable":true,"href":"https:\/\/tapadum.com\/fr\/wp-json\/wp\/v2\/product_cat?post=18941"},{"taxonomy":"product_tag","embeddable":true,"href":"https:\/\/tapadum.com\/fr\/wp-json\/wp\/v2\/product_tag?post=18941"}],"curies":[{"name":"wp","href":"https:\/\/api.w.org\/{rel}","templated":true}]}}