{"id":18959,"date":"2022-10-09T08:31:05","date_gmt":"2022-10-09T08:31:05","guid":{"rendered":"https:\/\/tapadum.com\/product\/darbuka-egyptienne-lire-pour-voyager\/"},"modified":"2022-10-09T08:31:05","modified_gmt":"2022-10-09T08:31:05","slug":"darbuka-egyptienne-lire-pour-voyager","status":"publish","type":"product","link":"https:\/\/tapadum.com\/fr\/produit\/darbuka-egyptienne-lire-pour-voyager\/","title":{"rendered":"Darbuka \u00c9gyptienne lire pour voyager"},"content":{"rendered":"<p><strong>Darbuka \u00c9gyptienne \u2013 Son Authentique pour Musiciens<\/strong><\/p>\n<p>D\u00e9couvrez le plaisir de jouer de la <strong>darbuka \u00e9gyptienne<\/strong>, un instrument de percussion exceptionnel qui combine portabilit\u00e9 et qualit\u00e9 sonore remarquable. Avec une hauteur de 44 cm et un poids de seulement 2,4 kg, cette <strong>darbuka l\u00e9g\u00e8re<\/strong> est parfaite pour les d\u00e9butants comme pour les musiciens exp\u00e9riment\u00e9s, et elle est le choix id\u00e9al pour ceux qui jouent en d\u00e9placement.<\/p>\n<p>Fabriqu\u00e9e avec une peau synth\u00e9tique accordable de 22 cm, ce <strong>doumbek<\/strong> produit un son authentique qui \u00e9voque les sonorit\u00e9s de la musique traditionnelle du Moyen-Orient. Sa fonction d&rsquo;accordage facile, \u00e9quip\u00e9e d&rsquo;une cl\u00e9 <strong>Allen<\/strong>, permet de r\u00e9gler sans effort la tonalit\u00e9, garantissant une parfaite intonation \u00e0 chaque fois que vous jouez. Cette polyvalence fait de la <strong>darbuka<\/strong> un \u00e9l\u00e9ment essentiel pour tout percussionniste.<\/p>\n<p>Que vous jouiez lors d&rsquo;un festival, lors d&rsquo;une session de jam avec des amis ou en vous entra\u00eenant chez vous, cette percussion portable offre des tons riches et vibrants qui enrichissent votre exp\u00e9rience musicale.<\/p>\n<p>\u00c9levez vos comp\u00e9tences de batteur avec notre <strong>darbuka \u00e9gyptienne<\/strong> finement r\u00e9alis\u00e9e, con\u00e7ue \u00e0 la fois pour le style et le son. Parfaite pour les nouveaux batteurs et les musiciens exp\u00e9riment\u00e9s, cet instrument est votre porte d&rsquo;entr\u00e9e pour explorer les rythmes du monde.<\/p>\n<p>Adoptez le rythme et emmenez votre musique partout avec cette percussion authentique.<\/p>\n<p><strong>Darbuka \u00c9gyptienne<\/strong><\/p>\n<p><strong>Diam\u00e8tre de la peau<\/strong> : 22 cm<br \/>\n<strong>Hauteur<\/strong> : 44 cm<br \/>\n<strong>Poids<\/strong> : 2,4 kg<\/p>\n","protected":false},"excerpt":{"rendered":"<p>Explorez la <strong>darbuka \u00e9gyptienne<\/strong> l\u00e9g\u00e8re, \u00e9quip\u00e9e d&rsquo;une <strong>peau synth\u00e9tique accordable<\/strong> de 22 cm, d&rsquo;une hauteur de 44 cm et d&rsquo;un poids de seulement 2,4 kg. Parfaite pour les d\u00e9butants, elle permet un <strong>accordage facile<\/strong> \u00e0 l&rsquo;aide d&rsquo;une cl\u00e9 <strong>Allen<\/strong>, offrant un son riche et authentique o\u00f9 que vous soyez.<\/p>\n","protected":false},"featured_media":18960,"comment_status":"open","ping_status":"closed","template":"","meta":{"_eb_attr":""},"product_brand":[],"product_cat":[296,299,294],"product_tag":[],"class_list":{"0":"post-18959","1":"product","2":"type-product","3":"status-publish","4":"has-post-thumbnail","6":"product_cat-darbuka-fr","7":"product_cat-darbuka-de-voyage-legere","8":"product_cat-percussions-fr","10":"first","11":"instock","12":"shipping-taxable","13":"purchasable","14":"product-type-simple"},"jetpack_sharing_enabled":true,"_links":{"self":[{"href":"https:\/\/tapadum.com\/fr\/wp-json\/wp\/v2\/product\/18959","targetHints":{"allow":["GET"]}}],"collection":[{"href":"https:\/\/tapadum.com\/fr\/wp-json\/wp\/v2\/product"}],"about":[{"href":"https:\/\/tapadum.com\/fr\/wp-json\/wp\/v2\/types\/product"}],"replies":[{"embeddable":true,"href":"https:\/\/tapadum.com\/fr\/wp-json\/wp\/v2\/comments?post=18959"}],"version-history":[{"count":0,"href":"https:\/\/tapadum.com\/fr\/wp-json\/wp\/v2\/product\/18959\/revisions"}],"wp:featuredmedia":[{"embeddable":true,"href":"https:\/\/tapadum.com\/fr\/wp-json\/wp\/v2\/media\/18960"}],"wp:attachment":[{"href":"https:\/\/tapadum.com\/fr\/wp-json\/wp\/v2\/media?parent=18959"}],"wp:term":[{"taxonomy":"product_brand","embeddable":true,"href":"https:\/\/tapadum.com\/fr\/wp-json\/wp\/v2\/product_brand?post=18959"},{"taxonomy":"product_cat","embeddable":true,"href":"https:\/\/tapadum.com\/fr\/wp-json\/wp\/v2\/product_cat?post=18959"},{"taxonomy":"product_tag","embeddable":true,"href":"https:\/\/tapadum.com\/fr\/wp-json\/wp\/v2\/product_tag?post=18959"}],"curies":[{"name":"wp","href":"https:\/\/api.w.org\/{rel}","templated":true}]}}