{"id":18998,"date":"2022-12-03T18:59:29","date_gmt":"2022-12-03T18:59:29","guid":{"rendered":"https:\/\/tapadum.com\/product\/etui-rigide-pour-oud\/"},"modified":"2022-12-03T18:59:29","modified_gmt":"2022-12-03T18:59:29","slug":"etui-rigide-pour-oud","status":"publish","type":"product","link":"https:\/\/tapadum.com\/fr\/produit\/etui-rigide-pour-oud\/","title":{"rendered":"\u00c9tui Rigide pour Oud"},"content":{"rendered":"<div class=\"flex-shrink-0 flex flex-col relative items-end\">\n<div>\n<div class=\"pt-0\">\n<div class=\"gizmo-bot-avatar flex h-8 w-8 items-center justify-center overflow-hidden rounded-full\">\n<div class=\"relative p-1 rounded-sm flex items-center justify-center bg-token-main-surface-primary text-token-text-primary h-8 w-8\"><strong>\u00c9tui Rigide pour Oud \u2013 Protection Premium en Fibre pour Votre Oud<\/strong><\/div>\n<\/div>\n<\/div>\n<\/div>\n<\/div>\n<div class=\"group\/conversation-turn relative flex w-full min-w-0 flex-col agent-turn\">\n<div class=\"flex-col gap-1 md:gap-3\">\n<div class=\"flex max-w-full flex-col flex-grow\">\n<div class=\"min-h-8 text-message flex w-full flex-col items-end gap-2 whitespace-normal break-words [.text-message+&amp;]:mt-5\" dir=\"auto\" data-message-author-role=\"assistant\" data-message-id=\"c72a3d1a-144e-4d6e-89ca-9ad8e9b993aa\" data-message-model-slug=\"gpt-4o-mini\">\n<div class=\"flex w-full flex-col gap-1 empty:hidden first:pt-[3px]\">\n<div class=\"markdown prose w-full break-words dark:prose-invert dark\">\n<p>Prot\u00e9gez votre oud avec cet <strong>\u00e9tui rigide premium en fibre<\/strong>, con\u00e7u pour offrir une s\u00e9curit\u00e9 maximale lors des d\u00e9placements ou de l&rsquo;utilisation quotidienne. Fabriqu\u00e9 pour r\u00e9sister aux chocs, aux conditions climatiques et \u00e0 d&rsquo;autres risques potentiels, cet \u00e9tui est le choix id\u00e9al pour les musiciens recherchant fiabilit\u00e9 et praticit\u00e9.<\/p>\n<p><strong>Caract\u00e9ristiques Principales<\/strong> :<br \/>\nLongueur Totale : 86 cm<br \/>\nLargeur de la Caisse : 39 cm<br \/>\nLongueur de la Caisse : 51 cm<br \/>\nProfondeur de la Caisse : 22 cm<\/p>\n<p>Construit en <strong>mat\u00e9riau de fibre de haute qualit\u00e9<\/strong>, cet \u00e9tui offre un design l\u00e9ger mais robuste, garantissant un ajustement parfait qui maintient l\u2019oud stable et prot\u00e9g\u00e9. Bien qu\u2019il n\u2019ait pas l\u2019apparence classique des \u00e9tuis en bois, la construction en fibre le rend beaucoup plus l\u00e9ger et facile \u00e0 transporter, parfait pour les musiciens en voyage.<\/p>\n<\/div>\n<\/div>\n<\/div>\n<\/div>\n<\/div>\n<\/div>\n","protected":false},"excerpt":{"rendered":"<p>Prot\u00e9gez votre oud avec cet <strong>\u00e9tui rigide en fibre de haute qualit\u00e9<\/strong>.<br \/>\nLongueur Totale : 86 cm, dimensions de la caisse pour un ajustement s\u00e9curis\u00e9, parfait pour ranger et transporter votre oud en toute s\u00e9curit\u00e9.<\/p>\n<p>Pour chaque achat d&rsquo;un oud, nous offrons une remise de 50% sur l&rsquo;<strong>\u00e9tui rigide<\/strong>.<\/p>\n<p>Contactez-nous pour obtenir votre bon de r\u00e9duction :<br \/>\n<strong><a rel=\"noopener\">info@tapadum.com<\/a><\/strong><\/p>\n","protected":false},"featured_media":18999,"comment_status":"open","ping_status":"closed","template":"","meta":{"_eb_attr":""},"product_brand":[],"product_cat":[289,291],"product_tag":[],"class_list":{"0":"post-18998","1":"product","2":"type-product","3":"status-publish","4":"has-post-thumbnail","6":"product_cat-accessoires","7":"product_cat-accessoires-pour-le-oud","9":"first","10":"instock","11":"shipping-taxable","12":"purchasable","13":"product-type-simple"},"jetpack_sharing_enabled":true,"_links":{"self":[{"href":"https:\/\/tapadum.com\/fr\/wp-json\/wp\/v2\/product\/18998","targetHints":{"allow":["GET"]}}],"collection":[{"href":"https:\/\/tapadum.com\/fr\/wp-json\/wp\/v2\/product"}],"about":[{"href":"https:\/\/tapadum.com\/fr\/wp-json\/wp\/v2\/types\/product"}],"replies":[{"embeddable":true,"href":"https:\/\/tapadum.com\/fr\/wp-json\/wp\/v2\/comments?post=18998"}],"version-history":[{"count":0,"href":"https:\/\/tapadum.com\/fr\/wp-json\/wp\/v2\/product\/18998\/revisions"}],"wp:featuredmedia":[{"embeddable":true,"href":"https:\/\/tapadum.com\/fr\/wp-json\/wp\/v2\/media\/18999"}],"wp:attachment":[{"href":"https:\/\/tapadum.com\/fr\/wp-json\/wp\/v2\/media?parent=18998"}],"wp:term":[{"taxonomy":"product_brand","embeddable":true,"href":"https:\/\/tapadum.com\/fr\/wp-json\/wp\/v2\/product_brand?post=18998"},{"taxonomy":"product_cat","embeddable":true,"href":"https:\/\/tapadum.com\/fr\/wp-json\/wp\/v2\/product_cat?post=18998"},{"taxonomy":"product_tag","embeddable":true,"href":"https:\/\/tapadum.com\/fr\/wp-json\/wp\/v2\/product_tag?post=18998"}],"curies":[{"name":"wp","href":"https:\/\/api.w.org\/{rel}","templated":true}]}}