{"id":19179,"date":"2023-06-17T06:44:33","date_gmt":"2023-06-17T06:44:33","guid":{"rendered":"https:\/\/tapadum.com\/product\/oud-electrique-arabe-professionnel-de-feramis-aktas\/"},"modified":"2024-11-26T15:28:32","modified_gmt":"2024-11-26T15:28:32","slug":"oud-electrique-arabe-professionnel-de-feramis-aktas","status":"publish","type":"product","link":"https:\/\/tapadum.com\/fr\/produit\/oud-electrique-arabe-professionnel-de-feramis-aktas\/","title":{"rendered":"Oud \u00c9lectrique Arabe Professionnel de Feramis Aktas"},"content":{"rendered":"<p><strong>Oud \u00c9lectrique Arabe Professionnel de Feramis Aktas<\/strong><\/p>\n<p>Plongez dans l&rsquo;univers fascinant de la musique turque avec l&rsquo;<strong>Oud \u00c9lectrique Arabe Semi-Hollow Professionnel<\/strong> de <strong>Feramis Aktas<\/strong>. Cet instrument exceptionnel allie artisanat traditionnel et mat\u00e9riaux de haute qualit\u00e9 pour offrir une exp\u00e9rience sonore unique.<\/p>\n<p><strong>Artisanat et Mat\u00e9riaux :<\/strong><br \/>\nL&rsquo;oud est caract\u00e9ris\u00e9 par un corps en <strong>noyer<\/strong> soigneusement travaill\u00e9, reconnu pour ses qualit\u00e9s tonales chaudes et r\u00e9sonnantes. Le <strong>manche en \u00e9b\u00e8ne<\/strong> garantit une jouabilit\u00e9 fluide, permettant des d\u00e9placements ais\u00e9s sur les notes. Le dessus en <strong>\u00e9pic\u00e9a oriental<\/strong> ajoute de la profondeur et de la clart\u00e9 au son, sublimant le ton distinctif et profond de l&rsquo;oud.<\/p>\n<p>L&rsquo;oud est orn\u00e9 d&rsquo;\u00e9l\u00e9gants <strong>intarsia en nacre<\/strong>, t\u00e9moignant d&rsquo;une grande attention aux d\u00e9tails et d&rsquo;un savoir-faire artistique exceptionnel.<\/p>\n<p><strong>Performances Professionnelles et Enregistrement :<\/strong><br \/>\nL&rsquo;oud de <strong>Master Feramis Aktas<\/strong> est con\u00e7u pour exceller lors des performances en direct et dans les enregistrements professionnels. Le savoir-faire artisanal et les mat\u00e9riaux de haute qualit\u00e9 garantissent un son \u00e9quilibr\u00e9 et captivant, parfait pour remplir les salles de concert et les studios d&rsquo;enregistrement.<\/p>\n<p>La polyvalence de cet oud permet aux musiciens d&rsquo;exprimer pleinement leur vision artistique, aussi bien sur sc\u00e8ne qu&rsquo;en studio.<\/p>\n<p><strong>Dimensions :<\/strong><\/p>\n<ul>\n<li>Longueur du corps : 50 cm<\/li>\n<li>Largeur : 37 cm<\/li>\n<li>Profondeur : 20 cm<\/li>\n<li>Longueur du manche : 20 cm<\/li>\n<li>Longueur des cordes : 60 cm<\/li>\n<\/ul>\n<p>D\u00e9couvrez la magie de la musique turque avec les instruments exceptionnels du Ma\u00eetre <strong>Feramis Aktas<\/strong>. Vivez la tradition, l&rsquo;artisanat et la passion dans chaque note et embarquez pour un voyage musical qui r\u00e9sonne avec l&rsquo;essence des <strong>maqam turcs<\/strong>. Que vous soyez sur sc\u00e8ne ou en studio, cet oud \u00e9l\u00e8vera votre expression musicale vers de nouveaux horizons.<\/p>\n<p><iframe title=\"Electro Acoustic Arabic Oud By Feramis Aktas\" width=\"800\" height=\"450\" src=\"https:\/\/www.youtube.com\/embed\/iQpp5P5QxZY?feature=oembed\" frameborder=\"0\" allow=\"accelerometer; autoplay; clipboard-write; encrypted-media; gyroscope; picture-in-picture; web-share\" referrerpolicy=\"strict-origin-when-cross-origin\" allowfullscreen><\/iframe><\/p>\n<p><iframe title=\"Special Design Electric Oud  By Master Feramis Aktas\" width=\"800\" height=\"450\" src=\"https:\/\/www.youtube.com\/embed\/60vHlsVpMvI?feature=oembed\" frameborder=\"0\" allow=\"accelerometer; autoplay; clipboard-write; encrypted-media; gyroscope; picture-in-picture; web-share\" referrerpolicy=\"strict-origin-when-cross-origin\" allowfullscreen><\/iframe><\/p>\n<p>&nbsp;<\/p>\n","protected":false},"excerpt":{"rendered":"<p><strong>D\u00e9couvrez l&rsquo;Oud \u00c9lectrique<\/strong>, fabriqu\u00e9 \u00e0 la main avec un corps en <strong>noyer<\/strong>, un <strong>manche en \u00e9b\u00e8ne<\/strong> et un dessus en <strong>\u00e9pic\u00e9a oriental<\/strong>. D\u00e9couvrez son son unique et plongez dans la riche tradition musicale arabe, parfait pour les performances en direct et les enregistrements professionnels.<\/p>\n","protected":false},"featured_media":19187,"comment_status":"open","ping_status":"closed","template":"","meta":{"_eb_attr":""},"product_brand":[],"product_cat":[307,316,317,318,320],"product_tag":[],"class_list":{"0":"post-19179","1":"product","2":"type-product","3":"status-publish","4":"has-post-thumbnail","6":"product_cat-instruments-a-cordes","7":"product_cat-oud-fr","8":"product_cat-oud-arabe","9":"product_cat-oud-de-feramis-aktas","10":"product_cat-oud-electrique","12":"first","13":"outofstock","14":"sale","15":"shipping-taxable","16":"purchasable","17":"product-type-simple"},"jetpack_sharing_enabled":true,"_links":{"self":[{"href":"https:\/\/tapadum.com\/fr\/wp-json\/wp\/v2\/product\/19179","targetHints":{"allow":["GET"]}}],"collection":[{"href":"https:\/\/tapadum.com\/fr\/wp-json\/wp\/v2\/product"}],"about":[{"href":"https:\/\/tapadum.com\/fr\/wp-json\/wp\/v2\/types\/product"}],"replies":[{"embeddable":true,"href":"https:\/\/tapadum.com\/fr\/wp-json\/wp\/v2\/comments?post=19179"}],"version-history":[{"count":2,"href":"https:\/\/tapadum.com\/fr\/wp-json\/wp\/v2\/product\/19179\/revisions"}],"predecessor-version":[{"id":20696,"href":"https:\/\/tapadum.com\/fr\/wp-json\/wp\/v2\/product\/19179\/revisions\/20696"}],"wp:featuredmedia":[{"embeddable":true,"href":"https:\/\/tapadum.com\/fr\/wp-json\/wp\/v2\/media\/19187"}],"wp:attachment":[{"href":"https:\/\/tapadum.com\/fr\/wp-json\/wp\/v2\/media?parent=19179"}],"wp:term":[{"taxonomy":"product_brand","embeddable":true,"href":"https:\/\/tapadum.com\/fr\/wp-json\/wp\/v2\/product_brand?post=19179"},{"taxonomy":"product_cat","embeddable":true,"href":"https:\/\/tapadum.com\/fr\/wp-json\/wp\/v2\/product_cat?post=19179"},{"taxonomy":"product_tag","embeddable":true,"href":"https:\/\/tapadum.com\/fr\/wp-json\/wp\/v2\/product_tag?post=19179"}],"curies":[{"name":"wp","href":"https:\/\/api.w.org\/{rel}","templated":true}]}}