{"id":19221,"date":"2023-07-01T22:03:17","date_gmt":"2023-07-01T22:03:17","guid":{"rendered":"https:\/\/tapadum.com\/product\/19221\/"},"modified":"2026-04-20T21:56:36","modified_gmt":"2026-04-20T21:56:36","slug":"support-pour-oud","status":"publish","type":"product","link":"https:\/\/tapadum.com\/fr\/produit\/support-pour-oud\/","title":{"rendered":"Support pour Oud"},"content":{"rendered":"<p>En r\u00e9sum\u00e9, notre support pliable pour <strong>oud<\/strong> est fabriqu\u00e9 en <strong>bois de qualit\u00e9 sup\u00e9rieure<\/strong> et offre une combinaison distinctive de raffinement, de fonctionnalit\u00e9 et de protection. Il pr\u00e9sente des bords rembourr\u00e9s sp\u00e9cialement con\u00e7us pour pr\u00e9server la finition d\u00e9licate de votre <strong>oud<\/strong>. Gr\u00e2ce \u00e0 une <strong>sangle sup\u00e9rieure luxueuse<\/strong>, votre <strong>oud<\/strong> sera solidement maintenu. Il non seulement met en valeur l&rsquo;aspect esth\u00e9tique de votre espace de vie, mais sert \u00e9galement de point focal pratique et d\u00e9coratif. De plus, notre support polyvalent s\u2019adapte aux <strong>oud<\/strong> de diff\u00e9rentes origines, notamment <strong>turcs<\/strong>, <strong>arabes<\/strong> et <strong>irakiens<\/strong>. D\u00e9couvrez la parfaite fusion de style, protection et praticit\u00e9 avec notre support pliable en <strong>bois<\/strong> pour <strong>oud<\/strong>.<\/p>\n","protected":false},"excerpt":{"rendered":"<p>Support pour oud<\/p>\n","protected":false},"featured_media":7917,"comment_status":"open","ping_status":"closed","template":"","meta":{"googlesitekit_rrm_CAow0IDLDA:productID":"","_eb_attr":""},"product_brand":[],"product_cat":[289,291],"product_tag":[],"class_list":{"0":"post-19221","1":"product","2":"type-product","3":"status-publish","4":"has-post-thumbnail","6":"product_cat-accessoires","7":"product_cat-accessoires-pour-le-oud","9":"first","10":"outofstock","11":"sale","12":"shipping-taxable","13":"purchasable","14":"product-type-simple"},"jetpack_sharing_enabled":true,"_links":{"self":[{"href":"https:\/\/tapadum.com\/fr\/wp-json\/wp\/v2\/product\/19221","targetHints":{"allow":["GET"]}}],"collection":[{"href":"https:\/\/tapadum.com\/fr\/wp-json\/wp\/v2\/product"}],"about":[{"href":"https:\/\/tapadum.com\/fr\/wp-json\/wp\/v2\/types\/product"}],"replies":[{"embeddable":true,"href":"https:\/\/tapadum.com\/fr\/wp-json\/wp\/v2\/comments?post=19221"}],"version-history":[{"count":2,"href":"https:\/\/tapadum.com\/fr\/wp-json\/wp\/v2\/product\/19221\/revisions"}],"predecessor-version":[{"id":19437,"href":"https:\/\/tapadum.com\/fr\/wp-json\/wp\/v2\/product\/19221\/revisions\/19437"}],"wp:featuredmedia":[{"embeddable":true,"href":"https:\/\/tapadum.com\/fr\/wp-json\/wp\/v2\/media\/7917"}],"wp:attachment":[{"href":"https:\/\/tapadum.com\/fr\/wp-json\/wp\/v2\/media?parent=19221"}],"wp:term":[{"taxonomy":"product_brand","embeddable":true,"href":"https:\/\/tapadum.com\/fr\/wp-json\/wp\/v2\/product_brand?post=19221"},{"taxonomy":"product_cat","embeddable":true,"href":"https:\/\/tapadum.com\/fr\/wp-json\/wp\/v2\/product_cat?post=19221"},{"taxonomy":"product_tag","embeddable":true,"href":"https:\/\/tapadum.com\/fr\/wp-json\/wp\/v2\/product_tag?post=19221"}],"curies":[{"name":"wp","href":"https:\/\/api.w.org\/{rel}","templated":true}]}}