{"id":19247,"date":"2023-07-05T12:19:30","date_gmt":"2023-07-05T12:19:30","guid":{"rendered":"https:\/\/tapadum.com\/product\/19247\/"},"modified":"2024-11-17T14:47:21","modified_gmt":"2024-11-17T14:47:21","slug":"cajon-1","status":"publish","type":"product","link":"https:\/\/tapadum.com\/fr\/produit\/cajon-1\/","title":{"rendered":"Caj\u00f3n Cuba Percs n.1"},"content":{"rendered":"<p><strong>Caj\u00f3n Cuba Percs n.1 &#8211; Sonorit\u00e9 de Haute Qualit\u00e9 et R\u00e9glabilit\u00e9<\/strong><\/p>\n<p>D\u00e9couvrez le <strong>Caj\u00f3n Cuba Percs n.1<\/strong>, un instrument de percussion con\u00e7u pour offrir un son puissant et pr\u00e9cis, avec un syst\u00e8me de r\u00e9glage facile et rapide. Id\u00e9al pour les percussionnistes \u00e0 la recherche de polyvalence et de qualit\u00e9 dans un seul instrument.<\/p>\n<p><strong>Caract\u00e9ristiques Techniques<\/strong>:<\/p>\n<ul>\n<li><strong>Syst\u00e8me Sonore<\/strong>: 2 syst\u00e8mes \u00e0 c\u00e2ble avec <strong>vitesse QTS<\/strong> et r\u00e9glabilit\u00e9 facile<\/li>\n<li><strong>Mat\u00e9riau du Corps<\/strong>: <strong>H\u00eatre<\/strong> et <strong>Peuplier<\/strong>, offrant robustesse et un son chaud et riche<\/li>\n<li><strong>Panneau Avant<\/strong>: Table de <strong>Bouleau<\/strong> implant\u00e9e, pour une r\u00e9ponse sonore cristalline<\/li>\n<li><strong>Pieds<\/strong>: Plastique antid\u00e9rapant, pour une stabilit\u00e9 optimale pendant l&rsquo;utilisation<\/li>\n<li><strong>Poids<\/strong>: 3,5 kg<\/li>\n<li><strong>Dimensions<\/strong>: 30 cm x 30 cm x 45 cm<\/li>\n<\/ul>\n<p>Avec son design ergonomique et la qualit\u00e9 de ses mat\u00e9riaux, le <strong>Caj\u00f3n Cuba Percs n.1<\/strong> est parfait pour ceux qui cherchent un instrument qui s&rsquo;adapte \u00e0 toutes les performances musicales, de la musique latine \u00e0 la musique contemporaine.<\/p>\n","protected":false},"excerpt":{"rendered":"<p><strong>D\u00e9couvrez le Caj\u00f3n By Cuba Percs n.1<\/strong>, un tambour polyvalent con\u00e7u pour offrir un son puissant et riche. Cet instrument est \u00e9quip\u00e9 d&rsquo;un syst\u00e8me sonore avanc\u00e9 avec 2 syst\u00e8mes \u00e0 c\u00e2ble avec <strong>QTS speed<\/strong>, permettant un r\u00e9glage facile et rapide pour s&rsquo;adapter \u00e0 tous vos besoins musicaux.<\/p>\n","protected":false},"featured_media":19248,"comment_status":"open","ping_status":"closed","template":"","meta":{"_eb_attr":""},"product_brand":[],"product_cat":[295,294],"product_tag":[],"class_list":{"0":"post-19247","1":"product","2":"type-product","3":"status-publish","4":"has-post-thumbnail","6":"product_cat-cajon-fr","7":"product_cat-percussions-fr","9":"first","10":"instock","11":"sale","12":"shipping-taxable","13":"purchasable","14":"product-type-simple"},"jetpack_sharing_enabled":true,"_links":{"self":[{"href":"https:\/\/tapadum.com\/fr\/wp-json\/wp\/v2\/product\/19247","targetHints":{"allow":["GET"]}}],"collection":[{"href":"https:\/\/tapadum.com\/fr\/wp-json\/wp\/v2\/product"}],"about":[{"href":"https:\/\/tapadum.com\/fr\/wp-json\/wp\/v2\/types\/product"}],"replies":[{"embeddable":true,"href":"https:\/\/tapadum.com\/fr\/wp-json\/wp\/v2\/comments?post=19247"}],"version-history":[{"count":2,"href":"https:\/\/tapadum.com\/fr\/wp-json\/wp\/v2\/product\/19247\/revisions"}],"predecessor-version":[{"id":19435,"href":"https:\/\/tapadum.com\/fr\/wp-json\/wp\/v2\/product\/19247\/revisions\/19435"}],"wp:featuredmedia":[{"embeddable":true,"href":"https:\/\/tapadum.com\/fr\/wp-json\/wp\/v2\/media\/19248"}],"wp:attachment":[{"href":"https:\/\/tapadum.com\/fr\/wp-json\/wp\/v2\/media?parent=19247"}],"wp:term":[{"taxonomy":"product_brand","embeddable":true,"href":"https:\/\/tapadum.com\/fr\/wp-json\/wp\/v2\/product_brand?post=19247"},{"taxonomy":"product_cat","embeddable":true,"href":"https:\/\/tapadum.com\/fr\/wp-json\/wp\/v2\/product_cat?post=19247"},{"taxonomy":"product_tag","embeddable":true,"href":"https:\/\/tapadum.com\/fr\/wp-json\/wp\/v2\/product_tag?post=19247"}],"curies":[{"name":"wp","href":"https:\/\/api.w.org\/{rel}","templated":true}]}}