{"id":19356,"date":"2023-12-13T19:18:50","date_gmt":"2023-12-13T19:18:50","guid":{"rendered":"https:\/\/tapadum.com\/product\/support-premium-pour-qanun\/"},"modified":"2023-12-13T19:18:50","modified_gmt":"2023-12-13T19:18:50","slug":"support-premium-pour-qanun","status":"publish","type":"product","link":"https:\/\/tapadum.com\/fr\/produit\/support-premium-pour-qanun\/","title":{"rendered":"Support Premium pour Qanun"},"content":{"rendered":"<p><strong>Pr\u00e9sentation de notre Support Premium pour Qanun \u2013 Durable et R\u00e9glable pour un Support Parfait<\/strong><\/p>\n<p>D\u00e9couvrez notre <strong>Support pour Qanun<\/strong>, un support en m\u00e9tal hautement r\u00e9sistant, compatible avec tous les types de <strong>Qanun<\/strong>. \u00c9quip\u00e9 de <strong>pads protecteurs<\/strong> sur les c\u00f4t\u00e9s, le <strong>Support pour Qanun<\/strong> emp\u00eache tout glissement ou d\u00e9placement pendant les r\u00e9p\u00e9titions, les <strong>jam sessions<\/strong> et les performances en direct. De plus, le support est r\u00e9glable en hauteur, ce qui le rend id\u00e9al pour des personnes de toutes tailles.<\/p>\n<p><strong>Caract\u00e9ristiques principales :<\/strong><\/p>\n<ul>\n<li><strong>Poids<\/strong> : 7,5 kg<\/li>\n<li><strong>Dimensions<\/strong> : 71,5 cm x 47 cm x 16 cm<\/li>\n<\/ul>\n<p>Lors de l&rsquo;achat de notre <strong>Support pour Qanun<\/strong>, vous recevrez \u00e9galement un <strong>Support pour Notes de Qanun<\/strong> et une <strong>Housse Souple pour Support Qanun<\/strong>, le tout emball\u00e9 de mani\u00e8re s\u00e9curis\u00e9e pour garantir une protection maximale pendant l&rsquo;exp\u00e9dition.<\/p>\n","protected":false},"excerpt":{"rendered":"<p><strong>Support Premium pour Qanun<\/strong><\/p>\n","protected":false},"featured_media":19357,"comment_status":"open","ping_status":"closed","template":"","meta":{"_eb_attr":""},"product_brand":[],"product_cat":[289,293],"product_tag":[],"class_list":{"0":"post-19356","1":"product","2":"type-product","3":"status-publish","4":"has-post-thumbnail","6":"product_cat-accessoires","7":"product_cat-accessoires-de-santur","9":"first","10":"instock","11":"shipping-taxable","12":"purchasable","13":"product-type-simple"},"jetpack_sharing_enabled":true,"_links":{"self":[{"href":"https:\/\/tapadum.com\/fr\/wp-json\/wp\/v2\/product\/19356","targetHints":{"allow":["GET"]}}],"collection":[{"href":"https:\/\/tapadum.com\/fr\/wp-json\/wp\/v2\/product"}],"about":[{"href":"https:\/\/tapadum.com\/fr\/wp-json\/wp\/v2\/types\/product"}],"replies":[{"embeddable":true,"href":"https:\/\/tapadum.com\/fr\/wp-json\/wp\/v2\/comments?post=19356"}],"version-history":[{"count":0,"href":"https:\/\/tapadum.com\/fr\/wp-json\/wp\/v2\/product\/19356\/revisions"}],"wp:featuredmedia":[{"embeddable":true,"href":"https:\/\/tapadum.com\/fr\/wp-json\/wp\/v2\/media\/19357"}],"wp:attachment":[{"href":"https:\/\/tapadum.com\/fr\/wp-json\/wp\/v2\/media?parent=19356"}],"wp:term":[{"taxonomy":"product_brand","embeddable":true,"href":"https:\/\/tapadum.com\/fr\/wp-json\/wp\/v2\/product_brand?post=19356"},{"taxonomy":"product_cat","embeddable":true,"href":"https:\/\/tapadum.com\/fr\/wp-json\/wp\/v2\/product_cat?post=19356"},{"taxonomy":"product_tag","embeddable":true,"href":"https:\/\/tapadum.com\/fr\/wp-json\/wp\/v2\/product_tag?post=19356"}],"curies":[{"name":"wp","href":"https:\/\/api.w.org\/{rel}","templated":true}]}}